{"id":1432,"date":"2023-01-28T09:33:08","date_gmt":"2023-01-28T09:33:08","guid":{"rendered":"https:\/\/villabornancini.it\/?page_id=1432"},"modified":"2025-04-27T11:27:36","modified_gmt":"2025-04-27T09:27:36","slug":"cookie-policy","status":"publish","type":"page","link":"https:\/\/villabornancini.it\/de\/cookie-policy","title":{"rendered":"Cookie policy"},"content":{"rendered":"<p><\/p>\n<form><a class=\"fasc-button fasc-size-medium fasc-type-glossy fasc-rounded-medium\" style=\"background-color: #045d80; color: #ffcc00;\" onclick=\"history.back()\">Komm zur\u00fcck<\/a><\/form>\n<div class=\"container\">\n<div class=\"row\">\n<div class=\"col-md-12 text-justify\">\n<h1><span style=\"color: #ffff00;\">C<span class=\"HwtZe\" lang=\"de\"><span class=\"jCAhz ChMk0b\"><span class=\"ryNqvb\">ookie-Richtlinie f\u00fcr www.villabornancini.it<\/span><\/span><\/span><\/span><\/h1>\n<\/div>\n<\/div>\n<div class=\"row\">\n<div class=\"col-md-12 text-justify\">\n<h2><span class=\"HwtZe\" lang=\"de\" style=\"color: #ffff00;\"><span class=\"jCAhz ChMk0b\"><span class=\"ryNqvb\">Verwendung von Cookies<\/span><\/span><\/span><\/h2>\n<p><span style=\"color: #ffcc99;\"><span class=\"HwtZe\" lang=\"de\"><span class=\"jCAhz ChMk0b\"><span class=\"ryNqvb\">Die \u201eWebsite\u201c (villabornancini.it) verwendet Cookies, um ihre Dienste f\u00fcr Benutzer, die die Seiten von villabornancini.it anzeigen, einfach und effizient zu gestalten Computer oder Mobilger\u00e4te, in kleinen Textdateien, die als \u201eCookies\" bezeichnet werden und in den vom Webbrowser des Benutzers verwendeten Verzeichnissen gespeichert werden. Es gibt verschiedene Arten von Cookies, einige, um die Nutzung der Website effektiver zu gestalten, andere, um bestimmte Funktionen zu aktivieren<\/span><\/span><\/span>.<\/span><\/p>\n<p><span style=\"color: #ffcc99;\"><span class=\"HwtZe\" lang=\"de\"><span class=\"jCAhz ChMk0b C1N51c\"><span class=\"ryNqvb\">Durch ihre detaillierte Analyse erm\u00f6glichen Ihnen unsere Cookies<\/span><\/span><\/span>:<\/span><\/p>\n<ul>\n<li><span style=\"color: #ffcc99;\"><span class=\"HwtZe\" lang=\"de\"><span class=\"jCAhz ChMk0b C1N51c\"><span class=\"ryNqvb\">sich die eingegebenen Pr\u00e4ferenzen merken<\/span><\/span><\/span>;<\/span><\/li>\n<li><span style=\"color: #ffcc99;\"><span class=\"HwtZe\" lang=\"de\"><span class=\"jCAhz ChMk0b C1N51c\"><span class=\"ryNqvb\">Vermeiden Sie es, w\u00e4hrend des Besuchs mehrmals dieselben Informationen wie Benutzername und Passwort erneut einzugeben<\/span><\/span><\/span>;<\/span><\/li>\n<li><span style=\"color: #ffcc99;\"><span class=\"HwtZe\" lang=\"de\"><span class=\"jCAhz ChMk0b C1N51c\"><span class=\"ryNqvb\">die Nutzung der von villabornancini.it bereitgestellten Dienste und Inhalte zu analysieren, um das Surferlebnis und die angebotenen Dienste zu optimieren<\/span><\/span><\/span>.<\/span><\/li>\n<\/ul>\n<h2><span class=\"HwtZe\" lang=\"de\" style=\"color: #ffff00;\"><span class=\"jCAhz ChMk0b\"><span class=\"ryNqvb\">Arten von Cookies<\/span><\/span><\/span><\/h2>\n<h3><span class=\"HwtZe\" lang=\"de\" style=\"color: #ffff00;\"><span class=\"jCAhz ChMk0b\"><span class=\"ryNqvb\">Technische Cookies<\/span><\/span><\/span><\/h3>\n<p><span style=\"color: #ffcc99;\"><span class=\"HwtZe\" lang=\"de\"><span class=\"jCAhz ChMk0b\"><span class=\"ryNqvb\">Diese Art von Cookies erm\u00f6glicht das ordnungsgem\u00e4\u00dfe Funktionieren bestimmter Bereiche der Website, die in zwei Kategorien eingeteilt werden: dauerhaft und Sitzung<\/span><\/span><\/span>:<\/span><\/p>\n<ul>\n<li><span class=\"HwtZe\" lang=\"de\" style=\"color: #ffcc99;\"><span class=\"jCAhz ChMk0b C1N51c\"><span class=\"ryNqvb\">dauerhaft: Nach dem Schlie\u00dfen des Browsers werden sie nicht zerst\u00f6rt, sondern bleiben bis zu einem voreingestellten Ablaufdatum erhalten<\/span><\/span><\/span><\/li>\n<li><span class=\"HwtZe\" lang=\"de\" style=\"color: #ffcc99;\"><span class=\"jCAhz ChMk0b\"><span class=\"ryNqvb\">Sitzung: Sie werden jedes Mal zerst\u00f6rt, wenn der Browser geschlossen wird<\/span><\/span><\/span><\/li>\n<\/ul>\n<p><span style=\"color: #ffcc99;\"><span class=\"HwtZe\" lang=\"de\"><span class=\"jCAhz ChMk0b\"><span class=\"ryNqvb\">Diese Cookies, die immer von unserer Domain gesendet werden, sind f\u00fcr die korrekte Anzeige der Website und in Bezug auf die angebotenen technischen Dienste erforderlich und werden daher immer verwendet und gesendet, es sei denn, der Benutzer \u00e4ndert die Einstellungen in seinem Browser (und beeinflusst damit die Anzeige der Website Seiten)<\/span><\/span><\/span>.<\/span><\/p>\n<h3><span class=\"HwtZe\" lang=\"de\" style=\"color: #ffff00;\"><span class=\"jCAhz ChMk0b\"><span class=\"ryNqvb\">Analytische Cookies<\/span><\/span><\/span><\/h3>\n<p><span style=\"color: #ffcc99;\"><span class=\"HwtZe\" lang=\"de\"><span class=\"jCAhz ChMk0b\"><span class=\"ryNqvb\">Die Cookies dieser Kategorie werden verwendet, um Informationen \u00fcber die Nutzung der Website zu sammeln.<\/span><\/span> <span class=\"jCAhz ChMk0b\"><span class=\"ryNqvb\">Villabornancini.it verwendet diese Informationen f\u00fcr anonyme statistische Analysen, um die Nutzung der Website zu verbessern und die Inhalte interessanter und relevanter f\u00fcr die W\u00fcnsche der Benutzer zu gestalten.<\/span><\/span> <span class=\"jCAhz ChMk0b\"><span class=\"ryNqvb\">Diese Art von Cookie sammelt anonyme Daten \u00fcber die Benutzeraktivit\u00e4t und wie sie auf der Website angekommen sind Analytische Cookies werden von der Website selbst oder von Dom\u00e4nen von Drittanbietern gesendet<\/span><\/span><\/span>.<\/span><\/p>\n<h3><span class=\"HwtZe\" lang=\"de\" style=\"color: #ffff00;\"><span class=\"jCAhz ChMk0b\"><span class=\"ryNqvb\">Analyse-Cookies von Drittanbieterdiensten<\/span><\/span><\/span><\/h3>\n<p><span style=\"color: #ffcc99;\"><span class=\"HwtZe\" lang=\"de\"><span class=\"jCAhz ChMk0b\"><span class=\"ryNqvb\">Diese Cookies werden verwendet, um Informationen \u00fcber die Nutzung der Website durch Benutzer in anonymer Form zu sammeln, wie z. B.: besuchte Seiten, verbrachte Zeit, Herkunft des Verkehrs, geografische Herkunft, Alter, Geschlecht und Interessen f\u00fcr Marketingkampagnen.<\/span><\/span> <span class=\"jCAhz ChMk0b\"><span class=\"ryNqvb\">Diese Cookies werden von Dom\u00e4nen von Drittanbietern au\u00dferhalb der Website gesendet<\/span><\/span><\/span>.<\/span><\/p>\n<h3><span style=\"color: #ffff00;\">C<span class=\"HwtZe\" lang=\"de\"><span class=\"jCAhz ChMk0b C1N51c\"><span class=\"ryNqvb\">ookies zur Einbindung von Produkten und Funktionen von Drittsoftware<\/span><\/span><\/span><\/span><\/h3>\n<p><span style=\"color: #ffcc99;\"><span class=\"HwtZe\" lang=\"de\"><span class=\"jCAhz ChMk0b\"><span class=\"ryNqvb\">Diese Art von Cookie integriert Funktionen, die von Dritten auf den Seiten der Website entwickelt wurden, wie z andere Software, die zus\u00e4tzliche Dienste anbietet).<\/span><\/span> <span class=\"jCAhz ChMk0b\"><span class=\"ryNqvb\">Diese Cookies werden von Domains von Drittanbietern und Partnerseiten gesendet, die ihre Funktionalit\u00e4t auf den Seiten der Website anbieten<\/span><\/span><\/span>.<\/span><\/p>\n<h3><span class=\"HwtZe\" lang=\"de\" style=\"color: #ffff00;\"><span class=\"jCAhz ChMk0b\"><span class=\"ryNqvb\">Profiling-Cookies<\/span><\/span><\/span><\/h3>\n<p><span style=\"color: #ffcc99;\"><span class=\"HwtZe\" lang=\"de\"><span class=\"jCAhz ChMk0b C1N51c\"><span class=\"ryNqvb\">Diese Cookies sind erforderlich, um Benutzerprofile zu erstellen, um Werbebotschaften gem\u00e4\u00df den vom Benutzer auf den Seiten der Website ge\u00e4u\u00dferten Pr\u00e4ferenzen zu senden<\/span><\/span><\/span>.<\/span><\/p>\n<p><span style=\"color: #ffcc99;\">V<span class=\"HwtZe\" lang=\"de\"><span class=\"jCAhz ChMk0b C1N51c\"><span class=\"ryNqvb\">illabornancini.it ist gem\u00e4\u00df der geltenden Gesetzgebung nicht verpflichtet, die Zustimmung zu technischen und analytischen Cookies einzuholen, da diese f\u00fcr die Bereitstellung der erforderlichen Dienste erforderlich sind<\/span><\/span><\/span>.<\/span><\/p>\n<p><span style=\"color: #ffcc99;\"><span class=\"HwtZe\" lang=\"de\"><span class=\"jCAhz ChMk0b C1N51c\"><span class=\"ryNqvb\">F\u00fcr alle anderen Arten von Cookies kann die Zustimmung des Benutzers auf eine oder mehrere der folgenden Arten ausgedr\u00fcckt werden<\/span><\/span><\/span>:<\/span><\/p>\n<ul>\n<li><span style=\"color: #ffcc99;\"><span class=\"HwtZe\" lang=\"de\"><span class=\"jCAhz ChMk0b\"><span class=\"ryNqvb\">Durch spezifische Konfigurationen des verwendeten Browsers oder der zugeh\u00f6rigen Computerprogramme, die zum Navigieren auf den Seiten verwendet werden, aus denen sich die Website zusammensetzt<\/span><\/span><\/span>.<\/span><\/li>\n<li><span class=\"HwtZe\" lang=\"de\" style=\"color: #ffcc99;\"><span class=\"jCAhz ChMk0b\"><span class=\"ryNqvb\">Durch \u00c4nderung der Einstellungen bei der Nutzung von Diensten Dritter<\/span><\/span><\/span><\/li>\n<\/ul>\n<p><span style=\"color: #ffcc99;\"><strong><span class=\"HwtZe\" lang=\"de\"><span class=\"jCAhz ChMk0b C1N51c\"><span class=\"ryNqvb\">Beide L\u00f6sungen k\u00f6nnten den Benutzer daran hindern, Teile der Website zu verwenden oder anzuzeigen<\/span><\/span><\/span>.<\/strong><\/span><\/p>\n<h3><span class=\"HwtZe\" lang=\"de\" style=\"color: #ffff00;\"><span class=\"jCAhz ChMk0b\"><span class=\"ryNqvb\">Websites und Dienste von Drittanbietern<\/span><\/span><\/span><\/h3>\n<p><span style=\"color: #ffcc99;\"><span class=\"HwtZe\" lang=\"de\"><span class=\"jCAhz ChMk0b\"><span class=\"ryNqvb\">Die Website kann Links zu anderen Websites enthalten, die ihre eigene Datenschutzrichtlinie haben, die sich von der von villabornancini.it \u00fcbernommenen unterscheiden kann, die daher nicht f\u00fcr diese Websites verantwortlich ist<\/span><\/span><\/span>.<\/span><\/p>\n<p class=\"small text-center\"><span class=\"HwtZe\" lang=\"de\" style=\"color: #ffcc99;\"><span class=\"jCAhz ChMk0b\"><span class=\"ryNqvb\">Zuletzt aktualisiert am 27.01.2024<\/span><\/span><\/span><\/p>\n<h2><span class=\"HwtZe\" lang=\"de\" style=\"color: #ffff00;\"><span class=\"jCAhz ChMk0b\"><span class=\"ryNqvb\">So deaktivieren Sie Cookies, indem Sie Ihren Browser konfigurieren<\/span><\/span><\/span><\/h2>\n<p><span style=\"color: #ffcc99;\"><span class=\"HwtZe\" lang=\"de\"><span class=\"jCAhz ChMk0b\"><span class=\"ryNqvb\">Wenn Sie mehr dar\u00fcber erfahren m\u00f6chten, wie Ihr Browser w\u00e4hrend Ihrer Navigation Cookies speichert, folgen Sie bitte diesen Links auf den Websites der jeweiligen Anbieter<\/span><\/span><\/span>.<\/span><\/p>\n<table class=\"table\">\n<tbody>\n<tr>\n<td><a href=\"https:\/\/support.mozilla.org\/it\/kb\/Gestione%20dei%20cookie\" target=\"_blank\" rel=\"noopener\"><span style=\"color: #ffff00;\">Mozilla Firefox<\/span><\/a><\/td>\n<td><span style=\"color: #ffcc99;\">https:\/\/support.mozilla.org\/it\/kb\/Gestione%20dei%20cookie<\/span><\/td>\n<\/tr>\n<tr>\n<td><a href=\"https:\/\/support.google.com\/chrome\/answer\/95647?hl=it\" target=\"_blank\" rel=\"noopener\"><span style=\"color: #ffff00;\">Google Chrome<\/span><\/a><\/td>\n<td><span style=\"color: #ffcc99;\">https:\/\/support.google.com\/chrome\/answer\/95647?hl=it<\/span><\/td>\n<\/tr>\n<tr>\n<td><a href=\"http:\/\/windows.microsoft.com\/it-it\/windows-vista\/block-or-allow-cookies\" target=\"_blank\" rel=\"noopener\"><span style=\"color: #ffff00;\">Internet Explorer<\/span><\/a><\/td>\n<td><span style=\"color: #ffcc99;\">http:\/\/windows.microsoft.com\/it-it\/windows-vista\/block-or-allow-cookies<\/span><\/td>\n<\/tr>\n<tr>\n<td><a href=\"https:\/\/support.apple.com\/kb\/PH17191?viewlocale=it_IT&amp;locale=en_US\" target=\"_blank\" rel=\"noopener\"><span style=\"color: #ffff00;\">Safari 6\/7 Mavericks<\/span><\/a><\/td>\n<td><span style=\"color: #ffcc99;\">https:\/\/support.apple.com\/kb\/PH17191?viewlocale=it_IT&amp;locale=it_IT<\/span><\/td>\n<\/tr>\n<tr>\n<td><a href=\"https:\/\/support.apple.com\/kb\/PH19214?viewlocale=it_IT&amp;locale=en_US\" target=\"_blank\" rel=\"noopener\"><span style=\"color: #ffff00;\">Safari 8 Yosemite<\/span><\/a><\/td>\n<td><span style=\"color: #ffcc99;\">https:\/\/support.apple.com\/kb\/PH19214?viewlocale=it_IT&amp;locale=it_IT<\/span><\/td>\n<\/tr>\n<tr>\n<td><a href=\"https:\/\/support.apple.com\/it-it\/HT201265\" target=\"_blank\" rel=\"noopener\"><span style=\"color: #ffff00;\">Safari auf iPhone, iPad, oder iPod touch<\/span><\/a><\/td>\n<td><span style=\"color: #ffcc99;\">https:\/\/support.apple.com\/it-it\/HT201265<\/span><\/td>\n<\/tr>\n<\/tbody>\n<\/table>\n<p><span style=\"color: #ffcc99;\"><span class=\"HwtZe\" lang=\"de\"><span class=\"jCAhz ChMk0b\"><span class=\"ryNqvb\">Wenn Ihr Browser nicht in dieser Liste enthalten ist, k\u00f6nnen Sie weitere Informationen anfordern, indem Sie eine E-Mail an info@nibirumail.com senden.<\/span><\/span> <span class=\"jCAhz ChMk0b\"><span class=\"ryNqvb\">Wir stellen Ihnen die Informationen zur Verf\u00fcgung, die f\u00fcr eine anonyme und sichere Navigation erforderlich sind<\/span><\/span><\/span>.<\/span><\/p>\n<p class=\"small\"><span style=\"color: #ffcc99;\"><span class=\"HwtZe\" lang=\"de\"><span class=\"jCAhz ChMk0b\"><span class=\"ryNqvb\">Diese Seite wurde generiert und wird auf dem Portal nibirumail.com gehostet \u2013 Der Inhalt dieser Seite wurde am Samstag, den 27. Januar 2024 durch den<\/span><\/span><\/span> <a style=\"color: #ffcc99;\" href=\"https:\/\/www.nibirumail.com\/cookies\" target=\"_blank\" rel=\"noopener\">Cookie Policy Generator<\/a>. <span class=\"HwtZe\" lang=\"de\"><span class=\"jCAhz ChMk0b\"><span class=\"ryNqvb\">Die Marke Nibirumail und verbundene Unternehmen sind nicht verantwortlich f\u00fcr falsche oder veraltete Informationen.<\/span><\/span> <span class=\"jCAhz ChMk0b\"><span class=\"ryNqvb\">Wenn Sie eine aktualisierte Version dieses Inhalts erhalten m\u00f6chten, wenden Sie sich bitte an den Eigent\u00fcmer von auf der vorherigen Seite<\/span><\/span><\/span>.<\/span><\/p>\n<\/div>\n<\/div>\n<\/div>\n<p><\/p>","protected":false},"excerpt":{"rendered":"<p>Komm zur\u00fcck Cookie-Richtlinie f\u00fcr www.villabornancini.it Verwendung von Cookies Die \u201eWebsite\u201c (villabornancini.it) verwendet Cookies, um ihre Dienste f\u00fcr Benutzer, die die Seiten von villabornancini.it anzeigen, einfach und effizient zu gestalten Computer oder Mobilger\u00e4te, in kleinen Textdateien, die als \u201eCookies\" bezeichnet werden und in den vom Webbrowser des Benutzers verwendeten Verzeichnissen gespeichert werden. Es gibt verschiedene Arten &hellip; <\/p>\n<p class=\"link-more\"><a href=\"https:\/\/villabornancini.it\/de\/cookie-policy\" class=\"more-link\"><span class=\"screen-reader-text\">\u201eCookie policy\u201c<\/span> weiterlesen<\/a><\/p>\n","protected":false},"author":1,"featured_media":0,"parent":0,"menu_order":0,"comment_status":"closed","ping_status":"closed","template":"","meta":{"footnotes":""},"class_list":["post-1432","page","type-page","status-publish","hentry"],"_links":{"self":[{"href":"https:\/\/villabornancini.it\/de\/wp-json\/wp\/v2\/pages\/1432","targetHints":{"allow":["GET"]}}],"collection":[{"href":"https:\/\/villabornancini.it\/de\/wp-json\/wp\/v2\/pages"}],"about":[{"href":"https:\/\/villabornancini.it\/de\/wp-json\/wp\/v2\/types\/page"}],"author":[{"embeddable":true,"href":"https:\/\/villabornancini.it\/de\/wp-json\/wp\/v2\/users\/1"}],"replies":[{"embeddable":true,"href":"https:\/\/villabornancini.it\/de\/wp-json\/wp\/v2\/comments?post=1432"}],"version-history":[{"count":6,"href":"https:\/\/villabornancini.it\/de\/wp-json\/wp\/v2\/pages\/1432\/revisions"}],"predecessor-version":[{"id":42407,"href":"https:\/\/villabornancini.it\/de\/wp-json\/wp\/v2\/pages\/1432\/revisions\/42407"}],"wp:attachment":[{"href":"https:\/\/villabornancini.it\/de\/wp-json\/wp\/v2\/media?parent=1432"}],"curies":[{"name":"wp","href":"https:\/\/api.w.org\/{rel}","templated":true}]}}