{"id":28,"date":"2022-11-08T09:46:44","date_gmt":"2022-11-08T09:46:44","guid":{"rendered":"https:\/\/villabornancini.it\/?page_id=28"},"modified":"2025-04-08T15:30:20","modified_gmt":"2025-04-08T13:30:20","slug":"storia","status":"publish","type":"page","link":"https:\/\/villabornancini.it\/de\/storia","title":{"rendered":"<span style=\"color: #ffcc99;\">Geschichte<\/span>"},"content":{"rendered":"<p><a href=\"https:\/\/villabornancini.it\/wp-content\/uploads\/2023\/09\/rZkPFbo.jpeg\"><img loading=\"lazy\" decoding=\"async\" class=\" aligncenter wp-image-28763 size-full\" style=\"border: 10px groove #915205;\" src=\"https:\/\/villabornancini.it\/wp-content\/uploads\/2023\/09\/rZkPFbo.jpeg\" alt=\"\" width=\"386\" height=\"216\" srcset=\"https:\/\/villabornancini.it\/wp-content\/uploads\/2023\/09\/rZkPFbo.jpeg 386w, https:\/\/villabornancini.it\/wp-content\/uploads\/2023\/09\/rZkPFbo-350x196.jpeg 350w, https:\/\/villabornancini.it\/wp-content\/uploads\/2023\/09\/rZkPFbo-300x168.jpeg 300w\" sizes=\"auto, (max-width: 386px) 100vw, 386px\" \/><br \/>\n<\/a><br \/>\n<span style=\"color: #333300;\"><span style=\"color: #ffcc99;\">Die Landvilla mit typisch venezianischem Grundriss, wahrscheinlich aus dem 16. Jahrhundert, erstreckt sich \u00fcber drei Etagen und ist mit einem Pavillondach bedeckt. Sein heutiges Aussehen erhielt das Geb\u00e4ude nach der Restaurierung im Jahr 1827 und ist von einer offenen Parkanlage von 4500 m\u00b2 umgeben, auf der Sie verschiedene hundertj\u00e4hrige Baumarten wie Eichen, Palmen, Eiben und B\u00e4ume bewundern k\u00f6nnen<\/span><br \/>\n<span style=\"color: #ffcc99;\">Goldregen.<br \/>\nDer Innenraum hat sein Erscheinungsbild aus dem 19. Jahrhundert bewahrt, mit Originalm\u00f6beln und Temperagem\u00e4lden, die den Hauptraum vom Ende des 19. Jahrhunderts schm\u00fccken. Die Verbindung zwischen den Gegenst\u00e4nden, die die alte Familie im Laufe der Jahrhunderte gesammelt hat, und den hundertj\u00e4hrigen B\u00e4umen im Park schafft eine eindrucksvolle Atmosph\u00e4re, die an die Harmonie vergangener Zeiten erinnert. Nach einigen Studien war der Park, der den typischen Stil des italienischen Gartens widerspiegelt, der Ort, an dem der Maler Gregorio Lazzarini (1655-1730), Meister des bekannteren GB Tiepolo, zu malen begann.<\/span><br \/>\n<\/span><br \/>\n&nbsp;<\/p>\n<table>\n<tbody>\n<tr>\n<td width=\"326\"><span style=\"color: #ffcc99;\">Derzeit befindet sich die Residenz im Besitz derselben Familie, die sie Ende des 19. Jahrhunderts gekauft hat. <\/span><br \/>\n<span style=\"color: #ffcc99;\">Nicol\u00f2 Bornancini, B\u00fcrgermeister von Cinto Caomaggiore und Grundbesitzer, hatte die Villa anl\u00e4sslich seiner Hochzeit mit der urspr\u00fcnglich aus Portovecchio bei Portogruaro stammenden Gr\u00e4fin Anita Bombarda gekauft. Die H\u00f6hle. Nicol\u00f2 <\/span><br \/>\n<span style=\"color: #003300;\"><span style=\"color: #ffcc99;\">Bornancini w\u00e4hlte diese Villa als Hochzeitsgeschenk. Leider starb seine Frau Anita zwei Jahre nach der Geburt eines<\/span> <\/span><br \/>\n<span style=\"color: #ffcc99;\">Kindes, Caterina.<\/span><\/td>\n<td width=\"326\">\n<p style=\"text-align: center;\"><a href=\"https:\/\/villabornancini.it\/wp-content\/uploads\/2023\/09\/hLAcUbh-300x179.jpeg\"><img loading=\"lazy\" decoding=\"async\" class=\" alignnone wp-image-28766 size-medium\" style=\"border: 10px groove #915205;\" src=\"https:\/\/villabornancini.it\/wp-content\/uploads\/2023\/09\/hLAcUbh-300x179.jpeg\" alt=\"\" width=\"300\" height=\"179\" srcset=\"https:\/\/villabornancini.it\/wp-content\/uploads\/2023\/09\/hLAcUbh-300x179.jpeg 300w, https:\/\/villabornancini.it\/wp-content\/uploads\/2023\/09\/hLAcUbh-350x209.jpeg 350w, https:\/\/villabornancini.it\/wp-content\/uploads\/2023\/09\/hLAcUbh.jpeg 443w\" sizes=\"auto, (max-width: 300px) 100vw, 300px\" \/><br \/>\n<\/a><\/p>\n<\/td>\n<\/tr>\n<\/tbody>\n<\/table>\n<table>\n<tbody>\n<tr>\n<td width=\"326\"><span style=\"color: #ffcc99;\">Der Ritter Bombarda nahm eine franz\u00f6sische Gouvernante, Frau Chappe, mit nach Hause, die sich um die Ausbildung ihrer&nbsp; Tochter k\u00fcmmerte. Caterina, die wie alle M\u00e4dchen aus einer guten Familie der Zeit das Klavierspielen lernte, dank Maestro Goffredo Giarda vom Benedetto Marcello Konservatorium in Venedig, der eine gute Freundin der Dichterin Gabriele D'Annunzio war.<\/span><\/td>\n<td width=\"326\">\n<p style=\"text-align: center;\"><a href=\"https:\/\/villabornancini.it\/wp-content\/uploads\/2023\/09\/1RM8gMu-300x197.jpeg\"><img loading=\"lazy\" decoding=\"async\" class=\" alignnone wp-image-28768 size-medium\" style=\"border: 10px groove #915205;\" src=\"https:\/\/villabornancini.it\/wp-content\/uploads\/2023\/09\/1RM8gMu-300x197.jpeg\" alt=\"\" width=\"300\" height=\"197\" srcset=\"https:\/\/villabornancini.it\/wp-content\/uploads\/2023\/09\/1RM8gMu-300x197.jpeg 300w, https:\/\/villabornancini.it\/wp-content\/uploads\/2023\/09\/1RM8gMu-350x230.jpeg 350w, https:\/\/villabornancini.it\/wp-content\/uploads\/2023\/09\/1RM8gMu.jpeg 447w\" sizes=\"auto, (max-width: 300px) 100vw, 300px\" \/><\/a><\/p>\n<\/td>\n<\/tr>\n<\/tbody>\n<\/table>\n<table>\n<tbody>\n<tr>\n<td width=\"326\"><a href=\"https:\/\/villabornancini.it\/wp-content\/uploads\/2023\/11\/IMG_20231120_180209-scaled.jpg\"><img loading=\"lazy\" decoding=\"async\" class=\" wp-image-30501 size-medium aligncenter\" style=\"border: 10px groove #915205;\" src=\"https:\/\/villabornancini.it\/wp-content\/uploads\/2023\/11\/IMG_20231120_180209-300x218.jpg\" alt=\"\" width=\"300\" height=\"218\" srcset=\"https:\/\/villabornancini.it\/wp-content\/uploads\/2023\/11\/IMG_20231120_180209-300x218.jpg 300w, https:\/\/villabornancini.it\/wp-content\/uploads\/2023\/11\/IMG_20231120_180209-scaled-350x254.jpg 350w, https:\/\/villabornancini.it\/wp-content\/uploads\/2023\/11\/IMG_20231120_180209-1024x744.jpg 1024w, https:\/\/villabornancini.it\/wp-content\/uploads\/2023\/11\/IMG_20231120_180209-768x558.jpg 768w, https:\/\/villabornancini.it\/wp-content\/uploads\/2023\/11\/IMG_20231120_180209-1536x1116.jpg 1536w, https:\/\/villabornancini.it\/wp-content\/uploads\/2023\/11\/IMG_20231120_180209-2048x1488.jpg 2048w, https:\/\/villabornancini.it\/wp-content\/uploads\/2023\/11\/IMG_20231120_180209-250x182.jpg 250w, https:\/\/villabornancini.it\/wp-content\/uploads\/2023\/11\/IMG_20231120_180209-550x400.jpg 550w, https:\/\/villabornancini.it\/wp-content\/uploads\/2023\/11\/IMG_20231120_180209-800x581.jpg 800w, https:\/\/villabornancini.it\/wp-content\/uploads\/2023\/11\/IMG_20231120_180209-248x180.jpg 248w, https:\/\/villabornancini.it\/wp-content\/uploads\/2023\/11\/IMG_20231120_180209-413x300.jpg 413w, https:\/\/villabornancini.it\/wp-content\/uploads\/2023\/11\/IMG_20231120_180209-688x500.jpg 688w\" sizes=\"auto, (max-width: 300px) 100vw, 300px\" \/><\/a><\/p>\n<p><span style=\"color: #003300;\"><span style=\"color: #ffcc99;\">Nach dem Tod ihres Vaters lebte Frau Caterina Bornancini mit ihrem Ehemann Ottavio Cincotta, General der k\u00f6niglichen Luftwaffe und Cousin der ber\u00fchmten neapolitanischen S\u00e4ngerin Giacomo Rondinella, in der Villa. Die heutige <\/span><br \/>\n<span style=\"color: #ffcc99;\">Innenausstattung der Villa wurde Anfang des 20. Jahrhunderts der fachm\u00e4nnischen Hand des Meisters und Restaurators Tiburzio Donadon und seiner Assistenten anvertraut, die die Restaurierung der Benediktinerabtei Santa Maria in Sylvis in Sesto al Reghena abgeschlossen hatten und die Pfarrkirche schm\u00fcckten von Noventa di Piave und einem Teil der Kathedrale von Portogruaro.<\/span><br \/>\n<span style=\"color: #ffcc99;\">Im Musikzimmer und im Speisesaal befinden sich einige Portr\u00e4ts der Gastgeber, die von der ber\u00fchmten Malerin Maria Vinca gemalt wurden, einer Sch\u00fclerin der Werkstatt von Gugliemo Ciardi in Venedig.<\/span><\/span><\/td>\n<td width=\"326\">\n<p style=\"text-align: center;\"><a href=\"https:\/\/villabornancini.it\/wp-content\/uploads\/2023\/09\/aVCBnj3.jpeg\"><img loading=\"lazy\" decoding=\"async\" class=\" alignnone wp-image-28769 size-full\" style=\"border: 10px groove #915205;\" src=\"https:\/\/villabornancini.it\/wp-content\/uploads\/2023\/09\/aVCBnj3.jpeg\" alt=\"\" width=\"200\" height=\"278\"><\/a><\/p>\n<p style=\"text-align: center;\"><a href=\"https:\/\/villabornancini.it\/wp-content\/uploads\/2023\/09\/urQfkX4.jpeg\"><img loading=\"lazy\" decoding=\"async\" class=\" alignnone wp-image-28770\" style=\"border: 10px groove #915205;\" src=\"https:\/\/villabornancini.it\/wp-content\/uploads\/2023\/09\/urQfkX4.jpeg\" alt=\"\" width=\"200\" height=\"255\"><\/a><\/p>\n<\/td>\n<\/tr>\n<\/tbody>\n<\/table>\n<table>\n<tbody>\n<tr>\n<td width=\"326\"><a href=\"https:\/\/villabornancini.it\/wp-content\/uploads\/2023\/11\/antenati.jpg\"><img loading=\"lazy\" decoding=\"async\" class=\"aligncenter wp-image-30581 size-full\" style=\"border: 10px groove #915205;\" src=\"https:\/\/villabornancini.it\/wp-content\/uploads\/2023\/11\/antenati.jpg\" alt=\"\" width=\"196\" height=\"278\" srcset=\"https:\/\/villabornancini.it\/wp-content\/uploads\/2023\/11\/antenati.jpg 196w, https:\/\/villabornancini.it\/wp-content\/uploads\/2023\/11\/antenati-127x180.jpg 127w\" sizes=\"auto, (max-width: 196px) 100vw, 196px\" \/><\/a><\/td>\n<td width=\"326\"><span style=\"color: #ffcc99;\">Der jetzige Besitzer, Dr. Nicoletta Bulian<br \/>\nSie ist Reiseleiterin und Reiseleiterin in der Region Venetien und spricht Englisch, Deutsch, Franz\u00f6sisch und Spanisch und befasst sich haupts\u00e4chlich mit der Bekanntmachung des Territoriums auch mit ausl\u00e4ndischen Gruppen.<\/span><\/p>\n<p style=\"text-align: center;\">&nbsp;<\/p>\n<\/td>\n<\/tr>\n<\/tbody>\n<\/table>\n<p>&nbsp;<br \/>\n<figure id=\"attachment_30650\" aria-describedby=\"caption-attachment-30650\" style=\"width: 130px\" class=\"wp-caption alignleft\"><a href=\"https:\/\/villabornancini.it\/wp-content\/uploads\/2023\/11\/Stemma.png\"><img loading=\"lazy\" decoding=\"async\" class=\"wp-image-30650\" src=\"https:\/\/villabornancini.it\/wp-content\/uploads\/2023\/11\/Stemma-248x300.png\" alt=\"\" width=\"130\" height=\"157\" srcset=\"https:\/\/villabornancini.it\/wp-content\/uploads\/2023\/11\/Stemma-248x300.png 248w, https:\/\/villabornancini.it\/wp-content\/uploads\/2023\/11\/Stemma-350x424.png 350w, https:\/\/villabornancini.it\/wp-content\/uploads\/2023\/11\/Stemma-250x303.png 250w, https:\/\/villabornancini.it\/wp-content\/uploads\/2023\/11\/Stemma-149x180.png 149w, https:\/\/villabornancini.it\/wp-content\/uploads\/2023\/11\/Stemma.png 413w\" sizes=\"auto, (max-width: 130px) 100vw, 130px\" \/><\/a><figcaption id=\"caption-attachment-30650\" class=\"wp-caption-text\">Cinto Caomaggiore<\/figcaption><\/figure><\/p>\n<p><span style=\"color: #ffcc99;\">Die Existenz einer Gemeinde in Cinto wird erstmals in einem Dokument aus dem Jahr 1192 dokumentiert, in dem der Patriarch von Aquileia Godoberto sechs Mansi zur Abholzung im Cinto-Wald schenkt. Der Name ist daher eng mit der bewaldeten Natur der Umgebung verbunden, dem sogenannten Waldum oder dem gro\u00dfen Tieflandwald, der noch weite Gebiete der Poebene bedeckte. Wenn wir uns f\u00fcr den Namen der Stadt auf dieses wichtige Dokument aus dem 12. Jahrhundert beziehen, erlauben uns einige wichtige arch\u00e4ologische Funde, die ersten menschlichen Siedlungen in der Gegend auf viel weiter zur\u00fcckliegende Zeiten zu datieren.<br \/>\nZwei neolithische \u00c4xte best\u00e4tigen, dass das Gebiet, in dem sich Cinto heute befindet, vor mehr als 4000 Jahren h\u00e4ufig von nomadischen J\u00e4gern besucht wurde, die hier nur einen Teil des Jahres Halt machten und den Bewegungen der Wildtierherden folgten.<br \/>\nEine antike griechische \u201c<a href=\"https:\/\/villabornancini.it\/wp-content\/uploads\/2023\/11\/patera-e1701191912488.png\" target=\"_blank\" rel=\"noopener\"><strong><span style=\"color: #ffcc99;\">patera<\/span><\/strong><\/a>\u201d aus Marmor, die im Relief einen Adler zeigt, der einem Hasen auf den Kopf pickt, eingef\u00fcgt in die Au\u00dfenw\u00e4nde der <strong>Villa Bornancini<\/strong> eingef\u00fcgt und stammt aus der Zeit zwischen dem 12. und 13. Jahrhundert und ist der \u00e4lteste heute sichtbare Fund auf dem Territorium. Wahrscheinlich schm\u00fcckte es einst die Au\u00dfenw\u00e4nde eines Gotteshauses oder eines wichtigen B\u00fcrgergeb\u00e4udes.<\/span><br \/>\n<script type=\"text\/javascript\">var nibirumail_advice_text = 'villabornancini.it verwendet Cookies, um Ihnen ein besseres Surferlebnis zu bieten. Durch die Nutzung unseres Dienstes akzeptieren Sie die Verwendung von Cookies gem\u00e4\u00df unserer Cookie-Richtlinie. <a href=\"https:\/\/villabornancini.it\/?page_id=1432&lang=de\" target=\"_blank\">Finde mehr heraus.<\/a>. <a href=\"javascript:;\" class=\"nibirumail_agreement\">Ich verstehe.<\/a>';<\/script><br \/>\n<script type=\"text\/javascript\">var cookie_policy_url = 'https:\/\/villabornancini.it\/?page_id=1432&lang=de';<\/script><br \/>\n<script type=\"text\/javascript\" src=\"https:\/\/nibirumail.com\/docs\/scripts\/nibirumail.cookie.min.js\"><\/script><\/p>","protected":false},"excerpt":{"rendered":"<p>Die Landvilla mit typisch venezianischem Grundriss, wahrscheinlich aus dem 16. Jahrhundert, erstreckt sich \u00fcber drei Etagen und ist mit einem Pavillondach bedeckt. Sein heutiges Aussehen erhielt das Geb\u00e4ude nach der Restaurierung im Jahr 1827 und ist von einer offenen Parkanlage von 4500 m\u00b2 umgeben, auf der Sie verschiedene hundertj\u00e4hrige Baumarten wie Eichen, Palmen, Eiben und &hellip; <\/p>\n<p class=\"link-more\"><a href=\"https:\/\/villabornancini.it\/de\/storia\" class=\"more-link\"><span class=\"screen-reader-text\">\u201e<span style=\"color: #ffcc99;\">Geschichte<\/span>\u201c<\/span> weiterlesen<\/a><\/p>\n","protected":false},"author":1,"featured_media":0,"parent":0,"menu_order":0,"comment_status":"closed","ping_status":"closed","template":"","meta":{"footnotes":""},"class_list":["post-28","page","type-page","status-publish","hentry"],"_links":{"self":[{"href":"https:\/\/villabornancini.it\/de\/wp-json\/wp\/v2\/pages\/28","targetHints":{"allow":["GET"]}}],"collection":[{"href":"https:\/\/villabornancini.it\/de\/wp-json\/wp\/v2\/pages"}],"about":[{"href":"https:\/\/villabornancini.it\/de\/wp-json\/wp\/v2\/types\/page"}],"author":[{"embeddable":true,"href":"https:\/\/villabornancini.it\/de\/wp-json\/wp\/v2\/users\/1"}],"replies":[{"embeddable":true,"href":"https:\/\/villabornancini.it\/de\/wp-json\/wp\/v2\/comments?post=28"}],"version-history":[{"count":65,"href":"https:\/\/villabornancini.it\/de\/wp-json\/wp\/v2\/pages\/28\/revisions"}],"predecessor-version":[{"id":41918,"href":"https:\/\/villabornancini.it\/de\/wp-json\/wp\/v2\/pages\/28\/revisions\/41918"}],"wp:attachment":[{"href":"https:\/\/villabornancini.it\/de\/wp-json\/wp\/v2\/media?parent=28"}],"curies":[{"name":"wp","href":"https:\/\/api.w.org\/{rel}","templated":true}]}}