{"id":3,"date":"2022-11-06T09:31:02","date_gmt":"2022-11-06T09:31:02","guid":{"rendered":"https:\/\/villabornancini.it\/?page_id=3"},"modified":"2024-04-01T16:06:47","modified_gmt":"2024-04-01T14:06:47","slug":"privacy-policy","status":"publish","type":"page","link":"https:\/\/villabornancini.it\/de\/privacy-policy","title":{"rendered":"Privacy Policy"},"content":{"rendered":"<p><\/p>\n<form><a class=\"fasc-button fasc-size-medium fasc-type-glossy fasc-rounded-medium\" style=\"background-color: #045d80; color: #ffcc00;\" onclick=\"history.back()\">Komm zur\u00fcck<\/a><\/form>\n<h1><span class=\"HwtZe\" lang=\"de\" style=\"color: #ffcc00;\"><span class=\"jCAhz\"><span class=\"ryNqvb\">Datenschutzinformationen gem\u00e4\u00df Gesetzesdekret 196\/03 und EU-Verordnung Nr. 679\/2016<\/span><\/span><\/span><\/h1>\n<p class=\"p2\"><span style=\"color: #ffcc99;\"><span class=\"HwtZe\" lang=\"de\"><span class=\"jCAhz ChMk0b\"><span class=\"ryNqvb\">Lieber Kunde<\/span><\/span><\/span>,<\/span><\/p>\n<p class=\"p2\"><span style=\"color: #ffcc99;\"><span class=\"HwtZe\" lang=\"de\"><span class=\"jCAhz ChMk0b\"><span class=\"ryNqvb\">Gem\u00e4\u00df der geltenden Gesetzgebung zum Schutz personenbezogener Daten (EU-Verordnung Nr. 679 von 2016) m\u00f6chten wir Sie dar\u00fcber informieren, dass die Verarbeitung Ihrer personenbezogenen Daten korrekt und transparent f\u00fcr rechtm\u00e4\u00dfige Zwecke und zum Schutz Ihrer Privatsph\u00e4re und Ihrer Rechte erfolgt<\/span><\/span><\/span>.<\/span><\/p>\n<p class=\"p2\"><span style=\"color: #ffcc99;\"><span class=\"HwtZe\" lang=\"de\"><span class=\"jCAhz ChMk0b\"><span class=\"ryNqvb\">Die Verarbeitung erfolgt auch mit Hilfe von IT-Mitteln zu folgenden Zwecken<\/span><\/span><\/span>:<\/span><\/p>\n<h2>1. <span style=\"color: #ffcc00;\"><span class=\"HwtZe\" lang=\"de\"><span class=\"jCAhz ChMk0b\"><span class=\"ryNqvb\">um Ihre Buchung von Beherbergungsleistungen und Nebenleistungen zu akquirieren und zu best\u00e4tigen sowie die gew\u00fcnschten Leistungen zu erbringen<\/span><\/span><\/span>.<\/span><\/h2>\n<p><span style=\"color: #ffcc99;\"><span class=\"HwtZe\" lang=\"de\"><span class=\"jCAhz ChMk0b\"><span class=\"ryNqvb\">Da es sich dabei um Vorg\u00e4nge handelt, die f\u00fcr die Vertragsgestaltung und deren sp\u00e4tere Durchf\u00fchrung erforderlich sind, ist Ihre Einwilligung nicht erforderlich, au\u00dfer bei der Angabe besonderer, sogenannter sensibler Daten.<\/span><\/span> <span class=\"jCAhz ChMk0b\"><span class=\"ryNqvb\">Im Falle einer Weigerung, personenbezogene Daten anzugeben, k\u00f6nnen wir die Buchung nicht best\u00e4tigen oder Ihnen die gew\u00fcnschten Dienstleistungen nicht zur Verf\u00fcgung stellen.<\/span><\/span> <span class=\"jCAhz ChMk0b\"><span class=\"ryNqvb\">Die Verarbeitung endet mit Ihrer Abreise, einige Ihrer personenbezogenen Daten k\u00f6nnen oder m\u00fcssen jedoch weiterhin f\u00fcr die in den folgenden Punkten angegebenen Zwecke und auf die in den folgenden Punkten angegebene Weise verarbeitet werden<\/span><\/span><\/span>;<\/span><\/p>\n<h2>2. <span style=\"color: #ffcc00;\"><span class=\"HwtZe\" lang=\"de\"><span class=\"jCAhz ChMk0b\"><span class=\"ryNqvb\">zur Erf\u00fcllung der im \u201eKonsolidierten Gesetz \u00fcber Gesetze zur \u00f6ffentlichen Sicherheit\u201c festgelegten Verpflichtung<\/span><\/span> <\/span>\u201d<\/span><\/h2>\n<p><span style=\"color: #ffcc99;\"><span class=\"HwtZe\" lang=\"de\"><span class=\"jCAhz ChMk0b\"><span class=\"ryNqvb\">(Artikel 109 R.D. 18.6.1931 Nr. 773), der uns verpflichtet, dem Polizeipr\u00e4sidium aus Gr\u00fcnden der \u00f6ffentlichen Sicherheit die Daten der Klienten mitzuteilen, die gem\u00e4\u00df den vom Innenministerium festgelegten Methoden untergebracht wurden (Dekret vom 7. Januar 2013). .<\/span><\/span> <span class=\"jCAhz ChMk0b\"><span class=\"ryNqvb\">Die Bereitstellung der Daten ist obligatorisch und erfordert nicht Ihre Zustimmung. Im Falle einer Verweigerung der Bereitstellung k\u00f6nnen wir Sie nicht in unserer Struktur aufnehmen.<\/span><\/span> <span class=\"jCAhz ChMk0b\"><span class=\"ryNqvb\">Die zu diesem Zweck erhobenen Daten werden von uns nicht gespeichert, es sei denn, Sie erteilen uns Ihre Einwilligung zur Speicherung gem\u00e4\u00df Punkt 4<\/span><\/span><\/span>;<\/span><\/p>\n<h2>3.<span style=\"color: #ffcc00;\"> <span class=\"HwtZe\" lang=\"de\"><span class=\"jCAhz ChMk0b\"><span class=\"ryNqvb\">zur Erf\u00fcllung laufender Verwaltungs-, Buchhaltungs- und Steuerpflichten<\/span><\/span><\/span>.<\/span><\/h2>\n<p><span style=\"color: #ffcc99;\"><span class=\"HwtZe\" lang=\"de\"><span class=\"jCAhz ChMk0b\"><span class=\"ryNqvb\">Die Verarbeitung zu diesen Zwecken erfolgt ohne die Einholung Ihrer Einwilligung.<\/span><\/span> <span class=\"jCAhz ChMk0b\"><span class=\"ryNqvb\">Die Datenverarbeitung erfolgt durch uns und unsere Beauftragten und eine externe Weitergabe erfolgt nur im Rahmen der gesetzlichen Verpflichtungen.<\/span><\/span> <span class=\"jCAhz ChMk0b\"><span class=\"ryNqvb\">Im Falle einer Weigerung, die f\u00fcr die oben genannten Verpflichtungen erforderlichen Daten bereitzustellen, k\u00f6nnen wir Ihnen die angeforderten Dienstleistungen nicht erbringen.<\/span><\/span> <span class=\"jCAhz ChMk0b\"><span class=\"ryNqvb\">Die zu diesen Zwecken erhobenen Daten werden von uns f\u00fcr die von den jeweiligen Vorschriften vorgeschriebene Dauer (10 Jahre, bei Steuerbescheiden auch l\u00e4nger) aufbewahrt<\/span><\/span><\/span>;<\/span><\/p>\n<h2>4. <span style=\"color: #ffcc00;\"><span class=\"HwtZe\" lang=\"de\"><span class=\"jCAhz ChMk0b\"><span class=\"ryNqvb\">zur Beschleunigung des Anmeldeverfahrens bei sp\u00e4teren Aufenthalten in unserer Einrichtung<\/span><\/span><\/span>.<\/span><\/h2>\n<p><span style=\"color: #ffcc99;\"><span class=\"HwtZe\" lang=\"de\"><span class=\"jCAhz ChMk0b\"><span class=\"ryNqvb\">Zu diesem Zweck werden Ihre Daten nach Einholung Ihrer jederzeit widerruflichen Einwilligung f\u00fcr die Dauer von maximal 3 Jahren gespeichert und bei Ihrem erneuten Aufenthalt bei uns zu den in den vorstehenden Punkten genannten Zwecken genutzt<\/span><\/span><\/span>;<\/span><\/p>\n<h2>5. <span style=\"color: #ffcc00;\"><span class=\"HwtZe\" lang=\"de\"><span class=\"jCAhz ChMk0b\"><span class=\"ryNqvb\">um die Funktion des Empfangs von an Sie gerichteten Nachrichten und Telefonanrufen w\u00e4hrend Ihres Aufenthalts wahrzunehmen<\/span><\/span><\/span>.<\/span><\/h2>\n<p><span style=\"color: #ffcc99;\"><span class=\"HwtZe\" lang=\"de\"><span class=\"jCAhz ChMk0b\"><span class=\"ryNqvb\">Hierf\u00fcr ist Ihre Einwilligung erforderlich.<\/span><\/span> <span class=\"jCAhz ChMk0b\"><span class=\"ryNqvb\">Sie k\u00f6nnen Ihre Einwilligung jederzeit widerrufen.<\/span><\/span> <span class=\"jCAhz ChMk0b\"><span class=\"ryNqvb\">Die Verarbeitung wird jedoch mit Ihrer Abreise eingestellt<\/span><\/span><\/span>;<\/span><\/p>\n<p class=\"p2\"><span style=\"color: #ffcc99;\"><span class=\"HwtZe\" lang=\"de\"><span class=\"jCAhz ChMk0b\"><span class=\"ryNqvb\">Wir m\u00f6chten Sie auch dar\u00fcber informieren, dass die europ\u00e4ische Verordnung bestimmte Rechte anerkennt, einschlie\u00dflich des Rechts auf Zugang und Berichtigung oder L\u00f6schung oder Einschr\u00e4nkung oder Widerspruch gegen die Verarbeitung, zus\u00e4tzlich zum Recht auf Daten\u00fcbertragbarkeit, sofern und soweit anwendbar (Artikel 15 bis 22 der EU-Verordnung Nr. 679 von 2016).<\/span><\/span> <span class=\"jCAhz ChMk0b\"><span class=\"ryNqvb\">Sie k\u00f6nnen gem\u00e4\u00df den in der geltenden Gesetzgebung festgelegten Verfahren auch eine Beschwerde bei der Aufsichtsbeh\u00f6rde einreichen<\/span><\/span><\/span>.<\/span><\/p>\n<p class=\"p2\"><span style=\"color: #ffcc99;\"><span class=\"HwtZe\" lang=\"de\"><span class=\"jCAhz ChMk0b\"><span class=\"ryNqvb\">F\u00fcr weitere Informationen und zur Geltendmachung der Ihnen durch die Europ\u00e4ische Verordnung zustehenden Rechte k\u00f6nnen Sie sich an folgende Adresse wenden<\/span><\/span><\/span>:<\/span><\/p>\n<p class=\"p2\"><b><span class=\"HwtZe\" lang=\"de\" style=\"color: #ffcc00;\"><span class=\"jCAhz ChMk0b\"><span class=\"ryNqvb\">Datenverantwortliche:<\/span><\/span><\/span><br \/>\n<\/b>Nicoletta Bulian; tel. +39 347 7826508&nbsp;<br \/>\n<a href=\"mailto:allabotte@allabotte.it\" target=\"_blank\" rel=\"noopener\"><span class=\"s2\">info@villabornancini.it&nbsp; <\/span><\/a>- PEC: <a href=\"mailto:allabotte@legalmail.it\" target=\"_blank\" rel=\"noopener\">bbvillabornancini@legalmail.it<\/a><\/p>\n<p>&nbsp;<br \/>\n<script type=\"text\/javascript\">var nibirumail_advice_text = 'villabornancini.it verwendet Cookies, um Ihnen ein besseres Surferlebnis zu bieten. Durch die Nutzung unseres Dienstes akzeptieren Sie die Verwendung von Cookies gem\u00e4\u00df unserer Cookie-Richtlinie. <a href=\"https:\/\/villabornancini.it\/?page_id=1432&lang=de\" target=\"_blank\">Finde mehr heraus.<\/a>. <a href=\"javascript:;\" class=\"nibirumail_agreement\">Ich verstehe.<\/a>';<\/script><br \/>\n<script type=\"text\/javascript\">var cookie_policy_url = 'https:\/\/villabornancini.it\/?page_id=1432&lang=de';<\/script><br \/>\n<script type=\"text\/javascript\" src=\"https:\/\/nibirumail.com\/docs\/scripts\/nibirumail.cookie.min.js\"><\/script><\/p>","protected":false},"excerpt":{"rendered":"<p>Komm zur\u00fcck Datenschutzinformationen gem\u00e4\u00df Gesetzesdekret 196\/03 und EU-Verordnung Nr. 679\/2016 Lieber Kunde, Gem\u00e4\u00df der geltenden Gesetzgebung zum Schutz personenbezogener Daten (EU-Verordnung Nr. 679 von 2016) m\u00f6chten wir Sie dar\u00fcber informieren, dass die Verarbeitung Ihrer personenbezogenen Daten korrekt und transparent f\u00fcr rechtm\u00e4\u00dfige Zwecke und zum Schutz Ihrer Privatsph\u00e4re und Ihrer Rechte erfolgt. Die Verarbeitung erfolgt auch &hellip; <\/p>\n<p class=\"link-more\"><a href=\"https:\/\/villabornancini.it\/de\/privacy-policy\" class=\"more-link\"><span class=\"screen-reader-text\">\u201ePrivacy Policy\u201c<\/span> weiterlesen<\/a><\/p>\n","protected":false},"author":1,"featured_media":0,"parent":0,"menu_order":0,"comment_status":"closed","ping_status":"closed","template":"","meta":{"footnotes":""},"class_list":["post-3","page","type-page","status-publish","hentry"],"_links":{"self":[{"href":"https:\/\/villabornancini.it\/de\/wp-json\/wp\/v2\/pages\/3","targetHints":{"allow":["GET"]}}],"collection":[{"href":"https:\/\/villabornancini.it\/de\/wp-json\/wp\/v2\/pages"}],"about":[{"href":"https:\/\/villabornancini.it\/de\/wp-json\/wp\/v2\/types\/page"}],"author":[{"embeddable":true,"href":"https:\/\/villabornancini.it\/de\/wp-json\/wp\/v2\/users\/1"}],"replies":[{"embeddable":true,"href":"https:\/\/villabornancini.it\/de\/wp-json\/wp\/v2\/comments?post=3"}],"version-history":[{"count":32,"href":"https:\/\/villabornancini.it\/de\/wp-json\/wp\/v2\/pages\/3\/revisions"}],"predecessor-version":[{"id":32719,"href":"https:\/\/villabornancini.it\/de\/wp-json\/wp\/v2\/pages\/3\/revisions\/32719"}],"wp:attachment":[{"href":"https:\/\/villabornancini.it\/de\/wp-json\/wp\/v2\/media?parent=3"}],"curies":[{"name":"wp","href":"https:\/\/api.w.org\/{rel}","templated":true}]}}