{"id":41037,"date":"2025-03-15T11:44:32","date_gmt":"2025-03-15T10:44:32","guid":{"rendered":"https:\/\/villabornancini.it\/?page_id=41037"},"modified":"2025-05-31T16:28:39","modified_gmt":"2025-05-31T14:28:39","slug":"posiziona-tavoli","status":"publish","type":"page","link":"https:\/\/villabornancini.it\/de\/posiziona-tavoli","title":{"rendered":"<span style=\"color: #ffcc99;\">Platzieren Sie die Tische<\/span>"},"content":{"rendered":"<p><span style=\"color: #ffcc00;\"><a class=\"fasc-button fasc-size-medium fasc-type-glossy fasc-rounded-medium\" style=\"background-color: #045d80; color: #ebe40c;\" href=\"https:\/\/villabornancini.it\/wedding\"><span style=\"color: #ffcc00;\">Zur\u00fcck zur Hochzeit<\/span><\/a><\/span><\/p>\n<p><span style=\"color: #ffcc00;\">Laden Sie die Excel-Tabelle herunter, mit der Sie die Tische im Serra di Dino f\u00fcr bis zu 150 G\u00e4ste anordnen k\u00f6nnen.<\/span><\/p>\n<p><a class=\"fasc-button fasc-size-medium fasc-type-glossy fasc-rounded-medium\" style=\"background-color: #045d80; color: #ebe40c;\" target=\"_blank\" rel=\"noopener\" href=\"https:\/\/villabornancini.it\/wp-content\/uploads\/2025\/05\/Platzieren-Sie-Tische.xlsx\">Download<\/a><\/p>\n<p><span style=\"color: #ffcc99;\">Im Excel-Tabellenblatt gibt es verschiedene Arten von Tische, die Sie in das Greenhouse ziehen und per Kopieren und Einf\u00fcgen duplizieren k\u00f6nnen (Urspr\u00fcngliche Formatierung beibehalten).<br \/>\nSie k\u00f6nnen die rechteckigen Tische verbinden, indem Sie sie n\u00e4her zueinander r\u00fccken, bis Sie die Form erhalten, die Ihnen am besten gef\u00e4llt.<br \/>\nPlatzieren Sie die Tabellen innerhalb der gepunkteten Linie<\/span><\/p>\n<p><a href=\"https:\/\/villabornancini.it\/wp-content\/uploads\/2025\/05\/Catturade.jpg\"><img loading=\"lazy\" decoding=\"async\" class=\"alignnone wp-image-45167 size-large\" src=\"https:\/\/villabornancini.it\/wp-content\/uploads\/2025\/05\/Catturade-1024x486.jpg\" alt=\"\" width=\"525\" height=\"249\" srcset=\"https:\/\/villabornancini.it\/wp-content\/uploads\/2025\/05\/Catturade-1024x486.jpg 1024w, https:\/\/villabornancini.it\/wp-content\/uploads\/2025\/05\/Catturade-300x142.jpg 300w, https:\/\/villabornancini.it\/wp-content\/uploads\/2025\/05\/Catturade-768x364.jpg 768w, https:\/\/villabornancini.it\/wp-content\/uploads\/2025\/05\/Catturade-250x119.jpg 250w, https:\/\/villabornancini.it\/wp-content\/uploads\/2025\/05\/Catturade-550x261.jpg 550w, https:\/\/villabornancini.it\/wp-content\/uploads\/2025\/05\/Catturade-800x379.jpg 800w, https:\/\/villabornancini.it\/wp-content\/uploads\/2025\/05\/Catturade-380x180.jpg 380w, https:\/\/villabornancini.it\/wp-content\/uploads\/2025\/05\/Catturade-633x300.jpg 633w, https:\/\/villabornancini.it\/wp-content\/uploads\/2025\/05\/Catturade-1054x500.jpg 1054w, https:\/\/villabornancini.it\/wp-content\/uploads\/2025\/05\/Catturade-350x166.jpg 350w, https:\/\/villabornancini.it\/wp-content\/uploads\/2025\/05\/Catturade.jpg 1164w\" sizes=\"auto, (max-width: 525px) 100vw, 525px\" \/><\/a><\/p>\n<p><span style=\"color: #ffcc99;\">Sobald die Tische angeordnet sind, k\u00f6nnen Sie durch Positionieren der Maus auf jedem Sitz die Sitznummer (jetzt 0) \u00e4ndern und der gew\u00e4hlten Nummer einen Namen zuweisen. Falls Excel abst\u00fcrzt, dr\u00fccken Sie die Esc-Taste auf Ihrer Tastatur.<br \/>\n<\/span><br \/>\n<script type=\"text\/javascript\">var nibirumail_advice_text = 'villabornancini.it verwendet Cookies, um Ihnen ein besseres Surferlebnis zu bieten. Durch die Nutzung unseres Dienstes akzeptieren Sie die Verwendung von Cookies gem\u00e4\u00df unserer Cookie-Richtlinie. <a href=\"https:\/\/villabornancini.it\/?page_id=1432&lang=de\" target=\"_blank\">Finde mehr heraus.<\/a>. <a href=\"javascript:;\" class=\"nibirumail_agreement\">Ich verstehe.<\/a>';<\/script><br \/>\n<script type=\"text\/javascript\">var cookie_policy_url = 'https:\/\/villabornancini.it\/?page_id=1432&lang=de';<\/script><br \/>\n<script type=\"text\/javascript\" src=\"https:\/\/nibirumail.com\/docs\/scripts\/nibirumail.cookie.min.js\"><\/script><\/p>","protected":false},"excerpt":{"rendered":"<p>Zur\u00fcck zur Hochzeit Laden Sie die Excel-Tabelle herunter, mit der Sie die Tische im Serra di Dino f\u00fcr bis zu 150 G\u00e4ste anordnen k\u00f6nnen. Download Im Excel-Tabellenblatt gibt es verschiedene Arten von Tische, die Sie in das Greenhouse ziehen und per Kopieren und Einf\u00fcgen duplizieren k\u00f6nnen (Urspr\u00fcngliche Formatierung beibehalten). Sie k\u00f6nnen die rechteckigen Tische verbinden, &hellip; <\/p>\n<p class=\"link-more\"><a href=\"https:\/\/villabornancini.it\/de\/posiziona-tavoli\" class=\"more-link\"><span class=\"screen-reader-text\">\u201e<span style=\"color: #ffcc99;\">Platzieren Sie die Tische<\/span>\u201c<\/span> weiterlesen<\/a><\/p>\n","protected":false},"author":1,"featured_media":0,"parent":0,"menu_order":0,"comment_status":"closed","ping_status":"closed","template":"","meta":{"footnotes":""},"class_list":["post-41037","page","type-page","status-publish","hentry"],"_links":{"self":[{"href":"https:\/\/villabornancini.it\/de\/wp-json\/wp\/v2\/pages\/41037","targetHints":{"allow":["GET"]}}],"collection":[{"href":"https:\/\/villabornancini.it\/de\/wp-json\/wp\/v2\/pages"}],"about":[{"href":"https:\/\/villabornancini.it\/de\/wp-json\/wp\/v2\/types\/page"}],"author":[{"embeddable":true,"href":"https:\/\/villabornancini.it\/de\/wp-json\/wp\/v2\/users\/1"}],"replies":[{"embeddable":true,"href":"https:\/\/villabornancini.it\/de\/wp-json\/wp\/v2\/comments?post=41037"}],"version-history":[{"count":36,"href":"https:\/\/villabornancini.it\/de\/wp-json\/wp\/v2\/pages\/41037\/revisions"}],"predecessor-version":[{"id":45240,"href":"https:\/\/villabornancini.it\/de\/wp-json\/wp\/v2\/pages\/41037\/revisions\/45240"}],"wp:attachment":[{"href":"https:\/\/villabornancini.it\/de\/wp-json\/wp\/v2\/media?parent=41037"}],"curies":[{"name":"wp","href":"https:\/\/api.w.org\/{rel}","templated":true}]}}