{"id":47003,"date":"2026-03-23T18:47:06","date_gmt":"2026-03-23T17:47:06","guid":{"rendered":"https:\/\/villabornancini.it\/?page_id=47003"},"modified":"2026-03-25T12:54:16","modified_gmt":"2026-03-25T11:54:16","slug":"adempimenti-siae","status":"publish","type":"page","link":"https:\/\/villabornancini.it\/de\/adempimenti-siae","title":{"rendered":"<span style=\"color: #ffcc99;\">SIAE-Verpflichtungen<\/span>"},"content":{"rendered":"<p><span style=\"color: #ffcc00;\"><a class=\"fasc-button fasc-size-medium fasc-type-glossy fasc-rounded-medium\" style=\"background-color: #045d80; color: #ebe40c;\" href=\"https:\/\/villabornancini.it\/wedding\"><span style=\"color: #ffcc00;\">Zur\u00fcck zur Hochzeit<\/span><\/a><\/span><br \/>\n&nbsp;<\/p>\n<h1><span style=\"color: #ffcc00;\">Musik auf Ihrer Hochzeit:<\/span><\/h1>\n<p><span style=\"color: #ff9900;\">Wenn Sie Ihre Hochzeit mit Musik und vielleicht sogar einer Tanzparty bereichern m\u00f6chten, denken Sie bitte daran, die Lizenzgeb\u00fchren an die SIAE (Italienische Gesellschaft der Autoren und Verleger) zu entrichten.<\/span><\/p>\n<p><span style=\"color: #ff9900;\">Tats\u00e4chlich fallen Lizenzgeb\u00fchren an, wenn Musik an einem \u00f6ffentlichen Ort abgespielt wird, egal ob live oder \u00fcber Audio- und Videoanlagen. Als \u201e\u00f6ffentlicher Ort\u201c gilt auch ein normalerweise privater Ort, der zu besonderen Anl\u00e4ssen wie einer Hochzeit f\u00fcr die \u00d6ffentlichkeit zug\u00e4nglich gemacht wird.<\/span><\/p>\n<p><span style=\"color: #ff9900;\">Die Zahlungen an SIAE erfolgen direkt durch das Brautpaar. Dieses muss sich an das SIAE-B\u00fcro in der N\u00e4he des Veranstaltungsortes wenden oder <a href=\"https:\/\/www.siae.it\/it\/utilizzatori\/feste-private\/\" target=\"_blank\" rel=\"noopener\"><span style=\"color: #ffcc00;\">direkt online auf der SIAE-Website bezahlen<\/span><\/a>.<\/span><\/p>\n<h3><span style=\"color: #ffcc00;\">SIAE-Hochzeitsgeb\u00fchren<\/span><\/h3>\n<p>&nbsp;<\/p>\n<p><span style=\"color: #ff9900;\">Die Geb\u00fchren richten sich nach drei Hauptkriterien:<\/span><\/p>\n<p><span style=\"color: #ff9900;\">\u2013 Anzahl der G\u00e4ste<br \/>\n\u2013 Art der Musik (Live-Musik oder DJ)<br \/>\n\u2013 Kategorie des Veranstaltungsortes<\/span><\/p>\n<p><span style=\"color: #ff9900;\">Um die Kosten f\u00fcr eine Hochzeit zu erfahren<\/span> <a href=\"https:\/\/www.siae.it\/it\/utilizzatori\/feste-private\/matrimonio\/\" target=\"_blank\" rel=\"noopener\"><span style=\"color: #ffcc00;\">klicken Sie hier<\/span><\/a><br \/>\n<span style=\"color: #ff9900;\">Um die Kosten f\u00fcr eine Geburtstagsfeier zu erfahren<\/span> <a href=\"https:\/\/www.siae.it\/it\/utilizzatori\/feste-private\/compleanno\/\" target=\"_blank\" rel=\"noopener\"><span style=\"color: #ffcc00;\">klicken Sie hier<\/span><\/a><br \/>\n<span style=\"color: #ff9900;\">Um die Kosten f\u00fcr andere Feiern zu erfahren<\/span> <a href=\"https:\/\/www.siae.it\/it\/utilizzatori\/feste-private\/altre-feste\/\" target=\"_blank\" rel=\"noopener\"><span style=\"color: #ffcc00;\">klicken Sie hier<\/span><\/a><\/p>\n<p><span style=\"color: #ff9900;\">Wenn Sie in der Villa Bornancini heiraten, wenden Sie sich bitte an folgendes SIAE-B\u00fcro:<br \/>\nSIAE-Agentur in Portogruaro<\/span><br \/>\n<span style=\"color: #ffcc00;\">Viale Venezia, 17,<br \/>\n30025 Fossalta di Portogruaro VE<br \/>\nTelefon: 0421 394624<br \/>\nE-Mail: portogruaro@mandatarie.siae.it<\/span><br \/>\n<script type=\"text\/javascript\">var nibirumail_advice_text = 'villabornancini.it verwendet Cookies, um Ihnen ein besseres Surferlebnis zu bieten. Durch die Nutzung unseres Dienstes akzeptieren Sie die Verwendung von Cookies gem\u00e4\u00df unserer Cookie-Richtlinie. <a href=\"https:\/\/villabornancini.it\/?page_id=1432&lang=de\" target=\"_blank\">Finde mehr heraus.<\/a>. <a href=\"javascript:;\" class=\"nibirumail_agreement\">Ich verstehe.<\/a>';<\/script><br \/>\n<script type=\"text\/javascript\">var cookie_policy_url = 'https:\/\/villabornancini.it\/?page_id=1432&lang=de';<\/script><br \/>\n<script type=\"text\/javascript\" src=\"https:\/\/nibirumail.com\/docs\/scripts\/nibirumail.cookie.min.js\"><\/script><\/p>","protected":false},"excerpt":{"rendered":"<p>Zur\u00fcck zur Hochzeit &nbsp; Musik auf Ihrer Hochzeit: Wenn Sie Ihre Hochzeit mit Musik und vielleicht sogar einer Tanzparty bereichern m\u00f6chten, denken Sie bitte daran, die Lizenzgeb\u00fchren an die SIAE (Italienische Gesellschaft der Autoren und Verleger) zu entrichten. Tats\u00e4chlich fallen Lizenzgeb\u00fchren an, wenn Musik an einem \u00f6ffentlichen Ort abgespielt wird, egal ob live oder \u00fcber &hellip; <\/p>\n<p class=\"link-more\"><a href=\"https:\/\/villabornancini.it\/de\/adempimenti-siae\" class=\"more-link\"><span class=\"screen-reader-text\">\u201e<span style=\"color: #ffcc99;\">SIAE-Verpflichtungen<\/span>\u201c<\/span> weiterlesen<\/a><\/p>\n","protected":false},"author":1,"featured_media":0,"parent":0,"menu_order":0,"comment_status":"closed","ping_status":"closed","template":"","meta":{"footnotes":""},"class_list":["post-47003","page","type-page","status-publish","hentry"],"_links":{"self":[{"href":"https:\/\/villabornancini.it\/de\/wp-json\/wp\/v2\/pages\/47003","targetHints":{"allow":["GET"]}}],"collection":[{"href":"https:\/\/villabornancini.it\/de\/wp-json\/wp\/v2\/pages"}],"about":[{"href":"https:\/\/villabornancini.it\/de\/wp-json\/wp\/v2\/types\/page"}],"author":[{"embeddable":true,"href":"https:\/\/villabornancini.it\/de\/wp-json\/wp\/v2\/users\/1"}],"replies":[{"embeddable":true,"href":"https:\/\/villabornancini.it\/de\/wp-json\/wp\/v2\/comments?post=47003"}],"version-history":[{"count":9,"href":"https:\/\/villabornancini.it\/de\/wp-json\/wp\/v2\/pages\/47003\/revisions"}],"predecessor-version":[{"id":47054,"href":"https:\/\/villabornancini.it\/de\/wp-json\/wp\/v2\/pages\/47003\/revisions\/47054"}],"wp:attachment":[{"href":"https:\/\/villabornancini.it\/de\/wp-json\/wp\/v2\/media?parent=47003"}],"curies":[{"name":"wp","href":"https:\/\/api.w.org\/{rel}","templated":true}]}}