{"id":47015,"date":"2026-03-24T14:39:01","date_gmt":"2026-03-24T13:39:01","guid":{"rendered":"https:\/\/villabornancini.it\/?page_id=47015"},"modified":"2026-03-25T14:03:40","modified_gmt":"2026-03-25T13:03:40","slug":"agenda-degli-sposi","status":"publish","type":"page","link":"https:\/\/villabornancini.it\/de\/agenda-degli-sposi","title":{"rendered":"<span style=\"color: #ffcc99;\">Hochzeitsplanerin<\/span>"},"content":{"rendered":"<p><span style=\"color: #ffcc00;\"><a class=\"fasc-button fasc-size-medium fasc-type-glossy fasc-rounded-medium\" style=\"background-color: #045d80; color: #ebe40c;\" href=\"https:\/\/villabornancini.it\/wedding\"><span style=\"color: #ffcc00;\">Zur\u00fcck zur Hochzeit<\/span><\/a><\/span><br \/>\n&nbsp;<\/p>\n<h1><span style=\"color: #ffcc00;\">Wie Sie Ihre Hochzeit Schritt f\u00fcr Schritt organisieren<\/span><\/h1>\n<p><span style=\"color: #ffcc99;\">Bei der Planung der perfekten Hochzeit gibt es so viel zu beachten, aber mit sorgf\u00e4ltiger Planung und ein paar hilfreichen Tipps meistern Sie jede Phase der Vorbereitungen souver\u00e4n und entspannt. In diesem Abschnitt erl\u00e4utern wir die wichtigsten Termine und die optimalen Zeitr\u00e4ume, damit Sie jedes Detail planen und vom Anfang bis zum Hochzeitstag alles im Griff behalten. Auf die Pl\u00e4tze, fertig, los!<\/span><\/p>\n<h2><span style=\"color: #ffcc00;\">18 Monate vorher<\/span><\/h2>\n<p><strong><span style=\"color: #ffcc99;\">Budgetplanung:<\/strong><\/span> Legen Sie Ihr Budget fest und halten Sie Ihre Finanzen im Blick.<\/p>\n<p><strong><span style=\"color: #ffcc99;\">Location f\u00fcr die Feier:<\/strong><\/span> Besichtigen Sie verschiedene Locations und erkundigen Sie sich nach verf\u00fcgbaren Terminen, Raumkapazit\u00e4t, angebotenen Leistungen, zeitlichen Beschr\u00e4nkungen und Zahlungsmethoden. Reservieren Sie einen Termin und best\u00e4tigen Sie Ihre Wahl mit einer Anzahlung.<\/p>\n<p><strong><span style=\"color: #ffcc99;\">Trauung und Ort:<\/strong><\/span> W\u00e4hlen Sie Kirche oder Standesamt und kontaktieren Sie den Pfarrer oder Standesbeamten, um Datum und Uhrzeit der Trauung festzulegen. Kl\u00e4ren Sie, welche Dokumente Sie f\u00fcr die Zustimmung des Standesbeamten einreichen m\u00fcssen. Wenn Sie kirchlich heiraten, denken Sie fr\u00fchzeitig an das Hochzeitsheft: Planen Sie die Gestaltung mit selbstverfassten Gedichten und Texten ein und ber\u00fccksichtigen Sie den Zeitaufwand.<\/p>\n<p><strong><span style=\"color: #ffcc99;\">Ehevorbereitungskurs:<\/strong><\/span> Fragen Sie den Pfarrer nach Terminen und Dauer des Kurses. Viele Gemeinden bieten nur wenige Kurse pro Jahr an, manche dauern mehrere Monate.<\/p>\n<p><strong><span style=\"color: #ffcc99;\">Catering:<\/strong><\/span> Falls Sie noch keinen zuverl\u00e4ssigen Caterer haben, kontaktieren Sie verschiedene Catering-Unternehmen und testen Sie deren Qualit\u00e4t. Pr\u00fcfen Sie die verf\u00fcgbaren R\u00e4umlichkeiten, Tischw\u00e4sche, Men\u00fcs und angebotenen Dienstleistungen und fordern Sie dann von jedem Anbieter einen Kostenvoranschlag an.<\/p>\n<h2><span style=\"color: #ffcc00;\">8 Monate vorher<br \/>\n<\/span><\/h2>\n<p><strong><span style=\"color: #ffcc99;\">Einladungen und Ank\u00fcndigungen:<\/strong><\/span> Beginnen Sie mit der Zusammenstellung der G\u00e4steliste f\u00fcr die Feier und der Liste der Personen, denen Sie nur Einladungen senden m\u00f6chten.<\/p>\n<p><strong><span style=\"color: #ffcc99;\">Unterk\u00fcnfte f\u00fcr G\u00e4ste:<\/strong><\/span> Reservieren Sie gegebenenfalls Zimmer f\u00fcr G\u00e4ste von au\u00dferhalb.<\/p>\n<p><strong><span style=\"color: #ffcc99;\">Brautkleid:<\/strong><\/span> Beginnen Sie mit der Suche nach dem Brautkleid, indem Sie Fachzeitschriften durchst\u00f6bern und Boutiquen und Ateliers besuchen, um sich \u00fcber Stile und Preise zu informieren.<\/p>\n<p><strong><span style=\"color: #ffcc99;\">Flitterwochen:<\/strong><\/span> Planen Sie Ihre Flitterwochen, indem Sie Reisezeitraum, Reiseziel und Budget festlegen. Vergleichen Sie verschiedene Angebote und kontaktieren Sie 2-3 Reiseb\u00fcros.<\/p>\n<h2><span style=\"color: #ffcc00;\">6 Monate vorher<br \/>\n<\/span><\/h2>\n<p><strong><span style=\"color: #ffcc99;\">Einladungen und Ank\u00fcndigungen:<\/strong><\/span> W\u00e4hlen Sie Ihr Design und bestellen Sie Einladungen und Ank\u00fcndigungen. Denken Sie auch an die Dankeskarten und -umschl\u00e4ge f\u00fcr Ihre G\u00e4ste.<\/p>\n<p><strong><span style=\"color: #ffcc99;\">Ehevorbereitungskurs:<\/strong><\/span> Wenn Ihre Hochzeit kirchlich stattfindet, ist jetzt der richtige Zeitpunkt, sich f\u00fcr den Ehevorbereitungskurs anzumelden.<\/p>\n<p><strong><span style=\"color: #ffcc99;\">Brautkleid:<\/strong><\/span> Suchen Sie sich eine Boutique aus und beginnen Sie mit der Auswahl Ihres Kleides. Planen Sie gen\u00fcgend Zeit f\u00fcr \u00c4nderungen und Anproben ein.<\/p>\n<p><strong><span style=\"color: #ffcc99;\">Hochzeitsdokumente:<\/strong><\/span> Beginnen Sie mit der Vorbereitung der notwendigen Dokumente. Beachten Sie, dass einige nur bis zu drei Monate g\u00fcltig sind.<\/p>\n<p><strong><span style=\"color: #ffcc99;\">Trauzeugen:<\/strong><\/span> W\u00e4hlen Sie Ihre Trauzeugen aus und bitten Sie um deren Einverst\u00e4ndnis.<\/p>\n<p><strong><span style=\"color: #ffcc99;\">Flitterwochen:<\/strong><\/span> Jetzt ist es an der Zeit zu buchen, um die besten Preise f\u00fcr Fl\u00fcge und Unterk\u00fcnfte zu sichern.<\/p>\n<h2><span style=\"color: #ffcc00;\">5 Monate vorher<br \/>\n<\/span><\/h2>\n<p><strong><span style=\"color: #ffcc99;\">Einladungen und Ank\u00fcndigungen:<\/strong><\/span> Sammeln Sie alle Adressen Ihrer G\u00e4ste f\u00fcr die Hochzeitsfeier sowie die Adressen f\u00fcr den Versand der Einladungen.<\/p>\n<p><strong><span style=\"color: #ffcc99;\">Hochzeitswunschliste:<\/strong><\/span> Erstellen Sie eine Liste der Geschenke, die Sie sich w\u00fcnschen, und w\u00e4hlen Sie Boutiquen oder Gesch\u00e4fte f\u00fcr Ihre Wunschliste aus. Bevorzugen Sie solche, die Ihnen alles abnehmen (Aktualisierung der Liste, Zahlungen usw.).<\/p>\n<p><strong><span style=\"color: #ffcc99;\">Blumenschmuck:<\/strong><\/span> Kontaktieren Sie einen Floristen und bitten Sie um ein Angebot f\u00fcr die Dekoration der Kirche oder des Standesamts, der Location f\u00fcr die Feier, des Autos und des Brautstrau\u00dfes.<\/p>\n<p><strong><span style=\"color: #ffcc99;\">Musik und Unterhaltung:<\/strong><\/span> W\u00e4hlen Sie die Art der musikalischen Begleitung f\u00fcr Kirche und Feier (Klassik, Jazz, DJ usw.) und\/oder ein besonderes Programm mit Unterhaltung.<\/p>\n<p><strong><span style=\"color: #ffcc99;\">Fotos und Videos:<\/strong><\/span> Kontaktieren Sie ein Fotostudio, um Leistungen w\u00e4hrend der Zeremonie und der Feier zu organisieren: Bitten Sie um ein detailliertes Angebot f\u00fcr Fotos, Videos, Fotob\u00fccher oder alles andere, was Sie w\u00fcnschen.<\/p>\n<p><strong><span style=\"color: #ffcc99;\">Gastgeschenke und Konfetti:<\/strong><\/span> \u00dcberlegen Sie sich, welche Gastgeschenke Sie Ihren G\u00e4sten mitgeben m\u00f6chten. Ber\u00fccksichtigen Sie dabei, ob Sie separate Geschenke f\u00fcr Trauzeugen und Angeh\u00f6rige bereithalten m\u00f6chten, und wenden Sie sich an vertrauensw\u00fcrdige Spezialisten und Kunsthandwerker.<\/p>\n<p><strong><span style=\"color: #ffcc99;\">Feuerwerk:<\/strong><\/span> Wenn Sie ein Feuerwerk w\u00fcnschen, fragen Sie den Veranstaltungsort nach der Genehmigung und den geltenden Bestimmungen. Beauftragen Sie anschlie\u00dfend ein spezialisiertes Unternehmen mit der Abwicklung der Formalit\u00e4ten und der Durchf\u00fchrung des Feuerwerks.<\/p>\n<h2><span style=\"color: #ffcc00;\">3 Monate vorher<br \/>\n<\/span><\/h2>\n<p><strong><span style=\"color: #ffcc99;\">Eheringe:<\/strong><\/span> Besuchen Sie mindestens drei Juweliergesch\u00e4fte, um die Eheringe auszuw\u00e4hlen und \u00c4nderungen oder Gravuren zu besprechen.<\/p>\n<p><strong><span style=\"color: #ffcc99;\">Hochzeitsliste:<\/strong><\/span> Erstellen Sie Ihre Wunschliste, bitten Sie die Juweliere, ihren Bestand zu pr\u00fcfen, und stellen Sie die Liste zusammen.<\/p>\n<p><strong><span style=\"color: #ffcc99;\">Flitterwochen:<\/strong><\/span> Falls noch nicht geschehen, w\u00e4hlen und buchen Sie zus\u00e4tzliche Leistungen, Aktivit\u00e4ten und Annehmlichkeiten f\u00fcr Ihre Reise.<\/p>\n<p><strong><span style=\"color: #ffcc99;\">Hochzeitsauto:<\/strong><\/span> W\u00e4hlen Sie das Transportmittel zur Kirche und zur Feier. Ein Oldtimer, eine Kutsche oder ein privater Wagen. Sie k\u00f6nnen auch einen Minibus oder Shuttle f\u00fcr die G\u00e4ste mieten, sofern die Strecke zwischen Kirche und Villa dies zul\u00e4sst.<\/p>\n<p><strong><span style=\"color: #ffcc99;\">Einladungen:<\/strong><\/span> F\u00fcllen Sie die Einladungskarten aus, frankieren Sie die Umschl\u00e4ge und verschicken Sie sie an die Empf\u00e4nger.<\/p>\n<p><strong><span style=\"color: #ffcc99;\">Gastgeschenke und Konfetti:<\/strong><\/span> Bestellen Sie Gastgeschenke und Konfetti entsprechend der G\u00e4steanzahl und legen Sie Liefertermine fest (einige Tage vor der Feier).<\/p>\n<p><strong><span style=\"color: #ffcc99;\">Catering:<\/strong><\/span> Best\u00e4tigen Sie das Men\u00fc, die Weine und die von Ihnen ausgew\u00e4hlten optionalen Leistungen.<\/p>\n<h2><span style=\"color: #ffcc00;\">2 Monate vorher<br \/>\n<\/span><\/h2>\n<p><strong><span style=\"color: #ffcc99;\">Hochzeitsliste:<\/strong><\/span> Lassen Sie Ihre Hochzeitsliste in ausgew\u00e4hlten Gesch\u00e4ften und online auf deren Websites ver\u00f6ffentlichen.<\/p>\n<p><strong><span style=\"color: #ffcc99;\">Einladungen:<\/strong><\/span> F\u00fcllen Sie die Einladungsumschl\u00e4ge aus, frankieren Sie sie und senden Sie sie an die Empf\u00e4nger.<\/p>\n<p><strong><span style=\"color: #ffcc99;\">Messhefte:<\/strong><\/span> Lassen Sie die Programmhefte f\u00fcr die Hochzeitsmesse drucken.<\/p>\n<p><strong><span style=\"color: #ffcc99;\">Hochzeitstorte:<\/strong><\/span> W\u00e4hlen Sie Ihre Lieblingstorte von einem Konditor Ihres Vertrauens. Bestellen Sie auch die Kuchen f\u00fcr das Buffet und vereinbaren Sie Lieferzeiten und -methoden f\u00fcr den Tag der Feier.<\/p>\n<p><strong><span style=\"color: #ffcc99;\">Brautkleid:<\/strong><\/span> Jetzt ist es an der Zeit, Details und Accessoires (Schuhe, Schleier, Schleppe, Diadem usw.) auszuw\u00e4hlen. Ma\u00dfanfertigungen sollten im Voraus bestellt werden.<\/p>\n<p><strong><span style=\"color: #ffcc99;\">Braut-Make-up:<\/strong><\/span> Kontaktieren Sie eine Kosmetikerin, eine Visagistin und eine Friseurin, um Ihre Frisur auszuw\u00e4hlen und Anproben zu vereinbaren.<\/p>\n<p><strong><span style=\"color: #ffcc99;\">Br\u00e4utigamanzug:<\/strong><\/span> W\u00e4hlen Sie Ihren Anzug aus und probieren Sie ihn an, um eventuelle \u00c4nderungen vorzunehmen.<\/p>\n<p><strong><span style=\"color: #ffcc99;\">Blumenkinder und Brautjungfern:<\/strong><\/span> Wenn ihr m\u00f6chtet, dass sie euch zum Altar begleiten, sprecht am besten zuerst mit euren Eltern und fragt sie um ihre Zustimmung.<\/p>\n<p><strong><span style=\"color: #ffcc99;\">Flitterwochen:<\/strong><\/span> \u00dcberpr\u00fcft die G\u00fcltigkeit eurer P\u00e4sse und anderer Dokumente, die f\u00fcr euer Reiseziel erforderlich sind.<\/p>\n<h2><span style=\"color: #ffcc00;\">15 Tage vorher<br \/>\n<\/span><\/h2>\n<p><strong><span style=\"color: #ffcc99;\">Brautstrau\u00df:<\/strong><\/span> Der Br\u00e4utigam w\u00e4hlt und bestellt den Brautstrau\u00df.<\/p>\n<p><strong><span style=\"color: #ffcc99;\">Kleid f\u00fcr nach der Trauung:<\/strong><\/span> Kaufen Sie Ihr Kleid f\u00fcr nach der Trauung, wenn Sie sich nach dem offiziellen Teil der Feier wohler f\u00fchlen m\u00f6chten.<\/p>\n<p><strong><span style=\"color: #ffcc99;\">Ringkissen:<\/strong><\/span> W\u00e4hlen Sie ein Ringkissen passend zum Stil und den Farben der Kirchendekoration und kaufen Sie es.<\/p>\n<p><strong><span style=\"color: #ffcc99;\">Brautkleid:<\/strong><\/span> Letzte Anprobe von Kleid, Accessoires, Frisur und Make-up.<\/p>\n<p><strong><span style=\"color: #ffcc99;\">Catering:<\/strong><\/span> Best\u00e4tigen Sie alle besprochenen Optionen und Details und proben Sie das Mittag- oder Abendessen. Vereinbaren Sie abschlie\u00dfend den Endpreis basierend auf der G\u00e4steanzahl.<\/p>\n<p><strong><span style=\"color: #ffcc99;\">Make-up:<\/strong><\/span> Beginnen Sie mit den Beauty-Behandlungen f\u00fcr Gesicht, K\u00f6rper und Haare.<\/p>\n<p><strong><span style=\"color: #ffcc99;\">Flitterwochen:<\/strong><\/span> Best\u00e4tigen Sie die Fl\u00fcge, Services und Aktivit\u00e4ten f\u00fcr die Reise \u00fcber das Reiseb\u00fcro und buchen Sie gegebenenfalls die W\u00e4hrung f\u00fcr das Zielland.<\/p>\n<h2><span style=\"color: #ffcc00;\">7 Tage vorher<br \/>\n<\/span><\/h2>\n<p><strong><span style=\"color: #ffcc99;\">Junggesellinnen- und Junggesellenabschied:<\/strong><\/span> Feiert, wenn ihr m\u00f6chtet, mit Freunden. Oder g\u00f6nnt euch zwei Tage Entspannung im Spa oder genie\u00dft einfach eine wohlverdiente Auszeit.<\/p>\n<p><strong><span style=\"color: #ffcc99;\">Flitterwochen:<\/strong><\/span> Packt eure Koffer und stellt sicher, dass alles f\u00fcr die Reise bereit ist.<\/p>\n<p><strong><span style=\"color: #ffcc99;\">Dienstleister:<\/strong><\/span> Kontaktiert alle eure Dienstleister (Musiker, Floristen, Fotografen, Caterer usw.) und \u00fcberpr\u00fcft, ob alles in Ordnung ist. Teilt dem Caterer die endg\u00fcltige G\u00e4stezahl mit.<\/p>\n<p><strong><span style=\"color: #ffcc99;\">Sitzordnung:<\/strong><\/span> \u00dcberpr\u00fcft die Tische ein letztes Mal und passt die Anordnung gegebenenfalls an.<\/p>\n<h2><span style=\"color: #ffcc00;\">2 Tage vorher<br \/>\n<\/span><\/h2>\n<p><strong><span style=\"color: #ffcc99;\">Brautkleid:<\/strong><\/span> Holt das Kleid, die Accessoires und die Schuhe ab und \u00fcberpr\u00fcft alle Details.<\/p>\n<p><strong><span style=\"color: #ffcc99;\">Make-up:<\/strong><\/span> Vereinbart einen Termin beim Kosmetiker f\u00fcr den letzten Schliff.<\/p>\n<p><strong><span style=\"color: #ffcc99;\">Dienstleister:<\/strong><\/span> Begleicht die Rechnungen eurer Dienstleister.<\/p>\n<h2><span style=\"color: #ffcc00;\">1 Tag vorher<br \/>\n<\/span><\/h2>\n<p><strong><span style=\"color: #ffcc99;\">Make-up:<\/strong><\/span> Best\u00e4tige die Termine mit Friseur, Visagistin, Fotograf und Fahrer f\u00fcr den n\u00e4chsten Morgen.<\/p>\n<p><strong><span style=\"color: #ffcc99;\">Kosmetiktasche:<\/strong><\/span> Die Braut packt f\u00fcr eine Freundin eine kleine Kosmetiktasche mit allem, was sie zum Auffrischen ihres Make-ups ben\u00f6tigt, sowie ein Paar Ersatzsocken und bequeme Schuhe.<\/p>\n<h2><span style=\"color: #ffcc00;\">Der Hochzeitstag<br \/>\n<\/span><\/h2>\n<p><strong><span style=\"color: #ffcc99;\">Aufstehen:<\/strong><\/span> Steh fr\u00fch auf; Versp\u00e4tungen oder unerwartete Ereignisse sollten deinen Tag nicht durcheinanderbringen.<\/p>\n<p><strong><span style=\"color: #ffcc99;\">Make-up:<\/strong><\/span> Warte, bis der Fotograf bei dir zu Hause ist, und lass dich dann von Friseur und Visagistin stylen.<\/p>\n<p><strong><span style=\"color: #ffcc99;\">Eheringe:<\/strong><\/span> Gib sie der Person, die sie zur Kirche tr\u00e4gt.<\/p>\n<p><strong><span style=\"color: #ffcc99;\">Brautstrau\u00df:<\/strong><\/span> Der Br\u00e4utigam holt den Brautstrau\u00df ab und l\u00e4sst ihn der Braut \u00fcberreichen. Die Str\u00e4u\u00dfe der Brautjungfern werden ihren M\u00fcttern gegeben.<\/p>\n<p><strong><span style=\"color: #ffcc99;\">Letzter Schritt:<\/strong><\/span> Der Br\u00e4utigam f\u00e4hrt fr\u00fchzeitig zur Kirche oder zum Standesamt, wo er Verwandte, Trauzeugen und G\u00e4ste trifft. Die Braut kommt ein paar Minuten sp\u00e4ter an \u2026 und nun ist dein gro\u00dfer Moment endlich da!<\/p>\n<h2><strong>&nbsp;<\/strong><\/h2>\n<p><script type=\"text\/javascript\">var nibirumail_advice_text = 'villabornancini.it verwendet Cookies, um Ihnen ein besseres Surferlebnis zu bieten. Durch die Nutzung unseres Dienstes akzeptieren Sie die Verwendung von Cookies gem\u00e4\u00df unserer Cookie-Richtlinie. <a href=\"https:\/\/villabornancini.it\/?page_id=1432&lang=de\" target=\"_blank\">Finde mehr heraus.<\/a>. <a href=\"javascript:;\" class=\"nibirumail_agreement\">Ich verstehe.<\/a>';<\/script><br \/>\n<script type=\"text\/javascript\">var cookie_policy_url = 'https:\/\/villabornancini.it\/?page_id=1432&lang=de';<\/script><br \/>\n<script type=\"text\/javascript\" src=\"https:\/\/nibirumail.com\/docs\/scripts\/nibirumail.cookie.min.js\"><\/script><\/p>","protected":false},"excerpt":{"rendered":"<p>Zur\u00fcck zur Hochzeit &nbsp; Wie Sie Ihre Hochzeit Schritt f\u00fcr Schritt organisieren Bei der Planung der perfekten Hochzeit gibt es so viel zu beachten, aber mit sorgf\u00e4ltiger Planung und ein paar hilfreichen Tipps meistern Sie jede Phase der Vorbereitungen souver\u00e4n und entspannt. In diesem Abschnitt erl\u00e4utern wir die wichtigsten Termine und die optimalen Zeitr\u00e4ume, damit &hellip; <\/p>\n<p class=\"link-more\"><a href=\"https:\/\/villabornancini.it\/de\/agenda-degli-sposi\" class=\"more-link\"><span class=\"screen-reader-text\">\u201e<span style=\"color: #ffcc99;\">Hochzeitsplanerin<\/span>\u201c<\/span> weiterlesen<\/a><\/p>\n","protected":false},"author":1,"featured_media":0,"parent":0,"menu_order":0,"comment_status":"closed","ping_status":"closed","template":"","meta":{"footnotes":""},"class_list":["post-47015","page","type-page","status-publish","hentry"],"_links":{"self":[{"href":"https:\/\/villabornancini.it\/de\/wp-json\/wp\/v2\/pages\/47015","targetHints":{"allow":["GET"]}}],"collection":[{"href":"https:\/\/villabornancini.it\/de\/wp-json\/wp\/v2\/pages"}],"about":[{"href":"https:\/\/villabornancini.it\/de\/wp-json\/wp\/v2\/types\/page"}],"author":[{"embeddable":true,"href":"https:\/\/villabornancini.it\/de\/wp-json\/wp\/v2\/users\/1"}],"replies":[{"embeddable":true,"href":"https:\/\/villabornancini.it\/de\/wp-json\/wp\/v2\/comments?post=47015"}],"version-history":[{"count":30,"href":"https:\/\/villabornancini.it\/de\/wp-json\/wp\/v2\/pages\/47015\/revisions"}],"predecessor-version":[{"id":47065,"href":"https:\/\/villabornancini.it\/de\/wp-json\/wp\/v2\/pages\/47015\/revisions\/47065"}],"wp:attachment":[{"href":"https:\/\/villabornancini.it\/de\/wp-json\/wp\/v2\/media?parent=47015"}],"curies":[{"name":"wp","href":"https:\/\/api.w.org\/{rel}","templated":true}]}}