{"id":1432,"date":"2023-01-28T09:33:08","date_gmt":"2023-01-28T09:33:08","guid":{"rendered":"https:\/\/villabornancini.it\/?page_id=1432"},"modified":"2025-04-27T11:27:36","modified_gmt":"2025-04-27T09:27:36","slug":"cookie-policy","status":"publish","type":"page","link":"https:\/\/villabornancini.it\/es\/cookie-policy","title":{"rendered":"Cookie policy"},"content":{"rendered":"<p><\/p>\n<form><a class=\"fasc-button fasc-size-medium fasc-type-glossy fasc-rounded-medium\" style=\"background-color: #045d80; color: #ffcc00;\" onclick=\"history.back()\">Regresar<\/a><\/form>\n<div class=\"container\">\n<div class=\"row\">\n<div class=\"col-md-12 text-justify\">\n<h1><span class=\"HwtZe\" lang=\"es\" style=\"color: #ffff00;\"><span class=\"jCAhz ChMk0b\"><span class=\"ryNqvb\">Pol\u00edtica de cookies de www.villabornancini.it<\/span><\/span><\/span><\/h1>\n<\/div>\n<\/div>\n<div class=\"row\">\n<div class=\"col-md-12 text-justify\">\n<h2><span style=\"color: #ffff00;\">U<span class=\"HwtZe\" lang=\"es\"><span class=\"jCAhz ChMk0b C1N51c\"><span class=\"ryNqvb\">so de cookies<\/span><\/span><\/span><\/span><\/h2>\n<p><span style=\"color: #ffcc99;\"><span class=\"HwtZe\" lang=\"es\"><span class=\"jCAhz ChMk0b C1N51c\"><span class=\"ryNqvb\">El \"Sitio\" (villabornancini.it) utiliza Cookies para hacer que sus servicios sean simples y eficientes para los usuarios que ven las p\u00e1ginas de villabornancini.it Los usuarios que ven el Sitio ver\u00e1n cantidades m\u00ednimas de informaci\u00f3n insertada en los dispositivos en uso, ya sean computadoras o dispositivos m\u00f3viles, en peque\u00f1os archivos de texto llamados \"cookies\" guardados en los directorios utilizados por el navegador web del Usuario.Existen varios tipos de cookies, algunas para hacer m\u00e1s efectivo el uso del Sitio, otras para habilitar ciertas caracter\u00edsticas<\/span><\/span><\/span>.<\/span><\/p>\n<p><span style=\"color: #ffcc99;\">A<span class=\"HwtZe\" lang=\"es\"><span class=\"jCAhz ChMk0b C1N51c\"><span class=\"ryNqvb\">l analizarlas en detalle, nuestras cookies le permiten<\/span><\/span><\/span>:<\/span><\/p>\n<ul>\n<li><span style=\"color: #ffcc99;\">m<span class=\"HwtZe\" lang=\"es\"><span class=\"jCAhz ChMk0b C1N51c\"><span class=\"ryNqvb\">emorizar las preferencias ingresadas<\/span><\/span><\/span>;<\/span><\/li>\n<li><span style=\"color: #ffcc99;\">e<span class=\"HwtZe\" lang=\"es\"><span class=\"jCAhz ChMk0b C1N51c\"><span class=\"ryNqvb\">vite volver a ingresar la misma informaci\u00f3n varias veces durante la visita, como nombre de usuario y contrase\u00f1a<\/span><\/span><\/span>;<\/span><\/li>\n<li><span style=\"color: #ffcc99;\">a<span class=\"HwtZe\" lang=\"es\"><span class=\"jCAhz ChMk0b C1N51c\"><span class=\"ryNqvb\">nalizar el uso de los servicios y contenidos proporcionados por villabornancini.it para optimizar la experiencia de navegaci\u00f3n y los servicios ofrecidos<\/span><\/span><\/span>.<\/span><\/li>\n<\/ul>\n<h2><span style=\"color: #ffff00;\">T<span class=\"HwtZe\" lang=\"es\"><span class=\"jCAhz ChMk0b\"><span class=\"ryNqvb\">ipos de Cookies<\/span><\/span><\/span><\/span><\/h2>\n<h3><span style=\"color: #ffff00;\">C<span class=\"HwtZe\" lang=\"es\"><span class=\"jCAhz ChMk0b\"><span class=\"ryNqvb\">ookies t\u00e9cnicas<\/span><\/span><\/span><\/span><\/h3>\n<p><span style=\"color: #ffcc99;\"><span class=\"HwtZe\" lang=\"es\"><span class=\"jCAhz ChMk0b C1N51c\"><span class=\"ryNqvb\">Este tipo de cookies permite el correcto funcionamiento de determinadas secciones del sitio, son de dos categor\u00edas: persistentes y de sesi\u00f3n<\/span><\/span><\/span>:<\/span><\/p>\n<ul>\n<li><span class=\"HwtZe\" lang=\"es\" style=\"color: #ffcc99;\"><span class=\"jCAhz ChMk0b\"><span class=\"ryNqvb\">persistentes: una vez que se cierra el navegador no se destruyen sino que permanecen hasta una fecha de caducidad preestablecida<\/span><\/span><\/span><\/li>\n<li><span class=\"HwtZe\" lang=\"es\" style=\"color: #ffcc99;\"><span class=\"jCAhz ChMk0b C1N51c\"><span class=\"ryNqvb\">sesi\u00f3n: se destruyen cada vez que se cierra el navegador<\/span><\/span><\/span><\/li>\n<\/ul>\n<p><span style=\"color: #ffcc99;\"><span class=\"HwtZe\" lang=\"es\"><span class=\"jCAhz ChMk0b\"><span class=\"ryNqvb\">Estas cookies, enviadas siempre desde nuestro dominio, son necesarias para la correcta visualizaci\u00f3n del sitio y en relaci\u00f3n con los servicios t\u00e9cnicos ofrecidos, por lo que siempre ser\u00e1n utilizadas y enviadas, salvo que el usuario cambie la configuraci\u00f3n de su navegador (afectando as\u00ed la visualizaci\u00f3n del sitio). p\u00e1ginas)<\/span><\/span><\/span>.<\/span><\/p>\n<h3><span style=\"color: #ffff00;\">C<span class=\"HwtZe\" lang=\"es\"><span class=\"jCAhz ChMk0b\"><span class=\"ryNqvb\">ookies anal\u00edticas<\/span><\/span><\/span><\/span><\/h3>\n<p><span style=\"color: #ffcc99;\"><span class=\"HwtZe\" lang=\"es\"><span class=\"jCAhz ChMk0b\"><span class=\"ryNqvb\">Las cookies de esta categor\u00eda se utilizan para recopilar informaci\u00f3n sobre el uso del sitio.<\/span><\/span> <span class=\"jCAhz ChMk0b\"><span class=\"ryNqvb\">Villabornancini.it utilizar\u00e1 esta informaci\u00f3n para an\u00e1lisis estad\u00edsticos an\u00f3nimos con el fin de mejorar el uso del Sitio y hacer que los contenidos sean m\u00e1s interesantes y relevantes para los deseos de los usuarios.<\/span><\/span> <span class=\"jCAhz ChMk0b\"><span class=\"ryNqvb\">Este tipo de cookies recopila datos an\u00f3nimos sobre la actividad del usuario y c\u00f3mo lleg\u00f3 al sitio.Las cookies anal\u00edticas se env\u00edan desde el propio sitio o desde dominios de terceros<\/span><\/span><\/span>.<\/span><\/p>\n<h3><span style=\"color: #ffff00;\">C<span class=\"HwtZe\" lang=\"es\"><span class=\"jCAhz ChMk0b\"><span class=\"ryNqvb\">ookies de an\u00e1lisis de servicios de terceros<\/span><\/span><\/span><\/span><\/h3>\n<p><span style=\"color: #ffcc99;\"><span class=\"HwtZe\" lang=\"es\"><span class=\"jCAhz ChMk0b\"><span class=\"ryNqvb\">Estas cookies se utilizan para recopilar informaci\u00f3n sobre el uso del Sitio por parte de los usuarios de forma an\u00f3nima, como: p\u00e1ginas visitadas, tiempo dedicado, or\u00edgenes del tr\u00e1fico de origen, origen geogr\u00e1fico, edad, sexo e intereses con fines de campa\u00f1as de marketing.<\/span><\/span> <span class=\"jCAhz ChMk0b\"><span class=\"ryNqvb\">Estas cookies se env\u00edan desde dominios de terceros externos al Sitio<\/span><\/span><\/span>.<\/span><\/p>\n<h3><span style=\"color: #ffff00;\">C<span class=\"HwtZe\" lang=\"es\"><span class=\"jCAhz ChMk0b\"><span class=\"ryNqvb\">ookies para integrar productos y funciones de software de terceros<\/span><\/span><\/span><\/span><\/h3>\n<p><span style=\"color: #ffcc99;\"><span class=\"HwtZe\" lang=\"es\"><span class=\"jCAhz ChMk0b\"><span class=\"ryNqvb\">Este tipo de cookie integra funciones desarrolladas por terceros dentro de las p\u00e1ginas del sitio, como iconos y preferencias expresadas en redes sociales para compartir contenido del sitio o para el uso de servicios de software de terceros (como software para generar los mapas y otro software que ofrece servicios adicionales).<\/span><\/span> <span class=\"jCAhz ChMk0b\"><span class=\"ryNqvb\">Estas cookies se env\u00edan desde dominios de terceros y sitios asociados que ofrecen su funcionalidad en las p\u00e1ginas del sitio<\/span><\/span><\/span>.<\/span><\/p>\n<h3><span style=\"color: #ffff00;\">C<span class=\"HwtZe\" lang=\"es\"><span class=\"jCAhz ChMk0b\"><span class=\"ryNqvb\">ookies de perfil<\/span><\/span><\/span><\/span><\/h3>\n<p><span style=\"color: #ffcc99;\"><span class=\"HwtZe\" lang=\"es\"><span class=\"jCAhz ChMk0b\"><span class=\"ryNqvb\">Estas cookies son necesarias para crear perfiles de usuario con el fin de enviar mensajes publicitarios de acuerdo con las preferencias expresadas por el usuario dentro de las p\u00e1ginas del Sitio<\/span><\/span><\/span>.<\/span><\/p>\n<p><span style=\"color: #ffcc99;\">V<span class=\"HwtZe\" lang=\"es\"><span class=\"jCAhz ChMk0b C1N51c\"><span class=\"ryNqvb\">illabornancini.it, de acuerdo con la legislaci\u00f3n vigente, no est\u00e1 obligada a solicitar el consentimiento para las cookies t\u00e9cnicas y anal\u00edticas, ya que son necesarias para proporcionar los servicios requeridos<\/span><\/span><\/span>.<\/span><\/p>\n<p><span style=\"color: #ffcc99;\">P<span class=\"HwtZe\" lang=\"es\"><span class=\"jCAhz ChMk0b\"><span class=\"ryNqvb\">ara todos los dem\u00e1s tipos de cookies, el usuario puede expresar su consentimiento de una o m\u00e1s de las siguientes maneras<\/span><\/span><\/span>:<\/span><\/p>\n<ul>\n<li><span style=\"color: #ffcc99;\"><span class=\"HwtZe\" lang=\"es\"><span class=\"jCAhz ChMk0b\"><span class=\"ryNqvb\">A trav\u00e9s de configuraciones espec\u00edficas del navegador utilizado o de los programas inform\u00e1ticos relacionados utilizados para navegar por las p\u00e1ginas que componen el Sitio<\/span><\/span><\/span>.<\/span><\/li>\n<li><span style=\"color: #ffcc99;\">M<span class=\"HwtZe\" lang=\"es\"><span class=\"jCAhz ChMk0b\"><span class=\"ryNqvb\">Al cambiar la configuraci\u00f3n en el uso de servicios de terceros<\/span><\/span><\/span><\/span><\/li>\n<\/ul>\n<p><span style=\"color: #ffcc99;\"><strong><span class=\"HwtZe\" lang=\"es\"><span class=\"jCAhz ChMk0b\"><span class=\"ryNqvb\">Ambas soluciones podr\u00edan impedir que el usuario use o vea partes del Sitio<\/span><\/span><\/span>.<\/strong><\/span><\/p>\n<h3><span style=\"color: #ffff00;\">S<span class=\"HwtZe\" lang=\"es\"><span class=\"jCAhz ChMk0b\"><span class=\"ryNqvb\">itios web y servicios de terceros<\/span><\/span><\/span><\/span><\/h3>\n<p><span style=\"color: #ffcc99;\"><span class=\"HwtZe\" lang=\"es\"><span class=\"jCAhz ChMk0b\"><span class=\"ryNqvb\">El Sitio puede contener enlaces a otros sitios Web que tienen su propia pol\u00edtica de privacidad que puede ser diferente de la adoptada por villabornancini.it que, por lo tanto, no es responsable de estos sitios.<\/span><\/span><\/span>.<\/span><\/p>\n<p class=\"small text-center\"><span class=\"HwtZe\" lang=\"es\" style=\"color: #ffcc99;\"><span class=\"jCAhz ChMk0b\"><span class=\"ryNqvb\">\u00daltima actualizaci\u00f3n 27\/01\/2024<\/span><\/span><\/span><\/p>\n<h2><span style=\"color: #ffff00;\">C<span class=\"HwtZe\" lang=\"es\"><span class=\"jCAhz ChMk0b\"><span class=\"ryNqvb\">\u00f3mo deshabilitar las cookies configurando su navegador<\/span><\/span><\/span><\/span><\/h2>\n<p><span style=\"color: #ffcc99;\">S<span class=\"HwtZe\" lang=\"es\"><span class=\"jCAhz ChMk0b\"><span class=\"ryNqvb\">i desea obtener m\u00e1s informaci\u00f3n sobre las formas en que su navegador almacena cookies durante su navegaci\u00f3n, siga estos enlaces en los sitios web de los respectivos proveedores<\/span><\/span><\/span>.<\/span><\/p>\n<table class=\"table\">\n<tbody>\n<tr>\n<td><a href=\"https:\/\/support.mozilla.org\/it\/kb\/Gestione%20dei%20cookie\" target=\"_blank\" rel=\"noopener\"><span style=\"color: #ffff00;\">Mozilla Firefox<\/span><\/a><\/td>\n<td><span style=\"color: #ffcc99;\">https:\/\/support.mozilla.org\/it\/kb\/Gestione%20dei%20cookie<\/span><\/td>\n<\/tr>\n<tr>\n<td><a href=\"https:\/\/support.google.com\/chrome\/answer\/95647?hl=it\" target=\"_blank\" rel=\"noopener\"><span style=\"color: #ffff00;\">Google Chrome<\/span><\/a><\/td>\n<td><span style=\"color: #ffcc99;\">https:\/\/support.google.com\/chrome\/answer\/95647?hl=it<\/span><\/td>\n<\/tr>\n<tr>\n<td><a href=\"http:\/\/windows.microsoft.com\/it-it\/windows-vista\/block-or-allow-cookies\" target=\"_blank\" rel=\"noopener\"><span style=\"color: #ffff00;\">Internet Explorer<\/span><\/a><\/td>\n<td><span style=\"color: #ffcc99;\">http:\/\/windows.microsoft.com\/it-it\/windows-vista\/block-or-allow-cookies<\/span><\/td>\n<\/tr>\n<tr>\n<td><a href=\"https:\/\/support.apple.com\/kb\/PH17191?viewlocale=it_IT&amp;locale=en_US\" target=\"_blank\" rel=\"noopener\"><span style=\"color: #ffff00;\">Safari 6\/7 Mavericks<\/span><\/a><\/td>\n<td><span style=\"color: #ffcc99;\">https:\/\/support.apple.com\/kb\/PH17191?viewlocale=it_IT&amp;locale=it_IT<\/span><\/td>\n<\/tr>\n<tr>\n<td><a href=\"https:\/\/support.apple.com\/kb\/PH19214?viewlocale=it_IT&amp;locale=en_US\" target=\"_blank\" rel=\"noopener\"><span style=\"color: #ffff00;\">Safari 8 Yosemite<\/span><\/a><\/td>\n<td><span style=\"color: #ffcc99;\">https:\/\/support.apple.com\/kb\/PH19214?viewlocale=it_IT&amp;locale=it_IT<\/span><\/td>\n<\/tr>\n<tr>\n<td><a href=\"https:\/\/support.apple.com\/it-it\/HT201265\" target=\"_blank\" rel=\"noopener\"><span style=\"color: #ffff00;\">Safari en iPhone, iPad, o iPod touch<\/span><\/a><\/td>\n<td><span style=\"color: #ffcc99;\">https:\/\/support.apple.com\/it-it\/HT201265<\/span><\/td>\n<\/tr>\n<\/tbody>\n<\/table>\n<p><span style=\"color: #ffcc99;\"><span class=\"HwtZe\" lang=\"es\"><span class=\"jCAhz ChMk0b\"><span class=\"ryNqvb\">Si su navegador no est\u00e1 incluido en esta lista, puede solicitar m\u00e1s informaci\u00f3n enviando un correo electr\u00f3nico a info@nibirumail.com.<\/span><\/span> <span class=\"jCAhz ChMk0b\"><span class=\"ryNqvb\">Le proporcionaremos la informaci\u00f3n necesaria para una navegaci\u00f3n an\u00f3nima y segura<\/span><\/span><\/span>.<\/span><\/p>\n<p class=\"small\"><span style=\"color: #ffcc99;\"><span class=\"HwtZe\" lang=\"es\"><span class=\"jCAhz ChMk0b\"><span class=\"ryNqvb\">Esta p\u00e1gina fue generada y est\u00e1 alojada en el portal nibirumail.com - El contenido de esta p\u00e1gina fue generado el s\u00e1bado 27 de enero de 2024 a trav\u00e9s del servicio<\/span><\/span><\/span> <a style=\"color: #ffcc99;\" href=\"https:\/\/www.nibirumail.com\/cookies\" target=\"_blank\" rel=\"noopener\">Cookie Policy Generator<\/a>. <span class=\"HwtZe\" lang=\"es\"><span class=\"jCAhz ChMk0b\"><span class=\"ryNqvb\">La marca Nibirumail y las empresas relacionadas no son responsables de la informaci\u00f3n incorrecta o desactualizada.<\/span><\/span> <span class=\"jCAhz ChMk0b\"><span class=\"ryNqvb\">Si desea recibir una versi\u00f3n actualizada de este contenido, p\u00f3ngase en contacto con el propietario de la p\u00e1gina anterior<\/span><\/span><\/span>.<\/span><\/p>\n<\/div>\n<\/div>\n<\/div>\n<p><\/p>","protected":false},"excerpt":{"rendered":"<p>Regresar Pol\u00edtica de cookies de www.villabornancini.it Uso de cookies El \"Sitio\" (villabornancini.it) utiliza Cookies para hacer que sus servicios sean simples y eficientes para los usuarios que ven las p\u00e1ginas de villabornancini.it Los usuarios que ven el Sitio ver\u00e1n cantidades m\u00ednimas de informaci\u00f3n insertada en los dispositivos en uso, ya sean computadoras o dispositivos m\u00f3viles, &hellip; <\/p>\n<p class=\"link-more\"><a href=\"https:\/\/villabornancini.it\/es\/cookie-policy\" class=\"more-link\">Continuar leyendo<span class=\"screen-reader-text\"> \"Cookie policy\"<\/span><\/a><\/p>\n","protected":false},"author":1,"featured_media":0,"parent":0,"menu_order":0,"comment_status":"closed","ping_status":"closed","template":"","meta":{"footnotes":""},"class_list":["post-1432","page","type-page","status-publish","hentry"],"_links":{"self":[{"href":"https:\/\/villabornancini.it\/es\/wp-json\/wp\/v2\/pages\/1432","targetHints":{"allow":["GET"]}}],"collection":[{"href":"https:\/\/villabornancini.it\/es\/wp-json\/wp\/v2\/pages"}],"about":[{"href":"https:\/\/villabornancini.it\/es\/wp-json\/wp\/v2\/types\/page"}],"author":[{"embeddable":true,"href":"https:\/\/villabornancini.it\/es\/wp-json\/wp\/v2\/users\/1"}],"replies":[{"embeddable":true,"href":"https:\/\/villabornancini.it\/es\/wp-json\/wp\/v2\/comments?post=1432"}],"version-history":[{"count":6,"href":"https:\/\/villabornancini.it\/es\/wp-json\/wp\/v2\/pages\/1432\/revisions"}],"predecessor-version":[{"id":42407,"href":"https:\/\/villabornancini.it\/es\/wp-json\/wp\/v2\/pages\/1432\/revisions\/42407"}],"wp:attachment":[{"href":"https:\/\/villabornancini.it\/es\/wp-json\/wp\/v2\/media?parent=1432"}],"curies":[{"name":"wp","href":"https:\/\/api.w.org\/{rel}","templated":true}]}}