{"id":2,"date":"2022-11-06T09:31:02","date_gmt":"2022-11-06T09:31:02","guid":{"rendered":"https:\/\/villabornancini.it\/?page_id=2"},"modified":"2026-01-22T09:20:49","modified_gmt":"2026-01-22T08:20:49","slug":"sample-page","status":"publish","type":"page","link":"https:\/\/villabornancini.it\/es\/","title":{"rendered":"<span style=\"color: #ffcc99;\">Home<\/span>"},"content":{"rendered":"<p><\/p>\n<table style=\"height: 65px;\" width=\"741\">\n<tbody>\n<tr>\n<td width=\"326\"><img loading=\"lazy\" decoding=\"async\" class=\"alignnone size-medium wp-image-162\" src=\"https:\/\/villabornancini.it\/wp-content\/uploads\/2022\/11\/Camera-Veneziana-300x199.webp\" alt=\"\" width=\"300\" height=\"199\" srcset=\"https:\/\/villabornancini.it\/wp-content\/uploads\/2022\/11\/Camera-Veneziana-300x199.webp 300w, https:\/\/villabornancini.it\/wp-content\/uploads\/2022\/11\/Camera-Veneziana-350x232.webp 350w, https:\/\/villabornancini.it\/wp-content\/uploads\/2022\/11\/Camera-Veneziana.webp 446w\" sizes=\"auto, (max-width: 300px) 100vw, 300px\" \/><\/td>\n<td width=\"326\">\n<h3 style=\"text-align: center;\"><span style=\"color: #ffcc00;\"><strong>B &amp; B<\/strong>&nbsp;&nbsp;<span style=\"color: #ffcc00;\"><a class=\"fasc-button fasc-size-medium fasc-type-glossy fasc-rounded-medium\" style=\"background-color: #045d80; color: #ebe40c;\" href=\"https:\/\/villabornancini.it\/our-accommodations\"><span style=\"color: #ffcc00;\">Reserva ahora<\/span><\/a><\/span>&nbsp;<\/span><\/h3>\n<p style=\"text-align: center;\"><span style=\"color: #ffcc99;\">Parte de la Villa se utiliza como Bed &amp; Breakfast<\/span><br \/>\n<span style=\"color: #ffcc99;\">El edificio del siglo XIX pero con una distribuci\u00f3n del siglo XVII ofrece la oportunidad de alojarse en elegantes habitaciones amuebladas con muebles de \u00e9poca<\/span><\/p>\n<\/td>\n<\/tr>\n<\/tbody>\n<\/table>\n<table style=\"height: 65px;\" width=\"742\">\n<tbody>\n<tr>\n<td width=\"326\">\n<h3 style=\"text-align: center;\"><span style=\"color: #ffcc00;\"><strong>Eventos<\/strong><\/span><\/h3>\n<p style=\"text-align: center;\"><span style=\"color: #ffcc99;\">El sugerente jard\u00edn italiano <span class=\"HwtZe\" lang=\"es\"><span class=\"jCAhz ChMk0b\"><span class=\"ryNqvb\">con el Invernadero de Dino,<\/span><\/span><\/span>\u00a0 junto con las distintas salas internas son el lugar ideal para albergar cualquier tipo de evento con elegancia y refinamiento evocador<\/span><\/p>\n<\/td>\n<td width=\"326\"><img loading=\"lazy\" decoding=\"async\" class=\"alignnone wp-image-29173 size-medium\" src=\"https:\/\/villabornancini.it\/wp-content\/uploads\/2023\/10\/DSC_3275-scaled-e1696849362484-300x212.jpg\" alt=\"\" width=\"300\" height=\"212\" srcset=\"https:\/\/villabornancini.it\/wp-content\/uploads\/2023\/10\/DSC_3275-scaled-e1696849362484-300x212.jpg 300w, https:\/\/villabornancini.it\/wp-content\/uploads\/2023\/10\/DSC_3275-scaled-e1696849362484-350x248.jpg 350w, https:\/\/villabornancini.it\/wp-content\/uploads\/2023\/10\/DSC_3275-scaled-e1696849362484-1024x725.jpg 1024w, https:\/\/villabornancini.it\/wp-content\/uploads\/2023\/10\/DSC_3275-scaled-e1696849362484-768x544.jpg 768w, https:\/\/villabornancini.it\/wp-content\/uploads\/2023\/10\/DSC_3275-scaled-e1696849362484-1536x1087.jpg 1536w, https:\/\/villabornancini.it\/wp-content\/uploads\/2023\/10\/DSC_3275-scaled-e1696849362484-2048x1450.jpg 2048w\" sizes=\"auto, (max-width: 300px) 100vw, 300px\" \/><\/td>\n<\/tr>\n<\/tbody>\n<\/table>\n<table style=\"height: 68px;\" width=\"742\">\n<tbody>\n<tr>\n<td width=\"326\"><a href=\"https:\/\/villabornancini.it\/wp-content\/uploads\/2024\/08\/IMG-20240803-WA0000.jpg\"><img loading=\"lazy\" decoding=\"async\" class=\"alignnone wp-image-36008 size-medium\" src=\"https:\/\/villabornancini.it\/wp-content\/uploads\/2024\/08\/IMG-20240803-WA0000-300x200.jpg\" alt=\"\" width=\"300\" height=\"200\" srcset=\"https:\/\/villabornancini.it\/wp-content\/uploads\/2024\/08\/IMG-20240803-WA0000-300x200.jpg 300w, https:\/\/villabornancini.it\/wp-content\/uploads\/2024\/08\/IMG-20240803-WA0000-350x233.jpg 350w, https:\/\/villabornancini.it\/wp-content\/uploads\/2024\/08\/IMG-20240803-WA0000-250x166.jpg 250w, https:\/\/villabornancini.it\/wp-content\/uploads\/2024\/08\/IMG-20240803-WA0000-550x366.jpg 550w, https:\/\/villabornancini.it\/wp-content\/uploads\/2024\/08\/IMG-20240803-WA0000-271x180.jpg 271w, https:\/\/villabornancini.it\/wp-content\/uploads\/2024\/08\/IMG-20240803-WA0000-451x300.jpg 451w, https:\/\/villabornancini.it\/wp-content\/uploads\/2024\/08\/IMG-20240803-WA0000.jpg 600w\" sizes=\"auto, (max-width: 300px) 100vw, 300px\" \/><\/a><\/td>\n<td width=\"326\">\n<h3 style=\"text-align: center;\"><span style=\"color: #ffcc00;\"><strong>Boda<\/strong><\/span><\/h3>\n<p style=\"text-align: center;\"><span style=\"color: #ffcc99;\">El d\u00eda m\u00e1s bonito de tu vida para vivir como en un cuento de hadas en un contexto alejado del tiempo donde cada sue\u00f1o como en los cuentos de hadas se hace realidad<\/span><\/p>\n<\/td>\n<\/tr>\n<\/tbody>\n<\/table>\n<p><script type=\"text\/javascript\">var nibirumail_advice_text = 'villabornancini.it utiliza cookies para ofrecerle una mejor experiencia de navegaci\u00f3n. Utilizando nuestro servicio usted acepta el uso de cookies de acuerdo con nuestra pol\u00edtica de cookies. <a href=\"https:\/\/villabornancini.it\/?page_id=1432&lang=es\" target=\"_blank\">Saber m\u00e1s.<\/a>. <a href=\"javascript:;\" class=\"nibirumail_agreement\">Acepto.<\/a>';<\/script><br \/>\n<script type=\"text\/javascript\">var cookie_policy_url = 'https:\/\/villabornancini.it\/?page_id=1432&lang=es';<\/script><br \/>\n<script type=\"text\/javascript\" src=\"https:\/\/nibirumail.com\/docs\/scripts\/nibirumail.cookie.min.js\"><\/script><\/p>","protected":false},"excerpt":{"rendered":"<p>B &amp; B&nbsp;&nbsp;Reserva ahora&nbsp; Parte de la Villa se utiliza como Bed &amp; Breakfast El edificio del siglo XIX pero con una distribuci\u00f3n del siglo XVII ofrece la oportunidad de alojarse en elegantes habitaciones amuebladas con muebles de \u00e9poca Eventos El sugerente jard\u00edn italiano con el Invernadero de Dino,\u00a0 junto con las distintas salas internas &hellip; <\/p>\n<p class=\"link-more\"><a href=\"https:\/\/villabornancini.it\/es\/\" class=\"more-link\">Continuar leyendo<span class=\"screen-reader-text\"> \"<span style=\"color: #ffcc99;\">Home<\/span>\"<\/span><\/a><\/p>\n","protected":false},"author":1,"featured_media":43779,"parent":0,"menu_order":0,"comment_status":"closed","ping_status":"open","template":"","meta":{"footnotes":""},"class_list":["post-2","page","type-page","status-publish","has-post-thumbnail","hentry"],"_links":{"self":[{"href":"https:\/\/villabornancini.it\/es\/wp-json\/wp\/v2\/pages\/2","targetHints":{"allow":["GET"]}}],"collection":[{"href":"https:\/\/villabornancini.it\/es\/wp-json\/wp\/v2\/pages"}],"about":[{"href":"https:\/\/villabornancini.it\/es\/wp-json\/wp\/v2\/types\/page"}],"author":[{"embeddable":true,"href":"https:\/\/villabornancini.it\/es\/wp-json\/wp\/v2\/users\/1"}],"replies":[{"embeddable":true,"href":"https:\/\/villabornancini.it\/es\/wp-json\/wp\/v2\/comments?post=2"}],"version-history":[{"count":67,"href":"https:\/\/villabornancini.it\/es\/wp-json\/wp\/v2\/pages\/2\/revisions"}],"predecessor-version":[{"id":493,"href":"https:\/\/villabornancini.it\/es\/wp-json\/wp\/v2\/pages\/2\/revisions\/493"}],"wp:featuredmedia":[{"embeddable":true,"href":"https:\/\/villabornancini.it\/es\/wp-json\/wp\/v2\/media\/43779"}],"wp:attachment":[{"href":"https:\/\/villabornancini.it\/es\/wp-json\/wp\/v2\/media?parent=2"}],"curies":[{"name":"wp","href":"https:\/\/api.w.org\/{rel}","templated":true}]}}