{"id":31655,"date":"2024-02-10T15:06:45","date_gmt":"2024-02-10T14:06:45","guid":{"rendered":"https:\/\/villabornancini.it\/?page_id=31655"},"modified":"2025-03-28T14:17:30","modified_gmt":"2025-03-28T13:17:30","slug":"chiedi-un-preventivo-per-il-tuo-evento","status":"publish","type":"page","link":"https:\/\/villabornancini.it\/es\/chiedi-un-preventivo-per-il-tuo-evento","title":{"rendered":"<span style=\"color: #ffcc99;\">Pide presupuesto para tu EVENTO<\/span>"},"content":{"rendered":"<p><span style=\"color: #ffcc00;\"><a class=\"fasc-button fasc-size-medium fasc-type-glossy fasc-rounded-medium\" style=\"background-color: #045d80; color: #ffcc00;\" onclick=\"history.back()\">Volver a Boda<\/span><\/a><\/span><br \/>\n&nbsp;<br \/>\n<a href=\"https:\/\/villabornancini.it\/wp-content\/uploads\/2023\/09\/Logo8.3.png\"><img loading=\"lazy\" decoding=\"async\" class=\"alignnone wp-image-28981\" src=\"https:\/\/villabornancini.it\/wp-content\/uploads\/2023\/09\/Logo8.3-150x150.png\" alt=\"\" width=\"100\" height=\"90\" srcset=\"https:\/\/villabornancini.it\/wp-content\/uploads\/2023\/09\/Logo8.3-350x316.png 350w, https:\/\/villabornancini.it\/wp-content\/uploads\/2023\/09\/Logo8.3-300x271.png 300w, https:\/\/villabornancini.it\/wp-content\/uploads\/2023\/09\/Logo8.3.png 428w\" sizes=\"auto, (max-width: 100px) 100vw, 100px\" \/><\/a><\/p>\n<fieldset><style id=\"wpforms-css-vars-32144\">\n\t\t\t\t#wpforms-32144 {\n\t\t\t\t\n\t\t\t}\n\t\t\t<\/style><div class=\"wpforms-container wpforms-container-full wpforms-render-modern\" id=\"wpforms-32144\"><form id=\"wpforms-form-32144\" class=\"wpforms-validate wpforms-form wpforms-ajax-form\" data-formid=\"32144\" method=\"post\" enctype=\"multipart\/form-data\" action=\"\/es\/wp-json\/wp\/v2\/pages\/31655\" data-token=\"98a5c115a5d7f7073b91df0db738abda\" data-token-time=\"1777392258\"><noscript class=\"wpforms-error-noscript\">Por favor, activa JavaScript en tu navegador para completar este formulario.<\/noscript><div id=\"wpforms-error-noscript\" style=\"display: none;\">Por favor, activa JavaScript en tu navegador para completar este formulario.<\/div><div class=\"wpforms-field-container\"><div id=\"wpforms-32144-field_0-container\" class=\"wpforms-field wpforms-field-name\" data-field-id=\"0\"><fieldset><legend class=\"wpforms-field-label wpforms-label-hide\" aria-hidden=\"false\">Nome e Cognome <span class=\"wpforms-required-label\" aria-hidden=\"true\">*<\/span><\/legend><div class=\"wpforms-field-row wpforms-field-medium\"><div class=\"wpforms-field-row-block wpforms-first wpforms-one-half\"><input type=\"text\" id=\"wpforms-32144-field_0\" class=\"wpforms-field-name-first wpforms-field-required\" name=\"wpforms[fields][0][first]\" placeholder=\"Nombre\" aria-errormessage=\"wpforms-32144-field_0-error\" required><label for=\"wpforms-32144-field_0\" class=\"wpforms-field-sublabel after wpforms-sublabel-hide\">Nombre<\/label><\/div><div class=\"wpforms-field-row-block wpforms-one-half\"><input type=\"text\" id=\"wpforms-32144-field_0-last\" class=\"wpforms-field-name-last wpforms-field-required\" name=\"wpforms[fields][0][last]\" placeholder=\"Apellido\" aria-errormessage=\"wpforms-32144-field_0-last-error\" required><label for=\"wpforms-32144-field_0-last\" class=\"wpforms-field-sublabel after wpforms-sublabel-hide\">Apellidos<\/label><\/div><\/div><\/fieldset><\/div><div id=\"wpforms-32144-field_12-container\" class=\"wpforms-field wpforms-field-name\" data-field-id=\"12\"><fieldset><legend class=\"wpforms-field-label wpforms-label-hide\" aria-hidden=\"false\">Telefono ed Email <span class=\"wpforms-required-label\" aria-hidden=\"true\">*<\/span><\/legend><div class=\"wpforms-field-row wpforms-field-medium\"><div class=\"wpforms-field-row-block wpforms-first wpforms-one-half\"><input type=\"text\" id=\"wpforms-32144-field_12\" class=\"wpforms-field-name-first wpforms-field-required\" name=\"wpforms[fields][12][first]\" placeholder=\"Tel\u00e9fono\" aria-errormessage=\"wpforms-32144-field_12-error\" required><label for=\"wpforms-32144-field_12\" class=\"wpforms-field-sublabel after wpforms-sublabel-hide\">Nombre<\/label><\/div><div class=\"wpforms-field-row-block wpforms-one-half\"><input type=\"text\" id=\"wpforms-32144-field_12-last\" class=\"wpforms-field-name-last wpforms-field-required\" name=\"wpforms[fields][12][last]\" placeholder=\"Correo electr\u00f3nico\" aria-errormessage=\"wpforms-32144-field_12-last-error\" required><label for=\"wpforms-32144-field_12-last\" class=\"wpforms-field-sublabel after wpforms-sublabel-hide\">Apellidos<\/label><\/div><\/div><\/fieldset><\/div><div id=\"wpforms-32144-field_11-container\" class=\"wpforms-field wpforms-field-payment-select wpforms-field-select-style-modern\" data-field-id=\"11\"><label class=\"wpforms-field-label wpforms-label-hide\" for=\"wpforms-32144-field_11\" aria-hidden=\"false\">Tipo di Evento <span class=\"wpforms-required-label\" aria-hidden=\"true\">*<\/span><\/label><select id=\"wpforms-32144-field_11\" class=\"wpforms-payment-price wpforms-field-medium wpforms-field-required choicesjs-select\" data-size-class=\"wpforms-field-row wpforms-field-medium\" data-search-enabled=\"\" name=\"wpforms[fields][11]\" required=\"required\"><option value=\"\" class=\"placeholder\" disabled  selected='selected'>Tipo de evento:<\/option><option value=\"1\" data-amount=\"0.00\" data-custom-properties=\"0.00\" >Privado<\/option><option value=\"2\" data-amount=\"0.00\" data-custom-properties=\"0.00\" >Cultural<\/option><option value=\"3\" data-amount=\"0.00\" data-custom-properties=\"0.00\" >Corporativo<\/option><option value=\"4\" data-amount=\"0.00\" data-custom-properties=\"0.00\" >Boda<\/option><\/select><\/div><div id=\"wpforms-32144-field_21-container\" class=\"wpforms-field wpforms-field-name\" data-field-id=\"21\"><fieldset><legend class=\"wpforms-field-label wpforms-label-hide\" aria-hidden=\"false\">Data Evento e Numero di invitati <span class=\"wpforms-required-label\" aria-hidden=\"true\">*<\/span><\/legend><div class=\"wpforms-field-row wpforms-field-medium\"><div class=\"wpforms-field-row-block wpforms-first wpforms-one-half\"><input type=\"text\" id=\"wpforms-32144-field_21\" class=\"wpforms-field-name-first wpforms-field-required\" name=\"wpforms[fields][21][first]\" placeholder=\"Fecha del evento\" aria-errormessage=\"wpforms-32144-field_21-error\" required><label for=\"wpforms-32144-field_21\" class=\"wpforms-field-sublabel after wpforms-sublabel-hide\">Nombre<\/label><\/div><div class=\"wpforms-field-row-block wpforms-one-half\"><input type=\"text\" id=\"wpforms-32144-field_21-last\" class=\"wpforms-field-name-last wpforms-field-required\" name=\"wpforms[fields][21][last]\" placeholder=\"N\u00famero de invitados\" aria-errormessage=\"wpforms-32144-field_21-last-error\" required><label for=\"wpforms-32144-field_21-last\" class=\"wpforms-field-sublabel after wpforms-sublabel-hide\">Apellidos<\/label><\/div><\/div><\/fieldset><\/div><div id=\"wpforms-32144-field_23-container\" class=\"wpforms-field wpforms-field-select wpforms-field-select-style-modern\" data-field-id=\"23\"><label class=\"wpforms-field-label wpforms-label-hide\" for=\"wpforms-32144-field_23\" aria-hidden=\"false\">Sono interessato a: <span class=\"wpforms-required-label\" aria-hidden=\"true\">*<\/span><\/label><select id=\"wpforms-32144-field_23\" class=\"wpforms-field-medium wpforms-field-required choicesjs-select\" data-size-class=\"wpforms-field-row wpforms-field-medium\" data-search-enabled=\"\" name=\"wpforms[fields][23][]\" required=\"required\" multiple=\"multiple\"><option value=\"\" class=\"placeholder\" disabled >Estoy interesado en: (Elecci\u00f3n \u00fanica o m\u00faltiple)<\/option><option value=\"La antigua bodega\"  class=\"choice-1 depth-1\"  >La antigua bodega<\/option><option value=\"El sal\u00f3n de la Villa\"  class=\"choice-2 depth-1\"  >El sal\u00f3n de la Villa<\/option><option value=\"El Invernadero de Dino\"  class=\"choice-3 depth-1\"  >El Invernadero de Dino<\/option><option value=\"El Parque\"  class=\"choice-4 depth-1\"  >El Parque<\/option><\/select><\/div><div id=\"wpforms-32144-field_20-container\" class=\"wpforms-field wpforms-field-textarea\" data-field-id=\"20\"><label class=\"wpforms-field-label wpforms-label-hide\" for=\"wpforms-32144-field_20\" aria-hidden=\"false\">Messaggio<\/label><textarea id=\"wpforms-32144-field_20\" class=\"wpforms-field-medium\" name=\"wpforms[fields][20]\" placeholder=\"Su mensaje\" aria-errormessage=\"wpforms-32144-field_20-error\" ><\/textarea><\/div><div id=\"wpforms-32144-field_22-container\" class=\"wpforms-field wpforms-field-gdpr-checkbox\" data-field-id=\"22\"><label class=\"wpforms-field-label wpforms-label-hide\" aria-hidden=\"false\">Accettazione GDPR <span class=\"wpforms-required-label\" aria-hidden=\"true\">*<\/span><\/label><ul id=\"wpforms-32144-field_22\" class=\"wpforms-field-required\"><li class=\"choice-1\"><input type=\"checkbox\" id=\"wpforms-32144-field_22_1\" name=\"wpforms[fields][22][]\" aria-errormessage=\"wpforms-32144-field_22_1-error\" aria-describedby=\"wpforms-32144-field_22-description\" required ><label class=\"wpforms-field-label-inline\" for=\"wpforms-32144-field_22_1\"> <span class=\"wpforms-required-label\" aria-hidden=\"true\">*<\/span><\/label><\/li><\/ul><div id=\"wpforms-32144-field_22-description\" class=\"wpforms-field-description\"><span style=\"color: #ffcc99;\">Acepto el tratamiento de datos personales seg\u00fan la<\/span>\u00a0 <a href=\"https:\/\/villabornancini.it\/privacy-policy\">Privacy Policy<\/a><\/div><\/div><\/div><!-- .wpforms-field-container --><div class=\"wpforms-submit-container\" ><input type=\"hidden\" name=\"wpforms[id]\" value=\"32144\"><input type=\"hidden\" name=\"page_title\" value=\"\"><input type=\"hidden\" name=\"page_url\" value=\"https:\/\/villabornancini.it\/es\/wp-json\/wp\/v2\/pages\/31655\"><input type=\"hidden\" name=\"url_referer\" value=\"\"><button type=\"submit\" name=\"wpforms[submit]\" id=\"wpforms-submit-32144\" class=\"wpforms-submit\" data-alt-text=\"Enviando...\" data-submit-text=\"Enviar\" aria-live=\"assertive\" value=\"wpforms-submit\">Enviar<\/button><img loading=\"lazy\" decoding=\"async\" src=\"https:\/\/villabornancini.it\/wp-content\/plugins\/wpforms-lite\/assets\/images\/submit-spin.svg\" class=\"wpforms-submit-spinner\" style=\"display: none;\" width=\"26\" height=\"26\" alt=\"Cargando\"><\/div><\/form><\/div>  <!-- .wpforms-container --><\/fieldset>\n<p><script type=\"text\/javascript\">var nibirumail_advice_text = 'villabornancini.it utiliza cookies para ofrecerle una mejor experiencia de navegaci\u00f3n. Utilizando nuestro servicio usted acepta el uso de cookies de acuerdo con nuestra pol\u00edtica de cookies. <a href=\"https:\/\/villabornancini.it\/?page_id=1432&lang=es\" target=\"_blank\">Saber m\u00e1s.<\/a>. <a href=\"javascript:;\" class=\"nibirumail_agreement\">Acepto.<\/a>';<\/script><br \/>\n<script type=\"text\/javascript\">var cookie_policy_url = 'https:\/\/villabornancini.it\/?page_id=1432&lang=es';<\/script><br \/>\n<script type=\"text\/javascript\" src=\"https:\/\/nibirumail.com\/docs\/scripts\/nibirumail.cookie.min.js\"><\/script><\/p>","protected":false},"excerpt":{"rendered":"<p>Volver a Boda &nbsp;<\/p>\n","protected":false},"author":1,"featured_media":0,"parent":0,"menu_order":0,"comment_status":"closed","ping_status":"closed","template":"","meta":{"footnotes":""},"class_list":["post-31655","page","type-page","status-publish","hentry"],"_links":{"self":[{"href":"https:\/\/villabornancini.it\/es\/wp-json\/wp\/v2\/pages\/31655","targetHints":{"allow":["GET"]}}],"collection":[{"href":"https:\/\/villabornancini.it\/es\/wp-json\/wp\/v2\/pages"}],"about":[{"href":"https:\/\/villabornancini.it\/es\/wp-json\/wp\/v2\/types\/page"}],"author":[{"embeddable":true,"href":"https:\/\/villabornancini.it\/es\/wp-json\/wp\/v2\/users\/1"}],"replies":[{"embeddable":true,"href":"https:\/\/villabornancini.it\/es\/wp-json\/wp\/v2\/comments?post=31655"}],"version-history":[{"count":31,"href":"https:\/\/villabornancini.it\/es\/wp-json\/wp\/v2\/pages\/31655\/revisions"}],"predecessor-version":[{"id":41439,"href":"https:\/\/villabornancini.it\/es\/wp-json\/wp\/v2\/pages\/31655\/revisions\/41439"}],"wp:attachment":[{"href":"https:\/\/villabornancini.it\/es\/wp-json\/wp\/v2\/media?parent=31655"}],"curies":[{"name":"wp","href":"https:\/\/api.w.org\/{rel}","templated":true}]}}