{"id":41037,"date":"2025-03-15T11:44:32","date_gmt":"2025-03-15T10:44:32","guid":{"rendered":"https:\/\/villabornancini.it\/?page_id=41037"},"modified":"2025-05-31T16:28:39","modified_gmt":"2025-05-31T14:28:39","slug":"posiziona-tavoli","status":"publish","type":"page","link":"https:\/\/villabornancini.it\/es\/posiziona-tavoli","title":{"rendered":"<span style=\"color: #ffcc99;\">Coloque Mesas<\/span>"},"content":{"rendered":"<p><span style=\"color: #ffcc00;\"><a class=\"fasc-button fasc-size-medium fasc-type-glossy fasc-rounded-medium\" style=\"background-color: #045d80; color: #ebe40c;\" href=\"https:\/\/villabornancini.it\/wedding\"><span style=\"color: #ffcc00;\">Regreso a Boda<\/span><\/a><\/span><\/p>\n<p><span style=\"color: #ffcc00;\">Descarga la hoja de Excel con la que podr\u00e1s disponer las mesas en el interior del Serra di Dino para hasta 150 invitados.<\/span><\/p>\n<p><a class=\"fasc-button fasc-size-medium fasc-type-glossy fasc-rounded-medium\" style=\"background-color: #045d80; color: #ebe40c;\" target=\"_blank\" rel=\"noopener\" href=\"https:\/\/villabornancini.it\/wp-content\/uploads\/2025\/05\/Colocar-Mesas.xlsx\">Descarga<\/a><\/p>\n<p><span style=\"color: #ffcc99;\">En la hoja de Excel hay varios tipos de mesas que puedes arrastrar al Invernadero y duplicarlas mediante copiar y pegar (mantener el formato original).<br \/>\nPuedes unir las mesas rectangulares acerc\u00e1ndolas una a otra hasta conseguir la forma que m\u00e1s te guste.<br \/>\nColoque las tablas dentro de la l\u00ednea punteada<\/span><\/p>\n<p><a href=\"https:\/\/villabornancini.it\/wp-content\/uploads\/2025\/05\/Catturaes.jpg\"><img loading=\"lazy\" decoding=\"async\" class=\"alignnone wp-image-45171 size-large\" src=\"https:\/\/villabornancini.it\/wp-content\/uploads\/2025\/05\/Catturaes-1024x494.jpg\" alt=\"\" width=\"525\" height=\"253\" srcset=\"https:\/\/villabornancini.it\/wp-content\/uploads\/2025\/05\/Catturaes-1024x494.jpg 1024w, https:\/\/villabornancini.it\/wp-content\/uploads\/2025\/05\/Catturaes-300x145.jpg 300w, https:\/\/villabornancini.it\/wp-content\/uploads\/2025\/05\/Catturaes-768x370.jpg 768w, https:\/\/villabornancini.it\/wp-content\/uploads\/2025\/05\/Catturaes-250x121.jpg 250w, https:\/\/villabornancini.it\/wp-content\/uploads\/2025\/05\/Catturaes-550x265.jpg 550w, https:\/\/villabornancini.it\/wp-content\/uploads\/2025\/05\/Catturaes-800x386.jpg 800w, https:\/\/villabornancini.it\/wp-content\/uploads\/2025\/05\/Catturaes-373x180.jpg 373w, https:\/\/villabornancini.it\/wp-content\/uploads\/2025\/05\/Catturaes-622x300.jpg 622w, https:\/\/villabornancini.it\/wp-content\/uploads\/2025\/05\/Catturaes-1037x500.jpg 1037w, https:\/\/villabornancini.it\/wp-content\/uploads\/2025\/05\/Catturaes-350x169.jpg 350w, https:\/\/villabornancini.it\/wp-content\/uploads\/2025\/05\/Catturaes.jpg 1151w\" sizes=\"auto, (max-width: 525px) 100vw, 525px\" \/><\/a><\/p>\n<p><span style=\"color: #ffcc99;\">Una vez dispuestas las mesas, puedes, posicionando el rat\u00f3n sobre cada asiento, cambiar el n\u00famero de asiento que ahora es 0 y asignar un nombre al n\u00famero elegido. Si Excel falla, pulse la tecla Esc.<br \/>\n<\/span><br \/>\n<script type=\"text\/javascript\">var nibirumail_advice_text = 'villabornancini.it utiliza cookies para ofrecerle una mejor experiencia de navegaci\u00f3n. Utilizando nuestro servicio usted acepta el uso de cookies de acuerdo con nuestra pol\u00edtica de cookies. <a href=\"https:\/\/villabornancini.it\/?page_id=1432&lang=es\" target=\"_blank\">Saber m\u00e1s.<\/a>. <a href=\"javascript:;\" class=\"nibirumail_agreement\">Acepto.<\/a>';<\/script><br \/>\n<script type=\"text\/javascript\">var cookie_policy_url = 'https:\/\/villabornancini.it\/?page_id=1432&lang=es';<\/script><br \/>\n<script type=\"text\/javascript\" src=\"https:\/\/nibirumail.com\/docs\/scripts\/nibirumail.cookie.min.js\"><\/script><\/p>","protected":false},"excerpt":{"rendered":"<p>Regreso a Boda Descarga la hoja de Excel con la que podr\u00e1s disponer las mesas en el interior del Serra di Dino para hasta 150 invitados. Descarga En la hoja de Excel hay varios tipos de mesas que puedes arrastrar al Invernadero y duplicarlas mediante copiar y pegar (mantener el formato original). Puedes unir las &hellip; <\/p>\n<p class=\"link-more\"><a href=\"https:\/\/villabornancini.it\/es\/posiziona-tavoli\" class=\"more-link\">Continuar leyendo<span class=\"screen-reader-text\"> \"<span style=\"color: #ffcc99;\">Coloque Mesas<\/span>\"<\/span><\/a><\/p>\n","protected":false},"author":1,"featured_media":0,"parent":0,"menu_order":0,"comment_status":"closed","ping_status":"closed","template":"","meta":{"footnotes":""},"class_list":["post-41037","page","type-page","status-publish","hentry"],"_links":{"self":[{"href":"https:\/\/villabornancini.it\/es\/wp-json\/wp\/v2\/pages\/41037","targetHints":{"allow":["GET"]}}],"collection":[{"href":"https:\/\/villabornancini.it\/es\/wp-json\/wp\/v2\/pages"}],"about":[{"href":"https:\/\/villabornancini.it\/es\/wp-json\/wp\/v2\/types\/page"}],"author":[{"embeddable":true,"href":"https:\/\/villabornancini.it\/es\/wp-json\/wp\/v2\/users\/1"}],"replies":[{"embeddable":true,"href":"https:\/\/villabornancini.it\/es\/wp-json\/wp\/v2\/comments?post=41037"}],"version-history":[{"count":36,"href":"https:\/\/villabornancini.it\/es\/wp-json\/wp\/v2\/pages\/41037\/revisions"}],"predecessor-version":[{"id":45240,"href":"https:\/\/villabornancini.it\/es\/wp-json\/wp\/v2\/pages\/41037\/revisions\/45240"}],"wp:attachment":[{"href":"https:\/\/villabornancini.it\/es\/wp-json\/wp\/v2\/media?parent=41037"}],"curies":[{"name":"wp","href":"https:\/\/api.w.org\/{rel}","templated":true}]}}