{"id":47003,"date":"2026-03-23T18:47:06","date_gmt":"2026-03-23T17:47:06","guid":{"rendered":"https:\/\/villabornancini.it\/?page_id=47003"},"modified":"2026-03-25T12:54:16","modified_gmt":"2026-03-25T11:54:16","slug":"adempimenti-siae","status":"publish","type":"page","link":"https:\/\/villabornancini.it\/es\/adempimenti-siae","title":{"rendered":"<span style=\"color: #ffcc99;\">obligaciones de SIAE<\/span>"},"content":{"rendered":"<p><span style=\"color: #ffcc00;\"><a class=\"fasc-button fasc-size-medium fasc-type-glossy fasc-rounded-medium\" style=\"background-color: #045d80; color: #ebe40c;\" href=\"https:\/\/villabornancini.it\/wedding\"><span style=\"color: #ffcc00;\">Regreso a Boda<\/span><\/a><\/span><br \/>\n&nbsp;<\/p>\n<h1><span style=\"color: #ffcc00;\">M\u00fasica en tu boda:<\/span><\/h1>\n<p><span style=\"color: #ff9900;\">Si deseas que tu boda est\u00e9 amenizada con m\u00fasica y quiz\u00e1s incluso con baile, recuerda pagar los derechos de autor a la SIAE (Sociedad Italiana de Autores y Editores).<\/span><\/p>\n<p><span style=\"color: #ff9900;\">De hecho, si se reproduce m\u00fasica en un lugar p\u00fablico, ya sea en vivo o con sistemas de audio y video, se deben pagar los derechos de autor. Un \"lugar p\u00fablico\" tambi\u00e9n incluye un lugar generalmente privado que se abre al p\u00fablico en ocasiones especiales, como una boda.<\/span><\/p>\n<p><span style=\"color: #ff9900;\">Los pagos de SIAE los realiza directamente la pareja, que debe contactar con la oficina m\u00e1s cercana al lugar de la boda o <a href=\"https:\/\/www.siae.it\/it\/utilizzatori\/feste-private\/\" target=\"_blank\" rel=\"noopener\"><span style=\"color: #ffcc00;\">realizar el pago en l\u00ednea directamente en la p\u00e1gina web de SIAE<\/span><\/a>.<\/span><\/p>\n<h3><span style=\"color: #ffcc00;\">Tarifas de boda de SIAE<\/span><\/h3>\n<p>&nbsp;<\/p>\n<p><span style=\"color: #ff9900;\">El pago se basa en tres criterios principales:<\/span><\/p>\n<p><span style=\"color: #ff9900;\">\u2013 N\u00famero de invitados<br \/>\n\u2013 Tipo de m\u00fasica (en vivo o DJ)<br \/>\n\u2013 Categor\u00eda del lugar<\/span><\/p>\n<p><span style=\"color: #ff9900;\">Para consultar el precio de una boda<\/span> <a href=\"https:\/\/www.siae.it\/it\/utilizzatori\/feste-private\/matrimonio\/\" target=\"_blank\" rel=\"noopener\"><span style=\"color: #ffcc00;\">haga clic aqu\u00ed<\/span><\/a><br \/>\n<span style=\"color: #ff9900;\">ara consultar el precio de una fiesta de cumplea\u00f1os<\/span> <a href=\"https:\/\/www.siae.it\/it\/utilizzatori\/feste-private\/compleanno\/\" target=\"_blank\" rel=\"noopener\"><span style=\"color: #ffcc00;\">haga clic aqu\u00ed<\/span><\/a><br \/>\n<span style=\"color: #ff9900;\">Para consultar el precio de otras fiestas<\/span> <a href=\"https:\/\/www.siae.it\/it\/utilizzatori\/feste-private\/altre-feste\/\" target=\"_blank\" rel=\"noopener\"><span style=\"color: #ffcc00;\">haga clic aqu\u00ed<\/span><\/a><\/p>\n<p><span style=\"color: #ff9900;\">Si se casa en Villa Bornancini, la oficina de SIAE con la que puede contactar es:<br \/>\nRepresentante de SIAE en Portogruaro<\/span><br \/>\n<span style=\"color: #ffcc00;\">Viale Venezia, 17,<br \/>\n30025 Fossalta di Portogruaro VE<br \/>\nTel\u00e9fono: 0421 394624<br \/>\nCorreo electr\u00f3nico: portogruaro@mandatarie.siae.it<\/span><br \/>\n<script type=\"text\/javascript\">var nibirumail_advice_text = 'villabornancini.it utiliza cookies para ofrecerle una mejor experiencia de navegaci\u00f3n. Utilizando nuestro servicio usted acepta el uso de cookies de acuerdo con nuestra pol\u00edtica de cookies. <a href=\"https:\/\/villabornancini.it\/?page_id=1432&lang=es\" target=\"_blank\">Saber m\u00e1s.<\/a>. <a href=\"javascript:;\" class=\"nibirumail_agreement\">Acepto.<\/a>';<\/script><br \/>\n<script type=\"text\/javascript\">var cookie_policy_url = 'https:\/\/villabornancini.it\/?page_id=1432&lang=es';<\/script><br \/>\n<script type=\"text\/javascript\" src=\"https:\/\/nibirumail.com\/docs\/scripts\/nibirumail.cookie.min.js\"><\/script><\/p>","protected":false},"excerpt":{"rendered":"<p>Regreso a Boda &nbsp; M\u00fasica en tu boda: Si deseas que tu boda est\u00e9 amenizada con m\u00fasica y quiz\u00e1s incluso con baile, recuerda pagar los derechos de autor a la SIAE (Sociedad Italiana de Autores y Editores). De hecho, si se reproduce m\u00fasica en un lugar p\u00fablico, ya sea en vivo o con sistemas de &hellip; <\/p>\n<p class=\"link-more\"><a href=\"https:\/\/villabornancini.it\/es\/adempimenti-siae\" class=\"more-link\">Continuar leyendo<span class=\"screen-reader-text\"> \"<span style=\"color: #ffcc99;\">obligaciones de SIAE<\/span>\"<\/span><\/a><\/p>\n","protected":false},"author":1,"featured_media":0,"parent":0,"menu_order":0,"comment_status":"closed","ping_status":"closed","template":"","meta":{"footnotes":""},"class_list":["post-47003","page","type-page","status-publish","hentry"],"_links":{"self":[{"href":"https:\/\/villabornancini.it\/es\/wp-json\/wp\/v2\/pages\/47003","targetHints":{"allow":["GET"]}}],"collection":[{"href":"https:\/\/villabornancini.it\/es\/wp-json\/wp\/v2\/pages"}],"about":[{"href":"https:\/\/villabornancini.it\/es\/wp-json\/wp\/v2\/types\/page"}],"author":[{"embeddable":true,"href":"https:\/\/villabornancini.it\/es\/wp-json\/wp\/v2\/users\/1"}],"replies":[{"embeddable":true,"href":"https:\/\/villabornancini.it\/es\/wp-json\/wp\/v2\/comments?post=47003"}],"version-history":[{"count":9,"href":"https:\/\/villabornancini.it\/es\/wp-json\/wp\/v2\/pages\/47003\/revisions"}],"predecessor-version":[{"id":47054,"href":"https:\/\/villabornancini.it\/es\/wp-json\/wp\/v2\/pages\/47003\/revisions\/47054"}],"wp:attachment":[{"href":"https:\/\/villabornancini.it\/es\/wp-json\/wp\/v2\/media?parent=47003"}],"curies":[{"name":"wp","href":"https:\/\/api.w.org\/{rel}","templated":true}]}}