{"id":134,"date":"2022-11-08T13:32:53","date_gmt":"2022-11-08T13:32:53","guid":{"rendered":"https:\/\/villabornancini.it\/?page_id=134"},"modified":"2026-03-13T16:52:35","modified_gmt":"2026-03-13T15:52:35","slug":"contatti","status":"publish","type":"page","link":"https:\/\/villabornancini.it\/fr\/contatti","title":{"rendered":"<span style=\"color: #ffcc99;\">Contacts<\/span>"},"content":{"rendered":"<p><\/p>\n<fieldset>\n<legend><span style=\"color: #ffcc00;\">O\u00f9 nous sommes<\/span><\/legend>\n<div class=\"route_form\">\n<form action=\"https:\/\/maps.google.com\/?saddr=My%20Location&amp;daddr=myDestinationAddress\" target=\"_blank\">\n<div class=\"form-item clearfix\"><span style=\"color: #ff9900;\"><strong>Point de d\u00e9part:<\/strong><\/span><\/div>\n<div class=\"bg_cont_form\">\n<div class=\"bg_cont_form_inner\">\n&nbsp;<br \/>\n<input id=\"saddr\" class=\"size_00\" name=\"saddr\" size=\"40\" type=\"text\" placeholder=\"\u00c9crivez ici : rue, ville, pays\"><\/div>\n<p><input id=\"daddr\" name=\"daddr\" type=\"hidden\" value=\"Via Roma 109 30020 Cinto Caomaggiore Italia\"><\/p>\n<div class=\"form-item clearfix\">\n<p><label><span style=\"color: #ffcc99;\">Destination:<\/span><\/label><\/p>\n<div class=\"txt_ziel\"><span style=\"color: #ffcc99;\">Villa Bornancini B &amp; B<br \/>\n<\/span><\/div>\n<p>&nbsp;<\/p>\n<div class=\"form-item buttonbar\"><input class=\"button\" name=\"Submit\" type=\"submit\" value=\"Calcul d'itin\u00e9raire\" \/><\/div>\n<\/form>\n<\/div>\n<\/fieldset>\n<fieldset>\n<legend><span style=\"color: #ffcc00;\">Contacts:<\/span><\/legend>\n<p>Villa Bornancini B&B<br \/>\nVia Roma 109<br \/>\n30020 Cinto Caomaggiore (VENICE)<br \/>\nITALY<br \/>\nC.F. : BLNNLT63D44G224X<br \/>\nCIR: 027009-BEB-00001<br \/>\nCIN: IT027009C1VD98ZV3Q<br \/>\n<span style=\"color: #ffcc00;\"><a class=\"fasc-button fasc-size-small fasc-type-glossy fasc-rounded-medium\" style=\"background-color: #045d80; color: #ffffff;\" rel=\"nofollow\" href=\"tel:00393477826508\"><span style=\"color: #ffcc00;\">Tel. +39 3477826508 (Nicoletta)<\/span><\/a><\/span> <span style=\"color: #ffcc00;\"><a class=\"fasc-button fasc-size-small fasc-type-glossy fasc-rounded-medium\" style=\"background-color: #045d80; color: #ffffff;\" rel=\"nofollow\" href=\"tel:00393898061393\"><span style=\"color: #ffcc00;\">Tel. +39 3898061393 (Gianni)<\/span><\/a><\/span><\/span><\/a><\/span><br \/>\n<span style=\"color: #ffcc00;\"><a class=\"fasc-button fasc-size-small fasc-type-glossy fasc-rounded-medium\" style=\"background-color: #18b300; color: #ffffff;\" target=\"_blank\" rel=\"noopener\" href=\"https:\/\/wa.me\/393477826508\"><span style=\"color: #000000;\">WhatsApp<\/a><\/span><br \/>\nMail: info@villabornancini.it<\/fieldset>\n<fieldset>\n<legend><span style=\"color: #ffcc00;\">\u00c9crivez-nous pour votre B&B ou votre \u00e9v\u00e9nement:<\/span><\/legend>\n<table>\n<tbody>\n<tr>\n<td width=\"302\">\n<p style=\"text-align: right;\">&nbsp;<\/p>\n<p style=\"text-align: right;\"><span style=\"color: #ffcc00;\"><a class=\"fasc-button fasc-size-medium fasc-type-glossy fasc-rounded-medium\" style=\"background-color: #045d80; color: #ebe40c;\" href=\"https:\/\/villabornancini.it\/contatto-per-il-bb\"><span style=\"color: #ffcc00;\">B&B<\/span><\/a><\/span><\/p>\n<\/td>\n<td width=\"302\">\n<p style=\"text-align: left;\">&nbsp;<\/p>\n<p style=\"text-align: left;\"><span style=\"color: #ffcc00;\"><a class=\"fasc-button fasc-size-medium fasc-type-glossy fasc-rounded-medium\" style=\"background-color: #045d80; color: #ebe40c;\" href=\"https:\/\/villabornancini.it\/contatto-per-il-tuo-evento\"><span style=\"color: #ffcc00;\">\u00c9v\u00e9nement<\/span><\/a><\/span><\/p>\n<\/td>\n<\/tr>\n<\/tbody>\n<\/table>\n<\/fieldset>\n<p><script type=\"text\/javascript\">var nibirumail_advice_text = 'villabornancini.it utilise des cookies pour vous offrir une meilleure exp\u00e9rience de navigation. En utilisant notre service, vous acceptez l'utilisation de cookies conform\u00e9ment \u00e0 notre politique en mati\u00e8re de cookies. <a href=\"https:\/\/villabornancini.it\/?page_id=1432&lang=fr\" target=\"_blank\">En savoir plus.<\/a>. <a href=\"javascript:;\" class=\"nibirumail_agreement\">je comprends.<\/a>';<\/script><br \/>\n<script type=\"text\/javascript\">var cookie_policy_url = 'https:\/\/villabornancini.it\/?page_id=1432&lang=fr';<\/script><br \/>\n<script type=\"text\/javascript\" src=\"https:\/\/nibirumail.com\/docs\/scripts\/nibirumail.cookie.min.js\"><\/script><\/p>","protected":false},"excerpt":{"rendered":"<p>O\u00f9 nous sommes Point de d\u00e9part: &nbsp; Destination: Villa Bornancini B &amp; B &nbsp; Contacts: Villa Bornancini B&#038;B Via Roma 109 30020 Cinto Caomaggiore (VENICE) ITALY C.F. : BLNNLT63D44G224X CIR: 027009-BEB-00001 CIN: IT027009C1VD98ZV3Q Tel. +39 3477826508 (Nicoletta) Tel. +39 3898061393 (Gianni) WhatsApp Mail: info@villabornancini.it \u00c9crivez-nous pour votre B&#038;B ou votre \u00e9v\u00e9nement: &nbsp; B&#038;B &nbsp; \u00c9v\u00e9nement<\/p>\n","protected":false},"author":1,"featured_media":0,"parent":0,"menu_order":0,"comment_status":"closed","ping_status":"closed","template":"","meta":{"footnotes":""},"class_list":["post-134","page","type-page","status-publish","hentry"],"_links":{"self":[{"href":"https:\/\/villabornancini.it\/fr\/wp-json\/wp\/v2\/pages\/134","targetHints":{"allow":["GET"]}}],"collection":[{"href":"https:\/\/villabornancini.it\/fr\/wp-json\/wp\/v2\/pages"}],"about":[{"href":"https:\/\/villabornancini.it\/fr\/wp-json\/wp\/v2\/types\/page"}],"author":[{"embeddable":true,"href":"https:\/\/villabornancini.it\/fr\/wp-json\/wp\/v2\/users\/1"}],"replies":[{"embeddable":true,"href":"https:\/\/villabornancini.it\/fr\/wp-json\/wp\/v2\/comments?post=134"}],"version-history":[{"count":70,"href":"https:\/\/villabornancini.it\/fr\/wp-json\/wp\/v2\/pages\/134\/revisions"}],"predecessor-version":[{"id":46993,"href":"https:\/\/villabornancini.it\/fr\/wp-json\/wp\/v2\/pages\/134\/revisions\/46993"}],"wp:attachment":[{"href":"https:\/\/villabornancini.it\/fr\/wp-json\/wp\/v2\/media?parent=134"}],"curies":[{"name":"wp","href":"https:\/\/api.w.org\/{rel}","templated":true}]}}