{"id":1432,"date":"2023-01-28T09:33:08","date_gmt":"2023-01-28T09:33:08","guid":{"rendered":"https:\/\/villabornancini.it\/?page_id=1432"},"modified":"2025-04-27T11:27:36","modified_gmt":"2025-04-27T09:27:36","slug":"cookie-policy","status":"publish","type":"page","link":"https:\/\/villabornancini.it\/fr\/cookie-policy","title":{"rendered":"Cookie policy"},"content":{"rendered":"<p><\/p>\n<form><a class=\"fasc-button fasc-size-medium fasc-type-glossy fasc-rounded-medium\" style=\"background-color: #045d80; color: #ffcc00;\" onclick=\"history.back()\">Revenir<\/a><\/form>\n<div class=\"container\">\n<div class=\"row\">\n<div class=\"col-md-12 text-justify\">\n<h1><span class=\"HwtZe\" lang=\"fr\" style=\"color: #ffff00;\"><span class=\"jCAhz ChMk0b\"><span class=\"ryNqvb\">Politique de cookies pour www.villabornancini.it<\/span><\/span><\/span><\/h1>\n<\/div>\n<\/div>\n<div class=\"row\">\n<div class=\"col-md-12 text-justify\">\n<h2><span style=\"color: #ffff00;\">U<span class=\"HwtZe\" lang=\"fr\"><span class=\"jCAhz ChMk0b\"><span class=\"ryNqvb\">tilisation des cookies<\/span><\/span><\/span><\/span><\/h2>\n<p><span class=\"HwtZe\" lang=\"fr\" style=\"color: #ffcc99;\"><span class=\"jCAhz ChMk0b\"><span class=\"ryNqvb\">Le \"Site\" (villabornancini.it) utilise des cookies pour rendre ses services simples et efficaces pour les utilisateurs qui consultent les pages de villabornancini.it. Les utilisateurs qui consultent le Site verront des quantit\u00e9s minimales d'informations ins\u00e9r\u00e9es dans les appareils utilis\u00e9s, qu'ils soient ordinateurs ou appareils mobiles, dans de petits fichiers texte appel\u00e9s \"cookies\" enregistr\u00e9s dans les r\u00e9pertoires utilis\u00e9s par le navigateur Web de l'Utilisateur. Il existe diff\u00e9rents types de cookies, certains pour rendre l'utilisation du Site plus efficace, d'autres pour activer certaines fonctionnalit\u00e9s.<\/span><\/span><\/span><\/p>\n<p><span class=\"HwtZe\" lang=\"fr\" style=\"color: #ffcc99;\"><span class=\"jCAhz ChMk0b\"><span class=\"ryNqvb\">En les analysant en d\u00e9tail, nos cookies vous permettent de :<\/span><\/span><\/span><\/p>\n<ul>\n<li><span style=\"color: #ffcc99;\">m<span class=\"HwtZe\" lang=\"fr\"><span class=\"jCAhz ChMk0b\"><span class=\"ryNqvb\">\u00e9moriser les pr\u00e9f\u00e9rences saisies\u00a0;<\/span><\/span><\/span><\/span><\/li>\n<li><span class=\"HwtZe\" lang=\"fr\" style=\"color: #ffcc99;\"><span class=\"jCAhz ChMk0b\"><span class=\"ryNqvb\">\u00e9viter de ressaisir plusieurs fois les m\u00eames informations au cours de la visite telles que nom d'utilisateur et mot de passe ;<\/span><\/span><\/span><\/li>\n<li><span style=\"color: #ffcc99;\">a<span class=\"HwtZe\" lang=\"fr\"><span class=\"jCAhz ChMk0b C1N51c\"><span class=\"ryNqvb\">nalyser l'utilisation des services et contenus fournis par villabornancini.it pour optimiser l'exp\u00e9rience de navigation et les services offerts<\/span><\/span><\/span>.<\/span><\/li>\n<\/ul>\n<h2><span style=\"color: #ffff00;\">T<span class=\"HwtZe\" lang=\"fr\"><span class=\"jCAhz ChMk0b\"><span class=\"ryNqvb\">ypes de cookies<\/span><\/span><\/span><\/span><\/h2>\n<h3><span style=\"color: #ffff00;\">C<span class=\"HwtZe\" lang=\"fr\"><span class=\"jCAhz ChMk0b\"><span class=\"ryNqvb\">ookies techniques<\/span><\/span><\/span><\/span><\/h3>\n<p><span style=\"color: #ffcc99;\"><span class=\"HwtZe\" lang=\"fr\"><span class=\"jCAhz ChMk0b C1N51c\"><span class=\"ryNqvb\">Ce type de cookie permet le bon fonctionnement de certaines sections du site.Ils sont de deux cat\u00e9gories : persistant et de session<\/span><\/span><\/span>:<\/span><\/p>\n<ul>\n<li><span style=\"color: #ffcc99;\">p<span class=\"HwtZe\" lang=\"fr\"><span class=\"jCAhz ChMk0b\"><span class=\"ryNqvb\">ersistants\u00a0: une fois le navigateur ferm\u00e9, ils ne sont pas d\u00e9truits mais restent jusqu'\u00e0 une date d'expiration pr\u00e9d\u00e9finie<\/span><\/span> <\/span><\/span><\/li>\n<li><span class=\"HwtZe\" lang=\"fr\" style=\"color: #ffcc99;\"><span class=\"jCAhz ChMk0b\"><span class=\"ryNqvb\">session : ils sont d\u00e9truits \u00e0 chaque fermeture du navigateur<\/span><\/span><\/span><\/li>\n<\/ul>\n<p><span style=\"color: #ffcc99;\"><span class=\"HwtZe\" lang=\"fr\"><span class=\"jCAhz ChMk0b C1N51c\"><span class=\"ryNqvb\">Ces cookies, toujours envoy\u00e9s depuis notre domaine, sont n\u00e9cessaires pour visualiser correctement le site et en relation avec les services techniques propos\u00e9s, ils seront donc toujours utilis\u00e9s et envoy\u00e9s, sauf si l'utilisateur modifie les param\u00e8tres de son navigateur (affectant ainsi l'affichage du site pages)<\/span><\/span><\/span>.<\/span><\/p>\n<h3><span style=\"color: #ffff00;\">C<span class=\"HwtZe\" lang=\"fr\"><span class=\"jCAhz ChMk0b\"><span class=\"ryNqvb\">ookies analytiques<\/span><\/span><\/span><\/span><\/h3>\n<p><span style=\"color: #ffcc99;\"><span class=\"HwtZe\" lang=\"fr\"><span class=\"jCAhz ChMk0b\"><span class=\"ryNqvb\">Les cookies de cette cat\u00e9gorie sont utilis\u00e9s pour collecter des informations sur l'utilisation du site.<\/span><\/span> <span class=\"jCAhz ChMk0b\"><span class=\"ryNqvb\">Villabornancini.it utilisera ces informations pour des analyses statistiques anonymes afin d'am\u00e9liorer l'utilisation du Site et de rendre les contenus plus int\u00e9ressants et adapt\u00e9s aux souhaits des utilisateurs.<\/span><\/span> <span class=\"jCAhz ChMk0b\"><span class=\"ryNqvb\">Ce type de cookie collecte des donn\u00e9es anonymes sur l'activit\u00e9 de l'utilisateur et son arriv\u00e9e sur le site.Les cookies analytiques sont envoy\u00e9s depuis le site lui-m\u00eame ou depuis des domaines tiers<\/span><\/span><\/span>.<\/span><\/p>\n<h3><span style=\"color: #ffff00;\">C<span class=\"HwtZe\" lang=\"fr\"><span class=\"jCAhz ChMk0b\"><span class=\"ryNqvb\">ookies d'analyse de services tiers<\/span><\/span><\/span><\/span><\/h3>\n<p><span style=\"color: #ffcc99;\"><span class=\"HwtZe\" lang=\"fr\"><span class=\"jCAhz ChMk0b\"><span class=\"ryNqvb\">Ces cookies sont utilis\u00e9s pour collecter des informations sur l'utilisation du Site par les utilisateurs sous forme anonyme telles que : les pages visit\u00e9es, le temps pass\u00e9, les origines du trafic d'origine, l'origine g\u00e9ographique, l'\u00e2ge, le sexe et les centres d'int\u00e9r\u00eat \u00e0 des fins de campagnes marketing.<\/span><\/span> <span class=\"jCAhz ChMk0b\"><span class=\"ryNqvb\">Ces cookies sont envoy\u00e9s \u00e0 partir de domaines tiers externes au Site<\/span><\/span><\/span>.<\/span><\/p>\n<h3><span style=\"color: #ffff00;\">C<span class=\"HwtZe\" lang=\"fr\"><span class=\"jCAhz ChMk0b\"><span class=\"ryNqvb\">ookies pour int\u00e9grer des produits et des fonctions de logiciels tiers<\/span><\/span><\/span><\/span><\/h3>\n<p><span style=\"color: #ffcc99;\"><span class=\"HwtZe\" lang=\"fr\"><span class=\"jCAhz ChMk0b\"><span class=\"ryNqvb\">Ce type de cookie int\u00e8gre des fonctionnalit\u00e9s d\u00e9velopp\u00e9es par des tiers au sein des pages du site telles que des ic\u00f4nes et des pr\u00e9f\u00e9rences exprim\u00e9es sur les r\u00e9seaux sociaux afin de partager du contenu du site ou pour l'utilisation de services logiciels tiers (tels que des logiciels pour g\u00e9n\u00e9rer les cartes et d'autres logiciels qui offrent des services suppl\u00e9mentaires).<\/span><\/span> <span class=\"jCAhz ChMk0b\"><span class=\"ryNqvb\">Ces cookies sont envoy\u00e9s \u00e0 partir de domaines tiers et de sites partenaires qui proposent leurs fonctionnalit\u00e9s sur les pages du site<\/span><\/span><\/span>.<\/span><\/p>\n<h3><span style=\"color: #ffff00;\">C<span class=\"HwtZe\" lang=\"fr\"><span class=\"jCAhz ChMk0b\"><span class=\"ryNqvb\">ookies de profilage<\/span><\/span><\/span><\/span><\/h3>\n<p><span style=\"color: #ffcc99;\"><span class=\"HwtZe\" lang=\"fr\"><span class=\"jCAhz ChMk0b C1N51c\"><span class=\"ryNqvb\">Ces cookies sont n\u00e9cessaires pour cr\u00e9er des profils d'utilisateurs afin d'envoyer des messages publicitaires en ligne avec les pr\u00e9f\u00e9rences exprim\u00e9es par l'utilisateur dans les pages du Site<\/span><\/span><\/span>.<\/span><\/p>\n<p><span style=\"color: #ffcc99;\">V<span class=\"HwtZe\" lang=\"fr\"><span class=\"jCAhz ChMk0b C1N51c\"><span class=\"ryNqvb\">illabornancini.it, conform\u00e9ment \u00e0 la l\u00e9gislation en vigueur, n'est pas tenu de demander le consentement pour les cookies techniques et analytiques, car ils sont n\u00e9cessaires pour fournir les services requis<\/span><\/span><\/span>.<\/span><\/p>\n<p><span style=\"color: #ffcc99;\">P<span class=\"HwtZe\" lang=\"fr\"><span class=\"jCAhz ChMk0b C1N51c\"><span class=\"ryNqvb\">our tous les autres types de cookies, le consentement peut \u00eatre exprim\u00e9 par l'Utilisateur d'une ou plusieurs des mani\u00e8res suivantes<\/span><\/span><\/span>:<\/span><\/p>\n<ul>\n<li><span style=\"color: #ffcc99;\"><span class=\"HwtZe\" lang=\"fr\"><span class=\"jCAhz ChMk0b C1N51c\"><span class=\"ryNqvb\">Gr\u00e2ce \u00e0 des configurations sp\u00e9cifiques du navigateur utilis\u00e9 ou des programmes informatiques associ\u00e9s utilis\u00e9s pour naviguer sur les pages qui composent le Site<\/span><\/span><\/span>.<\/span><\/li>\n<li><span class=\"HwtZe\" lang=\"fr\" style=\"color: #ffcc99;\"><span class=\"jCAhz ChMk0b\"><span class=\"ryNqvb\">En modifiant les param\u00e8tres d'utilisation des services tiers<\/span><\/span><\/span><\/li>\n<\/ul>\n<p><span style=\"color: #ffcc99;\"><strong><span class=\"HwtZe\" lang=\"fr\"><span class=\"jCAhz ChMk0b C1N51c\"><span class=\"ryNqvb\">Ces deux solutions pourraient emp\u00eacher l'utilisateur d'utiliser ou de visualiser des parties du Site<\/span><\/span><\/span>.<\/strong><\/span><\/p>\n<h3><span style=\"color: #ffff00;\">S<span class=\"HwtZe\" lang=\"fr\"><span class=\"jCAhz ChMk0b\"><span class=\"ryNqvb\">ites Web et services tiers<\/span><\/span><\/span><\/span><\/h3>\n<p><span style=\"color: #ffcc99;\"><span class=\"HwtZe\" lang=\"fr\"><span class=\"jCAhz ChMk0b C1N51c\"><span class=\"ryNqvb\">Le Site peut contenir des liens vers d'autres sites Web qui ont leur propre politique de confidentialit\u00e9 qui peut \u00eatre diff\u00e9rente de celle adopt\u00e9e par villabornancini.it qui n'est donc pas responsable de ces sites<\/span><\/span><\/span>.<\/span><\/p>\n<p class=\"small text-center\"><span class=\"HwtZe\" lang=\"fr\" style=\"color: #ffcc99;\"><span class=\"jCAhz ChMk0b\"><span class=\"ryNqvb\">Derni\u00e8re mise \u00e0 jour le 27\/01\/2024<\/span><\/span><\/span><\/p>\n<h2><span style=\"color: #ffff00;\">C<span class=\"HwtZe\" lang=\"fr\"><span class=\"jCAhz ChMk0b\"><span class=\"ryNqvb\">omment d\u00e9sactiver les cookies en configurant votre navigateur<\/span><\/span><\/span><\/span><\/h2>\n<p><span style=\"color: #ffcc99;\"><span class=\"HwtZe\" lang=\"fr\"><span class=\"jCAhz ChMk0b C1N51c\"><span class=\"ryNqvb\">Si vous souhaitez en savoir plus sur la mani\u00e8re dont votre navigateur stocke les cookies lors de votre navigation, veuillez suivre ces liens sur les sites Internet des fournisseurs respectifs<\/span><\/span><\/span>.<\/span><\/p>\n<table class=\"table\">\n<tbody>\n<tr>\n<td><a href=\"https:\/\/support.mozilla.org\/it\/kb\/Gestione%20dei%20cookie\" target=\"_blank\" rel=\"noopener\"><span style=\"color: #ffff00;\">Mozilla Firefox<\/span><\/a><\/td>\n<td><span style=\"color: #ffcc99;\">https:\/\/support.mozilla.org\/it\/kb\/Gestione%20dei%20cookie<\/span><\/td>\n<\/tr>\n<tr>\n<td><a href=\"https:\/\/support.google.com\/chrome\/answer\/95647?hl=it\" target=\"_blank\" rel=\"noopener\"><span style=\"color: #ffff00;\">Google Chrome<\/span><\/a><\/td>\n<td><span style=\"color: #ffcc99;\">https:\/\/support.google.com\/chrome\/answer\/95647?hl=it<\/span><\/td>\n<\/tr>\n<tr>\n<td><a href=\"http:\/\/windows.microsoft.com\/it-it\/windows-vista\/block-or-allow-cookies\" target=\"_blank\" rel=\"noopener\"><span style=\"color: #ffff00;\">Internet Explorer<\/span><\/a><\/td>\n<td><span style=\"color: #ffcc99;\">http:\/\/windows.microsoft.com\/it-it\/windows-vista\/block-or-allow-cookies<\/span><\/td>\n<\/tr>\n<tr>\n<td><span style=\"color: #ffff00;\"><a style=\"color: #ffff00;\" href=\"https:\/\/support.apple.com\/kb\/PH17191?viewlocale=it_IT&amp;locale=en_US\" target=\"_blank\" rel=\"noopener\">Safari 6\/7 Mavericks<\/a><\/span><\/td>\n<td><span style=\"color: #ffcc99;\">https:\/\/support.apple.com\/kb\/PH17191?viewlocale=it_IT&amp;locale=it_IT<\/span><\/td>\n<\/tr>\n<tr>\n<td><a href=\"https:\/\/support.apple.com\/kb\/PH19214?viewlocale=it_IT&amp;locale=en_US\" target=\"_blank\" rel=\"noopener\"><span style=\"color: #ffff00;\">Safari 8 Yosemite<\/span><\/a><\/td>\n<td><span style=\"color: #ffcc99;\">https:\/\/support.apple.com\/kb\/PH19214?viewlocale=it_IT&amp;locale=it_IT<\/span><\/td>\n<\/tr>\n<tr>\n<td><a href=\"https:\/\/support.apple.com\/it-it\/HT201265\" target=\"_blank\" rel=\"noopener\"><span style=\"color: #ffff00;\">Safari sur iPhone, iPad, ou iPod touch<\/span><\/a><\/td>\n<td><span style=\"color: #ffcc99;\">https:\/\/support.apple.com\/it-it\/HT201265<\/span><\/td>\n<\/tr>\n<\/tbody>\n<\/table>\n<p><span style=\"color: #ffcc99;\"><span class=\"HwtZe\" lang=\"fr\"><span class=\"jCAhz ChMk0b\"><span class=\"ryNqvb\">Si votre navigateur ne figure pas dans cette liste, vous pouvez demander plus d'informations en envoyant un e-mail \u00e0 info@nibirumail.com.<\/span><\/span> <span class=\"jCAhz ChMk0b\"><span class=\"ryNqvb\">Nous vous fournirons les informations n\u00e9cessaires \u00e0 une navigation anonyme et s\u00e9curis\u00e9e<\/span><\/span><\/span>.<\/span><\/p>\n<p class=\"small\"><span style=\"color: #ffcc99;\"><span class=\"HwtZe\" lang=\"fr\"><span class=\"jCAhz ChMk0b C1N51c\"><span class=\"ryNqvb\">Cette page a \u00e9t\u00e9 g\u00e9n\u00e9r\u00e9e et est h\u00e9berg\u00e9e sur le portail nibirumail.com - Le contenu de cette page a \u00e9t\u00e9 g\u00e9n\u00e9r\u00e9 le samedi 27 janvier 2024 via le service<\/span><\/span><\/span> <a style=\"color: #ffcc99;\" href=\"https:\/\/www.nibirumail.com\/cookies\" target=\"_blank\" rel=\"noopener\">Cookie Policy Generator<\/a>. <span class=\"HwtZe\" lang=\"fr\"><span class=\"jCAhz ChMk0b\"><span class=\"ryNqvb\">La marque Nibirumail et les soci\u00e9t\u00e9s li\u00e9es ne sont pas responsables des informations incorrectes ou obsol\u00e8tes.<\/span><\/span> <span class=\"jCAhz ChMk0b\"><span class=\"ryNqvb\">Si vous souhaitez recevoir une version mise \u00e0 jour de ce contenu, veuillez contacter le propri\u00e9taire de la page pr\u00e9c\u00e9dente<\/span><\/span><\/span>.<\/span><\/p>\n<\/div>\n<\/div>\n<\/div>\n<p><\/p>","protected":false},"excerpt":{"rendered":"<p>Revenir Politique de cookies pour www.villabornancini.it Utilisation des cookies Le \"Site\" (villabornancini.it) utilise des cookies pour rendre ses services simples et efficaces pour les utilisateurs qui consultent les pages de villabornancini.it. Les utilisateurs qui consultent le Site verront des quantit\u00e9s minimales d'informations ins\u00e9r\u00e9es dans les appareils utilis\u00e9s, qu'ils soient ordinateurs ou appareils mobiles, dans de &hellip; <\/p>\n<p class=\"link-more\"><a href=\"https:\/\/villabornancini.it\/fr\/cookie-policy\" class=\"more-link\">Continuer la lecture<span class=\"screen-reader-text\"> de &laquo;&nbsp;Cookie policy&nbsp;&raquo;<\/span><\/a><\/p>\n","protected":false},"author":1,"featured_media":0,"parent":0,"menu_order":0,"comment_status":"closed","ping_status":"closed","template":"","meta":{"footnotes":""},"class_list":["post-1432","page","type-page","status-publish","hentry"],"_links":{"self":[{"href":"https:\/\/villabornancini.it\/fr\/wp-json\/wp\/v2\/pages\/1432","targetHints":{"allow":["GET"]}}],"collection":[{"href":"https:\/\/villabornancini.it\/fr\/wp-json\/wp\/v2\/pages"}],"about":[{"href":"https:\/\/villabornancini.it\/fr\/wp-json\/wp\/v2\/types\/page"}],"author":[{"embeddable":true,"href":"https:\/\/villabornancini.it\/fr\/wp-json\/wp\/v2\/users\/1"}],"replies":[{"embeddable":true,"href":"https:\/\/villabornancini.it\/fr\/wp-json\/wp\/v2\/comments?post=1432"}],"version-history":[{"count":6,"href":"https:\/\/villabornancini.it\/fr\/wp-json\/wp\/v2\/pages\/1432\/revisions"}],"predecessor-version":[{"id":42407,"href":"https:\/\/villabornancini.it\/fr\/wp-json\/wp\/v2\/pages\/1432\/revisions\/42407"}],"wp:attachment":[{"href":"https:\/\/villabornancini.it\/fr\/wp-json\/wp\/v2\/media?parent=1432"}],"curies":[{"name":"wp","href":"https:\/\/api.w.org\/{rel}","templated":true}]}}