{"id":2,"date":"2022-11-06T09:31:02","date_gmt":"2022-11-06T09:31:02","guid":{"rendered":"https:\/\/villabornancini.it\/?page_id=2"},"modified":"2026-01-22T09:20:49","modified_gmt":"2026-01-22T08:20:49","slug":"sample-page","status":"publish","type":"page","link":"https:\/\/villabornancini.it\/fr\/","title":{"rendered":"<span style=\"color: #ffcc99;\">Home<\/span>"},"content":{"rendered":"<p><\/p>\n<table style=\"height: 65px;\" width=\"741\">\n<tbody>\n<tr>\n<td width=\"326\"><img loading=\"lazy\" decoding=\"async\" class=\"alignnone size-medium wp-image-162\" src=\"https:\/\/villabornancini.it\/wp-content\/uploads\/2022\/11\/Camera-Veneziana-300x199.webp\" alt=\"\" width=\"300\" height=\"199\" srcset=\"https:\/\/villabornancini.it\/wp-content\/uploads\/2022\/11\/Camera-Veneziana-300x199.webp 300w, https:\/\/villabornancini.it\/wp-content\/uploads\/2022\/11\/Camera-Veneziana-350x232.webp 350w, https:\/\/villabornancini.it\/wp-content\/uploads\/2022\/11\/Camera-Veneziana.webp 446w\" sizes=\"auto, (max-width: 300px) 100vw, 300px\" \/><\/td>\n<td width=\"326\">\n<h3 style=\"text-align: center;\"><span style=\"color: #ffcc00;\"><strong>B &amp; B<\/strong>&nbsp;&nbsp;<span style=\"color: #ffcc00;\"><a class=\"fasc-button fasc-size-medium fasc-type-glossy fasc-rounded-medium\" style=\"background-color: #045d80; color: #ebe40c;\" href=\"https:\/\/villabornancini.it\/our-accommodations\"><span style=\"color: #ffcc00;\">R\u00e9servez maintenant<\/span><\/a><\/span>&nbsp;<\/span><\/h3>\n<p style=\"text-align: center;\"><span style=\"color: #ffcc99;\">Partie de la Villa es utilis\u00e9e comme Bed &amp; Breakfast<\/span><br \/>\n<span style=\"color: #ffcc99;\">Le b\u00e2timent du XIXe si\u00e8cle mais avec une disposition du XVIIe si\u00e8cle offre la possibilit\u00e9 de s\u00e9journer dans des chambres \u00e9l\u00e9gantes meubl\u00e9es avec des meubles d'\u00e9poque<\/span><\/p>\n<\/td>\n<\/tr>\n<\/tbody>\n<\/table>\n<table style=\"height: 65px;\" width=\"742\">\n<tbody>\n<tr>\n<td width=\"326\">\n<h3 style=\"text-align: center;\"><span style=\"color: #ffcc00;\"><strong>\u00c9v\u00e9nements<\/strong><\/span><\/h3>\n<p style=\"text-align: center;\"><span style=\"color: #ffcc99;\"><span class=\"HwtZe\" lang=\"fr\"><span class=\"jCAhz ChMk0b\"><span class=\"ryNqvb\">Le suggestif Jardin Italien avec la Serre du Dino,<\/span><\/span><\/span>\u00a0 ainsi que les diff\u00e9rentes salles internes sont le lieu id\u00e9al pour accueillir tout type d'\u00e9v\u00e9nement avec \u00e9l\u00e9gance et raffinement \u00e9vocateur<\/span><\/p>\n<\/td>\n<td width=\"326\"><img loading=\"lazy\" decoding=\"async\" class=\"alignnone wp-image-29173 size-medium\" src=\"https:\/\/villabornancini.it\/wp-content\/uploads\/2023\/10\/DSC_3275-scaled-e1696849362484-300x212.jpg\" alt=\"\" width=\"300\" height=\"212\" srcset=\"https:\/\/villabornancini.it\/wp-content\/uploads\/2023\/10\/DSC_3275-scaled-e1696849362484-300x212.jpg 300w, https:\/\/villabornancini.it\/wp-content\/uploads\/2023\/10\/DSC_3275-scaled-e1696849362484-350x248.jpg 350w, https:\/\/villabornancini.it\/wp-content\/uploads\/2023\/10\/DSC_3275-scaled-e1696849362484-1024x725.jpg 1024w, https:\/\/villabornancini.it\/wp-content\/uploads\/2023\/10\/DSC_3275-scaled-e1696849362484-768x544.jpg 768w, https:\/\/villabornancini.it\/wp-content\/uploads\/2023\/10\/DSC_3275-scaled-e1696849362484-1536x1087.jpg 1536w, https:\/\/villabornancini.it\/wp-content\/uploads\/2023\/10\/DSC_3275-scaled-e1696849362484-2048x1450.jpg 2048w\" sizes=\"auto, (max-width: 300px) 100vw, 300px\" \/><\/td>\n<\/tr>\n<\/tbody>\n<\/table>\n<table style=\"height: 68px;\" width=\"742\">\n<tbody>\n<tr>\n<td width=\"326\"><a href=\"https:\/\/villabornancini.it\/wp-content\/uploads\/2024\/08\/IMG-20240803-WA0000.jpg\"><img loading=\"lazy\" decoding=\"async\" class=\"alignnone wp-image-36008 size-medium\" src=\"https:\/\/villabornancini.it\/wp-content\/uploads\/2024\/08\/IMG-20240803-WA0000-300x200.jpg\" alt=\"\" width=\"300\" height=\"200\" srcset=\"https:\/\/villabornancini.it\/wp-content\/uploads\/2024\/08\/IMG-20240803-WA0000-300x200.jpg 300w, https:\/\/villabornancini.it\/wp-content\/uploads\/2024\/08\/IMG-20240803-WA0000-350x233.jpg 350w, https:\/\/villabornancini.it\/wp-content\/uploads\/2024\/08\/IMG-20240803-WA0000-250x166.jpg 250w, https:\/\/villabornancini.it\/wp-content\/uploads\/2024\/08\/IMG-20240803-WA0000-550x366.jpg 550w, https:\/\/villabornancini.it\/wp-content\/uploads\/2024\/08\/IMG-20240803-WA0000-271x180.jpg 271w, https:\/\/villabornancini.it\/wp-content\/uploads\/2024\/08\/IMG-20240803-WA0000-451x300.jpg 451w, https:\/\/villabornancini.it\/wp-content\/uploads\/2024\/08\/IMG-20240803-WA0000.jpg 600w\" sizes=\"auto, (max-width: 300px) 100vw, 300px\" \/><\/a><\/td>\n<td width=\"326\">\n<h3 style=\"text-align: center;\"><span style=\"color: #ffcc00;\"><strong>Mariage<\/strong><\/span><\/h3>\n<p style=\"text-align: center;\"><span style=\"color: #ffcc99;\">Le plus beau jour de votre vie \u00e0 vivre comme dans un conte de f\u00e9es dans un contexte loin du temps o\u00f9 chaque r\u00eave comme dans les contes de f\u00e9es devient r\u00e9alit\u00e9<\/span><\/p>\n<\/td>\n<\/tr>\n<\/tbody>\n<\/table>\n<p><script type=\"text\/javascript\">var nibirumail_advice_text = 'villabornancini.it utilise des cookies pour vous offrir une meilleure exp\u00e9rience de navigation. En utilisant notre service, vous acceptez l'utilisation de cookies conform\u00e9ment \u00e0 notre politique en mati\u00e8re de cookies. <a href=\"https:\/\/villabornancini.it\/?page_id=1432&lang=fr\" target=\"_blank\">En savoir plus.<\/a>. <a href=\"javascript:;\" class=\"nibirumail_agreement\">Je comprends.<\/a>';<\/script><br \/>\n<script type=\"text\/javascript\">var cookie_policy_url = 'https:\/\/villabornancini.it\/?page_id=1432&lang=fr';<\/script><br \/>\n<script type=\"text\/javascript\" src=\"https:\/\/nibirumail.com\/docs\/scripts\/nibirumail.cookie.min.js\"><\/script><\/p>","protected":false},"excerpt":{"rendered":"<p>B &amp; B&nbsp;&nbsp;R\u00e9servez maintenant&nbsp; Partie de la Villa es utilis\u00e9e comme Bed &amp; Breakfast Le b\u00e2timent du XIXe si\u00e8cle mais avec une disposition du XVIIe si\u00e8cle offre la possibilit\u00e9 de s\u00e9journer dans des chambres \u00e9l\u00e9gantes meubl\u00e9es avec des meubles d'\u00e9poque \u00c9v\u00e9nements Le suggestif Jardin Italien avec la Serre du Dino,\u00a0 ainsi que les diff\u00e9rentes salles &hellip; <\/p>\n<p class=\"link-more\"><a href=\"https:\/\/villabornancini.it\/fr\/\" class=\"more-link\">Continuer la lecture<span class=\"screen-reader-text\"> de &laquo;&nbsp;<span style=\"color: #ffcc99;\">Home<\/span>&nbsp;&raquo;<\/span><\/a><\/p>\n","protected":false},"author":1,"featured_media":43779,"parent":0,"menu_order":0,"comment_status":"closed","ping_status":"open","template":"","meta":{"footnotes":""},"class_list":["post-2","page","type-page","status-publish","has-post-thumbnail","hentry"],"_links":{"self":[{"href":"https:\/\/villabornancini.it\/fr\/wp-json\/wp\/v2\/pages\/2","targetHints":{"allow":["GET"]}}],"collection":[{"href":"https:\/\/villabornancini.it\/fr\/wp-json\/wp\/v2\/pages"}],"about":[{"href":"https:\/\/villabornancini.it\/fr\/wp-json\/wp\/v2\/types\/page"}],"author":[{"embeddable":true,"href":"https:\/\/villabornancini.it\/fr\/wp-json\/wp\/v2\/users\/1"}],"replies":[{"embeddable":true,"href":"https:\/\/villabornancini.it\/fr\/wp-json\/wp\/v2\/comments?post=2"}],"version-history":[{"count":67,"href":"https:\/\/villabornancini.it\/fr\/wp-json\/wp\/v2\/pages\/2\/revisions"}],"predecessor-version":[{"id":493,"href":"https:\/\/villabornancini.it\/fr\/wp-json\/wp\/v2\/pages\/2\/revisions\/493"}],"wp:featuredmedia":[{"embeddable":true,"href":"https:\/\/villabornancini.it\/fr\/wp-json\/wp\/v2\/media\/43779"}],"wp:attachment":[{"href":"https:\/\/villabornancini.it\/fr\/wp-json\/wp\/v2\/media?parent=2"}],"curies":[{"name":"wp","href":"https:\/\/api.w.org\/{rel}","templated":true}]}}