{"id":28,"date":"2022-11-08T09:46:44","date_gmt":"2022-11-08T09:46:44","guid":{"rendered":"https:\/\/villabornancini.it\/?page_id=28"},"modified":"2025-04-08T15:30:20","modified_gmt":"2025-04-08T13:30:20","slug":"storia","status":"publish","type":"page","link":"https:\/\/villabornancini.it\/fr\/storia","title":{"rendered":"<span style=\"color: #ffcc99;\">Histoire<\/span>"},"content":{"rendered":"<p><a href=\"https:\/\/villabornancini.it\/wp-content\/uploads\/2023\/09\/rZkPFbo.jpeg\"><img loading=\"lazy\" decoding=\"async\" class=\" aligncenter wp-image-28763 size-full\" style=\"border: 10px groove #915205;\" src=\"https:\/\/villabornancini.it\/wp-content\/uploads\/2023\/09\/rZkPFbo.jpeg\" alt=\"\" width=\"386\" height=\"216\" srcset=\"https:\/\/villabornancini.it\/wp-content\/uploads\/2023\/09\/rZkPFbo.jpeg 386w, https:\/\/villabornancini.it\/wp-content\/uploads\/2023\/09\/rZkPFbo-350x196.jpeg 350w, https:\/\/villabornancini.it\/wp-content\/uploads\/2023\/09\/rZkPFbo-300x168.jpeg 300w\" sizes=\"auto, (max-width: 386px) 100vw, 386px\" \/><br \/>\n<\/a><br \/>\n<span style=\"color: #ffcc99;\">La villa de campagne, de disposition typiquement v\u00e9nitienne, probablement du XVIe si\u00e8cle, s'\u00e9tend sur trois \u00e9tages et est couverte par un toit en pavillon. Le b\u00e2timent a pris son aspect actuel suite \u00e0 la restauration de 1827 et est entour\u00e9 d'un parc ouvert de 4500 m\u00b2 o\u00f9 vous pourrez admirer diverses esp\u00e8ces d'arbres centenaires, notamment des ch\u00eanes, des palmiers, des ifs etcytise.<br \/>\nL'int\u00e9rieur a conserv\u00e9 son aspect du XIXe si\u00e8cle avec des meubles d'origine et des peintures \u00e0 la d\u00e9trempe qui d\u00e9corent la pi\u00e8ce principale de la fin du XIXe si\u00e8cle. La fusion entre les objets que l'ancienne famille a collectionn\u00e9s au fil des si\u00e8cles et les arbres centenaires pr\u00e9sents dans le parc cr\u00e9e une atmosph\u00e8re suggestive qui rappelle l'harmonie des temps pass\u00e9s.<br \/>\n Selon certaines \u00e9tudes, le parc, qui refl\u00e8te le style typique du jardin italien, \u00e9tait le lieu o\u00f9 le peintre Gregorio Lazzarini (1655 -1730), ma\u00eetre du plus c\u00e9l\u00e8bre GB Tiepolo, a commenc\u00e9 \u00e0 peindre.<\/span><br \/>\n&nbsp;<\/p>\n<table>\n<tbody>\n<tr>\n<td width=\"326\"><span style=\"color: #ffcc99;\">Actuellement, la r\u00e9sidence appartient \u00e0 la m\u00eame famille qui l'a achet\u00e9e \u00e0 la fin du 19\u00e8me si\u00e8cle. Nicol\u00f2 Bornancini, maire de Cinto Caomaggiore et propri\u00e9taire foncier, avait achet\u00e9 la villa \u00e0 l'occasion de son mariage avec la comtesse Anita Bombarda, originaire de Portovecchio pr\u00e8s de Portogruaro. Le Cav. Nicol\u00f2 Bornancini a choisi cette villa comme <\/span><br \/>\n<span style=\"color: #ffcc99;\">cadeau de mariage. Malheureusement, sa femme Anita est d\u00e9c\u00e9d\u00e9e deux ans apr\u00e8s avoir donn\u00e9 naissance \u00e0 un enfant, Caterina.<\/span><\/td>\n<td width=\"326\">\n<p style=\"text-align: center;\"><a href=\"https:\/\/villabornancini.it\/wp-content\/uploads\/2023\/09\/hLAcUbh-300x179.jpeg\"><img loading=\"lazy\" decoding=\"async\" class=\" alignnone wp-image-28766 size-medium\" style=\"border: 10px groove #915205;\" src=\"https:\/\/villabornancini.it\/wp-content\/uploads\/2023\/09\/hLAcUbh-300x179.jpeg\" alt=\"\" width=\"300\" height=\"179\" srcset=\"https:\/\/villabornancini.it\/wp-content\/uploads\/2023\/09\/hLAcUbh-300x179.jpeg 300w, https:\/\/villabornancini.it\/wp-content\/uploads\/2023\/09\/hLAcUbh-350x209.jpeg 350w, https:\/\/villabornancini.it\/wp-content\/uploads\/2023\/09\/hLAcUbh.jpeg 443w\" sizes=\"auto, (max-width: 300px) 100vw, 300px\" \/><br \/>\n<\/a><\/p>\n<\/td>\n<\/tr>\n<\/tbody>\n<\/table>\n<table>\n<tbody>\n<tr>\n<td width=\"326\"><span style=\"color: #ffcc99;\">Le chevalier Bombarda ramena chez lui une gouvernante fran\u00e7aise M.me Chappe qui s'occupa de l'\u00e9ducation de sa fille. <\/span><br \/>\n<span style=\"color: #ffcc99;\">Caterina, qui, comme toutes les filles d'une bonne famille de l'\u00e9poque, a appris \u00e0 jouer du piano gr\u00e2ce au maestro Goffredo Giarda du conservatoire Benedetto Marcello de Venise, grand ami du po\u00e8te Gabriele D'Annunzio.<\/span><\/td>\n<td width=\"326\">\n<p style=\"text-align: center;\"><a href=\"https:\/\/villabornancini.it\/wp-content\/uploads\/2023\/09\/1RM8gMu-300x197.jpeg\"><img loading=\"lazy\" decoding=\"async\" class=\" alignnone wp-image-28768 size-medium\" style=\"border: 10px groove #915205;\" src=\"https:\/\/villabornancini.it\/wp-content\/uploads\/2023\/09\/1RM8gMu-300x197.jpeg\" alt=\"\" width=\"300\" height=\"197\" srcset=\"https:\/\/villabornancini.it\/wp-content\/uploads\/2023\/09\/1RM8gMu-300x197.jpeg 300w, https:\/\/villabornancini.it\/wp-content\/uploads\/2023\/09\/1RM8gMu-350x230.jpeg 350w, https:\/\/villabornancini.it\/wp-content\/uploads\/2023\/09\/1RM8gMu.jpeg 447w\" sizes=\"auto, (max-width: 300px) 100vw, 300px\" \/><\/a><\/p>\n<\/td>\n<\/tr>\n<\/tbody>\n<\/table>\n<table>\n<tbody>\n<tr>\n<td width=\"326\"><a href=\"https:\/\/villabornancini.it\/wp-content\/uploads\/2023\/11\/IMG_20231120_180209-scaled.jpg\"><img loading=\"lazy\" decoding=\"async\" class=\" wp-image-30501 size-medium aligncenter\" style=\"border: 10px groove #915205;\" src=\"https:\/\/villabornancini.it\/wp-content\/uploads\/2023\/11\/IMG_20231120_180209-300x218.jpg\" alt=\"\" width=\"300\" height=\"218\" srcset=\"https:\/\/villabornancini.it\/wp-content\/uploads\/2023\/11\/IMG_20231120_180209-300x218.jpg 300w, https:\/\/villabornancini.it\/wp-content\/uploads\/2023\/11\/IMG_20231120_180209-scaled-350x254.jpg 350w, https:\/\/villabornancini.it\/wp-content\/uploads\/2023\/11\/IMG_20231120_180209-1024x744.jpg 1024w, https:\/\/villabornancini.it\/wp-content\/uploads\/2023\/11\/IMG_20231120_180209-768x558.jpg 768w, https:\/\/villabornancini.it\/wp-content\/uploads\/2023\/11\/IMG_20231120_180209-1536x1116.jpg 1536w, https:\/\/villabornancini.it\/wp-content\/uploads\/2023\/11\/IMG_20231120_180209-2048x1488.jpg 2048w, https:\/\/villabornancini.it\/wp-content\/uploads\/2023\/11\/IMG_20231120_180209-250x182.jpg 250w, https:\/\/villabornancini.it\/wp-content\/uploads\/2023\/11\/IMG_20231120_180209-550x400.jpg 550w, https:\/\/villabornancini.it\/wp-content\/uploads\/2023\/11\/IMG_20231120_180209-800x581.jpg 800w, https:\/\/villabornancini.it\/wp-content\/uploads\/2023\/11\/IMG_20231120_180209-248x180.jpg 248w, https:\/\/villabornancini.it\/wp-content\/uploads\/2023\/11\/IMG_20231120_180209-413x300.jpg 413w, https:\/\/villabornancini.it\/wp-content\/uploads\/2023\/11\/IMG_20231120_180209-688x500.jpg 688w\" sizes=\"auto, (max-width: 300px) 100vw, 300px\" \/><\/a><\/p>\n<p><span style=\"color: #003300;\"><span style=\"color: #ffcc99;\">Apr\u00e8s la mort de son p\u00e8re, Mme Caterina Bornancini a v\u00e9cu dans la villa avec son mari Ottavio Cincotta, G\u00e9n\u00e9ral de la Royal Air Force et cousin du c\u00e9l\u00e8bre chanteur napolitain Giacomo Rondinella. Lad\u00e9coration int\u00e9rieure actuelle de la villa a \u00e9t\u00e9 confi\u00e9e au d\u00e9but des ann\u00e9es 1900 \u00e0 la main experte du ma\u00eetre et restaurateur Tiburzio Donadon <\/span><br \/>\n<span style=\"color: #003300;\"><span style=\"color: #ffcc99;\">et de ses assistants qui avaient termin\u00e9 la restauration de l'abbaye b\u00e9n\u00e9dictine de Santa Maria in Sylvis \u00e0 Sesto al Reghena, d\u00e9cor\u00e9 l'\u00e9glise<\/span> <span style=\"color: #ffcc99;\">paroissiale de Noventa di Piave et une partie de la cath\u00e9drale de Portogruaro.<\/span><\/span><br \/>\n<span style=\"color: #ffcc99;\">Dans la salle de musique et dans la salle \u00e0 manger, il y a quelques portraits des propri\u00e9taires de la maison peints par la c\u00e9l\u00e8bre peintre Maria Vinca, \u00e9l\u00e8ve de l'atelier de Gugliemo Ciardi \u00e0 Venise.<\/span><\/span><\/td>\n<td width=\"326\">\n<p style=\"text-align: center;\"><a href=\"https:\/\/villabornancini.it\/wp-content\/uploads\/2023\/09\/aVCBnj3.jpeg\"><img loading=\"lazy\" decoding=\"async\" class=\" alignnone wp-image-28769 size-full\" style=\"border: 10px groove #915205;\" src=\"https:\/\/villabornancini.it\/wp-content\/uploads\/2023\/09\/aVCBnj3.jpeg\" alt=\"\" width=\"200\" height=\"278\"><\/a><\/p>\n<p style=\"text-align: center;\"><a href=\"https:\/\/villabornancini.it\/wp-content\/uploads\/2023\/09\/urQfkX4.jpeg\"><img loading=\"lazy\" decoding=\"async\" class=\" alignnone wp-image-28770\" style=\"border: 10px groove #915205;\" src=\"https:\/\/villabornancini.it\/wp-content\/uploads\/2023\/09\/urQfkX4.jpeg\" alt=\"\" width=\"200\" height=\"255\"><\/a><\/p>\n<\/td>\n<\/tr>\n<\/tbody>\n<\/table>\n<table>\n<tbody>\n<tr>\n<td width=\"326\"><a href=\"https:\/\/villabornancini.it\/wp-content\/uploads\/2023\/11\/antenati.jpg\"><img loading=\"lazy\" decoding=\"async\" class=\"aligncenter wp-image-30581 size-full\" style=\"border: 10px groove #915205;\" src=\"https:\/\/villabornancini.it\/wp-content\/uploads\/2023\/11\/antenati.jpg\" alt=\"\" width=\"196\" height=\"278\" srcset=\"https:\/\/villabornancini.it\/wp-content\/uploads\/2023\/11\/antenati.jpg 196w, https:\/\/villabornancini.it\/wp-content\/uploads\/2023\/11\/antenati-127x180.jpg 127w\" sizes=\"auto, (max-width: 196px) 100vw, 196px\" \/><\/a><\/td>\n<td width=\"326\"><span style=\"color: #ffcc99;\">Le propri\u00e9taire actuel, le Dr Nicoletta Bulian<br \/>\nelle est guide et accompagnatrice en V\u00e9n\u00e9tie, elle parle anglais, allemand, fran\u00e7ais et espagnolet s'occupe principalement de faire conna\u00eetre le territoire aux groupes \u00e9trangers.<\/span><\/p>\n<p style=\"text-align: center;\">&nbsp;<\/p>\n<\/td>\n<\/tr>\n<\/tbody>\n<\/table>\n<p>&nbsp;<br \/>\n<figure id=\"attachment_30650\" aria-describedby=\"caption-attachment-30650\" style=\"width: 130px\" class=\"wp-caption alignleft\"><a href=\"https:\/\/villabornancini.it\/wp-content\/uploads\/2023\/11\/Stemma.png\"><img loading=\"lazy\" decoding=\"async\" class=\"wp-image-30650\" src=\"https:\/\/villabornancini.it\/wp-content\/uploads\/2023\/11\/Stemma-248x300.png\" alt=\"\" width=\"130\" height=\"157\" srcset=\"https:\/\/villabornancini.it\/wp-content\/uploads\/2023\/11\/Stemma-248x300.png 248w, https:\/\/villabornancini.it\/wp-content\/uploads\/2023\/11\/Stemma-350x424.png 350w, https:\/\/villabornancini.it\/wp-content\/uploads\/2023\/11\/Stemma-250x303.png 250w, https:\/\/villabornancini.it\/wp-content\/uploads\/2023\/11\/Stemma-149x180.png 149w, https:\/\/villabornancini.it\/wp-content\/uploads\/2023\/11\/Stemma.png 413w\" sizes=\"auto, (max-width: 130px) 100vw, 130px\" \/><\/a><figcaption id=\"caption-attachment-30650\" class=\"wp-caption-text\">Cinto Caomaggiore<\/figcaption><\/figure><\/p>\n<p><span style=\"color: #ffcc99;\">L'existence d'une communaut\u00e9 \u00e0 Cinto est document\u00e9e pour la premi\u00e8re fois dans un document de 1192, dans lequel le patriarche d'Aquil\u00e9e Godoberto fait don de six mansi pour les d\u00e9boiser dans la for\u00eat de Cinto. Le nom est donc \u00e9troitement associ\u00e9 \u00e0 la nature bois\u00e9e de la r\u00e9gion environnante, appel\u00e9e Waldum, c'est-\u00e0-dire la grande for\u00eat de plaine qui occupait encore de vastes territoires de la vall\u00e9e du P\u00f4. Si pour le nom de la ville on se r\u00e9f\u00e8re \u00e0 cet important document du XIIe si\u00e8cle, quelques d\u00e9couvertes arch\u00e9ologiques importantes permettent de dater les premiers \u00e9tablissements humains dans la r\u00e9gion \u00e0 des \u00e9poques beaucoup plus lointaines.<br \/>\nDeux axes n\u00e9olithiques confirment que le territoire sur lequel se trouve aujourd'hui Cinto \u00e9tait fr\u00e9quent\u00e9 il y a plus de 4000 ans, probablement par des chasseurs nomades qui ne s'y arr\u00eataient qu'une partie de l'ann\u00e9e, suivant les d\u00e9placements des troupeaux d'animaux sauvages.<br \/>\nUne ancienne \u201c<a href=\"https:\/\/villabornancini.it\/wp-content\/uploads\/2023\/11\/patera-e1701191912488.png\" target=\"_blank\" rel=\"noopener\"><strong><span style=\"color: #ffcc99;\">patera<\/span><\/strong><\/a>\u201d en marbre grec repr\u00e9sentant en relief un aigle picorant un li\u00e8vre sur la t\u00eate, ins\u00e9r\u00e9e dans les murs ext\u00e9rieurs de la <strong>Villa Bornancini<\/strong> et datant entre le XIIe et le XIIIe si\u00e8cle, est la plus ancienne d\u00e9couverte aujourd'hui visible. sur le territoire. Il d\u00e9corait probablement autrefois les murs ext\u00e9rieurs d'un lieu de culte ou d'un \u00e9difice municipal important.<\/span><br \/>\n<script type=\"text\/javascript\">var nibirumail_advice_text = 'villabornancini.it utilise des cookies pour vous offrir une meilleure exp\u00e9rience de navigation. En utilisant notre service, vous acceptez l'utilisation de cookies conform\u00e9ment \u00e0 notre politique en mati\u00e8re de cookies. <a href=\"https:\/\/villabornancini.it\/?page_id=1432&lang=fr\" target=\"_blank\">En savoir plus.<\/a>. <a href=\"javascript:;\" class=\"nibirumail_agreement\">Je comprends.<\/a>';<\/script><br \/>\n<script type=\"text\/javascript\">var cookie_policy_url = 'https:\/\/villabornancini.it\/?page_id=1432&lang=fr';<\/script><br \/>\n<script type=\"text\/javascript\" src=\"https:\/\/nibirumail.com\/docs\/scripts\/nibirumail.cookie.min.js\"><\/script><\/p>","protected":false},"excerpt":{"rendered":"<p>La villa de campagne, de disposition typiquement v\u00e9nitienne, probablement du XVIe si\u00e8cle, s'\u00e9tend sur trois \u00e9tages et est couverte par un toit en pavillon. Le b\u00e2timent a pris son aspect actuel suite \u00e0 la restauration de 1827 et est entour\u00e9 d'un parc ouvert de 4500 m\u00b2 o\u00f9 vous pourrez admirer diverses esp\u00e8ces d'arbres centenaires, notamment &hellip; <\/p>\n<p class=\"link-more\"><a href=\"https:\/\/villabornancini.it\/fr\/storia\" class=\"more-link\">Continuer la lecture<span class=\"screen-reader-text\"> de &laquo;&nbsp;<span style=\"color: #ffcc99;\">Histoire<\/span>&nbsp;&raquo;<\/span><\/a><\/p>\n","protected":false},"author":1,"featured_media":0,"parent":0,"menu_order":0,"comment_status":"closed","ping_status":"closed","template":"","meta":{"footnotes":""},"class_list":["post-28","page","type-page","status-publish","hentry"],"_links":{"self":[{"href":"https:\/\/villabornancini.it\/fr\/wp-json\/wp\/v2\/pages\/28","targetHints":{"allow":["GET"]}}],"collection":[{"href":"https:\/\/villabornancini.it\/fr\/wp-json\/wp\/v2\/pages"}],"about":[{"href":"https:\/\/villabornancini.it\/fr\/wp-json\/wp\/v2\/types\/page"}],"author":[{"embeddable":true,"href":"https:\/\/villabornancini.it\/fr\/wp-json\/wp\/v2\/users\/1"}],"replies":[{"embeddable":true,"href":"https:\/\/villabornancini.it\/fr\/wp-json\/wp\/v2\/comments?post=28"}],"version-history":[{"count":65,"href":"https:\/\/villabornancini.it\/fr\/wp-json\/wp\/v2\/pages\/28\/revisions"}],"predecessor-version":[{"id":41918,"href":"https:\/\/villabornancini.it\/fr\/wp-json\/wp\/v2\/pages\/28\/revisions\/41918"}],"wp:attachment":[{"href":"https:\/\/villabornancini.it\/fr\/wp-json\/wp\/v2\/media?parent=28"}],"curies":[{"name":"wp","href":"https:\/\/api.w.org\/{rel}","templated":true}]}}