{"id":40823,"date":"2025-03-13T11:49:00","date_gmt":"2025-03-13T10:49:00","guid":{"rendered":"https:\/\/villabornancini.it\/?page_id=40823"},"modified":"2025-03-13T18:41:27","modified_gmt":"2025-03-13T17:41:27","slug":"piatti","status":"publish","type":"page","link":"https:\/\/villabornancini.it\/fr\/piatti","title":{"rendered":"Plats"},"content":{"rendered":"<p><span style=\"color: #ffcc00;\"><a class=\"fasc-button fasc-size-medium fasc-type-glossy fasc-rounded-medium\" style=\"background-color: #045d80; color: #ebe40c;\" href=\"https:\/\/villabornancini.it\/piatti-e-stoviglie\"><span style=\"color: #ffcc00;\">Retour aux assiettes et plats<\/span><\/a><\/span><\/p>\n<table>\n<tbody>\n<tr>\n<td width=\"214\">\n<p><figure id=\"attachment_40824\" aria-describedby=\"caption-attachment-40824\" style=\"width: 300px\" class=\"wp-caption alignnone\"><a href=\"https:\/\/villabornancini.it\/wp-content\/uploads\/2025\/03\/sottopiatto-sissy-cm-31-800x800-1.webp\"><img loading=\"lazy\" decoding=\"async\" class=\"wp-image-40824 size-medium\" src=\"https:\/\/villabornancini.it\/wp-content\/uploads\/2025\/03\/sottopiatto-sissy-cm-31-800x800-1-300x300.webp\" alt=\"\" width=\"300\" height=\"300\" srcset=\"https:\/\/villabornancini.it\/wp-content\/uploads\/2025\/03\/sottopiatto-sissy-cm-31-800x800-1-300x300.webp 300w, https:\/\/villabornancini.it\/wp-content\/uploads\/2025\/03\/sottopiatto-sissy-cm-31-800x800-1-250x250.webp 250w, https:\/\/villabornancini.it\/wp-content\/uploads\/2025\/03\/sottopiatto-sissy-cm-31-800x800-1-100x100.webp 100w, https:\/\/villabornancini.it\/wp-content\/uploads\/2025\/03\/sottopiatto-sissy-cm-31-800x800-1-350x350.webp 350w, https:\/\/villabornancini.it\/wp-content\/uploads\/2025\/03\/sottopiatto-sissy-cm-31-800x800-1-150x150.webp 150w, https:\/\/villabornancini.it\/wp-content\/uploads\/2025\/03\/sottopiatto-sissy-cm-31-800x800-1-768x768.webp 768w, https:\/\/villabornancini.it\/wp-content\/uploads\/2025\/03\/sottopiatto-sissy-cm-31-800x800-1-48x48.webp 48w, https:\/\/villabornancini.it\/wp-content\/uploads\/2025\/03\/sottopiatto-sissy-cm-31-800x800-1-550x550.webp 550w, https:\/\/villabornancini.it\/wp-content\/uploads\/2025\/03\/sottopiatto-sissy-cm-31-800x800-1-180x180.webp 180w, https:\/\/villabornancini.it\/wp-content\/uploads\/2025\/03\/sottopiatto-sissy-cm-31-800x800-1-500x500.webp 500w, https:\/\/villabornancini.it\/wp-content\/uploads\/2025\/03\/sottopiatto-sissy-cm-31-800x800-1.webp 800w\" sizes=\"auto, (max-width: 300px) 100vw, 300px\" \/><\/a><figcaption id=\"caption-attachment-40824\" class=\"wp-caption-text\"><span style=\"color: #ffcc00;\">Ligne Sissy<\/span><\/figcaption><\/figure><\/td>\n<td width=\"214\">\n<p><figure id=\"attachment_40825\" aria-describedby=\"caption-attachment-40825\" style=\"width: 300px\" class=\"wp-caption alignnone\"><a href=\"https:\/\/villabornancini.it\/wp-content\/uploads\/2025\/03\/sottopiatto-aura-cm-32-800x800-1.webp\"><img loading=\"lazy\" decoding=\"async\" class=\"wp-image-40825 size-medium\" src=\"https:\/\/villabornancini.it\/wp-content\/uploads\/2025\/03\/sottopiatto-aura-cm-32-800x800-1-300x300.webp\" alt=\"\" width=\"300\" height=\"300\" srcset=\"https:\/\/villabornancini.it\/wp-content\/uploads\/2025\/03\/sottopiatto-aura-cm-32-800x800-1-300x300.webp 300w, https:\/\/villabornancini.it\/wp-content\/uploads\/2025\/03\/sottopiatto-aura-cm-32-800x800-1-250x250.webp 250w, https:\/\/villabornancini.it\/wp-content\/uploads\/2025\/03\/sottopiatto-aura-cm-32-800x800-1-100x100.webp 100w, https:\/\/villabornancini.it\/wp-content\/uploads\/2025\/03\/sottopiatto-aura-cm-32-800x800-1-350x350.webp 350w, https:\/\/villabornancini.it\/wp-content\/uploads\/2025\/03\/sottopiatto-aura-cm-32-800x800-1-150x150.webp 150w, https:\/\/villabornancini.it\/wp-content\/uploads\/2025\/03\/sottopiatto-aura-cm-32-800x800-1-768x768.webp 768w, https:\/\/villabornancini.it\/wp-content\/uploads\/2025\/03\/sottopiatto-aura-cm-32-800x800-1-48x48.webp 48w, https:\/\/villabornancini.it\/wp-content\/uploads\/2025\/03\/sottopiatto-aura-cm-32-800x800-1-550x550.webp 550w, https:\/\/villabornancini.it\/wp-content\/uploads\/2025\/03\/sottopiatto-aura-cm-32-800x800-1-180x180.webp 180w, https:\/\/villabornancini.it\/wp-content\/uploads\/2025\/03\/sottopiatto-aura-cm-32-800x800-1-500x500.webp 500w, https:\/\/villabornancini.it\/wp-content\/uploads\/2025\/03\/sottopiatto-aura-cm-32-800x800-1.webp 800w\" sizes=\"auto, (max-width: 300px) 100vw, 300px\" \/><\/a><figcaption id=\"caption-attachment-40825\" class=\"wp-caption-text\"><span style=\"color: #ffcc00;\">Ligne Aura<\/span><\/figcaption><\/figure><\/td>\n<td width=\"214\">\n<p><figure id=\"attachment_40826\" aria-describedby=\"caption-attachment-40826\" style=\"width: 300px\" class=\"wp-caption alignnone\"><a href=\"https:\/\/villabornancini.it\/wp-content\/uploads\/2025\/03\/sottopiatto-chateau-cm-31-800x800-2.webp\"><img loading=\"lazy\" decoding=\"async\" class=\"wp-image-40826 size-medium\" src=\"https:\/\/villabornancini.it\/wp-content\/uploads\/2025\/03\/sottopiatto-chateau-cm-31-800x800-2-300x300.webp\" alt=\"\" width=\"300\" height=\"300\" srcset=\"https:\/\/villabornancini.it\/wp-content\/uploads\/2025\/03\/sottopiatto-chateau-cm-31-800x800-2-300x300.webp 300w, https:\/\/villabornancini.it\/wp-content\/uploads\/2025\/03\/sottopiatto-chateau-cm-31-800x800-2-250x250.webp 250w, https:\/\/villabornancini.it\/wp-content\/uploads\/2025\/03\/sottopiatto-chateau-cm-31-800x800-2-100x100.webp 100w, https:\/\/villabornancini.it\/wp-content\/uploads\/2025\/03\/sottopiatto-chateau-cm-31-800x800-2-350x350.webp 350w, https:\/\/villabornancini.it\/wp-content\/uploads\/2025\/03\/sottopiatto-chateau-cm-31-800x800-2-150x150.webp 150w, https:\/\/villabornancini.it\/wp-content\/uploads\/2025\/03\/sottopiatto-chateau-cm-31-800x800-2-768x768.webp 768w, https:\/\/villabornancini.it\/wp-content\/uploads\/2025\/03\/sottopiatto-chateau-cm-31-800x800-2-48x48.webp 48w, https:\/\/villabornancini.it\/wp-content\/uploads\/2025\/03\/sottopiatto-chateau-cm-31-800x800-2-550x550.webp 550w, https:\/\/villabornancini.it\/wp-content\/uploads\/2025\/03\/sottopiatto-chateau-cm-31-800x800-2-180x180.webp 180w, https:\/\/villabornancini.it\/wp-content\/uploads\/2025\/03\/sottopiatto-chateau-cm-31-800x800-2-500x500.webp 500w, https:\/\/villabornancini.it\/wp-content\/uploads\/2025\/03\/sottopiatto-chateau-cm-31-800x800-2.webp 800w\" sizes=\"auto, (max-width: 300px) 100vw, 300px\" \/><\/a><figcaption id=\"caption-attachment-40826\" class=\"wp-caption-text\"><span style=\"color: #ffcc00;\">Ligne Ch\u00e2teau<\/span><\/figcaption><\/figure><\/td>\n<\/tr>\n<tr>\n<td width=\"214\">\n<p><figure id=\"attachment_40827\" aria-describedby=\"caption-attachment-40827\" style=\"width: 300px\" class=\"wp-caption alignnone\"><a href=\"https:\/\/villabornancini.it\/wp-content\/uploads\/2025\/03\/sottopiatto-quadro-31-x-31-800x800-1.webp\"><img loading=\"lazy\" decoding=\"async\" class=\"wp-image-40827 size-medium\" src=\"https:\/\/villabornancini.it\/wp-content\/uploads\/2025\/03\/sottopiatto-quadro-31-x-31-800x800-1-300x300.webp\" alt=\"\" width=\"300\" height=\"300\" srcset=\"https:\/\/villabornancini.it\/wp-content\/uploads\/2025\/03\/sottopiatto-quadro-31-x-31-800x800-1-300x300.webp 300w, https:\/\/villabornancini.it\/wp-content\/uploads\/2025\/03\/sottopiatto-quadro-31-x-31-800x800-1-250x250.webp 250w, https:\/\/villabornancini.it\/wp-content\/uploads\/2025\/03\/sottopiatto-quadro-31-x-31-800x800-1-100x100.webp 100w, https:\/\/villabornancini.it\/wp-content\/uploads\/2025\/03\/sottopiatto-quadro-31-x-31-800x800-1-350x350.webp 350w, https:\/\/villabornancini.it\/wp-content\/uploads\/2025\/03\/sottopiatto-quadro-31-x-31-800x800-1-150x150.webp 150w, https:\/\/villabornancini.it\/wp-content\/uploads\/2025\/03\/sottopiatto-quadro-31-x-31-800x800-1-768x768.webp 768w, https:\/\/villabornancini.it\/wp-content\/uploads\/2025\/03\/sottopiatto-quadro-31-x-31-800x800-1-48x48.webp 48w, https:\/\/villabornancini.it\/wp-content\/uploads\/2025\/03\/sottopiatto-quadro-31-x-31-800x800-1-550x550.webp 550w, https:\/\/villabornancini.it\/wp-content\/uploads\/2025\/03\/sottopiatto-quadro-31-x-31-800x800-1-180x180.webp 180w, https:\/\/villabornancini.it\/wp-content\/uploads\/2025\/03\/sottopiatto-quadro-31-x-31-800x800-1-500x500.webp 500w, https:\/\/villabornancini.it\/wp-content\/uploads\/2025\/03\/sottopiatto-quadro-31-x-31-800x800-1.webp 800w\" sizes=\"auto, (max-width: 300px) 100vw, 300px\" \/><\/a><figcaption id=\"caption-attachment-40827\" class=\"wp-caption-text\"><span style=\"color: #ffcc00;\">Ligne Quadro<\/span><\/figcaption><\/figure><\/td>\n<td width=\"214\">\n<p><figure id=\"attachment_40828\" aria-describedby=\"caption-attachment-40828\" style=\"width: 300px\" class=\"wp-caption alignnone\"><a href=\"https:\/\/villabornancini.it\/wp-content\/uploads\/2025\/03\/Sottopiatto-bouquet-porpora-cm-33-800x800-1.webp\"><img loading=\"lazy\" decoding=\"async\" class=\"wp-image-40828 size-medium\" src=\"https:\/\/villabornancini.it\/wp-content\/uploads\/2025\/03\/Sottopiatto-bouquet-porpora-cm-33-800x800-1-300x300.webp\" alt=\"\" width=\"300\" height=\"300\" srcset=\"https:\/\/villabornancini.it\/wp-content\/uploads\/2025\/03\/Sottopiatto-bouquet-porpora-cm-33-800x800-1-300x300.webp 300w, https:\/\/villabornancini.it\/wp-content\/uploads\/2025\/03\/Sottopiatto-bouquet-porpora-cm-33-800x800-1-250x250.webp 250w, https:\/\/villabornancini.it\/wp-content\/uploads\/2025\/03\/Sottopiatto-bouquet-porpora-cm-33-800x800-1-100x100.webp 100w, https:\/\/villabornancini.it\/wp-content\/uploads\/2025\/03\/Sottopiatto-bouquet-porpora-cm-33-800x800-1-350x350.webp 350w, https:\/\/villabornancini.it\/wp-content\/uploads\/2025\/03\/Sottopiatto-bouquet-porpora-cm-33-800x800-1-150x150.webp 150w, https:\/\/villabornancini.it\/wp-content\/uploads\/2025\/03\/Sottopiatto-bouquet-porpora-cm-33-800x800-1-768x768.webp 768w, https:\/\/villabornancini.it\/wp-content\/uploads\/2025\/03\/Sottopiatto-bouquet-porpora-cm-33-800x800-1-48x48.webp 48w, https:\/\/villabornancini.it\/wp-content\/uploads\/2025\/03\/Sottopiatto-bouquet-porpora-cm-33-800x800-1-550x550.webp 550w, https:\/\/villabornancini.it\/wp-content\/uploads\/2025\/03\/Sottopiatto-bouquet-porpora-cm-33-800x800-1-180x180.webp 180w, https:\/\/villabornancini.it\/wp-content\/uploads\/2025\/03\/Sottopiatto-bouquet-porpora-cm-33-800x800-1-500x500.webp 500w, https:\/\/villabornancini.it\/wp-content\/uploads\/2025\/03\/Sottopiatto-bouquet-porpora-cm-33-800x800-1.webp 800w\" sizes=\"auto, (max-width: 300px) 100vw, 300px\" \/><\/a><figcaption id=\"caption-attachment-40828\" class=\"wp-caption-text\"><span style=\"color: #ffcc00;\">Ligne Bouquet Violet<\/span><\/figcaption><\/figure><\/td>\n<td width=\"214\">\n<p><figure id=\"attachment_40829\" aria-describedby=\"caption-attachment-40829\" style=\"width: 300px\" class=\"wp-caption alignnone\"><a href=\"https:\/\/villabornancini.it\/wp-content\/uploads\/2025\/03\/sottopiatto-maiolica-blu-cm-28-800x800-1.webp\"><img loading=\"lazy\" decoding=\"async\" class=\"wp-image-40829 size-medium\" src=\"https:\/\/villabornancini.it\/wp-content\/uploads\/2025\/03\/sottopiatto-maiolica-blu-cm-28-800x800-1-300x300.webp\" alt=\"\" width=\"300\" height=\"300\" srcset=\"https:\/\/villabornancini.it\/wp-content\/uploads\/2025\/03\/sottopiatto-maiolica-blu-cm-28-800x800-1-300x300.webp 300w, https:\/\/villabornancini.it\/wp-content\/uploads\/2025\/03\/sottopiatto-maiolica-blu-cm-28-800x800-1-250x250.webp 250w, https:\/\/villabornancini.it\/wp-content\/uploads\/2025\/03\/sottopiatto-maiolica-blu-cm-28-800x800-1-100x100.webp 100w, https:\/\/villabornancini.it\/wp-content\/uploads\/2025\/03\/sottopiatto-maiolica-blu-cm-28-800x800-1-350x350.webp 350w, https:\/\/villabornancini.it\/wp-content\/uploads\/2025\/03\/sottopiatto-maiolica-blu-cm-28-800x800-1-150x150.webp 150w, https:\/\/villabornancini.it\/wp-content\/uploads\/2025\/03\/sottopiatto-maiolica-blu-cm-28-800x800-1-768x768.webp 768w, https:\/\/villabornancini.it\/wp-content\/uploads\/2025\/03\/sottopiatto-maiolica-blu-cm-28-800x800-1-48x48.webp 48w, https:\/\/villabornancini.it\/wp-content\/uploads\/2025\/03\/sottopiatto-maiolica-blu-cm-28-800x800-1-550x550.webp 550w, https:\/\/villabornancini.it\/wp-content\/uploads\/2025\/03\/sottopiatto-maiolica-blu-cm-28-800x800-1-180x180.webp 180w, https:\/\/villabornancini.it\/wp-content\/uploads\/2025\/03\/sottopiatto-maiolica-blu-cm-28-800x800-1-500x500.webp 500w, https:\/\/villabornancini.it\/wp-content\/uploads\/2025\/03\/sottopiatto-maiolica-blu-cm-28-800x800-1.webp 800w\" sizes=\"auto, (max-width: 300px) 100vw, 300px\" \/><\/a><figcaption id=\"caption-attachment-40829\" class=\"wp-caption-text\"><span style=\"color: #ffcc00;\">Ligne Majolique Bleue<\/span><\/figcaption><\/figure><\/td>\n<\/tr>\n<tr>\n<td width=\"214\">\n<p><figure id=\"attachment_40830\" aria-describedby=\"caption-attachment-40830\" style=\"width: 300px\" class=\"wp-caption alignnone\"><a href=\"https:\/\/villabornancini.it\/wp-content\/uploads\/2025\/03\/sottopiatto-maiolica-verde-cm-28-800x800-1.webp\"><img loading=\"lazy\" decoding=\"async\" class=\"wp-image-40830 size-medium\" src=\"https:\/\/villabornancini.it\/wp-content\/uploads\/2025\/03\/sottopiatto-maiolica-verde-cm-28-800x800-1-300x300.webp\" alt=\"\" width=\"300\" height=\"300\" srcset=\"https:\/\/villabornancini.it\/wp-content\/uploads\/2025\/03\/sottopiatto-maiolica-verde-cm-28-800x800-1-300x300.webp 300w, https:\/\/villabornancini.it\/wp-content\/uploads\/2025\/03\/sottopiatto-maiolica-verde-cm-28-800x800-1-250x250.webp 250w, https:\/\/villabornancini.it\/wp-content\/uploads\/2025\/03\/sottopiatto-maiolica-verde-cm-28-800x800-1-100x100.webp 100w, https:\/\/villabornancini.it\/wp-content\/uploads\/2025\/03\/sottopiatto-maiolica-verde-cm-28-800x800-1-350x350.webp 350w, https:\/\/villabornancini.it\/wp-content\/uploads\/2025\/03\/sottopiatto-maiolica-verde-cm-28-800x800-1-150x150.webp 150w, https:\/\/villabornancini.it\/wp-content\/uploads\/2025\/03\/sottopiatto-maiolica-verde-cm-28-800x800-1-768x768.webp 768w, https:\/\/villabornancini.it\/wp-content\/uploads\/2025\/03\/sottopiatto-maiolica-verde-cm-28-800x800-1-48x48.webp 48w, https:\/\/villabornancini.it\/wp-content\/uploads\/2025\/03\/sottopiatto-maiolica-verde-cm-28-800x800-1-550x550.webp 550w, https:\/\/villabornancini.it\/wp-content\/uploads\/2025\/03\/sottopiatto-maiolica-verde-cm-28-800x800-1-180x180.webp 180w, https:\/\/villabornancini.it\/wp-content\/uploads\/2025\/03\/sottopiatto-maiolica-verde-cm-28-800x800-1-500x500.webp 500w, https:\/\/villabornancini.it\/wp-content\/uploads\/2025\/03\/sottopiatto-maiolica-verde-cm-28-800x800-1.webp 800w\" sizes=\"auto, (max-width: 300px) 100vw, 300px\" \/><\/a><figcaption id=\"caption-attachment-40830\" class=\"wp-caption-text\"><span style=\"color: #ffcc00;\">Ligne Majolique Verte<\/span><\/figcaption><\/figure><\/td>\n<td width=\"214\">\n<p><figure id=\"attachment_40831\" aria-describedby=\"caption-attachment-40831\" style=\"width: 300px\" class=\"wp-caption alignnone\"><a href=\"https:\/\/villabornancini.it\/wp-content\/uploads\/2025\/03\/sottopiatto-my-flower-cm-33-800x800-2.webp\"><img loading=\"lazy\" decoding=\"async\" class=\"wp-image-40831 size-medium\" src=\"https:\/\/villabornancini.it\/wp-content\/uploads\/2025\/03\/sottopiatto-my-flower-cm-33-800x800-2-300x300.webp\" alt=\"\" width=\"300\" height=\"300\" srcset=\"https:\/\/villabornancini.it\/wp-content\/uploads\/2025\/03\/sottopiatto-my-flower-cm-33-800x800-2-300x300.webp 300w, https:\/\/villabornancini.it\/wp-content\/uploads\/2025\/03\/sottopiatto-my-flower-cm-33-800x800-2-250x250.webp 250w, https:\/\/villabornancini.it\/wp-content\/uploads\/2025\/03\/sottopiatto-my-flower-cm-33-800x800-2-100x100.webp 100w, https:\/\/villabornancini.it\/wp-content\/uploads\/2025\/03\/sottopiatto-my-flower-cm-33-800x800-2-350x350.webp 350w, https:\/\/villabornancini.it\/wp-content\/uploads\/2025\/03\/sottopiatto-my-flower-cm-33-800x800-2-150x150.webp 150w, https:\/\/villabornancini.it\/wp-content\/uploads\/2025\/03\/sottopiatto-my-flower-cm-33-800x800-2-768x768.webp 768w, https:\/\/villabornancini.it\/wp-content\/uploads\/2025\/03\/sottopiatto-my-flower-cm-33-800x800-2-48x48.webp 48w, https:\/\/villabornancini.it\/wp-content\/uploads\/2025\/03\/sottopiatto-my-flower-cm-33-800x800-2-550x550.webp 550w, https:\/\/villabornancini.it\/wp-content\/uploads\/2025\/03\/sottopiatto-my-flower-cm-33-800x800-2-180x180.webp 180w, https:\/\/villabornancini.it\/wp-content\/uploads\/2025\/03\/sottopiatto-my-flower-cm-33-800x800-2-500x500.webp 500w, https:\/\/villabornancini.it\/wp-content\/uploads\/2025\/03\/sottopiatto-my-flower-cm-33-800x800-2.webp 800w\" sizes=\"auto, (max-width: 300px) 100vw, 300px\" \/><\/a><figcaption id=\"caption-attachment-40831\" class=\"wp-caption-text\"><span style=\"color: #ffcc00;\">Ligne My Flower<\/span><\/figcaption><\/figure><\/td>\n<td width=\"214\">\n<p><figure id=\"attachment_40832\" aria-describedby=\"caption-attachment-40832\" style=\"width: 300px\" class=\"wp-caption alignnone\"><a href=\"https:\/\/villabornancini.it\/wp-content\/uploads\/2025\/03\/sottopiatto-vetro-full-moon-800x800-1.webp\"><img loading=\"lazy\" decoding=\"async\" class=\"wp-image-40832 size-medium\" src=\"https:\/\/villabornancini.it\/wp-content\/uploads\/2025\/03\/sottopiatto-vetro-full-moon-800x800-1-300x300.webp\" alt=\"\" width=\"300\" height=\"300\" srcset=\"https:\/\/villabornancini.it\/wp-content\/uploads\/2025\/03\/sottopiatto-vetro-full-moon-800x800-1-300x300.webp 300w, https:\/\/villabornancini.it\/wp-content\/uploads\/2025\/03\/sottopiatto-vetro-full-moon-800x800-1-250x250.webp 250w, https:\/\/villabornancini.it\/wp-content\/uploads\/2025\/03\/sottopiatto-vetro-full-moon-800x800-1-100x100.webp 100w, https:\/\/villabornancini.it\/wp-content\/uploads\/2025\/03\/sottopiatto-vetro-full-moon-800x800-1-350x350.webp 350w, https:\/\/villabornancini.it\/wp-content\/uploads\/2025\/03\/sottopiatto-vetro-full-moon-800x800-1-150x150.webp 150w, https:\/\/villabornancini.it\/wp-content\/uploads\/2025\/03\/sottopiatto-vetro-full-moon-800x800-1-768x768.webp 768w, https:\/\/villabornancini.it\/wp-content\/uploads\/2025\/03\/sottopiatto-vetro-full-moon-800x800-1-48x48.webp 48w, https:\/\/villabornancini.it\/wp-content\/uploads\/2025\/03\/sottopiatto-vetro-full-moon-800x800-1-550x550.webp 550w, https:\/\/villabornancini.it\/wp-content\/uploads\/2025\/03\/sottopiatto-vetro-full-moon-800x800-1-180x180.webp 180w, https:\/\/villabornancini.it\/wp-content\/uploads\/2025\/03\/sottopiatto-vetro-full-moon-800x800-1-500x500.webp 500w, https:\/\/villabornancini.it\/wp-content\/uploads\/2025\/03\/sottopiatto-vetro-full-moon-800x800-1.webp 800w\" sizes=\"auto, (max-width: 300px) 100vw, 300px\" \/><\/a><figcaption id=\"caption-attachment-40832\" class=\"wp-caption-text\"><span style=\"color: #ffcc00;\">Ligne de verre Full Moon<\/span><\/figcaption><\/figure><\/td>\n<\/tr>\n<\/tbody>\n<\/table>\n<p><script type=\"text\/javascript\">var nibirumail_advice_text = 'villabornancini.it utilise des cookies pour vous offrir une meilleure exp\u00e9rience de navigation. En utilisant notre service, vous acceptez l'utilisation de cookies conform\u00e9ment \u00e0 notre politique en mati\u00e8re de cookies. <a href=\"https:\/\/villabornancini.it\/?page_id=1432&lang=fr\" target=\"_blank\">En savoir plus.<\/a>. <a href=\"javascript:;\" class=\"nibirumail_agreement\">je comprends.<\/a>';<\/script><br \/>\n<script type=\"text\/javascript\">var cookie_policy_url = 'https:\/\/villabornancini.it\/?page_id=1432&lang=fr';<\/script><br \/>\n<script type=\"text\/javascript\" src=\"https:\/\/nibirumail.com\/docs\/scripts\/nibirumail.cookie.min.js\"><\/script><\/p>","protected":false},"excerpt":{"rendered":"<p>Retour aux assiettes et plats<\/p>\n","protected":false},"author":1,"featured_media":0,"parent":0,"menu_order":0,"comment_status":"closed","ping_status":"closed","template":"","meta":{"footnotes":""},"class_list":["post-40823","page","type-page","status-publish","hentry"],"_links":{"self":[{"href":"https:\/\/villabornancini.it\/fr\/wp-json\/wp\/v2\/pages\/40823","targetHints":{"allow":["GET"]}}],"collection":[{"href":"https:\/\/villabornancini.it\/fr\/wp-json\/wp\/v2\/pages"}],"about":[{"href":"https:\/\/villabornancini.it\/fr\/wp-json\/wp\/v2\/types\/page"}],"author":[{"embeddable":true,"href":"https:\/\/villabornancini.it\/fr\/wp-json\/wp\/v2\/users\/1"}],"replies":[{"embeddable":true,"href":"https:\/\/villabornancini.it\/fr\/wp-json\/wp\/v2\/comments?post=40823"}],"version-history":[{"count":4,"href":"https:\/\/villabornancini.it\/fr\/wp-json\/wp\/v2\/pages\/40823\/revisions"}],"predecessor-version":[{"id":40975,"href":"https:\/\/villabornancini.it\/fr\/wp-json\/wp\/v2\/pages\/40823\/revisions\/40975"}],"wp:attachment":[{"href":"https:\/\/villabornancini.it\/fr\/wp-json\/wp\/v2\/media?parent=40823"}],"curies":[{"name":"wp","href":"https:\/\/api.w.org\/{rel}","templated":true}]}}