{"id":41037,"date":"2025-03-15T11:44:32","date_gmt":"2025-03-15T10:44:32","guid":{"rendered":"https:\/\/villabornancini.it\/?page_id=41037"},"modified":"2025-05-31T16:28:39","modified_gmt":"2025-05-31T14:28:39","slug":"posiziona-tavoli","status":"publish","type":"page","link":"https:\/\/villabornancini.it\/fr\/posiziona-tavoli","title":{"rendered":"<span style=\"color: #ffcc99;\">Placer Tables<\/span>"},"content":{"rendered":"<p><span style=\"color: #ffcc00;\"><a class=\"fasc-button fasc-size-medium fasc-type-glossy fasc-rounded-medium\" style=\"background-color: #045d80; color: #ebe40c;\" href=\"https:\/\/villabornancini.it\/wedding\"><span style=\"color: #ffcc00;\">Retour au Mariage<\/span><\/a><\/span><\/p>\n<p><span style=\"color: #ffcc00;\">T\u00e9l\u00e9chargez la feuille Excel avec laquelle vous pouvez organiser les tables \u00e0 l'int\u00e9rieur de la Serra di Dino jusqu'\u00e0 150 invit\u00e9s.<\/span><\/p>\n<p><a class=\"fasc-button fasc-size-medium fasc-type-glossy fasc-rounded-medium\" style=\"background-color: #045d80; color: #ebe40c;\" target=\"_blank\" rel=\"noopener\" href=\"https:\/\/villabornancini.it\/wp-content\/uploads\/2025\/05\/Placer-des-tables.xlsx\">T\u00e9l\u00e9charger<\/a><\/p>\n<p><span style=\"color: #ffcc99;\">Dans la feuille Excel, il existe diff\u00e9rents types de tables que vous pouvez faire glisser dans la serre et les dupliquer par copier-coller (conservez la mise en forme d'origine).<br \/>\nVous pouvez joindre les tables rectangulaires en les rapprochant les unes des autres jusqu'\u00e0 obtenir la forme que vous pr\u00e9f\u00e9rez.<br \/>\nPlacez les tableaux \u00e0 l'int\u00e9rieur de la ligne pointill\u00e9e<\/span><\/p>\n<p><a href=\"https:\/\/villabornancini.it\/wp-content\/uploads\/2025\/05\/Catturafr.jpg\"><img loading=\"lazy\" decoding=\"async\" class=\"alignnone wp-image-45169 size-large\" src=\"https:\/\/villabornancini.it\/wp-content\/uploads\/2025\/05\/Catturafr-1024x483.jpg\" alt=\"\" width=\"525\" height=\"248\" srcset=\"https:\/\/villabornancini.it\/wp-content\/uploads\/2025\/05\/Catturafr-1024x483.jpg 1024w, https:\/\/villabornancini.it\/wp-content\/uploads\/2025\/05\/Catturafr-300x142.jpg 300w, https:\/\/villabornancini.it\/wp-content\/uploads\/2025\/05\/Catturafr-768x362.jpg 768w, https:\/\/villabornancini.it\/wp-content\/uploads\/2025\/05\/Catturafr-250x118.jpg 250w, https:\/\/villabornancini.it\/wp-content\/uploads\/2025\/05\/Catturafr-550x260.jpg 550w, https:\/\/villabornancini.it\/wp-content\/uploads\/2025\/05\/Catturafr-800x378.jpg 800w, https:\/\/villabornancini.it\/wp-content\/uploads\/2025\/05\/Catturafr-381x180.jpg 381w, https:\/\/villabornancini.it\/wp-content\/uploads\/2025\/05\/Catturafr-636x300.jpg 636w, https:\/\/villabornancini.it\/wp-content\/uploads\/2025\/05\/Catturafr-1059x500.jpg 1059w, https:\/\/villabornancini.it\/wp-content\/uploads\/2025\/05\/Catturafr-350x165.jpg 350w, https:\/\/villabornancini.it\/wp-content\/uploads\/2025\/05\/Catturafr.jpg 1159w\" sizes=\"auto, (max-width: 525px) 100vw, 525px\" \/><\/a><\/p>\n<p><span style=\"color: #ffcc99;\">Une fois les tables dispos\u00e9es, vous pouvez, en positionnant la souris sur chaque si\u00e8ge, modifier le num\u00e9ro du si\u00e8ge qui est d\u00e9sormais 0 et attribuer un nom au num\u00e9ro choisi. En cas de plantage d'Excel, appuyez sur la touche \u00c9chap du clavier.<br \/>\n<\/span><br \/>\n<script type=\"text\/javascript\">var nibirumail_advice_text = 'villabornancini.it utilise des cookies pour vous offrir une meilleure exp\u00e9rience de navigation. En utilisant notre service, vous acceptez l'utilisation de cookies conform\u00e9ment \u00e0 notre politique en mati\u00e8re de cookies. <a href=\"https:\/\/villabornancini.it\/?page_id=1432&lang=fr\" target=\"_blank\">En savoir plus.<\/a>. <a href=\"javascript:;\" class=\"nibirumail_agreement\">je comprends.<\/a>';<\/script><br \/>\n<script type=\"text\/javascript\">var cookie_policy_url = 'https:\/\/villabornancini.it\/?page_id=1432&lang=fr';<\/script><br \/>\n<script type=\"text\/javascript\" src=\"https:\/\/nibirumail.com\/docs\/scripts\/nibirumail.cookie.min.js\"><\/script><\/p>","protected":false},"excerpt":{"rendered":"<p>Retour au Mariage T\u00e9l\u00e9chargez la feuille Excel avec laquelle vous pouvez organiser les tables \u00e0 l'int\u00e9rieur de la Serra di Dino jusqu'\u00e0 150 invit\u00e9s. T\u00e9l\u00e9charger Dans la feuille Excel, il existe diff\u00e9rents types de tables que vous pouvez faire glisser dans la serre et les dupliquer par copier-coller (conservez la mise en forme d'origine). Vous &hellip; <\/p>\n<p class=\"link-more\"><a href=\"https:\/\/villabornancini.it\/fr\/posiziona-tavoli\" class=\"more-link\">Continuer la lecture<span class=\"screen-reader-text\"> de &laquo;&nbsp;<span style=\"color: #ffcc99;\">Placer Tables<\/span>&nbsp;&raquo;<\/span><\/a><\/p>\n","protected":false},"author":1,"featured_media":0,"parent":0,"menu_order":0,"comment_status":"closed","ping_status":"closed","template":"","meta":{"footnotes":""},"class_list":["post-41037","page","type-page","status-publish","hentry"],"_links":{"self":[{"href":"https:\/\/villabornancini.it\/fr\/wp-json\/wp\/v2\/pages\/41037","targetHints":{"allow":["GET"]}}],"collection":[{"href":"https:\/\/villabornancini.it\/fr\/wp-json\/wp\/v2\/pages"}],"about":[{"href":"https:\/\/villabornancini.it\/fr\/wp-json\/wp\/v2\/types\/page"}],"author":[{"embeddable":true,"href":"https:\/\/villabornancini.it\/fr\/wp-json\/wp\/v2\/users\/1"}],"replies":[{"embeddable":true,"href":"https:\/\/villabornancini.it\/fr\/wp-json\/wp\/v2\/comments?post=41037"}],"version-history":[{"count":36,"href":"https:\/\/villabornancini.it\/fr\/wp-json\/wp\/v2\/pages\/41037\/revisions"}],"predecessor-version":[{"id":45240,"href":"https:\/\/villabornancini.it\/fr\/wp-json\/wp\/v2\/pages\/41037\/revisions\/45240"}],"wp:attachment":[{"href":"https:\/\/villabornancini.it\/fr\/wp-json\/wp\/v2\/media?parent=41037"}],"curies":[{"name":"wp","href":"https:\/\/api.w.org\/{rel}","templated":true}]}}