{"id":46350,"date":"2025-07-18T15:15:25","date_gmt":"2025-07-18T13:15:25","guid":{"rendered":"https:\/\/villabornancini.it\/?page_id=46350"},"modified":"2025-08-06T08:54:04","modified_gmt":"2025-08-06T06:54:04","slug":"eventi","status":"publish","type":"page","link":"https:\/\/villabornancini.it\/fr\/eventi","title":{"rendered":"<span style=\"color: #ffcc99;\">\u00c9v\u00e9nements<\/span>"},"content":{"rendered":"<p><\/p>\n<h1><span style=\"color: #ffcc00;\">\u00c9v\u00e9nements \u00e0 venir \u00e0 la Villa Bornancini<\/span><\/h1>\n<h3><span style=\"color: #ff9900;\">Vendredi 1er ao\u00fbt, 21h00<\/span><\/h3>\n<p><a href=\"https:\/\/villabornancini.it\/wp-content\/uploads\/2025\/07\/IMG-20250718-WA0000.jpg\"><img loading=\"lazy\" decoding=\"async\" src=\"https:\/\/villabornancini.it\/wp-content\/uploads\/2025\/07\/IMG-20250718-WA0000.jpg\" alt=\"\" width=\"1080\" height=\"1510\" class=\"alignnone size-full wp-image-46354\" srcset=\"https:\/\/villabornancini.it\/wp-content\/uploads\/2025\/07\/IMG-20250718-WA0000.jpg 1080w, https:\/\/villabornancini.it\/wp-content\/uploads\/2025\/07\/IMG-20250718-WA0000-215x300.jpg 215w, https:\/\/villabornancini.it\/wp-content\/uploads\/2025\/07\/IMG-20250718-WA0000-732x1024.jpg 732w, https:\/\/villabornancini.it\/wp-content\/uploads\/2025\/07\/IMG-20250718-WA0000-768x1074.jpg 768w, https:\/\/villabornancini.it\/wp-content\/uploads\/2025\/07\/IMG-20250718-WA0000-250x350.jpg 250w, https:\/\/villabornancini.it\/wp-content\/uploads\/2025\/07\/IMG-20250718-WA0000-550x769.jpg 550w, https:\/\/villabornancini.it\/wp-content\/uploads\/2025\/07\/IMG-20250718-WA0000-800x1119.jpg 800w, https:\/\/villabornancini.it\/wp-content\/uploads\/2025\/07\/IMG-20250718-WA0000-129x180.jpg 129w, https:\/\/villabornancini.it\/wp-content\/uploads\/2025\/07\/IMG-20250718-WA0000-358x500.jpg 358w, https:\/\/villabornancini.it\/wp-content\/uploads\/2025\/07\/IMG-20250718-WA0000-350x489.jpg 350w\" sizes=\"auto, (max-width: 706px) 89vw, (max-width: 767px) 82vw, 740px\" \/><\/a><\/p>\n<h3><span style=\"color: #ff9900;\">Dimanche 14 septembre - Festa delle risorgive<\/span><\/h3>\n<p><a href=\"https:\/\/villabornancini.it\/wp-content\/uploads\/2025\/08\/unnamed.jpg\"><img loading=\"lazy\" decoding=\"async\" class=\"alignnone  wp-image-46827\" src=\"https:\/\/villabornancini.it\/wp-content\/uploads\/2025\/08\/unnamed.jpg\" alt=\"\" width=\"527\" height=\"351\" srcset=\"https:\/\/villabornancini.it\/wp-content\/uploads\/2025\/08\/unnamed.jpg 299w, https:\/\/villabornancini.it\/wp-content\/uploads\/2025\/08\/unnamed-250x166.jpg 250w, https:\/\/villabornancini.it\/wp-content\/uploads\/2025\/08\/unnamed-270x180.jpg 270w\" sizes=\"auto, (max-width: 527px) 100vw, 527px\" \/><\/a><\/p>\n<h3><span style=\"color: #ff9900;\">Samedi 13 et dimanche 14 d\u00e9cembre - Salon du livre<\/span><\/h3>\n<p><a href=\"https:\/\/villabornancini.it\/wp-content\/uploads\/2025\/08\/Screenshot-2025-08-05-at-21-05-05-Instagram.png\"><img loading=\"lazy\" decoding=\"async\" class=\"alignnone  wp-image-46829\" src=\"https:\/\/villabornancini.it\/wp-content\/uploads\/2025\/08\/Screenshot-2025-08-05-at-21-05-05-Instagram.png\" alt=\"\" width=\"532\" height=\"299\" srcset=\"https:\/\/villabornancini.it\/wp-content\/uploads\/2025\/08\/Screenshot-2025-08-05-at-21-05-05-Instagram.png 599w, https:\/\/villabornancini.it\/wp-content\/uploads\/2025\/08\/Screenshot-2025-08-05-at-21-05-05-Instagram-300x169.png 300w, https:\/\/villabornancini.it\/wp-content\/uploads\/2025\/08\/Screenshot-2025-08-05-at-21-05-05-Instagram-250x141.png 250w, https:\/\/villabornancini.it\/wp-content\/uploads\/2025\/08\/Screenshot-2025-08-05-at-21-05-05-Instagram-550x309.png 550w, https:\/\/villabornancini.it\/wp-content\/uploads\/2025\/08\/Screenshot-2025-08-05-at-21-05-05-Instagram-320x180.png 320w, https:\/\/villabornancini.it\/wp-content\/uploads\/2025\/08\/Screenshot-2025-08-05-at-21-05-05-Instagram-533x300.png 533w, https:\/\/villabornancini.it\/wp-content\/uploads\/2025\/08\/Screenshot-2025-08-05-at-21-05-05-Instagram-350x197.png 350w\" sizes=\"auto, (max-width: 532px) 100vw, 532px\" \/><\/a><br \/>\n<script type=\"text\/javascript\">var nibirumail_advice_text = 'villabornancini.it utilise des cookies pour vous offrir une meilleure exp\u00e9rience de navigation. En utilisant notre service, vous acceptez l'utilisation de cookies conform\u00e9ment \u00e0 notre politique en mati\u00e8re de cookies. <a href=\"https:\/\/villabornancini.it\/?page_id=1432&lang=fr\" target=\"_blank\">En savoir plus.<\/a>. <a href=\"javascript:;\" class=\"nibirumail_agreement\">Je comprends.<\/a>';<\/script><br \/>\n<script type=\"text\/javascript\">var cookie_policy_url = 'https:\/\/villabornancini.it\/?page_id=1432&lang=fr';<\/script><br \/>\n<script type=\"text\/javascript\" src=\"https:\/\/nibirumail.com\/docs\/scripts\/nibirumail.cookie.min.js\"><\/script><\/p>","protected":false},"excerpt":{"rendered":"<p>\u00c9v\u00e9nements \u00e0 venir \u00e0 la Villa Bornancini Vendredi 1er ao\u00fbt, 21h00 Dimanche 14 septembre - Festa delle risorgive Samedi 13 et dimanche 14 d\u00e9cembre - Salon du livre<\/p>\n","protected":false},"author":1,"featured_media":0,"parent":0,"menu_order":0,"comment_status":"closed","ping_status":"closed","template":"","meta":{"footnotes":""},"class_list":["post-46350","page","type-page","status-publish","hentry"],"_links":{"self":[{"href":"https:\/\/villabornancini.it\/fr\/wp-json\/wp\/v2\/pages\/46350","targetHints":{"allow":["GET"]}}],"collection":[{"href":"https:\/\/villabornancini.it\/fr\/wp-json\/wp\/v2\/pages"}],"about":[{"href":"https:\/\/villabornancini.it\/fr\/wp-json\/wp\/v2\/types\/page"}],"author":[{"embeddable":true,"href":"https:\/\/villabornancini.it\/fr\/wp-json\/wp\/v2\/users\/1"}],"replies":[{"embeddable":true,"href":"https:\/\/villabornancini.it\/fr\/wp-json\/wp\/v2\/comments?post=46350"}],"version-history":[{"count":7,"href":"https:\/\/villabornancini.it\/fr\/wp-json\/wp\/v2\/pages\/46350\/revisions"}],"predecessor-version":[{"id":46830,"href":"https:\/\/villabornancini.it\/fr\/wp-json\/wp\/v2\/pages\/46350\/revisions\/46830"}],"wp:attachment":[{"href":"https:\/\/villabornancini.it\/fr\/wp-json\/wp\/v2\/media?parent=46350"}],"curies":[{"name":"wp","href":"https:\/\/api.w.org\/{rel}","templated":true}]}}