{"id":47003,"date":"2026-03-23T18:47:06","date_gmt":"2026-03-23T17:47:06","guid":{"rendered":"https:\/\/villabornancini.it\/?page_id=47003"},"modified":"2026-03-25T12:54:16","modified_gmt":"2026-03-25T11:54:16","slug":"adempimenti-siae","status":"publish","type":"page","link":"https:\/\/villabornancini.it\/fr\/adempimenti-siae","title":{"rendered":"<span style=\"color: #ffcc99;\">Obligations de la SIAE<\/span>"},"content":{"rendered":"<p><span style=\"color: #ffcc00;\"><a class=\"fasc-button fasc-size-medium fasc-type-glossy fasc-rounded-medium\" style=\"background-color: #045d80; color: #ebe40c;\" href=\"https:\/\/villabornancini.it\/wedding\"><span style=\"color: #ffcc00;\">Retour au Mariage<\/span><\/a><\/span><br \/>\n&nbsp;<\/p>\n<h1><span style=\"color: #ffcc00;\">Musique \u00e0 votre mariage :<\/span><\/h1>\n<p><span style=\"color: #ff9900;\">Si vous souhaitez animer votre mariage avec de la musique et peut-\u00eatre m\u00eame une soir\u00e9e dansante, n\u2019oubliez pas de verser des droits d\u2019auteur \u00e0 la SIAE (Soci\u00e9t\u00e9 italienne des auteurs et \u00e9diteurs).<\/span><\/p>\n<p><span style=\"color: #ff9900;\">En effet, toute diffusion de musique dans un lieu public, que ce soit en direct ou via des syst\u00e8mes audio et vid\u00e9o, est soumise au paiement de droits d\u2019auteur. Un \u00ab lieu public \u00bb inclut \u00e9galement un lieu g\u00e9n\u00e9ralement priv\u00e9 ouvert au public lors d\u2019occasions sp\u00e9ciales, comme un mariage.<\/span><\/p>\n<p><span style=\"color: #ff9900;\">Les paiements SIAE sont effectu\u00e9s directement par les futurs mari\u00e9s, qui doivent contacter le bureau le plus proche du lieu de r\u00e9ception ou <a href=\"https:\/\/www.siae.it\/it\/utilizzatori\/feste-private\/\" target=\"_blank\" rel=\"noopener\"><span style=\"color: #ffcc00;\">payer en ligne sur le site web de la SIAE<\/span><\/a>.<\/span><\/p>\n<h3><span style=\"color: #ffcc00;\">Tarifs SIAE pour les mariages<\/span><\/h3>\n<p>&nbsp;<\/p>\n<p><span style=\"color: #ff9900;\">Le paiement est bas\u00e9 sur trois crit\u00e8res principaux:<\/span><\/p>\n<p><span style=\"color: #ff9900;\">\u2013 Le nombre d\u2019invit\u00e9s<br \/>\n\u2013 Le type de musique (en direct ou DJ)<br \/>\n\u2013 La cat\u00e9gorie du lieu<\/span><\/p>\n<p><span style=\"color: #ff9900;\">Pour conna\u00eetre le prix d\u2019un mariage<\/span> <a href=\"https:\/\/www.siae.it\/it\/utilizzatori\/feste-private\/matrimonio\/\" target=\"_blank\" rel=\"noopener\"><span style=\"color: #ffcc00;\">cliquez ici<\/span><\/a><br \/>\n<span style=\"color: #ff9900;\">Pour conna\u00eetre le prix d\u2019un anniversaire<\/span> <a href=\"https:\/\/www.siae.it\/it\/utilizzatori\/feste-private\/compleanno\/\" target=\"_blank\" rel=\"noopener\"><span style=\"color: #ffcc00;\">cliquez ici<\/span><\/a><br \/>\n<span style=\"color: #ff9900;\">Pour conna\u00eetre le prix d\u2019autres \u00e9v\u00e9nements<\/span> <a href=\"https:\/\/www.siae.it\/it\/utilizzatori\/feste-private\/altre-feste\/\" target=\"_blank\" rel=\"noopener\"><span style=\"color: #ffcc00;\">cliquez ici<\/span><\/a><\/p>\n<p><span style=\"color: #ff9900;\">Si vous vous mariez \u00e0 la Villa Bornancini, le bureau SIAE \u00e0 contacter est:<br \/>\nAgent SIAE \u00e0 Portogruaro<\/span><br \/>\n<span style=\"color: #ffcc00;\">Viale Venezia, 17,<br \/>\n30025 Fossalta di Portogruaro VE<br \/>\nT\u00e9l\u00e9phone: 0421 394624<br \/>\nCourriel: portogruaro@mandatarie.siae.it<\/span><br \/>\n<script type=\"text\/javascript\">var nibirumail_advice_text = 'villabornancini.it utilise des cookies pour vous offrir une meilleure exp\u00e9rience de navigation. En utilisant notre service, vous acceptez l'utilisation de cookies conform\u00e9ment \u00e0 notre politique en mati\u00e8re de cookies. <a href=\"https:\/\/villabornancini.it\/?page_id=1432&lang=fr\" target=\"_blank\">En savoir plus.<\/a>. <a href=\"javascript:;\" class=\"nibirumail_agreement\">Je comprends.<\/a>';<\/script><br \/>\n<script type=\"text\/javascript\">var cookie_policy_url = 'https:\/\/villabornancini.it\/?page_id=1432&lang=fr';<\/script><br \/>\n<script type=\"text\/javascript\" src=\"https:\/\/nibirumail.com\/docs\/scripts\/nibirumail.cookie.min.js\"><\/script><\/p>","protected":false},"excerpt":{"rendered":"<p>Retour au Mariage &nbsp; Musique \u00e0 votre mariage : Si vous souhaitez animer votre mariage avec de la musique et peut-\u00eatre m\u00eame une soir\u00e9e dansante, n\u2019oubliez pas de verser des droits d\u2019auteur \u00e0 la SIAE (Soci\u00e9t\u00e9 italienne des auteurs et \u00e9diteurs). En effet, toute diffusion de musique dans un lieu public, que ce soit en &hellip; <\/p>\n<p class=\"link-more\"><a href=\"https:\/\/villabornancini.it\/fr\/adempimenti-siae\" class=\"more-link\">Continuer la lecture<span class=\"screen-reader-text\"> de &laquo;&nbsp;<span style=\"color: #ffcc99;\">Obligations de la SIAE<\/span>&nbsp;&raquo;<\/span><\/a><\/p>\n","protected":false},"author":1,"featured_media":0,"parent":0,"menu_order":0,"comment_status":"closed","ping_status":"closed","template":"","meta":{"footnotes":""},"class_list":["post-47003","page","type-page","status-publish","hentry"],"_links":{"self":[{"href":"https:\/\/villabornancini.it\/fr\/wp-json\/wp\/v2\/pages\/47003","targetHints":{"allow":["GET"]}}],"collection":[{"href":"https:\/\/villabornancini.it\/fr\/wp-json\/wp\/v2\/pages"}],"about":[{"href":"https:\/\/villabornancini.it\/fr\/wp-json\/wp\/v2\/types\/page"}],"author":[{"embeddable":true,"href":"https:\/\/villabornancini.it\/fr\/wp-json\/wp\/v2\/users\/1"}],"replies":[{"embeddable":true,"href":"https:\/\/villabornancini.it\/fr\/wp-json\/wp\/v2\/comments?post=47003"}],"version-history":[{"count":9,"href":"https:\/\/villabornancini.it\/fr\/wp-json\/wp\/v2\/pages\/47003\/revisions"}],"predecessor-version":[{"id":47054,"href":"https:\/\/villabornancini.it\/fr\/wp-json\/wp\/v2\/pages\/47003\/revisions\/47054"}],"wp:attachment":[{"href":"https:\/\/villabornancini.it\/fr\/wp-json\/wp\/v2\/media?parent=47003"}],"curies":[{"name":"wp","href":"https:\/\/api.w.org\/{rel}","templated":true}]}}