{"id":47015,"date":"2026-03-24T14:39:01","date_gmt":"2026-03-24T13:39:01","guid":{"rendered":"https:\/\/villabornancini.it\/?page_id=47015"},"modified":"2026-03-25T14:03:40","modified_gmt":"2026-03-25T13:03:40","slug":"agenda-degli-sposi","status":"publish","type":"page","link":"https:\/\/villabornancini.it\/fr\/agenda-degli-sposi","title":{"rendered":"<span style=\"color: #ffcc99;\">Organisatrice de Mariage<\/span>"},"content":{"rendered":"<p><span style=\"color: #ffcc00;\"><a class=\"fasc-button fasc-size-medium fasc-type-glossy fasc-rounded-medium\" style=\"background-color: #045d80; color: #ebe40c;\" href=\"https:\/\/villabornancini.it\/wedding\"><span style=\"color: #ffcc00;\">Retour au Mariage<\/span><\/a><\/span><br \/>\n&nbsp;<\/p>\n<h1><span style=\"color: #ffcc00;\">Venez organiser votre mariage passo a passo<\/span><\/h1>\n<p><span style=\"color: #ffcc99;\">Donc, peu importe la raison pour laquelle vous pensez \u00e0 l'organisation du mariage parfait, mais avec attention et qualche consiglio utiliser potrete orientarvi avec semplicit\u00e0 e tranquillit\u00e0 de la m\u00eame mani\u00e8re de pr\u00e9paration. Dans cette section, vous pouvez voir les applications importantes et le timing des \u00e9v\u00e9nements par programmation et d\u00e9tail et tout est sous contr\u00f4le, depuis le d\u00e9but de la deuxi\u00e8me journ\u00e9e.<br \/>\nPronti\u2026 via !!<\/span><\/p>\n<h2><span style=\"color: #ffcc00;\">18 mois \u00e0 l'avance<\/span><\/h2>\n<p><strong><span style=\"color: #ffcc99;\">D\u00e9finition du budget:<\/strong><\/span> d\u00e9terminez votre budget et pensez \u00e0 tenir vos comptes \u00e0 jour.<\/p>\n<p><strong><span style=\"color: #ffcc99;\">Lieu de r\u00e9ception:<\/strong><\/span> visitez un ou plusieurs lieux et renseignez-vous sur les dates disponibles, la capacit\u00e9 des salles, les services propos\u00e9s, les horaires et les modalit\u00e9s de paiement. R\u00e9servez une date et confirmez votre choix en versant un acompte.<\/p>\n<p><strong><span style=\"color: #ffcc99;\">C\u00e9r\u00e9monie et lieu:<\/strong><\/span> choisissez l'\u00e9glise ou la mairie, contactez le cur\u00e9 ou l'officier d'\u00e9tat civil pour organiser la date et l'heure de la c\u00e9r\u00e9monie. Renseignez-vous sur les documents n\u00e9cessaires pour obtenir l'autorisation de mariage. Si vous vous mariez \u00e0 l'\u00e9glise, pensez au livret de mariage : si vous souhaitez le personnaliser avec des po\u00e8mes et des textes, pr\u00e9voyez le temps n\u00e9cessaire.<\/p>\n<p><strong><span style=\"color: #ffcc99;\">Pr\u00e9paration au mariage:<\/strong><\/span> renseignez-vous aupr\u00e8s du cur\u00e9 sur les dates et la dur\u00e9e des pr\u00e9parations, car de nombreuses paroisses n'en proposent que quelques-unes par an, et certaines durent plusieurs mois.<\/p>\n<p><strong><span style=\"color: #ffcc99;\">Traiteur:<\/strong><\/span> si vous n'avez pas de traiteur de confiance, contactez-en un ou plusieurs et testez leurs prestations. \u00c9valuez les options disponibles : cadre, linge de table, menus et services propos\u00e9s, puis demandez un devis approximatif \u00e0 chacun.<\/p>\n<h2><span style=\"color: #ffcc00;\">8 mois avant<br \/>\n<\/span><\/h2>\n<p><strong><span style=\"color: #ffcc99;\">Invitations et faire-part:<\/strong><\/span> commencez \u00e0 \u00e9tablir la liste des invit\u00e9s \u00e0 la r\u00e9ception ainsi que celle des personnes \u00e0 qui vous souhaitez envoyer uniquement des invitations.<\/p>\n<p><strong><span style=\"color: #ffcc99;\">H\u00e9bergement des invit\u00e9s:<\/strong><\/span> si vous le souhaitez, r\u00e9servez des chambres pour vos invit\u00e9s venant de loin.<\/p>\n<p><strong><span style=\"color: #ffcc99;\">Robe de la mari\u00e9e:<\/strong><\/span> commencez \u00e0 r\u00e9fl\u00e9chir \u00e0 votre robe en consultant des magazines sp\u00e9cialis\u00e9s et en visitant des boutiques et des ateliers pour vous inspirer des styles et des prix.<\/p>\n<p><strong><span style=\"color: #ffcc99;\">Lune de miel:<\/strong><\/span> planifiez votre voyage de noces en choisissant les dates, la destination et votre budget. Comparez diff\u00e9rentes options et obtenez des devis en contactant 2 ou 3 agences de voyages.<\/p>\n<h2><span style=\"color: #ffcc00;\">6 mois avant<br \/>\n<\/span><\/h2>\n<p><strong><span style=\"color: #ffcc99;\">Invitations et faire-part:<\/strong><\/span> choisissez votre mod\u00e8le et commandez vos invitations et faire-part. N'oubliez pas les cartes et les enveloppes pour remercier vos invit\u00e9s.<\/p>\n<p><strong><span style=\"color: #ffcc99;\">Cours de pr\u00e9paration au mariage:<\/strong><\/span> si votre mariage a lieu \u00e0 l'\u00e9glise, c'est le moment de vous inscrire aux cours de pr\u00e9paration au mariage.<\/p>\n<p><strong><span style=\"color: #ffcc99;\">Robe de mari\u00e9e:<\/strong><\/span> choisissez une boutique et commencez \u00e0 travailler sur votre robe. Pr\u00e9voyez du temps pour les retouches et les essayages.<\/p>\n<p><strong><span style=\"color: #ffcc99;\">Documents de mariage:<\/strong><\/span> commencez \u00e0 pr\u00e9parer les documents n\u00e9cessaires, en gardant \u00e0 l'esprit que certains ne sont valables que trois mois.<\/p>\n<p><strong><span style=\"color: #ffcc99;\">Gar\u00e7ons d'honneur:<\/strong><\/span> choisissez vos t\u00e9moins et demandez-leur leur accord.<\/p>\n<p><strong><span style=\"color: #ffcc99;\">Voyage de noces:<\/strong><\/span> il est temps de r\u00e9server pour b\u00e9n\u00e9ficier des meilleurs tarifs sur les vols et l'h\u00e9bergement.<\/p>\n<h2><span style=\"color: #ffcc00;\">5 mois avant<br \/>\n<\/span><\/h2>\n<p><strong><span style=\"color: #ffcc99;\">Invitations et faire-part:<\/strong><\/span> collectez les adresses de vos invit\u00e9s \u00e0 la r\u00e9ception ainsi que les adresses postales pour l'envoi des invitations.<\/p>\n<p><strong><span style=\"color: #ffcc99;\">Liste de mariage:<\/strong><\/span> \u00e9tablissez une liste des cadeaux que vous souhaitez recevoir et choisissez les boutiques ou magasins pour votre liste de mariage, en privil\u00e9giant ceux qui peuvent tout g\u00e9rer pour vous (mises \u00e0 jour de la liste, paiements, etc.).<\/p>\n<p><strong><span style=\"color: #ffcc99;\">Compositions florales:<\/strong><\/span> contactez le fleuriste et demandez un devis pour la d\u00e9coration de l'\u00e9glise ou de la mairie, du lieu de r\u00e9ception, de la voiture et du bouquet de la mari\u00e9e.<\/p>\n<p><strong><span style=\"color: #ffcc99;\">Musique et animations:<\/strong><\/span> choisissez le type d'accompagnement musical pour l'\u00e9glise et la r\u00e9ception (classique, jazz, DJ, etc.) et\/ou un programme d'animations.<\/p>\n<p><strong><span style=\"color: #ffcc99;\">Photos et vid\u00e9os:<\/strong><\/span> contactez un studio photo pour organiser les prestations pendant la c\u00e9r\u00e9monie et la r\u00e9ception : demandez un devis d\u00e9taill\u00e9 pour les photos, vid\u00e9os, albums photos et tout autre support de votre choix.<\/p>\n<p><strong><span style=\"color: #ffcc99;\">Cadeaux et confettis:<\/strong><\/span> d\u00e9cidez des cadeaux que vous offrirez \u00e0 vos invit\u00e9s, en r\u00e9fl\u00e9chissant \u00e0 la possibilit\u00e9 d'en offrir s\u00e9par\u00e9ment aux t\u00e9moins et \u00e0 la famille, et en faisant appel \u00e0 des sp\u00e9cialistes et artisans de confiance.<\/p>\n<p><strong><span style=\"color: #ffcc99;\">Feu d'artifice:<\/strong><\/span> si vous souhaitez un feu d'artifice, demandez l'autorisation et les restrictions au responsable du lieu, puis engagez une entreprise sp\u00e9cialis\u00e9e pour g\u00e9rer les formalit\u00e9s administratives et l'organisation du spectacle.<\/p>\n<h2><span style=\"color: #ffcc00;\">3 mois avant<br \/>\n<\/span><\/h2>\n<p><strong><span style=\"color: #ffcc99;\">Alliances:<\/strong><\/span> visitez au moins trois bijouteries pour choisir vos alliances et discuter des modifications et\/ou gravures possibles.<\/p>\n<p><strong><span style=\"color: #ffcc99;\">Liste de mariage:<\/strong><\/span> d\u00c9tablissez votre liste de cadeaux, demandez aux fournisseurs de v\u00e9rifier la disponibilit\u00e9 des articles et cr\u00e9ez votre liste.<\/p>\n<p><strong><span style=\"color: #ffcc99;\">Lune de miel:<\/strong><\/span> si ce n'est pas d\u00e9j\u00e0 fait, choisissez et r\u00e9servez les services, activit\u00e9s et autres petits plaisirs \u00e0 savourer pendant votre voyage.<\/p>\n<p><strong><span style=\"color: #ffcc99;\">Voiture de mariage:<\/strong><\/span> choisissez votre moyen de transport pour vous rendre \u00e0 l'\u00e9glise et au lieu de r\u00e9ception : voiture ancienne, cal\u00e8che ou voiture priv\u00e9e. Vous pouvez \u00e9galement envisager de louer un minibus ou une navette pour vos invit\u00e9s, si le trajet entre l'\u00e9glise et la villa le permet.<\/p>\n<p><strong><span style=\"color: #ffcc99;\">Invitations:<\/strong><\/span> remplissez et timbrez les enveloppes d'invitation et envoyez-les aux destinataires.<\/p>\n<p><strong><span style=\"color: #ffcc99;\">Cadeaux et confettis:<\/strong><\/span> commandez les cadeaux et les confettis pour vos invit\u00e9s en fonction du nombre de convives, en fixant une date limite de livraison (quelques jours avant la r\u00e9ception).<\/p>\n<p><strong><span style=\"color: #ffcc99;\">Traiteur:<\/strong><\/span> confirmez votre menu, vos vins et les services optionnels.<\/p>\n<h2><span style=\"color: #ffcc00;\">2 mois avant<br \/>\n<\/span><\/h2>\n<p><strong><span style=\"color: #ffcc99;\">Liste de mariage:<\/strong><\/span> demandez la publication de votre liste de mariage dans les magasins s\u00e9lectionn\u00e9s et sur leurs sites internet.<\/p>\n<p><strong><span style=\"color: #ffcc99;\">Invitations:<\/strong><\/span> remplissez et timbrez les enveloppes d'invitation et envoyez-les aux destinataires.<\/p>\n<p><strong><span style=\"color: #ffcc99;\">Livrets de messe:<\/strong><\/span> faites imprimer les livrets pour la messe de mariage.<\/p>\n<p><strong><span style=\"color: #ffcc99;\">G\u00e2teau de mariage:<\/strong><\/span> choisissez votre g\u00e2teau pr\u00e9f\u00e9r\u00e9 aupr\u00e8s d'un p\u00e2tissier de confiance. Commandez \u00e9galement les g\u00e2teaux pour le buffet et organisez la livraison pour le jour de la r\u00e9ception.<\/p>\n<p><strong><span style=\"color: #ffcc99;\">Robe de la mari\u00e9e:<\/strong><\/span> il est temps de choisir les d\u00e9tails et les accessoires (chaussures, voile, tra\u00eene, diad\u00e8me, etc.), \u00e0 commander \u00e0 l'avance s'il s'agit d'une robe sur mesure.<\/p>\n<p><strong><span style=\"color: #ffcc99;\">Maquillage de la mari\u00e9e:<\/strong><\/span> contactez une esth\u00e9ticienne, une maquilleuse et un coiffeur pour choisir votre coiffure et organiser des essayages.<\/p>\n<p><strong><span style=\"color: #ffcc99;\">Costume du mari\u00e9:<\/strong><\/span> choisissez votre costume et essayez-le pour d\u00e9terminer les \u00e9ventuelles retouches.<\/p>\n<p><strong><span style=\"color: #ffcc99;\">Gar\u00e7ons d'honneur et demoiselles d'honneur:<\/strong><\/span> si vous souhaitez qu'ils vous accompagnent jusqu'\u00e0 l'autel, commencez \u00e0 planifier en contactant vos parents et en leur demandant leur accord.<\/p>\n<p><strong><span style=\"color: #ffcc99;\">Voyage de noces:<\/strong><\/span> v\u00e9rifiez la validit\u00e9 de vos passeports et autres documents requis pour votre destination.<\/p>\n<h2><span style=\"color: #ffcc00;\">15 jours avant<br \/>\n<\/span><\/h2>\n<p><strong><span style=\"color: #ffcc99;\">Bouquet:<\/strong><\/span> le mari\u00e9 choisit et commande son bouquet.<\/p>\n<p><strong><span style=\"color: #ffcc99;\">Robe pour la r\u00e9ception:<\/strong><\/span> achetez votre robe pour la r\u00e9ception si vous souhaitez \u00eatre plus \u00e0 l'aise apr\u00e8s la c\u00e9r\u00e9monie.<\/p>\n<p><strong><span style=\"color: #ffcc99;\">Coussin d'alliances:<\/strong><\/span> choisissez-en un en fonction du style et des couleurs de la d\u00e9coration de l'\u00e9glise et achetez-le.<\/p>\n<p><strong><span style=\"color: #ffcc99;\">Robe de la mari\u00e9e:<\/strong><\/span> dernier essayage des robes, accessoires, coiffure et maquillage.<\/p>\n<p><strong><span style=\"color: #ffcc99;\">Traiteur:<\/strong><\/span> confirmez toutes les options et les d\u00e9tails discut\u00e9s et r\u00e9p\u00e9tez le menu du d\u00e9jeuner ou du d\u00eener. Enfin, convenez du prix final en fonction du nombre d'invit\u00e9s.<\/p>\n<p><strong><span style=\"color: #ffcc99;\">Maquillage:<\/strong><\/span> commencez les soins de beaut\u00e9 pour le visage, le corps et les cheveux.<\/p>\n<p><strong><span style=\"color: #ffcc99;\">Lune de miel:<\/strong><\/span> confirmez les vols, les services et les activit\u00e9s s\u00e9lectionn\u00e9s pour le voyage aupr\u00e8s de l'agence et r\u00e9servez la devise du pays de destination, si n\u00e9cessaire.<\/p>\n<h2><span style=\"color: #ffcc00;\">7 jours avant<br \/>\n<\/span><\/h2>\n<p><strong><span style=\"color: #ffcc99;\">Enterrements de vie de jeune fille et de gar\u00e7on:<\/strong><\/span> si vous le souhaitez, f\u00eatez l'\u00e9v\u00e9nement avec vos amis. Sinon, offrez-vous deux jours de d\u00e9tente dans un spa ou profitez simplement d'un repos bien m\u00e9rit\u00e9.<\/p>\n<p><strong><span style=\"color: #ffcc99;\">Lune de miel:<\/strong><\/span> pr\u00e9parez vos valises et assurez-vous que tout est pr\u00eat pour le voyage.<\/p>\n<p><strong><span style=\"color: #ffcc99;\">Prestataires:<\/strong><\/span> contactez tous vos prestataires (musiciens, fleuriste, photographe, traiteur, etc.) et v\u00e9rifiez que tout est en ordre. Communiquez au traiteur le nombre d\u00e9finitif d'invit\u00e9s.<\/p>\n<p><strong><span style=\"color: #ffcc99;\">Plan de table:<\/strong><\/span> v\u00e9rifiez une derni\u00e8re fois le plan de table et modifiez-le si n\u00e9cessaire.<\/p>\n<h2><span style=\"color: #ffcc00;\">2 jours avant<br \/>\n<\/span><\/h2>\n<p><strong><span style=\"color: #ffcc99;\">Robe de la mari\u00e9e:<\/strong><\/span> r\u00e9cup\u00e9rez la robe, les accessoires et les chaussures et v\u00e9rifiez tous les d\u00e9tails.<\/p>\n<p><strong><span style=\"color: #ffcc99;\">Maquillage:<\/strong><\/span> prenez rendez-vous chez l'esth\u00e9ticienne pour les derni\u00e8res retouches.<\/p>\n<p><strong><span style=\"color: #ffcc99;\">Prestataires:<\/strong><\/span> r\u00e9glez vos factures aupr\u00e8s de vos prestataires.<\/p>\n<h2><span style=\"color: #ffcc00;\">1 jour avant<br \/>\n<\/span><\/h2>\n<p><strong><span style=\"color: #ffcc99;\">Maquillage:<\/strong><\/span> confirmez vos rendez-vous avec le coiffeur, la maquilleuse, le photographe et le chauffeur pour le lendemain matin.<\/p>\n<p><strong><span style=\"color: #ffcc99;\">Trousse de beaut\u00e9:<\/strong><\/span> la mari\u00e9e pr\u00e9pare une petite trousse de maquillage pour une amie, contenant tout le n\u00e9cessaire pour les retouches, ainsi qu'une paire de chaussettes de rechange et des chaussures confortables.<\/p>\n<h2><span style=\"color: #ffcc00;\">Le jour du mariage<br \/>\n<\/span><\/h2>\n<p><strong><span style=\"color: #ffcc99;\">R\u00e9veil:<\/strong><\/span> levez-vous t\u00f4t ; aucun retard ni impr\u00e9vu ne doit g\u00e2cher votre journ\u00e9e.<\/p>\n<p><strong><span style=\"color: #ffcc99;\">Maquillage:<\/strong><\/span> ttendez l'arriv\u00e9e du photographe, puis commencez la pr\u00e9paration (coiffure et maquillage).<\/p>\n<p><strong><span style=\"color: #ffcc99;\">Alliances:<\/strong><\/span> confiez-les \u00e0 la personne qui les portera \u00e0 l'\u00e9glise.<\/p>\n<p><strong><span style=\"color: #ffcc99;\">Bouquet:<\/strong><\/span> le mari\u00e9 r\u00e9cup\u00e8re le bouquet et le fait livrer \u00e0 la mari\u00e9e. Les bouquets des demoiselles d'honneur sont remis \u00e0 leurs m\u00e8res.<\/p>\n<p><strong><span style=\"color: #ffcc99;\">Derni\u00e8re \u00e9tape:<\/strong><\/span> le mari\u00e9 se rend t\u00f4t \u00e0 l'\u00e9glise ou \u00e0 la mairie o\u00f9 il retrouve sa famille, les t\u00e9moins et les invit\u00e9s. La mari\u00e9e arrive quelques minutes plus tard que pr\u00e9vu\u2026 et voil\u00e0, le grand moment est enfin arriv\u00e9 !<\/p>\n<h2><strong>&nbsp;<\/strong><\/h2>\n<p><script type=\"text\/javascript\">var nibirumail_advice_text = 'villabornancini.it utilise des cookies pour vous offrir une meilleure exp\u00e9rience de navigation. En utilisant notre service, vous acceptez l'utilisation de cookies conform\u00e9ment \u00e0 notre politique en mati\u00e8re de cookies. <a href=\"https:\/\/villabornancini.it\/?page_id=1432&lang=fr\" target=\"_blank\">En savoir plus.<\/a>. <a href=\"javascript:;\" class=\"nibirumail_agreement\">Je comprends.<\/a>';<\/script><br \/>\n<script type=\"text\/javascript\">var cookie_policy_url = 'https:\/\/villabornancini.it\/?page_id=1432&lang=fr';<\/script><br \/>\n<script type=\"text\/javascript\" src=\"https:\/\/nibirumail.com\/docs\/scripts\/nibirumail.cookie.min.js\"><\/script><\/p>","protected":false},"excerpt":{"rendered":"<p>Retour au Mariage &nbsp; Venez organiser votre mariage passo a passo Donc, peu importe la raison pour laquelle vous pensez \u00e0 l'organisation du mariage parfait, mais avec attention et qualche consiglio utiliser potrete orientarvi avec semplicit\u00e0 e tranquillit\u00e0 de la m\u00eame mani\u00e8re de pr\u00e9paration. Dans cette section, vous pouvez voir les applications importantes et le &hellip; <\/p>\n<p class=\"link-more\"><a href=\"https:\/\/villabornancini.it\/fr\/agenda-degli-sposi\" class=\"more-link\">Continuer la lecture<span class=\"screen-reader-text\"> de &laquo;&nbsp;<span style=\"color: #ffcc99;\">Organisatrice de Mariage<\/span>&nbsp;&raquo;<\/span><\/a><\/p>\n","protected":false},"author":1,"featured_media":0,"parent":0,"menu_order":0,"comment_status":"closed","ping_status":"closed","template":"","meta":{"footnotes":""},"class_list":["post-47015","page","type-page","status-publish","hentry"],"_links":{"self":[{"href":"https:\/\/villabornancini.it\/fr\/wp-json\/wp\/v2\/pages\/47015","targetHints":{"allow":["GET"]}}],"collection":[{"href":"https:\/\/villabornancini.it\/fr\/wp-json\/wp\/v2\/pages"}],"about":[{"href":"https:\/\/villabornancini.it\/fr\/wp-json\/wp\/v2\/types\/page"}],"author":[{"embeddable":true,"href":"https:\/\/villabornancini.it\/fr\/wp-json\/wp\/v2\/users\/1"}],"replies":[{"embeddable":true,"href":"https:\/\/villabornancini.it\/fr\/wp-json\/wp\/v2\/comments?post=47015"}],"version-history":[{"count":30,"href":"https:\/\/villabornancini.it\/fr\/wp-json\/wp\/v2\/pages\/47015\/revisions"}],"predecessor-version":[{"id":47065,"href":"https:\/\/villabornancini.it\/fr\/wp-json\/wp\/v2\/pages\/47015\/revisions\/47065"}],"wp:attachment":[{"href":"https:\/\/villabornancini.it\/fr\/wp-json\/wp\/v2\/media?parent=47015"}],"curies":[{"name":"wp","href":"https:\/\/api.w.org\/{rel}","templated":true}]}}