{"id":1432,"date":"2023-01-28T09:33:08","date_gmt":"2023-01-28T09:33:08","guid":{"rendered":"https:\/\/villabornancini.it\/?page_id=1432"},"modified":"2025-04-27T11:27:36","modified_gmt":"2025-04-27T09:27:36","slug":"cookie-policy","status":"publish","type":"page","link":"https:\/\/villabornancini.it\/pt\/cookie-policy","title":{"rendered":"Cookie policy"},"content":{"rendered":"<p><\/p>\n<form><a class=\"fasc-button fasc-size-medium fasc-type-glossy fasc-rounded-medium\" style=\"background-color: #045d80; color: #ffcc00;\" onclick=\"history.back()\">Voltar<\/a><\/form>\n<div class=\"container\">\n<div class=\"row\">\n<div class=\"col-md-12 text-justify\">\n<h1><span class=\"HwtZe\" lang=\"pt\" style=\"color: #ffff00;\"><span class=\"jCAhz ChMk0b\"><span class=\"ryNqvb\">Pol\u00edtica de cookies para www.villabornancini.it<\/span><\/span><\/span><\/h1>\n<\/div>\n<\/div>\n<div class=\"row\">\n<div class=\"col-md-12 text-justify\">\n<h2><span style=\"color: #ffff00;\">U<span class=\"HwtZe\" lang=\"pt\"><span class=\"jCAhz ChMk0b\"><span class=\"ryNqvb\">so de Cookies<\/span><\/span><\/span><\/span><\/h2>\n<p><span class=\"HwtZe\" lang=\"pt\" style=\"color: #ffcc99;\"><span class=\"jCAhz ChMk0b\"><span class=\"ryNqvb\">O \"Site\" (villabornancini.it) utiliza Cookies para tornar seus servi\u00e7os simples e eficientes para os usu\u00e1rios que visualizam as p\u00e1ginas de villabornancini.it. Os usu\u00e1rios que visualizam o Site ver\u00e3o quantidades m\u00ednimas de informa\u00e7\u00f5es inseridas nos dispositivos em uso, sejam eles computadores ou dispositivos m\u00f3veis, em pequenos arquivos de texto denominados \"cookies\" salvos nos diret\u00f3rios utilizados pelo navegador da Web do Usu\u00e1rio. Existem v\u00e1rios tipos de cookies, alguns para tornar mais eficaz a utiliza\u00e7\u00e3o do Site, outros para habilitar determinadas funcionalidades.<\/span><\/span><\/span><\/p>\n<p><span class=\"HwtZe\" lang=\"pt\" style=\"color: #ffcc99;\"><span class=\"jCAhz ChMk0b\"><span class=\"ryNqvb\">Ao analis\u00e1-los detalhadamente, nossos cookies permitem:<\/span><\/span><\/span><\/p>\n<ul>\n<li><span style=\"color: #ffcc99;\">m<span class=\"HwtZe\" lang=\"pt\"><span class=\"jCAhz ChMk0b\"><span class=\"ryNqvb\">emorizar as prefer\u00eancias inseridas;<\/span><\/span><\/span><\/span><\/li>\n<li><span style=\"color: #ffcc99;\">e<span class=\"HwtZe\" lang=\"pt\"><span class=\"jCAhz ChMk0b\"><span class=\"ryNqvb\">vite reinserir as mesmas informa\u00e7\u00f5es v\u00e1rias vezes durante a visita, como nome de usu\u00e1rio e senha;<\/span><\/span><\/span><\/span><\/li>\n<li><span style=\"color: #ffcc99;\">a<span class=\"HwtZe\" lang=\"pt\"><span class=\"jCAhz ChMk0b C1N51c\"><span class=\"ryNqvb\">nalisar o uso dos servi\u00e7os e conte\u00fados fornecidos por villabornancini.it para otimizar a experi\u00eancia de navega\u00e7\u00e3o e os servi\u00e7os oferecidos<\/span><\/span><\/span>.<\/span><\/li>\n<\/ul>\n<h2><span style=\"color: #ffff00;\">T<span class=\"HwtZe\" lang=\"pt\"><span class=\"jCAhz ChMk0b\"><span class=\"ryNqvb\">ipos de Cookies<\/span><\/span><\/span><\/span><\/h2>\n<h3><span style=\"color: #ffff00;\">C<span class=\"HwtZe\" lang=\"pt\"><span class=\"jCAhz ChMk0b\"><span class=\"ryNqvb\">ookies t\u00e9cnicos<\/span><\/span><\/span><\/span><\/h3>\n<p><span style=\"color: #ffcc99;\"><span class=\"HwtZe\" lang=\"pt\"><span class=\"jCAhz ChMk0b C1N51c\"><span class=\"ryNqvb\">Este tipo de cookie permite que certas se\u00e7\u00f5es do site funcionem corretamente. Eles s\u00e3o de duas categorias: persistentes e de sess\u00e3o<\/span><\/span><\/span>:<\/span><\/p>\n<ul>\n<li><span style=\"color: #ffcc99;\">p<span class=\"HwtZe\" lang=\"pt\"><span class=\"jCAhz ChMk0b C1N51c\"><span class=\"ryNqvb\">ersistente: uma vez que o navegador \u00e9 fechado, eles n\u00e3o s\u00e3o destru\u00eddos, mas permanecem at\u00e9 uma data de expira\u00e7\u00e3o predefinida<\/span><\/span><\/span><\/span><\/li>\n<li><span class=\"HwtZe\" lang=\"pt\" style=\"color: #ffcc99;\"><span class=\"jCAhz ChMk0b\"><span class=\"ryNqvb\">sess\u00e3o: s\u00e3o destru\u00eddos sempre que o navegador \u00e9 fechado<\/span><\/span><\/span><\/li>\n<\/ul>\n<p><span style=\"color: #ffcc99;\"><span class=\"HwtZe\" lang=\"pt\"><span class=\"jCAhz ChMk0b C1N51c\"><span class=\"ryNqvb\">Estes cookies, sempre enviados do nosso dom\u00ednio, s\u00e3o necess\u00e1rios para a correta visualiza\u00e7\u00e3o do site e em rela\u00e7\u00e3o aos servi\u00e7os t\u00e9cnicos oferecidos, pelo que ser\u00e3o sempre utilizados e enviados, a menos que o utilizador altere as configura\u00e7\u00f5es do seu navegador (afetando assim a visualiza\u00e7\u00e3o do site P\u00e1ginas)<\/span><\/span><\/span>.<\/span><\/p>\n<h3><span style=\"color: #ffff00;\">C<span class=\"HwtZe\" lang=\"pt\"><span class=\"jCAhz ChMk0b\"><span class=\"ryNqvb\">ookies anal\u00edticos<\/span><\/span><\/span><\/span><\/h3>\n<p><span style=\"color: #ffcc99;\"><span class=\"HwtZe\" lang=\"pt\"><span class=\"jCAhz ChMk0b\"><span class=\"ryNqvb\">Os cookies desta categoria s\u00e3o usados \u200b\u200bpara coletar informa\u00e7\u00f5es sobre o uso do site.<\/span><\/span> <span class=\"jCAhz ChMk0b\"><span class=\"ryNqvb\">Villabornancini.it usar\u00e1 essas informa\u00e7\u00f5es para an\u00e1lises estat\u00edsticas an\u00f4nimas, a fim de melhorar o uso do Site e tornar os conte\u00fados mais interessantes e relevantes aos desejos dos usu\u00e1rios.<\/span><\/span> <span class=\"jCAhz ChMk0b\"><span class=\"ryNqvb\">Este tipo de cookie coleta dados an\u00f4nimos sobre a atividade do usu\u00e1rio e como ela chegou ao site. Cookies anal\u00edticos s\u00e3o enviados do pr\u00f3prio site ou de dom\u00ednios de terceiros<\/span><\/span><\/span>.<\/span><\/p>\n<h3><span style=\"color: #ffff00;\">C<span class=\"HwtZe\" lang=\"pt\"><span class=\"jCAhz ChMk0b\"><span class=\"ryNqvb\">ookies de an\u00e1lise de servi\u00e7os de terceiros<\/span><\/span><\/span><\/span><\/h3>\n<p><span style=\"color: #ffcc99;\"><span class=\"HwtZe\" lang=\"pt\"><span class=\"jCAhz ChMk0b\"><span class=\"ryNqvb\">Estes cookies s\u00e3o utilizados para recolher informa\u00e7\u00e3o sobre a utiliza\u00e7\u00e3o do Site pelos utilizadores de forma an\u00f3nima tais como: p\u00e1ginas visitadas, tempo gasto, origens do tr\u00e1fego de origem, proveni\u00eancia geogr\u00e1fica, idade, g\u00e9nero e interesses para efeitos de campanhas de marketing.<\/span><\/span> <span class=\"jCAhz ChMk0b\"><span class=\"ryNqvb\">Esses cookies s\u00e3o enviados de dom\u00ednios de terceiros externos ao Site<\/span><\/span><\/span>.<\/span><\/p>\n<h3><span style=\"color: #ffff00;\">C<span class=\"HwtZe\" lang=\"pt\"><span class=\"jCAhz ChMk0b C1N51c\"><span class=\"ryNqvb\">ookies para integrar produtos e fun\u00e7\u00f5es de software de terceiros<\/span><\/span><\/span><\/span><\/h3>\n<p><span style=\"color: #ffcc99;\"><span class=\"HwtZe\" lang=\"pt\"><span class=\"jCAhz ChMk0b\"><span class=\"ryNqvb\">Este tipo de cookie integra funcionalidades desenvolvidas por terceiros dentro das p\u00e1ginas do site, como \u00edcones e prefer\u00eancias expressas nas redes sociais para compartilhar o conte\u00fado do site ou para o uso de servi\u00e7os de software de terceiros (como software para gerar os mapas e outros softwares que oferecem servi\u00e7os adicionais).<\/span><\/span> <span class=\"jCAhz ChMk0b\"><span class=\"ryNqvb\">Esses cookies s\u00e3o enviados de dom\u00ednios de terceiros e sites parceiros que oferecem sua funcionalidade nas p\u00e1ginas do site<\/span><\/span><\/span>.<\/span><\/p>\n<h3><span style=\"color: #ffff00;\">C<span class=\"HwtZe\" lang=\"pt\"><span class=\"jCAhz ChMk0b\"><span class=\"ryNqvb\">ookies de cria\u00e7\u00e3o de perfil<\/span><\/span><\/span><\/span><\/h3>\n<p><span style=\"color: #ffcc99;\"><span class=\"HwtZe\" lang=\"pt\"><span class=\"jCAhz ChMk0b C1N51c\"><span class=\"ryNqvb\">Esses cookies s\u00e3o necess\u00e1rios para criar perfis de usu\u00e1rio para enviar mensagens publicit\u00e1rias de acordo com as prefer\u00eancias expressas pelo usu\u00e1rio nas p\u00e1ginas do Site<\/span><\/span><\/span>.<\/span><\/p>\n<p><span style=\"color: #ffcc99;\">V<span class=\"HwtZe\" lang=\"pt\"><span class=\"jCAhz ChMk0b C1N51c\"><span class=\"ryNqvb\">illabornancini.it, de acordo com a legisla\u00e7\u00e3o vigente, n\u00e3o \u00e9 obrigado a obter consentimento para cookies t\u00e9cnicos e anal\u00edticos, pois s\u00e3o necess\u00e1rios para fornecer os servi\u00e7os necess\u00e1rios<\/span><\/span><\/span>.<\/span><\/p>\n<p><span style=\"color: #ffcc99;\">P<span class=\"HwtZe\" lang=\"pt\"><span class=\"jCAhz ChMk0b C1N51c\"><span class=\"ryNqvb\">ara todos os outros tipos de cookies, o consentimento pode ser expresso pelo Usu\u00e1rio em uma ou mais das seguintes formas<\/span><\/span><\/span>:<\/span><\/p>\n<ul>\n<li><span style=\"color: #ffcc99;\"><span class=\"HwtZe\" lang=\"pt\"><span class=\"jCAhz ChMk0b C1N51c\"><span class=\"ryNqvb\">Atrav\u00e9s de configura\u00e7\u00f5es espec\u00edficas do navegador utilizado ou dos respectivos programas inform\u00e1ticos utilizados para navegar nas p\u00e1ginas que comp\u00f5em o Site<\/span><\/span><\/span>.<\/span><\/li>\n<li><span class=\"HwtZe\" lang=\"pt\" style=\"color: #ffcc99;\"><span class=\"jCAhz ChMk0b C1N51c\"><span class=\"ryNqvb\">Ao alterar as configura\u00e7\u00f5es no uso de servi\u00e7os de terceiros<\/span><\/span><\/span><\/li>\n<\/ul>\n<p><span style=\"color: #ffcc99;\"><strong><span class=\"HwtZe\" lang=\"pt\"><span class=\"jCAhz ChMk0b C1N51c\"><span class=\"ryNqvb\">Ambas as solu\u00e7\u00f5es podem impedir o usu\u00e1rio de usar ou visualizar partes do Site<\/span><\/span><\/span>.<\/strong><\/span><\/p>\n<h3><span style=\"color: #ffff00;\">S<span class=\"HwtZe\" lang=\"pt\"><span class=\"jCAhz ChMk0b\"><span class=\"ryNqvb\">ites e servi\u00e7os de terceiros<\/span><\/span><\/span><\/span><\/h3>\n<p><span style=\"color: #ffcc99;\"><span class=\"HwtZe\" lang=\"pt\"><span class=\"jCAhz ChMk0b\"><span class=\"ryNqvb\">O Site pode conter links para outros sites da Web que tenham sua pr\u00f3pria pol\u00edtica de privacidade que pode ser diferente da adotada por villabornancini.it que, portanto, n\u00e3o \u00e9 respons\u00e1vel por esses sites<\/span><\/span><\/span>.<\/span><\/p>\n<p class=\"small text-center\"><span class=\"HwtZe\" lang=\"pt\" style=\"color: #ffcc99;\"><span class=\"jCAhz ChMk0b\"><span class=\"ryNqvb\">\u00daltima atualiza\u00e7\u00e3o em 27\/01\/2024<\/span><\/span><\/span><\/p>\n<h2><span style=\"color: #ffff00;\">C<span class=\"HwtZe\" lang=\"pt\"><span class=\"jCAhz ChMk0b\"><span class=\"ryNqvb\">omo desativar os cookies configurando seu navegador<\/span><\/span><\/span><\/span><\/h2>\n<p><span style=\"color: #ffcc99;\">S<span class=\"HwtZe\" lang=\"pt\"><span class=\"jCAhz ChMk0b C1N51c\"><span class=\"ryNqvb\">e desejar saber mais sobre as formas como o seu navegador armazena os cookies durante a sua navega\u00e7\u00e3o, siga estes links nos sites dos respetivos fornecedores<\/span><\/span><\/span>.<\/span><\/p>\n<table class=\"table\">\n<tbody>\n<tr>\n<td><a href=\"https:\/\/support.mozilla.org\/it\/kb\/Gestione%20dei%20cookie\" target=\"_blank\" rel=\"noopener\"><span style=\"color: #ffff00;\">Mozilla Firefox<\/span><\/a><\/td>\n<td><span style=\"color: #ffcc99;\">https:\/\/support.mozilla.org\/it\/kb\/Gestione%20dei%20cookie<\/span><\/td>\n<\/tr>\n<tr>\n<td><a href=\"https:\/\/support.google.com\/chrome\/answer\/95647?hl=it\" target=\"_blank\" rel=\"noopener\"><span style=\"color: #ffff00;\">Google Chrome<\/span><\/a><\/td>\n<td><span style=\"color: #ffcc99;\">https:\/\/support.google.com\/chrome\/answer\/95647?hl=it<\/span><\/td>\n<\/tr>\n<tr>\n<td><a href=\"http:\/\/windows.microsoft.com\/it-it\/windows-vista\/block-or-allow-cookies\" target=\"_blank\" rel=\"noopener\"><span style=\"color: #ffff00;\">Internet Explorer<\/span><\/a><\/td>\n<td><span style=\"color: #ffcc99;\">http:\/\/windows.microsoft.com\/it-it\/windows-vista\/block-or-allow-cookies<\/span><\/td>\n<\/tr>\n<tr>\n<td><a href=\"https:\/\/support.apple.com\/kb\/PH17191?viewlocale=it_IT&amp;locale=en_US\" target=\"_blank\" rel=\"noopener\"><span style=\"color: #ffff00;\">Safari 6\/7 Mavericks<\/span><\/a><\/td>\n<td><span style=\"color: #ffcc99;\">https:\/\/support.apple.com\/kb\/PH17191?viewlocale=it_IT&amp;locale=it_IT<\/span><\/td>\n<\/tr>\n<tr>\n<td><a href=\"https:\/\/support.apple.com\/kb\/PH19214?viewlocale=it_IT&amp;locale=en_US\" target=\"_blank\" rel=\"noopener\"><span style=\"color: #ffff00;\">Safari 8 Yosemite<\/span><\/a><\/td>\n<td><span style=\"color: #ffcc99;\">https:\/\/support.apple.com\/kb\/PH19214?viewlocale=it_IT&amp;locale=it_IT<\/span><\/td>\n<\/tr>\n<tr>\n<td><a href=\"https:\/\/support.apple.com\/it-it\/HT201265\" target=\"_blank\" rel=\"noopener\"><span style=\"color: #ffff00;\">Safari no iPhone, iPad, ou iPod touch<\/span><\/a><\/td>\n<td><span style=\"color: #ffcc99;\">https:\/\/support.apple.com\/it-it\/HT201265<\/span><\/td>\n<\/tr>\n<\/tbody>\n<\/table>\n<p><span style=\"color: #ffcc99;\"><span class=\"HwtZe\" lang=\"pt\"><span class=\"jCAhz ChMk0b\"><span class=\"ryNqvb\">Se o seu navegador n\u00e3o estiver inclu\u00eddo nesta lista, voc\u00ea pode solicitar mais informa\u00e7\u00f5es enviando um e-mail para info@nibirumail.com.<\/span><\/span> <span class=\"jCAhz ChMk0b\"><span class=\"ryNqvb\">Forneceremos as informa\u00e7\u00f5es necess\u00e1rias para uma navega\u00e7\u00e3o an\u00f4nima e segura<\/span><\/span><\/span>.<\/span><\/p>\n<p class=\"small\"><span style=\"color: #ffcc99;\"><span class=\"HwtZe\" lang=\"pt\"><span class=\"jCAhz ChMk0b C1N51c\"><span class=\"ryNqvb\">Esta p\u00e1gina foi gerada e est\u00e1 hospedada no portal nibirumail.com - O conte\u00fado desta p\u00e1gina foi gerado no s\u00e1bado, 27 de janeiro de 2024, atrav\u00e9s do servi\u00e7o<\/span><\/span><\/span> <a style=\"color: #ffcc99;\" href=\"https:\/\/www.nibirumail.com\/cookies\" target=\"_blank\" rel=\"noopener\">Cookie Policy Generator<\/a>. <span class=\"HwtZe\" lang=\"pt\"><span class=\"jCAhz ChMk0b\"><span class=\"ryNqvb\">A marca Nibirumail e empresas relacionadas n\u00e3o se responsabilizam por informa\u00e7\u00f5es incorretas ou desatualizadas.<\/span><\/span> <span class=\"jCAhz ChMk0b\"><span class=\"ryNqvb\">Se voc\u00ea deseja receber uma vers\u00e3o atualizada deste conte\u00fado, entre em contato com o propriet\u00e1rio da p\u00e1gina anterior<\/span><\/span><\/span>.<\/span><\/p>\n<\/div>\n<\/div>\n<\/div>\n<p><\/p>","protected":false},"excerpt":{"rendered":"<p>Voltar Pol\u00edtica de cookies para www.villabornancini.it Uso de Cookies O \"Site\" (villabornancini.it) utiliza Cookies para tornar seus servi\u00e7os simples e eficientes para os usu\u00e1rios que visualizam as p\u00e1ginas de villabornancini.it. Os usu\u00e1rios que visualizam o Site ver\u00e3o quantidades m\u00ednimas de informa\u00e7\u00f5es inseridas nos dispositivos em uso, sejam eles computadores ou dispositivos m\u00f3veis, em pequenos arquivos &hellip; <\/p>\n<p class=\"link-more\"><a href=\"https:\/\/villabornancini.it\/pt\/cookie-policy\" class=\"more-link\">Continuar a ler <span class=\"screen-reader-text\">\"Cookie policy\"<\/span><\/a><\/p>\n","protected":false},"author":1,"featured_media":0,"parent":0,"menu_order":0,"comment_status":"closed","ping_status":"closed","template":"","meta":{"footnotes":""},"class_list":["post-1432","page","type-page","status-publish","hentry"],"_links":{"self":[{"href":"https:\/\/villabornancini.it\/pt\/wp-json\/wp\/v2\/pages\/1432","targetHints":{"allow":["GET"]}}],"collection":[{"href":"https:\/\/villabornancini.it\/pt\/wp-json\/wp\/v2\/pages"}],"about":[{"href":"https:\/\/villabornancini.it\/pt\/wp-json\/wp\/v2\/types\/page"}],"author":[{"embeddable":true,"href":"https:\/\/villabornancini.it\/pt\/wp-json\/wp\/v2\/users\/1"}],"replies":[{"embeddable":true,"href":"https:\/\/villabornancini.it\/pt\/wp-json\/wp\/v2\/comments?post=1432"}],"version-history":[{"count":6,"href":"https:\/\/villabornancini.it\/pt\/wp-json\/wp\/v2\/pages\/1432\/revisions"}],"predecessor-version":[{"id":42407,"href":"https:\/\/villabornancini.it\/pt\/wp-json\/wp\/v2\/pages\/1432\/revisions\/42407"}],"wp:attachment":[{"href":"https:\/\/villabornancini.it\/pt\/wp-json\/wp\/v2\/media?parent=1432"}],"curies":[{"name":"wp","href":"https:\/\/api.w.org\/{rel}","templated":true}]}}