{"id":28,"date":"2022-11-08T09:46:44","date_gmt":"2022-11-08T09:46:44","guid":{"rendered":"https:\/\/villabornancini.it\/?page_id=28"},"modified":"2025-04-08T15:30:20","modified_gmt":"2025-04-08T13:30:20","slug":"storia","status":"publish","type":"page","link":"https:\/\/villabornancini.it\/pt\/storia","title":{"rendered":"<span style=\"color: #ffcc99;\">Hist\u00f3ria<\/span>"},"content":{"rendered":"<p><a href=\"https:\/\/villabornancini.it\/wp-content\/uploads\/2023\/09\/rZkPFbo.jpeg\"><img loading=\"lazy\" decoding=\"async\" class=\" aligncenter wp-image-28763 size-full\" style=\"border: 10px groove #915205;\" src=\"https:\/\/villabornancini.it\/wp-content\/uploads\/2023\/09\/rZkPFbo.jpeg\" alt=\"\" width=\"386\" height=\"216\" srcset=\"https:\/\/villabornancini.it\/wp-content\/uploads\/2023\/09\/rZkPFbo.jpeg 386w, https:\/\/villabornancini.it\/wp-content\/uploads\/2023\/09\/rZkPFbo-350x196.jpeg 350w, https:\/\/villabornancini.it\/wp-content\/uploads\/2023\/09\/rZkPFbo-300x168.jpeg 300w\" sizes=\"auto, (max-width: 386px) 100vw, 386px\" \/><br \/>\n<\/a><br \/>\n<span style=\"color: #ffcc99;\">A villa rural, de tra\u00e7a t\u00edpica veneziana, provavelmente do s\u00e9culo XVI, distribui-se por tr\u00eas pisos e \u00e9 coberta por uma cobertura de pavilh\u00e3o. O edif\u00edcio assumiu o aspeto atual ap\u00f3s a restaura\u00e7\u00e3o de 1827 e est\u00e1 rodeado por um parque aberto de 4.500 m\u00b2 onde se podem admirar v\u00e1rias esp\u00e9cies arb\u00f3reas centen\u00e1rias entre os quais carvalhos, palmeiras, teixos e laburnos. <\/span><br \/>\n<span style=\"color: #ffcc99;\">O interior manteve o aspecto do s\u00e9culo XIX com mobili\u00e1rio original e pinturas a t\u00eampera que decoram a sala principal do final do s\u00e9culo XIX. A fus\u00e3o entre os objetos que a antiga fam\u00edlia foi colecionando ao longo dos s\u00e9culos e as \u00e1rvores centen\u00e1rias presentes no parque cria uma atmosfera sugestiva que traz \u00e0 mem\u00f3ria a harmonia de tempos passados.<br \/>\nSegundo alguns estudos, o parque, que reflete o estilo t\u00edpico do jardim italiano, foi o local onde o pintor Gregorio Lazzarini (1655 -1730), mestre do mais famoso G. B. Tiepolo, come\u00e7ou a pintar.<\/span><br \/>\n&nbsp;<\/p>\n<table>\n<tbody>\n<tr>\n<td width=\"326\"><span style=\"color: #ffcc99;\">Atualmente a resid\u00eancia \u00e9 propriedade da mesma fam\u00edlia que a comprou no final do s\u00e9culo XIX. Nicol\u00f2 Bornancini, podest\u00e0 de Cinto Caomaggiore e propriet\u00e1rio de terras comprou a villa por ocasi\u00e3o de seu casamento com a condessa Anita Bombarda, natural de Portovecchio, perto de Portogruaro. Cavalire Nicol\u00f2 Bornancini escolheu esta villa como presente de casamento. Infelizmente, sua esposa Anita morreu dois anos depois de dar \u00e0 luz uma menina, Caterina.<\/span><\/td>\n<td width=\"326\">\n<p style=\"text-align: center;\"><a href=\"https:\/\/villabornancini.it\/wp-content\/uploads\/2023\/09\/hLAcUbh-300x179.jpeg\"><img loading=\"lazy\" decoding=\"async\" class=\" alignnone wp-image-28766 size-medium\" style=\"border: 10px groove #915205;\" src=\"https:\/\/villabornancini.it\/wp-content\/uploads\/2023\/09\/hLAcUbh-300x179.jpeg\" alt=\"\" width=\"300\" height=\"179\" srcset=\"https:\/\/villabornancini.it\/wp-content\/uploads\/2023\/09\/hLAcUbh-300x179.jpeg 300w, https:\/\/villabornancini.it\/wp-content\/uploads\/2023\/09\/hLAcUbh-350x209.jpeg 350w, https:\/\/villabornancini.it\/wp-content\/uploads\/2023\/09\/hLAcUbh.jpeg 443w\" sizes=\"auto, (max-width: 300px) 100vw, 300px\" \/><br \/>\n<\/a><\/p>\n<\/td>\n<\/tr>\n<\/tbody>\n<\/table>\n<table>\n<tbody>\n<tr>\n<td width=\"326\"><span style=\"color: #ffcc99;\">O cavaleiro Bombarda recebeu em sua casa uma governanta francesa M.me Chappe que cuidou da educa\u00e7\u00e3o de sua filha. <\/span><br \/>\n<span style=\"color: #ffcc99;\">Caterina, que como todas as mo\u00e7as de boa fam\u00edlia da \u00e9poca, aprendeu a tocar piano gra\u00e7as ao maestro <\/span><br \/>\n<span style=\"color: #ffcc99;\">Goffredo Giarda do conservat\u00f3rio Benedetto Marcello de Veneza, grande amigo do poeta Gabriele D'Annunzio.<\/span><\/td>\n<td width=\"326\">\n<p style=\"text-align: center;\"><a href=\"https:\/\/villabornancini.it\/wp-content\/uploads\/2023\/09\/1RM8gMu-300x197.jpeg\"><img loading=\"lazy\" decoding=\"async\" class=\" alignnone wp-image-28768 size-medium\" style=\"border: 10px groove #915205;\" src=\"https:\/\/villabornancini.it\/wp-content\/uploads\/2023\/09\/1RM8gMu-300x197.jpeg\" alt=\"\" width=\"300\" height=\"197\" srcset=\"https:\/\/villabornancini.it\/wp-content\/uploads\/2023\/09\/1RM8gMu-300x197.jpeg 300w, https:\/\/villabornancini.it\/wp-content\/uploads\/2023\/09\/1RM8gMu-350x230.jpeg 350w, https:\/\/villabornancini.it\/wp-content\/uploads\/2023\/09\/1RM8gMu.jpeg 447w\" sizes=\"auto, (max-width: 300px) 100vw, 300px\" \/><\/a><\/p>\n<\/td>\n<\/tr>\n<\/tbody>\n<\/table>\n<table>\n<tbody>\n<tr>\n<td width=\"326\"><a href=\"https:\/\/villabornancini.it\/wp-content\/uploads\/2023\/11\/IMG_20231120_180209-scaled.jpg\"><img loading=\"lazy\" decoding=\"async\" class=\" wp-image-30501 size-medium aligncenter\" style=\"border: 10px groove #915205;\" src=\"https:\/\/villabornancini.it\/wp-content\/uploads\/2023\/11\/IMG_20231120_180209-300x218.jpg\" alt=\"\" width=\"300\" height=\"218\" srcset=\"https:\/\/villabornancini.it\/wp-content\/uploads\/2023\/11\/IMG_20231120_180209-300x218.jpg 300w, https:\/\/villabornancini.it\/wp-content\/uploads\/2023\/11\/IMG_20231120_180209-scaled-350x254.jpg 350w, https:\/\/villabornancini.it\/wp-content\/uploads\/2023\/11\/IMG_20231120_180209-1024x744.jpg 1024w, https:\/\/villabornancini.it\/wp-content\/uploads\/2023\/11\/IMG_20231120_180209-768x558.jpg 768w, https:\/\/villabornancini.it\/wp-content\/uploads\/2023\/11\/IMG_20231120_180209-1536x1116.jpg 1536w, https:\/\/villabornancini.it\/wp-content\/uploads\/2023\/11\/IMG_20231120_180209-2048x1488.jpg 2048w, https:\/\/villabornancini.it\/wp-content\/uploads\/2023\/11\/IMG_20231120_180209-250x182.jpg 250w, https:\/\/villabornancini.it\/wp-content\/uploads\/2023\/11\/IMG_20231120_180209-550x400.jpg 550w, https:\/\/villabornancini.it\/wp-content\/uploads\/2023\/11\/IMG_20231120_180209-800x581.jpg 800w, https:\/\/villabornancini.it\/wp-content\/uploads\/2023\/11\/IMG_20231120_180209-248x180.jpg 248w, https:\/\/villabornancini.it\/wp-content\/uploads\/2023\/11\/IMG_20231120_180209-413x300.jpg 413w, https:\/\/villabornancini.it\/wp-content\/uploads\/2023\/11\/IMG_20231120_180209-688x500.jpg 688w\" sizes=\"auto, (max-width: 300px) 100vw, 300px\" \/><\/a><\/p>\n<p><span style=\"color: #003300;\"><span style=\"color: #ffcc99;\">Ap\u00f3s a morte do pai, a signora Caterina Bornancini morou na villa com o marido Ottavio Cincotta, General da For\u00e7a A\u00e9rea Real e primo do famoso cantor napolitano Giacomo Rondinella. A atual decora\u00e7\u00e3o interior da vila<\/span> <span style=\"color: #ffcc99;\">foi confiada no in\u00edcio dos anos 1900 \u00e0 m\u00e3o experiente do mestre e restaurador Tiburzio Donadon e seus assistentes que conclu\u00edram a restaura\u00e7\u00e3o da abadia beneditina de Santa Maria in Sylvis em Sesto al Reghena, decorou a par\u00f3quia de Noventa di Piave e uma parte da Catedral de Portogruaro.<\/span><\/span><br \/>\n<span style=\"color: #ffcc99;\">No Salotto della Musica e na Sala de Jantar encontram-se alguns retratos dos anfitri\u00f5es executados pela famosa pintora Maria Vinca, aluna em Veneza da oficina de Gugliemo Ciardi.<\/span><\/td>\n<td width=\"326\">\n<p style=\"text-align: center;\"><a href=\"https:\/\/villabornancini.it\/wp-content\/uploads\/2023\/09\/aVCBnj3.jpeg\"><img loading=\"lazy\" decoding=\"async\" class=\" alignnone wp-image-28769 size-full\" style=\"border: 10px groove #915205;\" src=\"https:\/\/villabornancini.it\/wp-content\/uploads\/2023\/09\/aVCBnj3.jpeg\" alt=\"\" width=\"200\" height=\"278\"><\/a><\/p>\n<p style=\"text-align: center;\"><a href=\"https:\/\/villabornancini.it\/wp-content\/uploads\/2023\/09\/urQfkX4.jpeg\"><img loading=\"lazy\" decoding=\"async\" class=\" alignnone wp-image-28770\" style=\"border: 10px groove #915205;\" src=\"https:\/\/villabornancini.it\/wp-content\/uploads\/2023\/09\/urQfkX4.jpeg\" alt=\"\" width=\"200\" height=\"255\"><\/a><\/p>\n<\/td>\n<\/tr>\n<\/tbody>\n<\/table>\n<table>\n<tbody>\n<tr>\n<td width=\"326\"><a href=\"https:\/\/villabornancini.it\/wp-content\/uploads\/2023\/11\/antenati.jpg\"><img loading=\"lazy\" decoding=\"async\" class=\"aligncenter wp-image-30581 size-full\" style=\"border: 10px groove #915205;\" src=\"https:\/\/villabornancini.it\/wp-content\/uploads\/2023\/11\/antenati.jpg\" alt=\"\" width=\"196\" height=\"278\" srcset=\"https:\/\/villabornancini.it\/wp-content\/uploads\/2023\/11\/antenati.jpg 196w, https:\/\/villabornancini.it\/wp-content\/uploads\/2023\/11\/antenati-127x180.jpg 127w\" sizes=\"auto, (max-width: 196px) 100vw, 196px\" \/><\/a><\/td>\n<td width=\"326\"><span style=\"color: #ffcc99;\">A atual propriet\u00e1ria, Dra. Nicoletta Bulian, \u00e9 guia e l\u00edder de turismo na regi\u00e3o de Veneto, ela fala ingl\u00eas, alem\u00e3o, franc\u00eas e espanhol e est\u00e1 envolvida principalmente em tornar a \u00e1rea conhecida tamb\u00e9m por grupos estrangeiros.<\/span><\/p>\n<p style=\"text-align: center;\">&nbsp;<\/p>\n<\/td>\n<\/tr>\n<\/tbody>\n<\/table>\n<p>&nbsp;<br \/>\n<figure id=\"attachment_30650\" aria-describedby=\"caption-attachment-30650\" style=\"width: 130px\" class=\"wp-caption alignleft\"><a href=\"https:\/\/villabornancini.it\/wp-content\/uploads\/2023\/11\/Stemma.png\"><img loading=\"lazy\" decoding=\"async\" class=\"wp-image-30650\" src=\"https:\/\/villabornancini.it\/wp-content\/uploads\/2023\/11\/Stemma-248x300.png\" alt=\"\" width=\"130\" height=\"157\" srcset=\"https:\/\/villabornancini.it\/wp-content\/uploads\/2023\/11\/Stemma-248x300.png 248w, https:\/\/villabornancini.it\/wp-content\/uploads\/2023\/11\/Stemma-350x424.png 350w, https:\/\/villabornancini.it\/wp-content\/uploads\/2023\/11\/Stemma-250x303.png 250w, https:\/\/villabornancini.it\/wp-content\/uploads\/2023\/11\/Stemma-149x180.png 149w, https:\/\/villabornancini.it\/wp-content\/uploads\/2023\/11\/Stemma.png 413w\" sizes=\"auto, (max-width: 130px) 100vw, 130px\" \/><\/a><figcaption id=\"caption-attachment-30650\" class=\"wp-caption-text\">Cinto Caomaggiore<\/figcaption><\/figure><\/p>\n<p><span style=\"color: #ffcc99;\">A exist\u00eancia de uma comunidade no Cinto est\u00e1 documentada pela primeira vez num documento de 1192, em que o patriarca de Aquileia Godoberto doa seis mansi para serem desmatados na floresta do Cinto. O nome est\u00e1, portanto, intimamente associado \u00e0 natureza arborizada da zona envolvente, o chamado Waldum ou a grande floresta de v\u00e1rzea que ainda ocupava vastos territ\u00f3rios do Vale do P\u00f3. Se para o nome da vila nos referimos a este importante documento do s\u00e9culo XII, alguns importantes achados arqueol\u00f3gicos permitem-nos datar os primeiros assentamentos humanos na zona em tempos muito mais distantes.<br \/>\nDois eixos neol\u00edticos confirmam que o territ\u00f3rio onde hoje se situa Cinto era frequentado h\u00e1 mais de 4000 anos, provavelmente por ca\u00e7adores n\u00f3madas que aqui paravam apenas parte do ano, acompanhando os movimentos dos rebanhos de animais selvagens.<br \/>\nUma antiga \u201c<a href=\"https:\/\/villabornancini.it\/wp-content\/uploads\/2023\/11\/patera-e1701191912488.png\" target=\"_blank\" rel=\"noopener\"><strong><span style=\"color: #ffcc99;\">patera<\/span><\/strong><\/a>\u201d de m\u00e1rmore grego representando em relevo uma \u00e1guia bicando uma lebre na cabe\u00e7a, inserida nas paredes externas da <strong>Villa Bornancini<\/strong> e datada entre os s\u00e9culos XII e XIII, \u00e9 o achado mais antigo hoje vis\u00edvel no territ\u00f3rio. Provavelmente j\u00e1 decorou as paredes externas de um local de culto ou de um importante edif\u00edcio c\u00edvico.<\/span><br \/>\n<script type=\"text\/javascript\">var nibirumail_advice_text = 'villabornancini.it usa cookies para oferecer uma melhor experi\u00eancia de navega\u00e7\u00e3o. Ao usar nosso servi\u00e7o, voc\u00ea aceita o uso de cookies de acordo com nossa pol\u00edtica de cookies. <a href=\"https:\/\/villabornancini.it\/?page_id=1432&lang=pt\" target=\"_blank\">Descubra mais.<\/a>. <a href=\"javascript:;\" class=\"nibirumail_agreement\">Entendo.<\/a>';<\/script><br \/>\n<script type=\"text\/javascript\">var cookie_policy_url = 'https:\/\/villabornancini.it\/?page_id=1432&lang=pt';<\/script><br \/>\n<script type=\"text\/javascript\" src=\"https:\/\/nibirumail.com\/docs\/scripts\/nibirumail.cookie.min.js\"><\/script><\/p>","protected":false},"excerpt":{"rendered":"<p>A villa rural, de tra\u00e7a t\u00edpica veneziana, provavelmente do s\u00e9culo XVI, distribui-se por tr\u00eas pisos e \u00e9 coberta por uma cobertura de pavilh\u00e3o. O edif\u00edcio assumiu o aspeto atual ap\u00f3s a restaura\u00e7\u00e3o de 1827 e est\u00e1 rodeado por um parque aberto de 4.500 m\u00b2 onde se podem admirar v\u00e1rias esp\u00e9cies arb\u00f3reas centen\u00e1rias entre os quais &hellip; <\/p>\n<p class=\"link-more\"><a href=\"https:\/\/villabornancini.it\/pt\/storia\" class=\"more-link\">Continuar a ler <span class=\"screen-reader-text\">\"<span style=\"color: #ffcc99;\">Hist\u00f3ria<\/span>\"<\/span><\/a><\/p>\n","protected":false},"author":1,"featured_media":0,"parent":0,"menu_order":0,"comment_status":"closed","ping_status":"closed","template":"","meta":{"footnotes":""},"class_list":["post-28","page","type-page","status-publish","hentry"],"_links":{"self":[{"href":"https:\/\/villabornancini.it\/pt\/wp-json\/wp\/v2\/pages\/28","targetHints":{"allow":["GET"]}}],"collection":[{"href":"https:\/\/villabornancini.it\/pt\/wp-json\/wp\/v2\/pages"}],"about":[{"href":"https:\/\/villabornancini.it\/pt\/wp-json\/wp\/v2\/types\/page"}],"author":[{"embeddable":true,"href":"https:\/\/villabornancini.it\/pt\/wp-json\/wp\/v2\/users\/1"}],"replies":[{"embeddable":true,"href":"https:\/\/villabornancini.it\/pt\/wp-json\/wp\/v2\/comments?post=28"}],"version-history":[{"count":65,"href":"https:\/\/villabornancini.it\/pt\/wp-json\/wp\/v2\/pages\/28\/revisions"}],"predecessor-version":[{"id":41918,"href":"https:\/\/villabornancini.it\/pt\/wp-json\/wp\/v2\/pages\/28\/revisions\/41918"}],"wp:attachment":[{"href":"https:\/\/villabornancini.it\/pt\/wp-json\/wp\/v2\/media?parent=28"}],"curies":[{"name":"wp","href":"https:\/\/api.w.org\/{rel}","templated":true}]}}