{"id":3,"date":"2022-11-06T09:31:02","date_gmt":"2022-11-06T09:31:02","guid":{"rendered":"https:\/\/villabornancini.it\/?page_id=3"},"modified":"2024-04-01T16:06:47","modified_gmt":"2024-04-01T14:06:47","slug":"privacy-policy","status":"publish","type":"page","link":"https:\/\/villabornancini.it\/pt\/privacy-policy","title":{"rendered":"Privacy Policy"},"content":{"rendered":"<p><\/p>\n<form><a class=\"fasc-button fasc-size-medium fasc-type-glossy fasc-rounded-medium\" style=\"background-color: #045d80; color: #ffcc00;\" onclick=\"history.back()\">Voltar<\/a><\/form>\n<h1><span style=\"color: #ffcc00;\">I<span class=\"HwtZe\" lang=\"pt\"><span class=\"jCAhz ChMk0b\"><span class=\"ryNqvb\">nforma\u00e7\u00f5es de privacidade de acordo com o Decreto Legislativo 196\/03 e o Regulamento da UE no.<\/span><\/span> <span class=\"jCAhz ChMk0b\"><span class=\"ryNqvb\">679\/2016<\/span><\/span><\/span><\/span><\/h1>\n<p class=\"p2\"><span style=\"color: #ffcc99;\"><span class=\"HwtZe\" lang=\"pt\"><span class=\"jCAhz ChMk0b\"><span class=\"ryNqvb\">Querido cliente<\/span><\/span><\/span>,<\/span><\/p>\n<p class=\"p2\"><span style=\"color: #ffcc99;\"><span class=\"HwtZe\" lang=\"pt\"><span class=\"jCAhz ChMk0b\"><span class=\"ryNqvb\">nos termos da legisla\u00e7\u00e3o em vigor sobre prote\u00e7\u00e3o de dados pessoais (Regulamento UE n.\u00ba 679 de 2016), informamos que o tratamento dos seus dados pessoais \u00e9 realizado com corre\u00e7\u00e3o e transpar\u00eancia, para fins l\u00edcitos e protegendo a sua privacidade e os seus direitos<\/span><\/span><\/span>.<\/span><\/p>\n<p class=\"p2\"><span style=\"color: #ffcc99;\"><span class=\"HwtZe\" lang=\"pt\"><span class=\"jCAhz ChMk0b\"><span class=\"ryNqvb\">O tratamento \u00e9 tamb\u00e9m realizado com recurso a meios inform\u00e1ticos para as seguintes finalidades<\/span><\/span><\/span>:<\/span><\/p>\n<h2>1. <span style=\"color: #ffcc00;\"><span class=\"HwtZe\" lang=\"pt\"><span class=\"jCAhz ChMk0b\"><span class=\"ryNqvb\">adquirir e confirmar a sua reserva de servi\u00e7os de alojamento e servi\u00e7os auxiliares, e prestar os servi\u00e7os solicitados<\/span><\/span><\/span>.<\/span><\/h2>\n<p><span style=\"color: #ffcc99;\"><span class=\"HwtZe\" lang=\"pt\"><span class=\"jCAhz ChMk0b\"><span class=\"ryNqvb\">Tratando-se de tratamentos necess\u00e1rios \u00e0 defini\u00e7\u00e3o do acordo contratual e \u00e0 sua posterior implementa\u00e7\u00e3o, n\u00e3o \u00e9 necess\u00e1rio o seu consentimento, exceto no caso em que sejam fornecidos dados particulares, denominados sens\u00edveis.<\/span><\/span> <span class=\"jCAhz ChMk0b\"><span class=\"ryNqvb\">Em caso de recusa de fornecimento dos dados pessoais, n\u00e3o poderemos confirmar a reserva nem prestar-lhe os servi\u00e7os solicitados.<\/span><\/span> <span class=\"jCAhz ChMk0b\"><span class=\"ryNqvb\">O tratamento cessar\u00e1 aquando da sua sa\u00edda, mas alguns dos seus dados pessoais poder\u00e3o ou dever\u00e3o continuar a ser tratados para as finalidades e na forma indicadas nos pontos seguintes<\/span><\/span><\/span>;<\/span><\/p>\n<h2>2. <span style=\"color: #ffcc00;\"><span class=\"HwtZe\" lang=\"pt\"><span class=\"jCAhz ChMk0b\"><span class=\"ryNqvb\">cumprir a obriga\u00e7\u00e3o estabelecida pela \u201cLei Consolidada das Leis de Seguran\u00e7a P\u00fablica<\/span><\/span><\/span>\u201d<\/span><\/h2>\n<p><span style=\"color: #ffcc99;\"><span class=\"HwtZe\" lang=\"pt\"><span class=\"jCAhz ChMk0b\"><span class=\"ryNqvb\">(artigo 109 R.D. 18.6.1931 n. 773) que obriga a comunicar \u00e0 Sede da Pol\u00edcia, para efeitos de seguran\u00e7a p\u00fablica, os dados dos clientes alojados de acordo com os m\u00e9todos estabelecidos pelo Minist\u00e9rio do Interior (Decreto 7 de janeiro de 2013) .<\/span><\/span> <span class=\"jCAhz ChMk0b\"><span class=\"ryNqvb\">O fornecimento de dados \u00e9 obrigat\u00f3rio e n\u00e3o necessita do seu consentimento, sendo que em caso de recusa no seu fornecimento n\u00e3o poderemos acolh\u00ea-lo na nossa estrutura.<\/span><\/span> <span class=\"jCAhz ChMk0b\"><span class=\"ryNqvb\">Os dados adquiridos para este efeito n\u00e3o s\u00e3o por n\u00f3s armazenados, salvo se nos der o seu consentimento para o armazenamento conforme previsto no ponto 4<\/span><\/span><\/span>;<\/span><\/p>\n<h2>3. <span style=\"color: #ffcc00;\"><span class=\"HwtZe\" lang=\"pt\"><span class=\"jCAhz ChMk0b\"><span class=\"ryNqvb\">cumprir as obriga\u00e7\u00f5es administrativas, cont\u00e1beis e fiscais vigentes<\/span><\/span><\/span>.<\/span><\/h2>\n<p><span style=\"color: #ffcc99;\"><span class=\"HwtZe\" lang=\"pt\"><span class=\"jCAhz ChMk0b\"><span class=\"ryNqvb\">Para estes efeitos, o tratamento \u00e9 realizado sem necessidade de obter o seu consentimento.<\/span><\/span> <span class=\"jCAhz ChMk0b\"><span class=\"ryNqvb\">Os dados s\u00e3o processados \u200b\u200bpor n\u00f3s e pelos nossos agentes, e s\u00e3o comunicados externamente apenas no cumprimento de obriga\u00e7\u00f5es legais.<\/span><\/span> <span class=\"jCAhz ChMk0b\"><span class=\"ryNqvb\">Em caso de recusa em fornecer os dados necess\u00e1rios para as obriga\u00e7\u00f5es acima mencionadas, n\u00e3o poderemos prestar-lhe os servi\u00e7os solicitados.<\/span><\/span> <span class=\"jCAhz ChMk0b\"><span class=\"ryNqvb\">Os dados adquiridos para estes efeitos s\u00e3o por n\u00f3s conservados pelo tempo exigido pela respetiva regulamenta\u00e7\u00e3o (10 anos, e ainda mais no caso de liquida\u00e7\u00f5es fiscais)<\/span><\/span><\/span>;<\/span><\/p>\n<h2>4. <span style=\"color: #ffcc00;\"><span class=\"HwtZe\" lang=\"pt\"><span class=\"jCAhz ChMk0b\"><span class=\"ryNqvb\">agilizar os procedimentos de inscri\u00e7\u00e3o em caso de estadias posteriores nas nossas instala\u00e7\u00f5es<\/span><\/span><\/span>.<\/span><\/h2>\n<p><span style=\"color: #ffcc99;\"><span class=\"HwtZe\" lang=\"pt\"><span class=\"jCAhz ChMk0b\"><span class=\"ryNqvb\">Para o efeito, ap\u00f3s obten\u00e7\u00e3o do seu consentimento que poder\u00e1 ser revogado a qualquer momento, os seus dados ser\u00e3o conservados pelo per\u00edodo m\u00e1ximo de 3 anos, e ser\u00e3o utilizados quando voltar a ser nosso h\u00f3spede para as finalidades referidas nos pontos anteriores<\/span><\/span><\/span>;<\/span><\/p>\n<h2>5. <span style=\"color: #ffcc00;\"><span class=\"HwtZe\" lang=\"pt\"><span class=\"jCAhz ChMk0b\"><span class=\"ryNqvb\">desempenhar a fun\u00e7\u00e3o de receber mensagens e chamadas telef\u00f3nicas que lhe sejam dirigidas durante a sua estadia<\/span><\/span><\/span>.<\/span><\/h2>\n<p><span style=\"color: #ffcc99;\"><span class=\"HwtZe\" lang=\"pt\"><span class=\"jCAhz ChMk0b\"><span class=\"ryNqvb\">Para este efeito, \u00e9 necess\u00e1rio o seu consentimento.<\/span><\/span> <span class=\"jCAhz ChMk0b\"><span class=\"ryNqvb\">Voc\u00ea pode revogar seu consentimento a qualquer momento.<\/span><\/span> <span class=\"jCAhz ChMk0b\"><span class=\"ryNqvb\">No entanto, o processamento cessar\u00e1 ap\u00f3s a sua partida<\/span><\/span><\/span>;<\/span><\/p>\n<p class=\"p2\"><span style=\"color: #ffcc99;\"><span class=\"HwtZe\" lang=\"pt\"><span class=\"jCAhz ChMk0b\"><span class=\"ryNqvb\">Gostar\u00edamos tamb\u00e9m de informar que o Regulamento Europeu reconhece certos direitos, incluindo o direito de acesso e retifica\u00e7\u00e3o, ou cancelamento ou limita\u00e7\u00e3o ou oposi\u00e7\u00e3o ao processamento, al\u00e9m do direito \u00e0 portabilidade de dados, se e na medida do aplic\u00e1vel (artigos 15 a 22 do Regulamento UE n.\u00ba 679 de 2016).<\/span><\/span> <span class=\"jCAhz ChMk0b\"><span class=\"ryNqvb\">Poder\u00e1 tamb\u00e9m apresentar reclama\u00e7\u00e3o junto da autoridade de controlo, de acordo com os procedimentos estabelecidos pela legisla\u00e7\u00e3o em vigor<\/span><\/span><\/span>.<\/span><\/p>\n<p class=\"p2\"><span style=\"color: #ffcc99;\"><span class=\"HwtZe\" lang=\"pt\"><span class=\"jCAhz ChMk0b\"><span class=\"ryNqvb\">Para mais informa\u00e7\u00f5es e para fazer valer os direitos que lhe s\u00e3o reconhecidos pelo Regulamento Europeu, pode contactar<\/span><\/span><\/span>:<\/span><\/p>\n<p class=\"p2\"><b><span class=\"HwtZe\" lang=\"pt\" style=\"color: #ffcc00;\"><span class=\"jCAhz ChMk0b\"><span class=\"ryNqvb\">Controladora de dados:<\/span><\/span><\/span><br \/>\n<\/b>Nicoletta Bulian; tel. +39 347 7826508&nbsp;<br \/>\n<a href=\"mailto:allabotte@allabotte.it\" target=\"_blank\" rel=\"noopener\"><span class=\"s2\">info@villabornancini.it&nbsp; <\/span><\/a>- PEC: <a href=\"mailto:allabotte@legalmail.it\" target=\"_blank\" rel=\"noopener\">bbvillabornancini@legalmail.it<\/a><\/p>\n<p>&nbsp;<br \/>\n<script type=\"text\/javascript\">var nibirumail_advice_text = 'villabornancini.it usa cookies para oferecer uma melhor experi\u00eancia de navega\u00e7\u00e3o. Ao usar nosso servi\u00e7o, voc\u00ea aceita o uso de cookies de acordo com nossa pol\u00edtica de cookies. <a href=\"https:\/\/villabornancini.it\/?page_id=1432&lang=pt\" target=\"_blank\">Descubra mais.<\/a>. <a href=\"javascript:;\" class=\"nibirumail_agreement\">Entendo.<\/a>';<\/script><br \/>\n<script type=\"text\/javascript\">var cookie_policy_url = 'https:\/\/villabornancini.it\/?page_id=1432&lang=pt';<\/script><br \/>\n<script type=\"text\/javascript\" src=\"https:\/\/nibirumail.com\/docs\/scripts\/nibirumail.cookie.min.js\"><\/script><\/p>","protected":false},"excerpt":{"rendered":"<p>Voltar Informa\u00e7\u00f5es de privacidade de acordo com o Decreto Legislativo 196\/03 e o Regulamento da UE no. 679\/2016 Querido cliente, nos termos da legisla\u00e7\u00e3o em vigor sobre prote\u00e7\u00e3o de dados pessoais (Regulamento UE n.\u00ba 679 de 2016), informamos que o tratamento dos seus dados pessoais \u00e9 realizado com corre\u00e7\u00e3o e transpar\u00eancia, para fins l\u00edcitos e &hellip; <\/p>\n<p class=\"link-more\"><a href=\"https:\/\/villabornancini.it\/pt\/privacy-policy\" class=\"more-link\">Continuar a ler <span class=\"screen-reader-text\">\"Privacy Policy\"<\/span><\/a><\/p>\n","protected":false},"author":1,"featured_media":0,"parent":0,"menu_order":0,"comment_status":"closed","ping_status":"closed","template":"","meta":{"footnotes":""},"class_list":["post-3","page","type-page","status-publish","hentry"],"_links":{"self":[{"href":"https:\/\/villabornancini.it\/pt\/wp-json\/wp\/v2\/pages\/3","targetHints":{"allow":["GET"]}}],"collection":[{"href":"https:\/\/villabornancini.it\/pt\/wp-json\/wp\/v2\/pages"}],"about":[{"href":"https:\/\/villabornancini.it\/pt\/wp-json\/wp\/v2\/types\/page"}],"author":[{"embeddable":true,"href":"https:\/\/villabornancini.it\/pt\/wp-json\/wp\/v2\/users\/1"}],"replies":[{"embeddable":true,"href":"https:\/\/villabornancini.it\/pt\/wp-json\/wp\/v2\/comments?post=3"}],"version-history":[{"count":32,"href":"https:\/\/villabornancini.it\/pt\/wp-json\/wp\/v2\/pages\/3\/revisions"}],"predecessor-version":[{"id":32719,"href":"https:\/\/villabornancini.it\/pt\/wp-json\/wp\/v2\/pages\/3\/revisions\/32719"}],"wp:attachment":[{"href":"https:\/\/villabornancini.it\/pt\/wp-json\/wp\/v2\/media?parent=3"}],"curies":[{"name":"wp","href":"https:\/\/api.w.org\/{rel}","templated":true}]}}