{"id":38296,"date":"2024-11-09T12:33:25","date_gmt":"2024-11-09T11:33:25","guid":{"rendered":"https:\/\/villabornancini.it\/?page_id=38296"},"modified":"2025-03-28T15:53:45","modified_gmt":"2025-03-28T14:53:45","slug":"contatto-per-il-bb","status":"publish","type":"page","link":"https:\/\/villabornancini.it\/pt\/contatto-per-il-bb","title":{"rendered":"Contacto para o B&#038;B"},"content":{"rendered":"<p><span style=\"color: #ffcc00;\"><a class=\"fasc-button fasc-size-medium fasc-type-glossy fasc-rounded-medium\" style=\"background-color: #045d80; color: #ebe40c;\" href=\"https:\/\/villabornancini.it\/contatti\"><span style=\"color: #ffcc00;\">Voltar para contactos<\/span><\/a><\/span><br \/>\n&nbsp;<br \/>\n<a href=\"https:\/\/villabornancini.it\/wp-content\/uploads\/2023\/09\/Logo8.3.png\"><img loading=\"lazy\" decoding=\"async\" class=\"alignnone wp-image-28981\" src=\"https:\/\/villabornancini.it\/wp-content\/uploads\/2023\/09\/Logo8.3-150x150.png\" alt=\"\" width=\"100\" height=\"90\" srcset=\"https:\/\/villabornancini.it\/wp-content\/uploads\/2023\/09\/Logo8.3-350x316.png 350w, https:\/\/villabornancini.it\/wp-content\/uploads\/2023\/09\/Logo8.3-300x271.png 300w, https:\/\/villabornancini.it\/wp-content\/uploads\/2023\/09\/Logo8.3.png 428w\" sizes=\"auto, (max-width: 100px) 100vw, 100px\" \/><\/a><\/p>\n<fieldset><style id=\"wpforms-css-vars-32085\">\n\t\t\t\t#wpforms-32085 {\n\t\t\t\t\n\t\t\t}\n\t\t\t<\/style><div class=\"wpforms-container wpforms-container-full wpforms-render-modern\" id=\"wpforms-32085\"><form id=\"wpforms-form-32085\" class=\"wpforms-validate wpforms-form wpforms-ajax-form\" data-formid=\"32085\" method=\"post\" enctype=\"multipart\/form-data\" action=\"\/pt\/wp-json\/wp\/v2\/pages\/38296\" data-token=\"f5b7a2189b70f7113e55923a81040517\" data-token-time=\"1776877644\"><noscript class=\"wpforms-error-noscript\">Please enable JavaScript in your browser to complete this form.<\/noscript><div id=\"wpforms-error-noscript\" style=\"display: none;\">Please enable JavaScript in your browser to complete this form.<\/div><div class=\"wpforms-field-container\"><div id=\"wpforms-32085-field_0-container\" class=\"wpforms-field wpforms-field-name\" data-field-id=\"0\"><fieldset><legend class=\"wpforms-field-label wpforms-label-hide\" aria-hidden=\"false\">Nome <span class=\"wpforms-required-label\" aria-hidden=\"true\">*<\/span><\/legend><div class=\"wpforms-field-row wpforms-field-medium\"><div class=\"wpforms-field-row-block wpforms-first wpforms-one-half\"><input type=\"text\" id=\"wpforms-32085-field_0\" class=\"wpforms-field-name-first wpforms-field-required\" name=\"wpforms[fields][0][first]\" placeholder=\"Primeiro nome\" aria-errormessage=\"wpforms-32085-field_0-error\" required><label for=\"wpforms-32085-field_0\" class=\"wpforms-field-sublabel after wpforms-sublabel-hide\">First<\/label><\/div><div class=\"wpforms-field-row-block wpforms-one-half\"><input type=\"text\" id=\"wpforms-32085-field_0-last\" class=\"wpforms-field-name-last wpforms-field-required\" name=\"wpforms[fields][0][last]\" placeholder=\"Sobrenome\" aria-errormessage=\"wpforms-32085-field_0-last-error\" required><label for=\"wpforms-32085-field_0-last\" class=\"wpforms-field-sublabel after wpforms-sublabel-hide\">Last<\/label><\/div><\/div><\/fieldset><\/div><div id=\"wpforms-32085-field_1-container\" class=\"wpforms-field wpforms-field-email\" data-field-id=\"1\"><label class=\"wpforms-field-label wpforms-label-hide\" for=\"wpforms-32085-field_1\" aria-hidden=\"false\">Email <span class=\"wpforms-required-label\" aria-hidden=\"true\">*<\/span><\/label><input type=\"email\" id=\"wpforms-32085-field_1\" class=\"wpforms-field-medium wpforms-field-required\" name=\"wpforms[fields][1]\" placeholder=\"E-mail\" spellcheck=\"false\" aria-errormessage=\"wpforms-32085-field_1-error\" required><\/div><div id=\"wpforms-32085-field_2-container\" class=\"wpforms-field wpforms-field-textarea\" data-field-id=\"2\"><label class=\"wpforms-field-label wpforms-label-hide\" for=\"wpforms-32085-field_2\" aria-hidden=\"false\">Messaggio <span class=\"wpforms-required-label\" aria-hidden=\"true\">*<\/span><\/label><textarea id=\"wpforms-32085-field_2\" class=\"wpforms-field-medium wpforms-field-required\" name=\"wpforms[fields][2]\" placeholder=\"Sua mensagem\" aria-errormessage=\"wpforms-32085-field_2-error\" required><\/textarea><\/div><div id=\"wpforms-32085-field_6-container\" class=\"wpforms-field wpforms-field-gdpr-checkbox\" data-field-id=\"6\"><label class=\"wpforms-field-label wpforms-label-hide\" aria-hidden=\"false\">Accettazione GDPR <span class=\"wpforms-required-label\" aria-hidden=\"true\">*<\/span><\/label><ul id=\"wpforms-32085-field_6\" class=\"wpforms-field-required\"><li class=\"choice-1\"><input type=\"checkbox\" id=\"wpforms-32085-field_6_1\" name=\"wpforms[fields][6][]\" aria-errormessage=\"wpforms-32085-field_6_1-error\" aria-describedby=\"wpforms-32085-field_6-description\" required ><label class=\"wpforms-field-label-inline\" for=\"wpforms-32085-field_6_1\"> <span class=\"wpforms-required-label\" aria-hidden=\"true\">*<\/span><\/label><\/li><\/ul><div id=\"wpforms-32085-field_6-description\" class=\"wpforms-field-description\"><span style=\"color: #ffcc99;\">Aceito o tratamento de dados pessoais de acordo com a<\/span>&nbsp; <a href=\"https:\/\/villabornancini.it\/privacy-policy\">Privacy Policy<\/a><\/div><\/div><\/div><!-- .wpforms-field-container --><div class=\"wpforms-submit-container\" ><input type=\"hidden\" name=\"wpforms[id]\" value=\"32085\"><input type=\"hidden\" name=\"page_title\" value=\"\"><input type=\"hidden\" name=\"page_url\" value=\"https:\/\/villabornancini.it\/pt\/wp-json\/wp\/v2\/pages\/38296\"><input type=\"hidden\" name=\"url_referer\" value=\"\"><button type=\"submit\" name=\"wpforms[submit]\" id=\"wpforms-submit-32085\" class=\"wpforms-submit\" data-alt-text=\"Enviando em andamento ...\" data-submit-text=\"Enviar\" aria-live=\"assertive\" value=\"wpforms-submit\">Enviar<\/button><img loading=\"lazy\" decoding=\"async\" src=\"https:\/\/villabornancini.it\/wp-content\/plugins\/wpforms-lite\/assets\/images\/submit-spin.svg\" class=\"wpforms-submit-spinner\" style=\"display: none;\" width=\"26\" height=\"26\" alt=\"Loading\"><\/div><\/form><\/div>  <!-- .wpforms-container --><\/fieldset>\n<p><script type=\"text\/javascript\">var nibirumail_advice_text = 'villabornancini.it usa cookies para oferecer uma melhor experi\u00eancia de navega\u00e7\u00e3o. Ao usar nosso servi\u00e7o, voc\u00ea aceita o uso de cookies de acordo com nossa pol\u00edtica de cookies. <a href=\"https:\/\/villabornancini.it\/?page_id=1432&lang=pt\" target=\"_blank\">Descubra mais.<\/a>. <a href=\"javascript:;\" class=\"nibirumail_agreement\">Entendo.<\/a>';<\/script><br \/>\n<script type=\"text\/javascript\">var cookie_policy_url = 'https:\/\/villabornancini.it\/?page_id=1432&lang=pt';<\/script><br \/>\n<script type=\"text\/javascript\" src=\"https:\/\/nibirumail.com\/docs\/scripts\/nibirumail.cookie.min.js\"><\/script><\/p>","protected":false},"excerpt":{"rendered":"<p>Voltar para contactos &nbsp;<\/p>\n","protected":false},"author":1,"featured_media":0,"parent":0,"menu_order":0,"comment_status":"closed","ping_status":"closed","template":"","meta":{"footnotes":""},"class_list":["post-38296","page","type-page","status-publish","hentry"],"_links":{"self":[{"href":"https:\/\/villabornancini.it\/pt\/wp-json\/wp\/v2\/pages\/38296","targetHints":{"allow":["GET"]}}],"collection":[{"href":"https:\/\/villabornancini.it\/pt\/wp-json\/wp\/v2\/pages"}],"about":[{"href":"https:\/\/villabornancini.it\/pt\/wp-json\/wp\/v2\/types\/page"}],"author":[{"embeddable":true,"href":"https:\/\/villabornancini.it\/pt\/wp-json\/wp\/v2\/users\/1"}],"replies":[{"embeddable":true,"href":"https:\/\/villabornancini.it\/pt\/wp-json\/wp\/v2\/comments?post=38296"}],"version-history":[{"count":4,"href":"https:\/\/villabornancini.it\/pt\/wp-json\/wp\/v2\/pages\/38296\/revisions"}],"predecessor-version":[{"id":41446,"href":"https:\/\/villabornancini.it\/pt\/wp-json\/wp\/v2\/pages\/38296\/revisions\/41446"}],"wp:attachment":[{"href":"https:\/\/villabornancini.it\/pt\/wp-json\/wp\/v2\/media?parent=38296"}],"curies":[{"name":"wp","href":"https:\/\/api.w.org\/{rel}","templated":true}]}}