{"id":40581,"date":"2025-03-09T10:25:14","date_gmt":"2025-03-09T09:25:14","guid":{"rendered":"https:\/\/villabornancini.it\/?page_id=40581"},"modified":"2026-04-15T13:59:23","modified_gmt":"2026-04-15T11:59:23","slug":"proposte-di-menu","status":"publish","type":"page","link":"https:\/\/villabornancini.it\/pt\/proposte-di-menu","title":{"rendered":"<span style=\"color: #ffcc99;\">Sugest\u00f5es de menu<\/span>"},"content":{"rendered":"<p><span style=\"color: #ffcc00;\"><a class=\"fasc-button fasc-size-medium fasc-type-glossy fasc-rounded-medium\" style=\"background-color: #045d80; color: #ebe40c;\" href=\"https:\/\/villabornancini.it\/wedding\"><span style=\"color: #ffcc00;\">Regressar ao Casamento<\/span><\/a><\/span><\/p>\n<table style=\"height: 206px;\" width=\"556\">\n<tbody>\n<tr>\n<td width=\"321\"><a href=\"https:\/\/villabornancini.it\/wp-content\/uploads\/2025\/03\/Logo-Parco-Vittoria.jpg\"><img loading=\"lazy\" decoding=\"async\" class=\"alignnone size-thumbnail wp-image-40582\" src=\"https:\/\/villabornancini.it\/wp-content\/uploads\/2025\/03\/Logo-Parco-Vittoria-150x150.jpg\" alt=\"\" width=\"150\" height=\"150\" srcset=\"https:\/\/villabornancini.it\/wp-content\/uploads\/2025\/03\/Logo-Parco-Vittoria-150x150.jpg 150w, https:\/\/villabornancini.it\/wp-content\/uploads\/2025\/03\/Logo-Parco-Vittoria-100x100.jpg 100w, https:\/\/villabornancini.it\/wp-content\/uploads\/2025\/03\/Logo-Parco-Vittoria-48x48.jpg 48w, https:\/\/villabornancini.it\/wp-content\/uploads\/2025\/03\/Logo-Parco-Vittoria.jpg 154w\" sizes=\"auto, (max-width: 150px) 100vw, 150px\" \/><\/a><br \/>\n<span style=\"color: #ffcc99;\"><strong>Parco Vittoria<\/strong><\/span><br \/>\nPiazza Cardinale Barbo, 2<br \/>\n33079 Sesto Al Reghena (PN)<br \/>\n<span class=\"w8qArf FoJoyf\">Telefono: <\/span><span class=\"LrzXr zdqRlf kno-fv\"><span aria-label=\"Chiama il numero di telefono 0434 176 5556\">04<\/span><span aria-label=\"Chiama il numero di telefono 0434 176 5556\">34 176 5556<\/span><\/span><\/td>\n<td width=\"321\">\n<p style=\"text-align: left;\"><span style=\"color: #ffcc00;\"><a class=\"fasc-button fasc-size-medium fasc-type-glossy fasc-rounded-medium\" style=\"background-color: #045d80; color: #ebe40c;\" target=\"_blank\" rel=\"noopener\" href=\"https:\/\/villabornancini.it\/wp-content\/uploads\/2026\/04\/Menu-Carne-PT.pdf\">Menu de Carne<\/a><\/span><\/p>\n<p style=\"text-align: left;\"><span style=\"color: #ffcc00;\"><a class=\"fasc-button fasc-size-medium fasc-type-glossy fasc-rounded-medium\" style=\"background-color: #045d80; color: #ebe40c;\" target=\"_blank\" href=\"https:\/\/villabornancini.it\/wp-content\/uploads\/2026\/04\/Menu-Pesce-PT.pdf\">Menu de Peixe<\/a><\/span><\/p>\n<\/td>\n<\/tr>\n<\/tbody>\n<\/table>\n<table style=\"height: 206px;\" width=\"556\">\n<tbody>\n<tr>\n<td width=\"321\"><a href=\"https:\/\/villabornancini.it\/wp-content\/uploads\/2025\/10\/Logo-per-e.mail_.jpg\"><img loading=\"lazy\" decoding=\"async\" class=\"wp-image-46942 alignnone\" src=\"https:\/\/villabornancini.it\/wp-content\/uploads\/2025\/10\/Logo-per-e.mail_.jpg\" alt=\"\" width=\"214\" height=\"143\"><\/a><br \/>\n<span style=\"color: #ffcc99;\"><strong>Al Castelletto<\/strong><\/span><br \/>\nVia Livel, 74<br \/>\n31012 Cappella Maggiore (TV)<br \/>\n<span class=\"w8qArf FoJoyf\">Telefono: <\/span><span class=\"LrzXr zdqRlf kno-fv\"><span aria-label=\"Chiama il numero di telefono 0434 176 5556\">04<\/span><span aria-label=\"Chiama il numero di telefono 0434 176 5556\">38 580673<\/span><\/span><\/td>\n<td width=\"321\">\n<p style=\"text-align: left;\"><span style=\"color: #ffcc00;\"><a class=\"fasc-button fasc-size-medium fasc-type-glossy fasc-rounded-medium\" style=\"background-color: #045d80; color: #ebe40c;\" target=\"_blank\" rel=\"noopener\" href=\"https:\/\/villabornancini.it\/wp-content\/uploads\/2025\/12\/Menu-Carne-PT.pdf\"><span style=\"color: #ffcc00;\">Menu de Carne<\/span><\/a><\/span><\/p>\n<p style=\"text-align: left;\"><span style=\"color: #ffcc00;\"><a class=\"fasc-button fasc-size-medium fasc-type-glossy fasc-rounded-medium\" style=\"background-color: #045d80; color: #ebe40c;\" target=\"_blank\" rel=\"noopener\" href=\"https:\/\/villabornancini.it\/wp-content\/uploads\/2025\/12\/Menu-Pesce-PT.pdf\"><span style=\"color: #ffcc00;\">Menu de Peixe<\/span><\/a><\/span><\/p>\n<\/td>\n<\/tr>\n<\/tbody>\n<\/table>\n<table>\n<tbody>\n<tr>\n<td width=\"321\"><a href=\"https:\/\/villabornancini.it\/wp-content\/uploads\/2025\/03\/Logo-Gusto.png\"><img loading=\"lazy\" decoding=\"async\" class=\"alignnone wp-image-40587\" src=\"https:\/\/villabornancini.it\/wp-content\/uploads\/2025\/03\/Logo-Gusto.png\" alt=\"\" width=\"219\" height=\"99\" srcset=\"https:\/\/villabornancini.it\/wp-content\/uploads\/2025\/03\/Logo-Gusto.png 256w, https:\/\/villabornancini.it\/wp-content\/uploads\/2025\/03\/Logo-Gusto-250x113.png 250w\" sizes=\"auto, (max-width: 219px) 100vw, 219px\" \/><\/a><br \/>\n<span style=\"color: #ffcc99;\"><strong>Gust\u00f2 Catering<\/strong><\/span><br \/>\nVia Spadacenta, 10\/F<br \/>\n30020 Annone Veneto (VE)<br \/>\n<span class=\"w8qArf FoJoyf\">Telefono:<\/span> 346 764 6617<\/td>\n<td width=\"321\">\n<p style=\"text-align: left;\"><span style=\"color: #ffcc00;\"><a class=\"fasc-button fasc-size-medium fasc-type-glossy fasc-rounded-medium\" style=\"background-color: #045d80; color: #ebe40c;\" target=\"_blank\" rel=\"noopener\" href=\"https:\/\/villabornancini.it\/wp-content\/uploads\/2025\/03\/Proposta-1-EN.pdf\"><span style=\"color: #ffcc00;\">Proposta 1<\/span><\/a><\/span><\/p>\n<p style=\"text-align: left;\"><span style=\"color: #ffcc00;\"><a class=\"fasc-button fasc-size-medium fasc-type-glossy fasc-rounded-medium\" style=\"background-color: #045d80; color: #ebe40c;\" target=\"_blank\" rel=\"noopener\" href=\"https:\/\/villabornancini.it\/wp-content\/uploads\/2025\/03\/Proposta-2-EN.pdf\"><span style=\"color: #ffcc00;\">Proposta 2<\/span><\/a><\/span><\/p>\n<p style=\"text-align: left;\"><span style=\"color: #ffcc00;\"><a class=\"fasc-button fasc-size-medium fasc-type-glossy fasc-rounded-medium\" style=\"background-color: #045d80; color: #ebe40c;\" target=\"_blank\" rel=\"noopener\" href=\"https:\/\/villabornancini.it\/wp-content\/uploads\/2025\/03\/Proposta-3-EN.pdf\"><span style=\"color: #ffcc00;\">Proposta 3<\/span><\/a><\/span><\/p>\n<\/td>\n<\/tr>\n<\/tbody>\n<\/table>\n<table style=\"height: 226px;\" width=\"471\">\n<tbody>\n<tr>\n<td width=\"321\"><a href=\"https:\/\/villabornancini.it\/wp-content\/uploads\/2025\/03\/images.png\"><img loading=\"lazy\" decoding=\"async\" class=\"alignnone wp-image-40593\" src=\"https:\/\/villabornancini.it\/wp-content\/uploads\/2025\/03\/images.png\" alt=\"\" width=\"160\" height=\"155\" srcset=\"https:\/\/villabornancini.it\/wp-content\/uploads\/2025\/03\/images.png 129w, https:\/\/villabornancini.it\/wp-content\/uploads\/2025\/03\/images-48x48.png 48w\" sizes=\"auto, (max-width: 160px) 100vw, 160px\" \/><\/a><br \/>\n<span class=\"w8qArf FoJoyf\"><span style=\"color: #ffcc99;\"><strong>Prezzemolo Catering <\/strong><\/span><br \/>\nTelefono:<\/span> 347 8546933<br \/>\nmassimo.prezzemolo@gmail.com<\/td>\n<td width=\"321\">\n<p style=\"text-align: left;\"><span style=\"color: #ffcc00;\"><a class=\"fasc-button fasc-size-medium fasc-type-glossy fasc-rounded-medium\" style=\"background-color: #045d80; color: #ebe40c;\" target=\"_blank\" rel=\"noopener\" href=\"https:\/\/villabornancini.it\/wp-content\/uploads\/2025\/03\/Menu-Carne-EN.pdf\"><span style=\"color: #ffcc00;\">Menu de Carne<\/span><\/a><\/span><\/p>\n<p style=\"text-align: left;\"><span style=\"color: #ffcc00;\"><a class=\"fasc-button fasc-size-medium fasc-type-glossy fasc-rounded-medium\" style=\"background-color: #045d80; color: #ebe40c;\" target=\"_blank\" rel=\"noopener\" href=\"https:\/\/villabornancini.it\/wp-content\/uploads\/2025\/03\/Menu-Pesce-EN.pdf\"><span style=\"color: #ffcc00;\">Menu de Peixe<\/span><\/a><\/span><\/p>\n<\/td>\n<\/tr>\n<\/tbody>\n<\/table>\n<p><script type=\"text\/javascript\">var nibirumail_advice_text = 'villabornancini.it usa cookies para oferecer uma melhor experi\u00eancia de navega\u00e7\u00e3o. Ao usar nosso servi\u00e7o, voc\u00ea aceita o uso de cookies de acordo com nossa pol\u00edtica de cookies. <a href=\"https:\/\/villabornancini.it\/?page_id=1432&lang=pt\" target=\"_blank\">Descubra mais.<\/a>. <a href=\"javascript:;\" class=\"nibirumail_agreement\">Entendo.<\/a>';<\/script><br \/>\n<script type=\"text\/javascript\">var cookie_policy_url = 'https:\/\/villabornancini.it\/?page_id=1432&lang=pt';<\/script><br \/>\n<script type=\"text\/javascript\" src=\"https:\/\/nibirumail.com\/docs\/scripts\/nibirumail.cookie.min.js\"><\/script><\/p>","protected":false},"excerpt":{"rendered":"<p>Regressar ao Casamento Parco Vittoria Piazza Cardinale Barbo, 2 33079 Sesto Al Reghena (PN) Telefono: 0434 176 5556 Menu de Carne Menu de Peixe Al Castelletto Via Livel, 74 31012 Cappella Maggiore (TV) Telefono: 0438 580673 Menu de Carne Menu de Peixe Gust\u00f2 Catering Via Spadacenta, 10\/F 30020 Annone Veneto (VE) Telefono: 346 764 6617 &hellip; <\/p>\n<p class=\"link-more\"><a href=\"https:\/\/villabornancini.it\/pt\/proposte-di-menu\" class=\"more-link\">Continuar a ler <span class=\"screen-reader-text\">\"<span style=\"color: #ffcc99;\">Sugest\u00f5es de menu<\/span>\"<\/span><\/a><\/p>\n","protected":false},"author":1,"featured_media":0,"parent":0,"menu_order":0,"comment_status":"closed","ping_status":"closed","template":"","meta":{"footnotes":""},"class_list":["post-40581","page","type-page","status-publish","hentry"],"_links":{"self":[{"href":"https:\/\/villabornancini.it\/pt\/wp-json\/wp\/v2\/pages\/40581","targetHints":{"allow":["GET"]}}],"collection":[{"href":"https:\/\/villabornancini.it\/pt\/wp-json\/wp\/v2\/pages"}],"about":[{"href":"https:\/\/villabornancini.it\/pt\/wp-json\/wp\/v2\/types\/page"}],"author":[{"embeddable":true,"href":"https:\/\/villabornancini.it\/pt\/wp-json\/wp\/v2\/users\/1"}],"replies":[{"embeddable":true,"href":"https:\/\/villabornancini.it\/pt\/wp-json\/wp\/v2\/comments?post=40581"}],"version-history":[{"count":31,"href":"https:\/\/villabornancini.it\/pt\/wp-json\/wp\/v2\/pages\/40581\/revisions"}],"predecessor-version":[{"id":47090,"href":"https:\/\/villabornancini.it\/pt\/wp-json\/wp\/v2\/pages\/40581\/revisions\/47090"}],"wp:attachment":[{"href":"https:\/\/villabornancini.it\/pt\/wp-json\/wp\/v2\/media?parent=40581"}],"curies":[{"name":"wp","href":"https:\/\/api.w.org\/{rel}","templated":true}]}}