{"id":40700,"date":"2025-03-12T17:40:28","date_gmt":"2025-03-12T16:40:28","guid":{"rendered":"https:\/\/villabornancini.it\/?page_id=40700"},"modified":"2026-04-19T13:43:44","modified_gmt":"2026-04-19T11:43:44","slug":"tavoli","status":"publish","type":"page","link":"https:\/\/villabornancini.it\/pt\/tavoli","title":{"rendered":"Mesas"},"content":{"rendered":"<p><\/p>\n<h3><span style=\"color: #ffcc00;\">Vasta escolha de mesas, com uma sele\u00e7\u00e3o que vai desde mesas elegantes para cerim\u00f3nias a solu\u00e7\u00f5es pr\u00e1ticas para eventos informais. Cada mesa \u00e9 concebida para combinar est\u00e9tica e praticidade.<\/span><\/h3>\n<p><span style=\"color: #ffcc00;\"><a class=\"fasc-button fasc-size-medium fasc-type-glossy fasc-rounded-medium\" style=\"background-color: #045d80; color: #ebe40c;\" href=\"https:\/\/villabornancini.it\/noleggio\"><span style=\"color: #ffcc00;\">Regressar ao Aluguel<\/span><\/a><\/span><br \/>\n&nbsp;<\/p>\n<h2><span style=\"color: #ffcc99;\">Mesas Retangulares<\/span><\/h2>\n<table>\n<tbody>\n<tr>\n<td width=\"321\">\n<p><figure id=\"attachment_40708\" aria-describedby=\"caption-attachment-40708\" style=\"width: 300px\" class=\"wp-caption alignnone\"><a href=\"https:\/\/villabornancini.it\/wp-content\/uploads\/2025\/03\/tavolo-click-183-x-76.webp\"><img loading=\"lazy\" decoding=\"async\" class=\"wp-image-40708 size-medium\" src=\"https:\/\/villabornancini.it\/wp-content\/uploads\/2025\/03\/tavolo-click-183-x-76-300x300.webp\" alt=\"\" width=\"300\" height=\"300\" srcset=\"https:\/\/villabornancini.it\/wp-content\/uploads\/2025\/03\/tavolo-click-183-x-76-300x300.webp 300w, https:\/\/villabornancini.it\/wp-content\/uploads\/2025\/03\/tavolo-click-183-x-76-250x250.webp 250w, https:\/\/villabornancini.it\/wp-content\/uploads\/2025\/03\/tavolo-click-183-x-76-100x100.webp 100w, https:\/\/villabornancini.it\/wp-content\/uploads\/2025\/03\/tavolo-click-183-x-76-350x350.webp 350w, https:\/\/villabornancini.it\/wp-content\/uploads\/2025\/03\/tavolo-click-183-x-76-150x150.webp 150w, https:\/\/villabornancini.it\/wp-content\/uploads\/2025\/03\/tavolo-click-183-x-76-768x768.webp 768w, https:\/\/villabornancini.it\/wp-content\/uploads\/2025\/03\/tavolo-click-183-x-76-48x48.webp 48w, https:\/\/villabornancini.it\/wp-content\/uploads\/2025\/03\/tavolo-click-183-x-76-550x550.webp 550w, https:\/\/villabornancini.it\/wp-content\/uploads\/2025\/03\/tavolo-click-183-x-76-800x800.webp 800w, https:\/\/villabornancini.it\/wp-content\/uploads\/2025\/03\/tavolo-click-183-x-76-180x180.webp 180w, https:\/\/villabornancini.it\/wp-content\/uploads\/2025\/03\/tavolo-click-183-x-76-500x500.webp 500w, https:\/\/villabornancini.it\/wp-content\/uploads\/2025\/03\/tavolo-click-183-x-76.webp 1000w\" sizes=\"auto, (max-width: 300px) 100vw, 300px\" \/><\/a><figcaption id=\"caption-attachment-40708\" class=\"wp-caption-text\"><span style=\"color: #ffcc00;\">Mesa Click cm 183 x 76 (h) 75 - 6\/8 lugares \u20ac. 11<\/span><br \/>COD: TR0001<\/figcaption><\/figure><\/td>\n<td width=\"321\">\n<p><figure id=\"attachment_40709\" aria-describedby=\"caption-attachment-40709\" style=\"width: 300px\" class=\"wp-caption alignnone\"><a href=\"https:\/\/villabornancini.it\/wp-content\/uploads\/2025\/03\/tavolo-click-200x-91.webp\"><img loading=\"lazy\" decoding=\"async\" class=\"wp-image-40709 size-medium\" src=\"https:\/\/villabornancini.it\/wp-content\/uploads\/2025\/03\/tavolo-click-200x-91-300x300.webp\" alt=\"\" width=\"300\" height=\"300\" srcset=\"https:\/\/villabornancini.it\/wp-content\/uploads\/2025\/03\/tavolo-click-200x-91-300x300.webp 300w, https:\/\/villabornancini.it\/wp-content\/uploads\/2025\/03\/tavolo-click-200x-91-250x250.webp 250w, https:\/\/villabornancini.it\/wp-content\/uploads\/2025\/03\/tavolo-click-200x-91-100x100.webp 100w, https:\/\/villabornancini.it\/wp-content\/uploads\/2025\/03\/tavolo-click-200x-91-350x350.webp 350w, https:\/\/villabornancini.it\/wp-content\/uploads\/2025\/03\/tavolo-click-200x-91-150x150.webp 150w, https:\/\/villabornancini.it\/wp-content\/uploads\/2025\/03\/tavolo-click-200x-91-768x768.webp 768w, https:\/\/villabornancini.it\/wp-content\/uploads\/2025\/03\/tavolo-click-200x-91-48x48.webp 48w, https:\/\/villabornancini.it\/wp-content\/uploads\/2025\/03\/tavolo-click-200x-91-550x550.webp 550w, https:\/\/villabornancini.it\/wp-content\/uploads\/2025\/03\/tavolo-click-200x-91-800x800.webp 800w, https:\/\/villabornancini.it\/wp-content\/uploads\/2025\/03\/tavolo-click-200x-91-180x180.webp 180w, https:\/\/villabornancini.it\/wp-content\/uploads\/2025\/03\/tavolo-click-200x-91-500x500.webp 500w, https:\/\/villabornancini.it\/wp-content\/uploads\/2025\/03\/tavolo-click-200x-91.webp 1000w\" sizes=\"auto, (max-width: 300px) 100vw, 300px\" \/><\/a><figcaption id=\"caption-attachment-40709\" class=\"wp-caption-text\"><span style=\"color: #ffcc00;\">Mesa Click cm 200 x 91 (h) 75 - 6\/8 lugares \u20ac. 13<\/span><br \/>COD: TR0002<\/figcaption><\/figure><\/td>\n<\/tr>\n<\/tbody>\n<\/table>\n<h2><span style=\"color: #ffcc99;\">Mesas Redondas<\/span><\/h2>\n<table>\n<tbody>\n<tr>\n<td width=\"214\">\n<p><figure id=\"attachment_40719\" aria-describedby=\"caption-attachment-40719\" style=\"width: 200px\" class=\"wp-caption alignnone\"><a href=\"https:\/\/villabornancini.it\/wp-content\/uploads\/2025\/03\/TAVOLO-PVC-DIAM-120-CM.webp\"><img loading=\"lazy\" decoding=\"async\" class=\"wp-image-40719\" src=\"https:\/\/villabornancini.it\/wp-content\/uploads\/2025\/03\/TAVOLO-PVC-DIAM-120-CM-150x150.webp\" alt=\"\" width=\"200\" height=\"200\" srcset=\"https:\/\/villabornancini.it\/wp-content\/uploads\/2025\/03\/TAVOLO-PVC-DIAM-120-CM-150x150.webp 150w, https:\/\/villabornancini.it\/wp-content\/uploads\/2025\/03\/TAVOLO-PVC-DIAM-120-CM-250x250.webp 250w, https:\/\/villabornancini.it\/wp-content\/uploads\/2025\/03\/TAVOLO-PVC-DIAM-120-CM-100x100.webp 100w, https:\/\/villabornancini.it\/wp-content\/uploads\/2025\/03\/TAVOLO-PVC-DIAM-120-CM-350x350.webp 350w, https:\/\/villabornancini.it\/wp-content\/uploads\/2025\/03\/TAVOLO-PVC-DIAM-120-CM-300x300.webp 300w, https:\/\/villabornancini.it\/wp-content\/uploads\/2025\/03\/TAVOLO-PVC-DIAM-120-CM-768x768.webp 768w, https:\/\/villabornancini.it\/wp-content\/uploads\/2025\/03\/TAVOLO-PVC-DIAM-120-CM-48x48.webp 48w, https:\/\/villabornancini.it\/wp-content\/uploads\/2025\/03\/TAVOLO-PVC-DIAM-120-CM-550x550.webp 550w, https:\/\/villabornancini.it\/wp-content\/uploads\/2025\/03\/TAVOLO-PVC-DIAM-120-CM-800x800.webp 800w, https:\/\/villabornancini.it\/wp-content\/uploads\/2025\/03\/TAVOLO-PVC-DIAM-120-CM-180x180.webp 180w, https:\/\/villabornancini.it\/wp-content\/uploads\/2025\/03\/TAVOLO-PVC-DIAM-120-CM-500x500.webp 500w, https:\/\/villabornancini.it\/wp-content\/uploads\/2025\/03\/TAVOLO-PVC-DIAM-120-CM.webp 1000w\" sizes=\"auto, (max-width: 200px) 100vw, 200px\" \/><\/a><figcaption id=\"caption-attachment-40719\" class=\"wp-caption-text\"><span style=\"color: #ffcc00;\">Di\u00e2metro 120 cm. (h)75 - 6 lugares \u20ac. 10<\/span><br \/>COD: TT0002<\/figcaption><\/figure><\/td>\n<td width=\"214\">\n<p><figure id=\"attachment_40718\" aria-describedby=\"caption-attachment-40718\" style=\"width: 200px\" class=\"wp-caption alignnone\"><a href=\"https:\/\/villabornancini.it\/wp-content\/uploads\/2025\/03\/TAVOLO-DIAM-180-CM-BASE-LEGNO.webp\"><img loading=\"lazy\" decoding=\"async\" class=\"wp-image-40718\" src=\"https:\/\/villabornancini.it\/wp-content\/uploads\/2025\/03\/TAVOLO-DIAM-180-CM-BASE-LEGNO-150x150.webp\" alt=\"\" width=\"200\" height=\"200\" srcset=\"https:\/\/villabornancini.it\/wp-content\/uploads\/2025\/03\/TAVOLO-DIAM-180-CM-BASE-LEGNO-150x150.webp 150w, https:\/\/villabornancini.it\/wp-content\/uploads\/2025\/03\/TAVOLO-DIAM-180-CM-BASE-LEGNO-250x250.webp 250w, https:\/\/villabornancini.it\/wp-content\/uploads\/2025\/03\/TAVOLO-DIAM-180-CM-BASE-LEGNO-100x100.webp 100w, https:\/\/villabornancini.it\/wp-content\/uploads\/2025\/03\/TAVOLO-DIAM-180-CM-BASE-LEGNO-350x350.webp 350w, https:\/\/villabornancini.it\/wp-content\/uploads\/2025\/03\/TAVOLO-DIAM-180-CM-BASE-LEGNO-300x300.webp 300w, https:\/\/villabornancini.it\/wp-content\/uploads\/2025\/03\/TAVOLO-DIAM-180-CM-BASE-LEGNO-768x768.webp 768w, https:\/\/villabornancini.it\/wp-content\/uploads\/2025\/03\/TAVOLO-DIAM-180-CM-BASE-LEGNO-48x48.webp 48w, https:\/\/villabornancini.it\/wp-content\/uploads\/2025\/03\/TAVOLO-DIAM-180-CM-BASE-LEGNO-550x550.webp 550w, https:\/\/villabornancini.it\/wp-content\/uploads\/2025\/03\/TAVOLO-DIAM-180-CM-BASE-LEGNO-800x800.webp 800w, https:\/\/villabornancini.it\/wp-content\/uploads\/2025\/03\/TAVOLO-DIAM-180-CM-BASE-LEGNO-180x180.webp 180w, https:\/\/villabornancini.it\/wp-content\/uploads\/2025\/03\/TAVOLO-DIAM-180-CM-BASE-LEGNO-500x500.webp 500w, https:\/\/villabornancini.it\/wp-content\/uploads\/2025\/03\/TAVOLO-DIAM-180-CM-BASE-LEGNO.webp 1000w\" sizes=\"auto, (max-width: 200px) 100vw, 200px\" \/><\/a><figcaption id=\"caption-attachment-40718\" class=\"wp-caption-text\"><span style=\"color: #ffcc00;\">Di\u00e2metro 160 cm. (h)75 - 8\/10 lugares \u20ac. 11<\/span><br \/>COD: TT0004<\/figcaption><\/figure><\/td>\n<td width=\"214\">\n<p><figure id=\"attachment_40718\" aria-describedby=\"caption-attachment-40718\" style=\"width: 200px\" class=\"wp-caption alignnone\"><a href=\"https:\/\/villabornancini.it\/wp-content\/uploads\/2025\/03\/TAVOLO-DIAM-180-CM-BASE-LEGNO.webp\"><img loading=\"lazy\" decoding=\"async\" class=\"wp-image-40718\" src=\"https:\/\/villabornancini.it\/wp-content\/uploads\/2025\/03\/TAVOLO-DIAM-180-CM-BASE-LEGNO-150x150.webp\" alt=\"\" width=\"200\" height=\"200\" srcset=\"https:\/\/villabornancini.it\/wp-content\/uploads\/2025\/03\/TAVOLO-DIAM-180-CM-BASE-LEGNO-150x150.webp 150w, https:\/\/villabornancini.it\/wp-content\/uploads\/2025\/03\/TAVOLO-DIAM-180-CM-BASE-LEGNO-250x250.webp 250w, https:\/\/villabornancini.it\/wp-content\/uploads\/2025\/03\/TAVOLO-DIAM-180-CM-BASE-LEGNO-100x100.webp 100w, https:\/\/villabornancini.it\/wp-content\/uploads\/2025\/03\/TAVOLO-DIAM-180-CM-BASE-LEGNO-350x350.webp 350w, https:\/\/villabornancini.it\/wp-content\/uploads\/2025\/03\/TAVOLO-DIAM-180-CM-BASE-LEGNO-300x300.webp 300w, https:\/\/villabornancini.it\/wp-content\/uploads\/2025\/03\/TAVOLO-DIAM-180-CM-BASE-LEGNO-768x768.webp 768w, https:\/\/villabornancini.it\/wp-content\/uploads\/2025\/03\/TAVOLO-DIAM-180-CM-BASE-LEGNO-48x48.webp 48w, https:\/\/villabornancini.it\/wp-content\/uploads\/2025\/03\/TAVOLO-DIAM-180-CM-BASE-LEGNO-550x550.webp 550w, https:\/\/villabornancini.it\/wp-content\/uploads\/2025\/03\/TAVOLO-DIAM-180-CM-BASE-LEGNO-800x800.webp 800w, https:\/\/villabornancini.it\/wp-content\/uploads\/2025\/03\/TAVOLO-DIAM-180-CM-BASE-LEGNO-180x180.webp 180w, https:\/\/villabornancini.it\/wp-content\/uploads\/2025\/03\/TAVOLO-DIAM-180-CM-BASE-LEGNO-500x500.webp 500w, https:\/\/villabornancini.it\/wp-content\/uploads\/2025\/03\/TAVOLO-DIAM-180-CM-BASE-LEGNO.webp 1000w\" sizes=\"auto, (max-width: 200px) 100vw, 200px\" \/><\/a><figcaption id=\"caption-attachment-40718\" class=\"wp-caption-text\"><span style=\"color: #ffcc00;\">Di\u00e2metro 180 cm. (h)75 - 10\/12 lugares \u20ac. 13<\/span><br \/>COD: TT0003<\/figcaption><\/figure><\/td>\n<\/tr>\n<\/tbody>\n<\/table>\n<h2><span style=\"color: #ffcc99;\">Mesas Coma de p\u00e9<\/span><\/h2>\n<table>\n<tbody>\n<tr>\n<td width=\"321\">\n<p><figure id=\"attachment_40720\" aria-describedby=\"caption-attachment-40720\" style=\"width: 300px\" class=\"wp-caption alignnone\"><a href=\"https:\/\/villabornancini.it\/wp-content\/uploads\/2025\/03\/tavolo-cocktail-click.webp\"><img loading=\"lazy\" decoding=\"async\" class=\"wp-image-40720 size-medium\" src=\"https:\/\/villabornancini.it\/wp-content\/uploads\/2025\/03\/tavolo-cocktail-click-300x300.webp\" alt=\"\" width=\"300\" height=\"300\" srcset=\"https:\/\/villabornancini.it\/wp-content\/uploads\/2025\/03\/tavolo-cocktail-click-300x300.webp 300w, https:\/\/villabornancini.it\/wp-content\/uploads\/2025\/03\/tavolo-cocktail-click-250x250.webp 250w, https:\/\/villabornancini.it\/wp-content\/uploads\/2025\/03\/tavolo-cocktail-click-100x100.webp 100w, https:\/\/villabornancini.it\/wp-content\/uploads\/2025\/03\/tavolo-cocktail-click-350x350.webp 350w, https:\/\/villabornancini.it\/wp-content\/uploads\/2025\/03\/tavolo-cocktail-click-150x150.webp 150w, https:\/\/villabornancini.it\/wp-content\/uploads\/2025\/03\/tavolo-cocktail-click-768x768.webp 768w, https:\/\/villabornancini.it\/wp-content\/uploads\/2025\/03\/tavolo-cocktail-click-48x48.webp 48w, https:\/\/villabornancini.it\/wp-content\/uploads\/2025\/03\/tavolo-cocktail-click-550x550.webp 550w, https:\/\/villabornancini.it\/wp-content\/uploads\/2025\/03\/tavolo-cocktail-click-800x800.webp 800w, https:\/\/villabornancini.it\/wp-content\/uploads\/2025\/03\/tavolo-cocktail-click-180x180.webp 180w, https:\/\/villabornancini.it\/wp-content\/uploads\/2025\/03\/tavolo-cocktail-click-500x500.webp 500w, https:\/\/villabornancini.it\/wp-content\/uploads\/2025\/03\/tavolo-cocktail-click.webp 1000w\" sizes=\"auto, (max-width: 300px) 100vw, 300px\" \/><\/a><figcaption id=\"caption-attachment-40720\" class=\"wp-caption-text\"><span style=\"color: #ffcc00;\">Mesa de cocktail Click diam. cm 80 (altura)110 -<\/span> COD: TP0001<\/figcaption><\/figure><\/td>\n<td width=\"321\">\n<p><figure id=\"attachment_40721\" aria-describedby=\"caption-attachment-40721\" style=\"width: 300px\" class=\"wp-caption alignnone\"><a href=\"https:\/\/villabornancini.it\/wp-content\/uploads\/2025\/03\/tavolo-cocktail-vega.webp\"><img loading=\"lazy\" decoding=\"async\" class=\"wp-image-40721 size-medium\" src=\"https:\/\/villabornancini.it\/wp-content\/uploads\/2025\/03\/tavolo-cocktail-vega-300x300.webp\" alt=\"\" width=\"300\" height=\"300\" srcset=\"https:\/\/villabornancini.it\/wp-content\/uploads\/2025\/03\/tavolo-cocktail-vega-300x300.webp 300w, https:\/\/villabornancini.it\/wp-content\/uploads\/2025\/03\/tavolo-cocktail-vega-250x250.webp 250w, https:\/\/villabornancini.it\/wp-content\/uploads\/2025\/03\/tavolo-cocktail-vega-100x100.webp 100w, https:\/\/villabornancini.it\/wp-content\/uploads\/2025\/03\/tavolo-cocktail-vega-350x350.webp 350w, https:\/\/villabornancini.it\/wp-content\/uploads\/2025\/03\/tavolo-cocktail-vega-150x150.webp 150w, https:\/\/villabornancini.it\/wp-content\/uploads\/2025\/03\/tavolo-cocktail-vega-48x48.webp 48w, https:\/\/villabornancini.it\/wp-content\/uploads\/2025\/03\/tavolo-cocktail-vega-550x550.webp 550w, https:\/\/villabornancini.it\/wp-content\/uploads\/2025\/03\/tavolo-cocktail-vega-180x180.webp 180w, https:\/\/villabornancini.it\/wp-content\/uploads\/2025\/03\/tavolo-cocktail-vega-500x500.webp 500w, https:\/\/villabornancini.it\/wp-content\/uploads\/2025\/03\/tavolo-cocktail-vega.webp 700w\" sizes=\"auto, (max-width: 300px) 100vw, 300px\" \/><\/a><figcaption id=\"caption-attachment-40721\" class=\"wp-caption-text\"><span style=\"color: #ffcc00;\">Mesa de centro Vega diam. cm 80 (altura)110 -<\/span> COD: TP0002<\/figcaption><\/figure><\/td>\n<\/tr>\n<\/tbody>\n<\/table>\n<p><script type=\"text\/javascript\">var nibirumail_advice_text = 'villabornancini.it usa cookies para oferecer uma melhor experi\u00eancia de navega\u00e7\u00e3o. Ao usar nosso servi\u00e7o, voc\u00ea aceita o uso de cookies de acordo com nossa pol\u00edtica de cookies. <a href=\"https:\/\/villabornancini.it\/?page_id=1432&lang=pt\" target=\"_blank\">Descubra mais.<\/a>. <a href=\"javascript:;\" class=\"nibirumail_agreement\">Entendo.<\/a>';<\/script><br \/>\n<script type=\"text\/javascript\">var cookie_policy_url = 'https:\/\/villabornancini.it\/?page_id=1432&lang=pt';<\/script><br \/>\n<script type=\"text\/javascript\" src=\"https:\/\/nibirumail.com\/docs\/scripts\/nibirumail.cookie.min.js\"><\/script><\/p>","protected":false},"excerpt":{"rendered":"<p>Vasta escolha de mesas, com uma sele\u00e7\u00e3o que vai desde mesas elegantes para cerim\u00f3nias a solu\u00e7\u00f5es pr\u00e1ticas para eventos informais. Cada mesa \u00e9 concebida para combinar est\u00e9tica e praticidade. Regressar ao Aluguel &nbsp; Mesas Retangulares Mesas Redondas Mesas Coma de p\u00e9<\/p>\n","protected":false},"author":1,"featured_media":0,"parent":0,"menu_order":0,"comment_status":"closed","ping_status":"closed","template":"","meta":{"footnotes":""},"class_list":["post-40700","page","type-page","status-publish","hentry"],"_links":{"self":[{"href":"https:\/\/villabornancini.it\/pt\/wp-json\/wp\/v2\/pages\/40700","targetHints":{"allow":["GET"]}}],"collection":[{"href":"https:\/\/villabornancini.it\/pt\/wp-json\/wp\/v2\/pages"}],"about":[{"href":"https:\/\/villabornancini.it\/pt\/wp-json\/wp\/v2\/types\/page"}],"author":[{"embeddable":true,"href":"https:\/\/villabornancini.it\/pt\/wp-json\/wp\/v2\/users\/1"}],"replies":[{"embeddable":true,"href":"https:\/\/villabornancini.it\/pt\/wp-json\/wp\/v2\/comments?post=40700"}],"version-history":[{"count":12,"href":"https:\/\/villabornancini.it\/pt\/wp-json\/wp\/v2\/pages\/40700\/revisions"}],"predecessor-version":[{"id":47093,"href":"https:\/\/villabornancini.it\/pt\/wp-json\/wp\/v2\/pages\/40700\/revisions\/47093"}],"wp:attachment":[{"href":"https:\/\/villabornancini.it\/pt\/wp-json\/wp\/v2\/media?parent=40700"}],"curies":[{"name":"wp","href":"https:\/\/api.w.org\/{rel}","templated":true}]}}