{"id":40864,"date":"2025-03-13T12:26:28","date_gmt":"2025-03-13T11:26:28","guid":{"rendered":"https:\/\/villabornancini.it\/?page_id=40864"},"modified":"2025-03-13T19:36:36","modified_gmt":"2025-03-13T18:36:36","slug":"caffetteria","status":"publish","type":"page","link":"https:\/\/villabornancini.it\/pt\/caffetteria","title":{"rendered":"Cafetaria"},"content":{"rendered":"<p><span style=\"color: #ffcc00;\"><a class=\"fasc-button fasc-size-medium fasc-type-glossy fasc-rounded-medium\" style=\"background-color: #045d80; color: #ebe40c;\" href=\"https:\/\/villabornancini.it\/piatti-e-stoviglie\"><span style=\"color: #ffcc00;\">Voltar para Pratos e travessas<\/span><\/a><\/span><\/p>\n<p>&nbsp;<\/p>\n<table>\n<tbody>\n<tr>\n<td width=\"214\">\n<p><figure id=\"attachment_40865\" aria-describedby=\"caption-attachment-40865\" style=\"width: 300px\" class=\"wp-caption alignnone\"><a href=\"https:\/\/villabornancini.it\/wp-content\/uploads\/2025\/03\/tazza-caffe-vetro-con-piattino.webp\"><img loading=\"lazy\" decoding=\"async\" class=\"wp-image-40865 size-medium\" src=\"https:\/\/villabornancini.it\/wp-content\/uploads\/2025\/03\/tazza-caffe-vetro-con-piattino-300x300.webp\" alt=\"\" width=\"300\" height=\"300\" srcset=\"https:\/\/villabornancini.it\/wp-content\/uploads\/2025\/03\/tazza-caffe-vetro-con-piattino-300x300.webp 300w, https:\/\/villabornancini.it\/wp-content\/uploads\/2025\/03\/tazza-caffe-vetro-con-piattino-250x250.webp 250w, https:\/\/villabornancini.it\/wp-content\/uploads\/2025\/03\/tazza-caffe-vetro-con-piattino-100x100.webp 100w, https:\/\/villabornancini.it\/wp-content\/uploads\/2025\/03\/tazza-caffe-vetro-con-piattino-350x350.webp 350w, https:\/\/villabornancini.it\/wp-content\/uploads\/2025\/03\/tazza-caffe-vetro-con-piattino-150x150.webp 150w, https:\/\/villabornancini.it\/wp-content\/uploads\/2025\/03\/tazza-caffe-vetro-con-piattino-768x768.webp 768w, https:\/\/villabornancini.it\/wp-content\/uploads\/2025\/03\/tazza-caffe-vetro-con-piattino-48x48.webp 48w, https:\/\/villabornancini.it\/wp-content\/uploads\/2025\/03\/tazza-caffe-vetro-con-piattino-550x550.webp 550w, https:\/\/villabornancini.it\/wp-content\/uploads\/2025\/03\/tazza-caffe-vetro-con-piattino-800x800.webp 800w, https:\/\/villabornancini.it\/wp-content\/uploads\/2025\/03\/tazza-caffe-vetro-con-piattino-180x180.webp 180w, https:\/\/villabornancini.it\/wp-content\/uploads\/2025\/03\/tazza-caffe-vetro-con-piattino-500x500.webp 500w, https:\/\/villabornancini.it\/wp-content\/uploads\/2025\/03\/tazza-caffe-vetro-con-piattino.webp 1000w\" sizes=\"auto, (max-width: 300px) 100vw, 300px\" \/><\/a><figcaption id=\"caption-attachment-40865\" class=\"wp-caption-text\"><span style=\"color: #ffcc00;\">Ch\u00e1vena de caf\u00e9 em vidro com pires<\/span><\/figcaption><\/figure><\/td>\n<td width=\"214\">\n<p><figure id=\"attachment_40866\" aria-describedby=\"caption-attachment-40866\" style=\"width: 300px\" class=\"wp-caption alignnone\"><a href=\"https:\/\/villabornancini.it\/wp-content\/uploads\/2025\/03\/tazza-caffe-vetro-cherie-con-piattino.webp\"><img loading=\"lazy\" decoding=\"async\" class=\"wp-image-40866 size-medium\" src=\"https:\/\/villabornancini.it\/wp-content\/uploads\/2025\/03\/tazza-caffe-vetro-cherie-con-piattino-300x300.webp\" alt=\"\" width=\"300\" height=\"300\" srcset=\"https:\/\/villabornancini.it\/wp-content\/uploads\/2025\/03\/tazza-caffe-vetro-cherie-con-piattino-300x300.webp 300w, https:\/\/villabornancini.it\/wp-content\/uploads\/2025\/03\/tazza-caffe-vetro-cherie-con-piattino-250x250.webp 250w, https:\/\/villabornancini.it\/wp-content\/uploads\/2025\/03\/tazza-caffe-vetro-cherie-con-piattino-100x100.webp 100w, https:\/\/villabornancini.it\/wp-content\/uploads\/2025\/03\/tazza-caffe-vetro-cherie-con-piattino-350x350.webp 350w, https:\/\/villabornancini.it\/wp-content\/uploads\/2025\/03\/tazza-caffe-vetro-cherie-con-piattino-150x150.webp 150w, https:\/\/villabornancini.it\/wp-content\/uploads\/2025\/03\/tazza-caffe-vetro-cherie-con-piattino-768x768.webp 768w, https:\/\/villabornancini.it\/wp-content\/uploads\/2025\/03\/tazza-caffe-vetro-cherie-con-piattino-48x48.webp 48w, https:\/\/villabornancini.it\/wp-content\/uploads\/2025\/03\/tazza-caffe-vetro-cherie-con-piattino-550x550.webp 550w, https:\/\/villabornancini.it\/wp-content\/uploads\/2025\/03\/tazza-caffe-vetro-cherie-con-piattino-800x800.webp 800w, https:\/\/villabornancini.it\/wp-content\/uploads\/2025\/03\/tazza-caffe-vetro-cherie-con-piattino-180x180.webp 180w, https:\/\/villabornancini.it\/wp-content\/uploads\/2025\/03\/tazza-caffe-vetro-cherie-con-piattino-500x500.webp 500w, https:\/\/villabornancini.it\/wp-content\/uploads\/2025\/03\/tazza-caffe-vetro-cherie-con-piattino.webp 1000w\" sizes=\"auto, (max-width: 300px) 100vw, 300px\" \/><\/a><figcaption id=\"caption-attachment-40866\" class=\"wp-caption-text\"><span style=\"color: #ffcc00;\">Ch\u00e1vena de caf\u00e9 de vidro Cherie com pires<\/span><\/figcaption><\/figure><\/td>\n<td width=\"214\">\n<p><figure id=\"attachment_40867\" aria-describedby=\"caption-attachment-40867\" style=\"width: 300px\" class=\"wp-caption alignnone\"><a href=\"https:\/\/villabornancini.it\/wp-content\/uploads\/2025\/03\/tazza-caffe-sissy-con-piattino.webp\"><img loading=\"lazy\" decoding=\"async\" class=\"wp-image-40867 size-medium\" src=\"https:\/\/villabornancini.it\/wp-content\/uploads\/2025\/03\/tazza-caffe-sissy-con-piattino-300x300.webp\" alt=\"\" width=\"300\" height=\"300\" srcset=\"https:\/\/villabornancini.it\/wp-content\/uploads\/2025\/03\/tazza-caffe-sissy-con-piattino-300x300.webp 300w, https:\/\/villabornancini.it\/wp-content\/uploads\/2025\/03\/tazza-caffe-sissy-con-piattino-250x250.webp 250w, https:\/\/villabornancini.it\/wp-content\/uploads\/2025\/03\/tazza-caffe-sissy-con-piattino-100x100.webp 100w, https:\/\/villabornancini.it\/wp-content\/uploads\/2025\/03\/tazza-caffe-sissy-con-piattino-350x350.webp 350w, https:\/\/villabornancini.it\/wp-content\/uploads\/2025\/03\/tazza-caffe-sissy-con-piattino-150x150.webp 150w, https:\/\/villabornancini.it\/wp-content\/uploads\/2025\/03\/tazza-caffe-sissy-con-piattino-768x768.webp 768w, https:\/\/villabornancini.it\/wp-content\/uploads\/2025\/03\/tazza-caffe-sissy-con-piattino-48x48.webp 48w, https:\/\/villabornancini.it\/wp-content\/uploads\/2025\/03\/tazza-caffe-sissy-con-piattino-550x550.webp 550w, https:\/\/villabornancini.it\/wp-content\/uploads\/2025\/03\/tazza-caffe-sissy-con-piattino-800x800.webp 800w, https:\/\/villabornancini.it\/wp-content\/uploads\/2025\/03\/tazza-caffe-sissy-con-piattino-180x180.webp 180w, https:\/\/villabornancini.it\/wp-content\/uploads\/2025\/03\/tazza-caffe-sissy-con-piattino-500x500.webp 500w, https:\/\/villabornancini.it\/wp-content\/uploads\/2025\/03\/tazza-caffe-sissy-con-piattino.webp 1000w\" sizes=\"auto, (max-width: 300px) 100vw, 300px\" \/><\/a><figcaption id=\"caption-attachment-40867\" class=\"wp-caption-text\"><span style=\"color: #ffcc00;\">Ch\u00e1vena de caf\u00e9 Sissy com pires<\/span><\/figcaption><\/figure><\/td>\n<\/tr>\n<tr>\n<td width=\"214\">\n<p><figure id=\"attachment_40868\" aria-describedby=\"caption-attachment-40868\" style=\"width: 300px\" class=\"wp-caption alignnone\"><a href=\"https:\/\/villabornancini.it\/wp-content\/uploads\/2025\/03\/tazza-caffe-jos-con-piattino.webp\"><img loading=\"lazy\" decoding=\"async\" class=\"wp-image-40868 size-medium\" src=\"https:\/\/villabornancini.it\/wp-content\/uploads\/2025\/03\/tazza-caffe-jos-con-piattino-300x300.webp\" alt=\"\" width=\"300\" height=\"300\" srcset=\"https:\/\/villabornancini.it\/wp-content\/uploads\/2025\/03\/tazza-caffe-jos-con-piattino-300x300.webp 300w, https:\/\/villabornancini.it\/wp-content\/uploads\/2025\/03\/tazza-caffe-jos-con-piattino-250x250.webp 250w, https:\/\/villabornancini.it\/wp-content\/uploads\/2025\/03\/tazza-caffe-jos-con-piattino-100x100.webp 100w, https:\/\/villabornancini.it\/wp-content\/uploads\/2025\/03\/tazza-caffe-jos-con-piattino-350x350.webp 350w, https:\/\/villabornancini.it\/wp-content\/uploads\/2025\/03\/tazza-caffe-jos-con-piattino-150x150.webp 150w, https:\/\/villabornancini.it\/wp-content\/uploads\/2025\/03\/tazza-caffe-jos-con-piattino-768x768.webp 768w, https:\/\/villabornancini.it\/wp-content\/uploads\/2025\/03\/tazza-caffe-jos-con-piattino-48x48.webp 48w, https:\/\/villabornancini.it\/wp-content\/uploads\/2025\/03\/tazza-caffe-jos-con-piattino-550x550.webp 550w, https:\/\/villabornancini.it\/wp-content\/uploads\/2025\/03\/tazza-caffe-jos-con-piattino-800x800.webp 800w, https:\/\/villabornancini.it\/wp-content\/uploads\/2025\/03\/tazza-caffe-jos-con-piattino-180x180.webp 180w, https:\/\/villabornancini.it\/wp-content\/uploads\/2025\/03\/tazza-caffe-jos-con-piattino-500x500.webp 500w, https:\/\/villabornancini.it\/wp-content\/uploads\/2025\/03\/tazza-caffe-jos-con-piattino.webp 1000w\" sizes=\"auto, (max-width: 300px) 100vw, 300px\" \/><\/a><figcaption id=\"caption-attachment-40868\" class=\"wp-caption-text\"><span style=\"color: #ffcc00;\">Ch\u00e1vena de caf\u00e9 Jos com pires<\/span><\/figcaption><\/figure><\/td>\n<td width=\"214\">\n<p><figure id=\"attachment_40869\" aria-describedby=\"caption-attachment-40869\" style=\"width: 300px\" class=\"wp-caption alignnone\"><a href=\"https:\/\/villabornancini.it\/wp-content\/uploads\/2025\/03\/tazza-caffe-chateau-con-piattino.webp\"><img loading=\"lazy\" decoding=\"async\" class=\"wp-image-40869 size-medium\" src=\"https:\/\/villabornancini.it\/wp-content\/uploads\/2025\/03\/tazza-caffe-chateau-con-piattino-300x300.webp\" alt=\"\" width=\"300\" height=\"300\" srcset=\"https:\/\/villabornancini.it\/wp-content\/uploads\/2025\/03\/tazza-caffe-chateau-con-piattino-300x300.webp 300w, https:\/\/villabornancini.it\/wp-content\/uploads\/2025\/03\/tazza-caffe-chateau-con-piattino-250x250.webp 250w, https:\/\/villabornancini.it\/wp-content\/uploads\/2025\/03\/tazza-caffe-chateau-con-piattino-100x100.webp 100w, https:\/\/villabornancini.it\/wp-content\/uploads\/2025\/03\/tazza-caffe-chateau-con-piattino-350x350.webp 350w, https:\/\/villabornancini.it\/wp-content\/uploads\/2025\/03\/tazza-caffe-chateau-con-piattino-150x150.webp 150w, https:\/\/villabornancini.it\/wp-content\/uploads\/2025\/03\/tazza-caffe-chateau-con-piattino-768x768.webp 768w, https:\/\/villabornancini.it\/wp-content\/uploads\/2025\/03\/tazza-caffe-chateau-con-piattino-48x48.webp 48w, https:\/\/villabornancini.it\/wp-content\/uploads\/2025\/03\/tazza-caffe-chateau-con-piattino-550x550.webp 550w, https:\/\/villabornancini.it\/wp-content\/uploads\/2025\/03\/tazza-caffe-chateau-con-piattino-800x800.webp 800w, https:\/\/villabornancini.it\/wp-content\/uploads\/2025\/03\/tazza-caffe-chateau-con-piattino-180x180.webp 180w, https:\/\/villabornancini.it\/wp-content\/uploads\/2025\/03\/tazza-caffe-chateau-con-piattino-500x500.webp 500w, https:\/\/villabornancini.it\/wp-content\/uploads\/2025\/03\/tazza-caffe-chateau-con-piattino.webp 1000w\" sizes=\"auto, (max-width: 300px) 100vw, 300px\" \/><\/a><figcaption id=\"caption-attachment-40869\" class=\"wp-caption-text\"><span style=\"color: #ffcc00;\">Ch\u00e1vena de caf\u00e9 Chateau com pires<\/span><\/figcaption><\/figure><\/td>\n<td width=\"214\">\n<p><figure id=\"attachment_40870\" aria-describedby=\"caption-attachment-40870\" style=\"width: 300px\" class=\"wp-caption alignnone\"><a href=\"https:\/\/villabornancini.it\/wp-content\/uploads\/2025\/03\/tazza-cappuccino-praga-con-piattino.webp\"><img loading=\"lazy\" decoding=\"async\" class=\"wp-image-40870 size-medium\" src=\"https:\/\/villabornancini.it\/wp-content\/uploads\/2025\/03\/tazza-cappuccino-praga-con-piattino-300x300.webp\" alt=\"\" width=\"300\" height=\"300\" srcset=\"https:\/\/villabornancini.it\/wp-content\/uploads\/2025\/03\/tazza-cappuccino-praga-con-piattino-300x300.webp 300w, https:\/\/villabornancini.it\/wp-content\/uploads\/2025\/03\/tazza-cappuccino-praga-con-piattino-250x250.webp 250w, https:\/\/villabornancini.it\/wp-content\/uploads\/2025\/03\/tazza-cappuccino-praga-con-piattino-100x100.webp 100w, https:\/\/villabornancini.it\/wp-content\/uploads\/2025\/03\/tazza-cappuccino-praga-con-piattino-350x350.webp 350w, https:\/\/villabornancini.it\/wp-content\/uploads\/2025\/03\/tazza-cappuccino-praga-con-piattino-150x150.webp 150w, https:\/\/villabornancini.it\/wp-content\/uploads\/2025\/03\/tazza-cappuccino-praga-con-piattino-768x768.webp 768w, https:\/\/villabornancini.it\/wp-content\/uploads\/2025\/03\/tazza-cappuccino-praga-con-piattino-48x48.webp 48w, https:\/\/villabornancini.it\/wp-content\/uploads\/2025\/03\/tazza-cappuccino-praga-con-piattino-550x550.webp 550w, https:\/\/villabornancini.it\/wp-content\/uploads\/2025\/03\/tazza-cappuccino-praga-con-piattino-800x800.webp 800w, https:\/\/villabornancini.it\/wp-content\/uploads\/2025\/03\/tazza-cappuccino-praga-con-piattino-180x180.webp 180w, https:\/\/villabornancini.it\/wp-content\/uploads\/2025\/03\/tazza-cappuccino-praga-con-piattino-500x500.webp 500w, https:\/\/villabornancini.it\/wp-content\/uploads\/2025\/03\/tazza-cappuccino-praga-con-piattino.webp 1000w\" sizes=\"auto, (max-width: 300px) 100vw, 300px\" \/><\/a><figcaption id=\"caption-attachment-40870\" class=\"wp-caption-text\"><span style=\"color: #ffcc00;\">Ch\u00e1vena de cappuccino de Praga com pires<\/span><\/figcaption><\/figure><\/td>\n<\/tr>\n<tr>\n<td width=\"214\">\n<p><figure id=\"attachment_40871\" aria-describedby=\"caption-attachment-40871\" style=\"width: 300px\" class=\"wp-caption alignnone\"><a href=\"https:\/\/villabornancini.it\/wp-content\/uploads\/2025\/03\/tazza-the-chateau-con-piattino.webp\"><img loading=\"lazy\" decoding=\"async\" class=\"wp-image-40871 size-medium\" src=\"https:\/\/villabornancini.it\/wp-content\/uploads\/2025\/03\/tazza-the-chateau-con-piattino-300x300.webp\" alt=\"\" width=\"300\" height=\"300\" srcset=\"https:\/\/villabornancini.it\/wp-content\/uploads\/2025\/03\/tazza-the-chateau-con-piattino-300x300.webp 300w, https:\/\/villabornancini.it\/wp-content\/uploads\/2025\/03\/tazza-the-chateau-con-piattino-250x250.webp 250w, https:\/\/villabornancini.it\/wp-content\/uploads\/2025\/03\/tazza-the-chateau-con-piattino-100x100.webp 100w, https:\/\/villabornancini.it\/wp-content\/uploads\/2025\/03\/tazza-the-chateau-con-piattino-350x350.webp 350w, https:\/\/villabornancini.it\/wp-content\/uploads\/2025\/03\/tazza-the-chateau-con-piattino-150x150.webp 150w, https:\/\/villabornancini.it\/wp-content\/uploads\/2025\/03\/tazza-the-chateau-con-piattino-768x768.webp 768w, https:\/\/villabornancini.it\/wp-content\/uploads\/2025\/03\/tazza-the-chateau-con-piattino-48x48.webp 48w, https:\/\/villabornancini.it\/wp-content\/uploads\/2025\/03\/tazza-the-chateau-con-piattino-550x550.webp 550w, https:\/\/villabornancini.it\/wp-content\/uploads\/2025\/03\/tazza-the-chateau-con-piattino-800x800.webp 800w, https:\/\/villabornancini.it\/wp-content\/uploads\/2025\/03\/tazza-the-chateau-con-piattino-180x180.webp 180w, https:\/\/villabornancini.it\/wp-content\/uploads\/2025\/03\/tazza-the-chateau-con-piattino-500x500.webp 500w, https:\/\/villabornancini.it\/wp-content\/uploads\/2025\/03\/tazza-the-chateau-con-piattino.webp 1000w\" sizes=\"auto, (max-width: 300px) 100vw, 300px\" \/><\/a><figcaption id=\"caption-attachment-40871\" class=\"wp-caption-text\"><span style=\"color: #ffcc00;\">Ch\u00e1vena de ch\u00e1 Chateau com pires<\/span><\/figcaption><\/figure><\/td>\n<td width=\"214\">\n<p><figure id=\"attachment_40872\" aria-describedby=\"caption-attachment-40872\" style=\"width: 300px\" class=\"wp-caption alignnone\"><a href=\"https:\/\/villabornancini.it\/wp-content\/uploads\/2025\/03\/teiera.webp\"><img loading=\"lazy\" decoding=\"async\" class=\"wp-image-40872 size-medium\" src=\"https:\/\/villabornancini.it\/wp-content\/uploads\/2025\/03\/teiera-300x300.webp\" alt=\"\" width=\"300\" height=\"300\" srcset=\"https:\/\/villabornancini.it\/wp-content\/uploads\/2025\/03\/teiera-300x300.webp 300w, https:\/\/villabornancini.it\/wp-content\/uploads\/2025\/03\/teiera-250x250.webp 250w, https:\/\/villabornancini.it\/wp-content\/uploads\/2025\/03\/teiera-100x100.webp 100w, https:\/\/villabornancini.it\/wp-content\/uploads\/2025\/03\/teiera-350x350.webp 350w, https:\/\/villabornancini.it\/wp-content\/uploads\/2025\/03\/teiera-150x150.webp 150w, https:\/\/villabornancini.it\/wp-content\/uploads\/2025\/03\/teiera-768x768.webp 768w, https:\/\/villabornancini.it\/wp-content\/uploads\/2025\/03\/teiera-48x48.webp 48w, https:\/\/villabornancini.it\/wp-content\/uploads\/2025\/03\/teiera-550x550.webp 550w, https:\/\/villabornancini.it\/wp-content\/uploads\/2025\/03\/teiera-800x800.webp 800w, https:\/\/villabornancini.it\/wp-content\/uploads\/2025\/03\/teiera-180x180.webp 180w, https:\/\/villabornancini.it\/wp-content\/uploads\/2025\/03\/teiera-500x500.webp 500w, https:\/\/villabornancini.it\/wp-content\/uploads\/2025\/03\/teiera.webp 1000w\" sizes=\"auto, (max-width: 300px) 100vw, 300px\" \/><\/a><figcaption id=\"caption-attachment-40872\" class=\"wp-caption-text\"><span style=\"color: #ffcc00;\">Bule cl 55<\/span><\/figcaption><\/figure><\/td>\n<td width=\"214\">\n<p><figure id=\"attachment_40873\" aria-describedby=\"caption-attachment-40873\" style=\"width: 300px\" class=\"wp-caption alignnone\"><a href=\"https:\/\/villabornancini.it\/wp-content\/uploads\/2025\/03\/zuccheriera.webp\"><img loading=\"lazy\" decoding=\"async\" class=\"wp-image-40873 size-medium\" src=\"https:\/\/villabornancini.it\/wp-content\/uploads\/2025\/03\/zuccheriera-300x300.webp\" alt=\"\" width=\"300\" height=\"300\" srcset=\"https:\/\/villabornancini.it\/wp-content\/uploads\/2025\/03\/zuccheriera-300x300.webp 300w, https:\/\/villabornancini.it\/wp-content\/uploads\/2025\/03\/zuccheriera-250x250.webp 250w, https:\/\/villabornancini.it\/wp-content\/uploads\/2025\/03\/zuccheriera-100x100.webp 100w, https:\/\/villabornancini.it\/wp-content\/uploads\/2025\/03\/zuccheriera-350x350.webp 350w, https:\/\/villabornancini.it\/wp-content\/uploads\/2025\/03\/zuccheriera-150x150.webp 150w, https:\/\/villabornancini.it\/wp-content\/uploads\/2025\/03\/zuccheriera-768x768.webp 768w, https:\/\/villabornancini.it\/wp-content\/uploads\/2025\/03\/zuccheriera-48x48.webp 48w, https:\/\/villabornancini.it\/wp-content\/uploads\/2025\/03\/zuccheriera-550x550.webp 550w, https:\/\/villabornancini.it\/wp-content\/uploads\/2025\/03\/zuccheriera-800x800.webp 800w, https:\/\/villabornancini.it\/wp-content\/uploads\/2025\/03\/zuccheriera-180x180.webp 180w, https:\/\/villabornancini.it\/wp-content\/uploads\/2025\/03\/zuccheriera-500x500.webp 500w, https:\/\/villabornancini.it\/wp-content\/uploads\/2025\/03\/zuccheriera.webp 1000w\" sizes=\"auto, (max-width: 300px) 100vw, 300px\" \/><\/a><figcaption id=\"caption-attachment-40873\" class=\"wp-caption-text\"><span style=\"color: #ffcc00;\">A\u00e7ucareiro<\/span><\/figcaption><\/figure><\/td>\n<\/tr>\n<\/tbody>\n<\/table>\n<p><script type=\"text\/javascript\">var nibirumail_advice_text = 'villabornancini.it usa cookies para oferecer uma melhor experi\u00eancia de navega\u00e7\u00e3o. Ao usar nosso servi\u00e7o, voc\u00ea aceita o uso de cookies de acordo com nossa pol\u00edtica de cookies. <a href=\"https:\/\/villabornancini.it\/?page_id=1432&lang=pt\" target=\"_blank\">Descubra mais.<\/a>. <a href=\"javascript:;\" class=\"nibirumail_agreement\">Entendo.<\/a>';<\/script><br \/>\n<script type=\"text\/javascript\">var cookie_policy_url = 'https:\/\/villabornancini.it\/?page_id=1432&lang=pt';<\/script><br \/>\n<script type=\"text\/javascript\" src=\"https:\/\/nibirumail.com\/docs\/scripts\/nibirumail.cookie.min.js\"><\/script><\/p>","protected":false},"excerpt":{"rendered":"<p>Voltar para Pratos e travessas &nbsp;<\/p>\n","protected":false},"author":1,"featured_media":0,"parent":0,"menu_order":0,"comment_status":"closed","ping_status":"closed","template":"","meta":{"footnotes":""},"class_list":["post-40864","page","type-page","status-publish","hentry"],"_links":{"self":[{"href":"https:\/\/villabornancini.it\/pt\/wp-json\/wp\/v2\/pages\/40864","targetHints":{"allow":["GET"]}}],"collection":[{"href":"https:\/\/villabornancini.it\/pt\/wp-json\/wp\/v2\/pages"}],"about":[{"href":"https:\/\/villabornancini.it\/pt\/wp-json\/wp\/v2\/types\/page"}],"author":[{"embeddable":true,"href":"https:\/\/villabornancini.it\/pt\/wp-json\/wp\/v2\/users\/1"}],"replies":[{"embeddable":true,"href":"https:\/\/villabornancini.it\/pt\/wp-json\/wp\/v2\/comments?post=40864"}],"version-history":[{"count":3,"href":"https:\/\/villabornancini.it\/pt\/wp-json\/wp\/v2\/pages\/40864\/revisions"}],"predecessor-version":[{"id":40979,"href":"https:\/\/villabornancini.it\/pt\/wp-json\/wp\/v2\/pages\/40864\/revisions\/40979"}],"wp:attachment":[{"href":"https:\/\/villabornancini.it\/pt\/wp-json\/wp\/v2\/media?parent=40864"}],"curies":[{"name":"wp","href":"https:\/\/api.w.org\/{rel}","templated":true}]}}