{"id":41037,"date":"2025-03-15T11:44:32","date_gmt":"2025-03-15T10:44:32","guid":{"rendered":"https:\/\/villabornancini.it\/?page_id=41037"},"modified":"2025-05-31T16:28:39","modified_gmt":"2025-05-31T14:28:39","slug":"posiziona-tavoli","status":"publish","type":"page","link":"https:\/\/villabornancini.it\/pt\/posiziona-tavoli","title":{"rendered":"<span style=\"color: #ffcc99;\">Coloque Mesas<\/span>"},"content":{"rendered":"<p><span style=\"color: #ffcc00;\"><a class=\"fasc-button fasc-size-medium fasc-type-glossy fasc-rounded-medium\" style=\"background-color: #045d80; color: #ebe40c;\" href=\"https:\/\/villabornancini.it\/wedding\"><span style=\"color: #ffcc00;\">Regressar ao Casamento<\/span><\/a><\/span><\/p>\n<p><span style=\"color: #ffcc00;\">Descarregue a folha de Excel com a qual pode organizar as mesas dentro do Serra di Dino para at\u00e9 150 convidados.<\/span><\/p>\n<p><a class=\"fasc-button fasc-size-medium fasc-type-glossy fasc-rounded-medium\" style=\"background-color: #045d80; color: #ebe40c;\" target=\"_blank\" rel=\"noopener\" href=\"https:\/\/villabornancini.it\/wp-content\/uploads\/2025\/05\/Coloque-Mesas.xlsx\">Download<\/a><\/p>\n<p><span style=\"color: #ffcc99;\">Na folha de Excel, existem v\u00e1rios tipos de mesas que pode arrastar para a Estufa e duplic\u00e1-las atrav\u00e9s de copiar e colar (manter a formata\u00e7\u00e3o original).<br \/>\nPode unir as mesas retangulares aproximando-as uma da outra at\u00e9 obter o formato que mais lhe agrada.<br \/>\nColoque as mesas dentro da linha pontilhada<\/span><\/p>\n<p><a href=\"https:\/\/villabornancini.it\/wp-content\/uploads\/2025\/05\/Catturapt.jpg\"><img loading=\"lazy\" decoding=\"async\" class=\"alignnone wp-image-45173 size-large\" src=\"https:\/\/villabornancini.it\/wp-content\/uploads\/2025\/05\/Catturapt-1024x487.jpg\" alt=\"\" width=\"525\" height=\"250\" srcset=\"https:\/\/villabornancini.it\/wp-content\/uploads\/2025\/05\/Catturapt-1024x487.jpg 1024w, https:\/\/villabornancini.it\/wp-content\/uploads\/2025\/05\/Catturapt-300x143.jpg 300w, https:\/\/villabornancini.it\/wp-content\/uploads\/2025\/05\/Catturapt-768x365.jpg 768w, https:\/\/villabornancini.it\/wp-content\/uploads\/2025\/05\/Catturapt-250x119.jpg 250w, https:\/\/villabornancini.it\/wp-content\/uploads\/2025\/05\/Catturapt-550x261.jpg 550w, https:\/\/villabornancini.it\/wp-content\/uploads\/2025\/05\/Catturapt-800x380.jpg 800w, https:\/\/villabornancini.it\/wp-content\/uploads\/2025\/05\/Catturapt-379x180.jpg 379w, https:\/\/villabornancini.it\/wp-content\/uploads\/2025\/05\/Catturapt-631x300.jpg 631w, https:\/\/villabornancini.it\/wp-content\/uploads\/2025\/05\/Catturapt-1052x500.jpg 1052w, https:\/\/villabornancini.it\/wp-content\/uploads\/2025\/05\/Catturapt-350x166.jpg 350w, https:\/\/villabornancini.it\/wp-content\/uploads\/2025\/05\/Catturapt.jpg 1159w\" sizes=\"auto, (max-width: 525px) 100vw, 525px\" \/><\/a><\/p>\n<p><span style=\"color: #ffcc99;\">Uma vez dispostas as mesas, pode, posicionando o rato sobre cada assento, alterar o n\u00famero do assento que \u00e9 agora 0 e atribuir um nome ao n\u00famero escolhido Caso o Excel bloqueie, pressione a tecla Esc do teclado.<br \/>\n<\/span><br \/>\n<script type=\"text\/javascript\">var nibirumail_advice_text = 'villabornancini.it usa cookies para oferecer uma melhor experi\u00eancia de navega\u00e7\u00e3o. Ao usar nosso servi\u00e7o, voc\u00ea aceita o uso de cookies de acordo com nossa pol\u00edtica de cookies. <a href=\"https:\/\/villabornancini.it\/?page_id=1432&lang=pt\" target=\"_blank\">Descubra mais.<\/a>. <a href=\"javascript:;\" class=\"nibirumail_agreement\">Entendo.<\/a>';<\/script><br \/>\n<script type=\"text\/javascript\">var cookie_policy_url = 'https:\/\/villabornancini.it\/?page_id=1432&lang=pt';<\/script><br \/>\n<script type=\"text\/javascript\" src=\"https:\/\/nibirumail.com\/docs\/scripts\/nibirumail.cookie.min.js\"><\/script><\/p>","protected":false},"excerpt":{"rendered":"<p>Regressar ao Casamento Descarregue a folha de Excel com a qual pode organizar as mesas dentro do Serra di Dino para at\u00e9 150 convidados. Download Na folha de Excel, existem v\u00e1rios tipos de mesas que pode arrastar para a Estufa e duplic\u00e1-las atrav\u00e9s de copiar e colar (manter a formata\u00e7\u00e3o original). Pode unir as mesas &hellip; <\/p>\n<p class=\"link-more\"><a href=\"https:\/\/villabornancini.it\/pt\/posiziona-tavoli\" class=\"more-link\">Continuar a ler <span class=\"screen-reader-text\">\"<span style=\"color: #ffcc99;\">Coloque Mesas<\/span>\"<\/span><\/a><\/p>\n","protected":false},"author":1,"featured_media":0,"parent":0,"menu_order":0,"comment_status":"closed","ping_status":"closed","template":"","meta":{"footnotes":""},"class_list":["post-41037","page","type-page","status-publish","hentry"],"_links":{"self":[{"href":"https:\/\/villabornancini.it\/pt\/wp-json\/wp\/v2\/pages\/41037","targetHints":{"allow":["GET"]}}],"collection":[{"href":"https:\/\/villabornancini.it\/pt\/wp-json\/wp\/v2\/pages"}],"about":[{"href":"https:\/\/villabornancini.it\/pt\/wp-json\/wp\/v2\/types\/page"}],"author":[{"embeddable":true,"href":"https:\/\/villabornancini.it\/pt\/wp-json\/wp\/v2\/users\/1"}],"replies":[{"embeddable":true,"href":"https:\/\/villabornancini.it\/pt\/wp-json\/wp\/v2\/comments?post=41037"}],"version-history":[{"count":36,"href":"https:\/\/villabornancini.it\/pt\/wp-json\/wp\/v2\/pages\/41037\/revisions"}],"predecessor-version":[{"id":45240,"href":"https:\/\/villabornancini.it\/pt\/wp-json\/wp\/v2\/pages\/41037\/revisions\/45240"}],"wp:attachment":[{"href":"https:\/\/villabornancini.it\/pt\/wp-json\/wp\/v2\/media?parent=41037"}],"curies":[{"name":"wp","href":"https:\/\/api.w.org\/{rel}","templated":true}]}}