{"id":47003,"date":"2026-03-23T18:47:06","date_gmt":"2026-03-23T17:47:06","guid":{"rendered":"https:\/\/villabornancini.it\/?page_id=47003"},"modified":"2026-03-25T12:54:16","modified_gmt":"2026-03-25T11:54:16","slug":"adempimenti-siae","status":"publish","type":"page","link":"https:\/\/villabornancini.it\/pt\/adempimenti-siae","title":{"rendered":"<span style=\"color: #ffcc99;\">Obriga\u00e7\u00f5es da SIAE<\/span>"},"content":{"rendered":"<p><span style=\"color: #ffcc00;\"><a class=\"fasc-button fasc-size-medium fasc-type-glossy fasc-rounded-medium\" style=\"background-color: #045d80; color: #ebe40c;\" href=\"https:\/\/villabornancini.it\/wedding\"><span style=\"color: #ffcc00;\">Regressar ao Casamento<\/span><\/a><\/span><br \/>\n&nbsp;<\/p>\n<h1><span style=\"color: #ffcc00;\">M\u00fasica no seu casamento:<\/span><\/h1>\n<p><span style=\"color: #ff9900;\">Se pretende que o seu casamento seja animado por m\u00fasica e talvez at\u00e9 uma festa de dan\u00e7a, lembre-se de pagar os direitos de autor \u00e0 SIAE (Sociedade Italiana de Autores e Editores).<\/span><\/p>\n<p><span style=\"color: #ff9900;\">Ali\u00e1s, se houver m\u00fasica num local p\u00fablico, seja ao vivo ou com sistemas de \u00e1udio e v\u00eddeo, os direitos de autor dever\u00e3o ser pagos. Um \"local p\u00fablico\" inclui tamb\u00e9m um local geralmente privado que est\u00e1 aberto ao p\u00fablico em ocasi\u00f5es especiais, como um casamento.<\/span><\/p>\n<p><span style=\"color: #ff9900;\">Os pagamentos da SIAE s\u00e3o feitos diretamente pelo casal, que deve contactar o escrit\u00f3rio mais pr\u00f3ximo do local do casamento ou <a href=\"https:\/\/www.siae.it\/it\/utilizzatori\/feste-private\/\" target=\"_blank\" rel=\"noopener\"><span style=\"color: #ffcc00;\">efetuar o pagamento online diretamente no site da SIAE<\/span><\/a>.<\/span><\/p>\n<h3><span style=\"color: #ffcc00;\">Taxas de Casamento da SIAE<\/span><\/h3>\n<p>&nbsp;<\/p>\n<p><span style=\"color: #ff9900;\">O pagamento baseia-se em tr\u00eas crit\u00e9rios principais:<\/span><\/p>\n<p><span style=\"color: #ff9900;\">\u2013 O n\u00famero de convidados<br \/>\n\u2013 O tipo de m\u00fasica (ao vivo ou DJ)<br \/>\n\u2013 A categoria do local<\/span><\/p>\n<p><span style=\"color: #ff9900;\">Para saber o custo de um casamento<\/span> <a href=\"https:\/\/www.siae.it\/it\/utilizzatori\/feste-private\/matrimonio\/\" target=\"_blank\" rel=\"noopener\"><span style=\"color: #ffcc00;\">clique aqui<\/span><\/a><br \/>\n<span style=\"color: #ff9900;\">Para saber o custo de uma festa de anivers\u00e1rio<\/span> <a href=\"https:\/\/www.siae.it\/it\/utilizzatori\/feste-private\/compleanno\/\" target=\"_blank\" rel=\"noopener\"><span style=\"color: #ffcc00;\">clique aqui<\/span><\/a><br \/>\n<span style=\"color: #ff9900;\">Para saber o custo de outras festas<\/span> <a href=\"https:\/\/www.siae.it\/it\/utilizzatori\/feste-private\/altre-feste\/\" target=\"_blank\" rel=\"noopener\"><span style=\"color: #ffcc00;\">clique aqui<\/span><\/a><\/p>\n<p><span style=\"color: #ff9900;\">Se vai casar na Villa Bornancini, o escrit\u00f3rio da SIAE que pode contactar \u00e9:<br \/>\nRepresentante da SIAE em Portogruaro<\/span><br \/>\n<span style=\"color: #ffcc00;\">Viale Venezia, 17,<br \/>\n30025 Fossalta di Portogruaro VE<br \/>\nTelefone: 0421 394624<br \/>\nE-mail: portogruaro@mandatarie.siae.it<\/span><br \/>\n<script type=\"text\/javascript\">var nibirumail_advice_text = 'villabornancini.it usa cookies para oferecer uma melhor experi\u00eancia de navega\u00e7\u00e3o. Ao usar nosso servi\u00e7o, voc\u00ea aceita o uso de cookies de acordo com nossa pol\u00edtica de cookies. <a href=\"https:\/\/villabornancini.it\/?page_id=1432&lang=pt\" target=\"_blank\">Descubra mais.<\/a>. <a href=\"javascript:;\" class=\"nibirumail_agreement\">Entendo.<\/a>';<\/script><br \/>\n<script type=\"text\/javascript\">var cookie_policy_url = 'https:\/\/villabornancini.it\/?page_id=1432&lang=pt';<\/script><br \/>\n<script type=\"text\/javascript\" src=\"https:\/\/nibirumail.com\/docs\/scripts\/nibirumail.cookie.min.js\"><\/script><\/p>","protected":false},"excerpt":{"rendered":"<p>Regressar ao Casamento &nbsp; M\u00fasica no seu casamento: Se pretende que o seu casamento seja animado por m\u00fasica e talvez at\u00e9 uma festa de dan\u00e7a, lembre-se de pagar os direitos de autor \u00e0 SIAE (Sociedade Italiana de Autores e Editores). Ali\u00e1s, se houver m\u00fasica num local p\u00fablico, seja ao vivo ou com sistemas de \u00e1udio &hellip; <\/p>\n<p class=\"link-more\"><a href=\"https:\/\/villabornancini.it\/pt\/adempimenti-siae\" class=\"more-link\">Continuar a ler <span class=\"screen-reader-text\">\"<span style=\"color: #ffcc99;\">Obriga\u00e7\u00f5es da SIAE<\/span>\"<\/span><\/a><\/p>\n","protected":false},"author":1,"featured_media":0,"parent":0,"menu_order":0,"comment_status":"closed","ping_status":"closed","template":"","meta":{"footnotes":""},"class_list":["post-47003","page","type-page","status-publish","hentry"],"_links":{"self":[{"href":"https:\/\/villabornancini.it\/pt\/wp-json\/wp\/v2\/pages\/47003","targetHints":{"allow":["GET"]}}],"collection":[{"href":"https:\/\/villabornancini.it\/pt\/wp-json\/wp\/v2\/pages"}],"about":[{"href":"https:\/\/villabornancini.it\/pt\/wp-json\/wp\/v2\/types\/page"}],"author":[{"embeddable":true,"href":"https:\/\/villabornancini.it\/pt\/wp-json\/wp\/v2\/users\/1"}],"replies":[{"embeddable":true,"href":"https:\/\/villabornancini.it\/pt\/wp-json\/wp\/v2\/comments?post=47003"}],"version-history":[{"count":9,"href":"https:\/\/villabornancini.it\/pt\/wp-json\/wp\/v2\/pages\/47003\/revisions"}],"predecessor-version":[{"id":47054,"href":"https:\/\/villabornancini.it\/pt\/wp-json\/wp\/v2\/pages\/47003\/revisions\/47054"}],"wp:attachment":[{"href":"https:\/\/villabornancini.it\/pt\/wp-json\/wp\/v2\/media?parent=47003"}],"curies":[{"name":"wp","href":"https:\/\/api.w.org\/{rel}","templated":true}]}}