{"id":47013,"date":"2026-03-24T14:12:41","date_gmt":"2026-03-24T13:12:41","guid":{"rendered":"https:\/\/villabornancini.it\/?page_id=47013"},"modified":"2026-03-25T12:51:37","modified_gmt":"2026-03-25T11:51:37","slug":"tour-virtuali","status":"publish","type":"page","link":"https:\/\/villabornancini.it\/pt\/tour-virtuali","title":{"rendered":"<span style=\"color: #ffcc99;\">Passeios Virtuais<\/span>"},"content":{"rendered":"<p><span style=\"color: #ffcc00;\"><a class=\"fasc-button fasc-size-medium fasc-type-glossy fasc-rounded-medium\" style=\"background-color: #045d80; color: #ebe40c;\" href=\"https:\/\/villabornancini.it\/wedding\"><span style=\"color: #ffcc00;\">Regressar ao Casamento<\/span><\/a><\/span><br \/>\n&nbsp;<\/p>\n<table style=\"height: 59px;\" width=\"535\">\n<tbody>\n<tr>\n<td style=\"text-align: right;\" width=\"341\"><a class=\"fasc-button fasc-size-medium fasc-type-glossy fasc-rounded-medium\" style=\"background-color: #045d80; color: #ebe40c;\" target=\"_blank\" rel=\"noopener\" href=\"https:\/\/my.matterport.com\/show\/?m=SyLGVXuym1u&amp;play=1&amp;lang=it&amp;hl=2&amp;brand=0&amp;title=0&amp;vr=0\"><span style=\"color: #ffcc00;\">Visita Virtual \u00e0 Vila<\/span><\/a><\/td>\n<td width=\"330\"><a class=\"fasc-button fasc-size-medium fasc-type-glossy fasc-rounded-medium\" style=\"background-color: #045d80; color: #ebe40c;\" target=\"_blank\" rel=\"noopener\" href=\"https:\/\/my.matterport.com\/show\/?m=6cTcjVt8Pct&amp;play=1&amp;lang=it&amp;hl=2&amp;brand=0&amp;title=0&amp;vr=0\"><span style=\"color: #ffcc00;\">Visita Virtual aos espa\u00e7os para Casamentos<\/span><\/a><\/td>\n<\/tr>\n<\/tbody>\n<\/table>\n<p><script type=\"text\/javascript\">var nibirumail_advice_text = 'villabornancini.it usa cookies para oferecer uma melhor experi\u00eancia de navega\u00e7\u00e3o. Ao usar nosso servi\u00e7o, voc\u00ea aceita o uso de cookies de acordo com nossa pol\u00edtica de cookies. <a href=\"https:\/\/villabornancini.it\/?page_id=1432&lang=pt\" target=\"_blank\">Descubra mais.<\/a>. <a href=\"javascript:;\" class=\"nibirumail_agreement\">Entendo.<\/a>';<\/script><br \/>\n<script type=\"text\/javascript\">var cookie_policy_url = 'https:\/\/villabornancini.it\/?page_id=1432&lang=pt';<\/script><br \/>\n<script type=\"text\/javascript\" src=\"https:\/\/nibirumail.com\/docs\/scripts\/nibirumail.cookie.min.js\"><\/script><\/p>","protected":false},"excerpt":{"rendered":"<p>Regressar ao Casamento &nbsp; Visita Virtual \u00e0 Vila Visita Virtual aos espa\u00e7os para Casamentos<\/p>\n","protected":false},"author":1,"featured_media":0,"parent":0,"menu_order":0,"comment_status":"closed","ping_status":"closed","template":"","meta":{"footnotes":""},"class_list":["post-47013","page","type-page","status-publish","hentry"],"_links":{"self":[{"href":"https:\/\/villabornancini.it\/pt\/wp-json\/wp\/v2\/pages\/47013","targetHints":{"allow":["GET"]}}],"collection":[{"href":"https:\/\/villabornancini.it\/pt\/wp-json\/wp\/v2\/pages"}],"about":[{"href":"https:\/\/villabornancini.it\/pt\/wp-json\/wp\/v2\/types\/page"}],"author":[{"embeddable":true,"href":"https:\/\/villabornancini.it\/pt\/wp-json\/wp\/v2\/users\/1"}],"replies":[{"embeddable":true,"href":"https:\/\/villabornancini.it\/pt\/wp-json\/wp\/v2\/comments?post=47013"}],"version-history":[{"count":2,"href":"https:\/\/villabornancini.it\/pt\/wp-json\/wp\/v2\/pages\/47013\/revisions"}],"predecessor-version":[{"id":47053,"href":"https:\/\/villabornancini.it\/pt\/wp-json\/wp\/v2\/pages\/47013\/revisions\/47053"}],"wp:attachment":[{"href":"https:\/\/villabornancini.it\/pt\/wp-json\/wp\/v2\/media?parent=47013"}],"curies":[{"name":"wp","href":"https:\/\/api.w.org\/{rel}","templated":true}]}}