{"id":47015,"date":"2026-03-24T14:39:01","date_gmt":"2026-03-24T13:39:01","guid":{"rendered":"https:\/\/villabornancini.it\/?page_id=47015"},"modified":"2026-03-25T14:03:40","modified_gmt":"2026-03-25T13:03:40","slug":"agenda-degli-sposi","status":"publish","type":"page","link":"https:\/\/villabornancini.it\/pt\/agenda-degli-sposi","title":{"rendered":"<span style=\"color: #ffcc99;\">Organizadora de Casamentos<\/span>"},"content":{"rendered":"<p><span style=\"color: #ffcc00;\"><a class=\"fasc-button fasc-size-medium fasc-type-glossy fasc-rounded-medium\" style=\"background-color: #045d80; color: #ebe40c;\" href=\"https:\/\/villabornancini.it\/wedding\"><span style=\"color: #ffcc00;\">Regressar ao Casamento<\/span><\/a><\/span><br \/>\n&nbsp;<\/p>\n<h1><span style=\"color: #ffcc00;\">Como organizar o seu casamento passo a passo<\/span><\/h1>\n<p><span style=\"color: #ffcc99;\">H\u00e1 muito a considerar ao planear o casamento perfeito, mas com um planeamento cuidadoso e algumas dicas \u00fateis, pode navegar por cada passo dos preparativos com facilidade e confian\u00e7a. Nesta sec\u00e7\u00e3o, vamos destacar as datas importantes e os prazos ideais para planear cada detalhe e manter tudo sob controlo, desde o in\u00edcio at\u00e9 ao dia do seu casamento.<br \/>\nPreparar? Vamos l\u00e1!<\/span><\/p>\n<h2><span style=\"color: #ffcc00;\">18 meses de anteced\u00eancia<\/span><\/h2>\n<p><strong><span style=\"color: #ffcc99;\">Defini\u00e7\u00e3o de or\u00e7amento:<\/strong><\/span> decida quanto quer gastar e lembre-se de manter as suas contas atualizadas ao longo do tempo.<\/p>\n<p><strong><span style=\"color: #ffcc99;\">Local da recep\u00e7\u00e3o:<\/strong><\/span> visite um ou mais locais e pergunte sobre cada um: datas dispon\u00edveis, capacidade do sal\u00e3o, servi\u00e7os oferecidos, limites de tempo e m\u00e9todos de pagamento. Reserve uma data e confirme a sua escolha pagando um sinal.<\/p>\n<p><strong><span style=\"color: #ffcc99;\">Rito e local da cerim\u00f3nia:<\/strong><\/span> escolha a igreja ou a conservat\u00f3ria, contacte o p\u00e1roco ou o funcion\u00e1rio do registo civil para organizar e definir a data e hora da cerim\u00f3nia. Saiba quais os documentos que ter\u00e1 de apresentar para obter a autoriza\u00e7\u00e3o. Se vai casar numa igreja, comece a pensar no livrinho de casamento: se pretende personaliz\u00e1-lo com poemas e textos que comp\u00f4s, considere o tempo necess\u00e1rio para o fazer.<\/p>\n<p><strong><span style=\"color: #ffcc99;\">Curso pr\u00e9-nupcial:<\/strong><\/span> pergunte ao p\u00e1roco sobre a dura\u00e7\u00e3o e o per\u00edodo, pois muitas par\u00f3quias oferecem apenas alguns cursos por ano, e alguns duram alguns meses.<\/p>\n<p><strong><span style=\"color: #ffcc99;\">Servi\u00e7o de buffet:<\/strong><\/span> se n\u00e3o tem um fornecedor de confian\u00e7a, contacte uma ou mais empresas de buffet e comece a avaliar a qualidade dos servi\u00e7os. Avalie as op\u00e7\u00f5es dispon\u00edveis, como toalhas de mesa, menus e servi\u00e7os oferecidos, e solicite um or\u00e7amento aproximado para cada um.<\/p>\n<h2><span style=\"color: #ffcc00;\">8 meses antes<br \/>\n<\/span><\/h2>\n<p><strong><span style=\"color: #ffcc99;\">Convites e An\u00fancios:<\/strong><\/span> comece a compilar a lista de convidados da rece\u00e7\u00e3o e a lista de pessoas a quem pretende enviar convites.<\/p>\n<p><strong><span style=\"color: #ffcc99;\">Acomoda\u00e7\u00f5es dos Convidados:<\/strong><\/span> se desejar, reserve alguns quartos para os convidados que v\u00eam de fora da cidade.<\/p>\n<p><strong><span style=\"color: #ffcc99;\">Vestido da Noiva:<\/strong><\/span> comece a pensar no vestido consultando revistas da especialidade e visitando boutiques e ateliers para ver estilos e pre\u00e7os.<\/p>\n<p><strong><span style=\"color: #ffcc99;\">Lua \u200b\u200bde Mel:<\/strong><\/span> planeie a sua lua-de-mel escolhendo a data, o destino e o or\u00e7amento. Avalie v\u00e1rias op\u00e7\u00f5es e or\u00e7amentos contactando 2 a 3 ag\u00eancias de viagens.<\/p>\n<h2><span style=\"color: #ffcc00;\">6 meses antes<br \/>\n<\/span><\/h2>\n<p><strong><span style=\"color: #ffcc99;\">Convites e an\u00fancios:<\/strong><\/span> escolha o design e encomende os convites e an\u00fancios. N\u00e3o se esque\u00e7a dos cart\u00f5es e envelopes para agradecer aos convidados.<\/p>\n<p><strong><span style=\"color: #ffcc99;\">Curso pr\u00e9-nupcial:<\/strong><\/span> se o seu casamento for na igreja, agora \u00e9 a altura de se inscrever no curso pr\u00e9-nupcial.<\/p>\n<p><strong><span style=\"color: #ffcc99;\">Vestido de noiva:<\/strong><\/span> escolha uma loja e comece a trabalhar no vestido escolhido. Considere reservar tempo para ajustes e provas.<\/p>\n<p><strong><span style=\"color: #ffcc99;\">Documentos do casamento:<\/strong><\/span> comece a preparar os documentos necess\u00e1rios, tendo em conta que alguns t\u00eam uma validade at\u00e9 tr\u00eas meses.<\/p>\n<p><strong><span style=\"color: #ffcc99;\">Padrinhos:<\/strong><\/span> escolha as suas testemunhas e pe\u00e7a a sua aprova\u00e7\u00e3o.<\/p>\n<p><strong><span style=\"color: #ffcc99;\">Lua \u200b\u200bde mel:<\/strong><\/span> est\u00e1 na hora de reservar para conseguir as melhores tarifas em voos e alojamento.<\/p>\n<h2><span style=\"color: #ffcc00;\">5 meses antes<br \/>\n<\/span><\/h2>\n<p><strong><span style=\"color: #ffcc99;\">Convites e An\u00fancios:<\/strong><\/span> re\u00fana todos os endere\u00e7os dos convidados da sua rece\u00e7\u00e3o e os endere\u00e7os para o envio dos convites.<\/p>\n<p><strong><span style=\"color: #ffcc99;\">Lista de Presentes:<\/strong><\/span> prepare uma lista dos presentes que pretende receber e escolha as lojas ou floristas para a sua lista, dando prefer\u00eancia \u00e0quelas que possam tratar de tudo por si (atualiza\u00e7\u00f5es da lista, pagamentos, etc.).<\/p>\n<p><strong><span style=\"color: #ffcc99;\">Arranjos Florais:<\/strong><\/span> contacte a florista e solicite um or\u00e7amento para a decora\u00e7\u00e3o da igreja ou do sal\u00e3o de festas, do local da rece\u00e7\u00e3o, do carro e do bouquet da noiva.<\/p>\n<p><strong><span style=\"color: #ffcc99;\">M\u00fasica e Entretenimento:<\/strong><\/span> escolha o tipo de acompanhamento musical para a igreja e para a rece\u00e7\u00e3o (cl\u00e1ssica, jazz, DJ, etc.) e\/ou um programa especial com anima\u00e7\u00e3o.<\/p>\n<p><strong><span style=\"color: #ffcc99;\">Fotos e V\u00eddeos:<\/strong><\/span> contacte um est\u00fadio fotogr\u00e1fico para organizar os servi\u00e7os durante a cerim\u00f3nia e a rece\u00e7\u00e3o: solicite um or\u00e7amento detalhado para fotografias, v\u00eddeos, \u00e1lbuns de fotografias ou qualquer outro item que pretenda.<\/p>\n<p><strong><span style=\"color: #ffcc99;\">Lembran\u00e7as e Confetes:<\/strong><\/span> decida que lembran\u00e7as vai dar aos seus convidados, considerando se deve separ\u00e1-las para testemunhas e familiares, e contando com especialistas e artes\u00e3os de confian\u00e7a.<\/p>\n<p><strong><span style=\"color: #ffcc99;\">Espet\u00e1culo de Fogo de Artif\u00edcio:<\/strong><\/span> se desejar fogos de artif\u00edcio, pe\u00e7a autoriza\u00e7\u00e3o e informa\u00e7\u00f5es sobre restri\u00e7\u00f5es ao gerente do local e, em seguida, contrate uma empresa especializada para tratar da documenta\u00e7\u00e3o necess\u00e1ria e gerir o espet\u00e1culo.<\/p>\n<h2><span style=\"color: #ffcc00;\">3 meses antes<br \/>\n<\/span><\/h2>\n<p><strong><span style=\"color: #ffcc99;\">Alian\u00e7as:<\/strong><\/span> visite 3 ou mais joalharias para escolher as alian\u00e7as e discutir quaisquer altera\u00e7\u00f5es e\/ou grava\u00e7\u00f5es.<\/p>\n<p><strong><span style=\"color: #ffcc99;\">Lista de presentes:<\/strong><\/span> defina a lista de presentes, pe\u00e7a aos fornecedores para verificarem a disponibilidade em stock e compile a lista.<\/p>\n<p><strong><span style=\"color: #ffcc99;\">Lua \u200b\u200bde mel:<\/strong><\/span> se ainda n\u00e3o o fez, escolha e reserve servi\u00e7os, atividades e... mimos adicionais para desfrutar durante a viagem.<\/p>\n<p><strong><span style=\"color: #ffcc99;\">Carro para os noivos:<\/strong><\/span> escolha o meio de transporte para a igreja e para a rece\u00e7\u00e3o. Um carro antigo, uma carruagem ou um carro particular. Tamb\u00e9m pode considerar alugar um minibus ou uma carrinha para os convidados, se o trajeto da igreja at\u00e9 \u00e0 casa o permitir.<\/p>\n<p><strong><span style=\"color: #ffcc99;\">Convites:<\/strong><\/span> preencha e sele os envelopes dos convites e envie-os aos destinat\u00e1rios.<\/p>\n<p><strong><span style=\"color: #ffcc99;\">Lembran\u00e7as e confetes:<\/strong><\/span> encomende as lembran\u00e7as e os confettis com base no n\u00famero de convidados, estabelecendo o prazo de entrega (alguns dias antes da rece\u00e7\u00e3o).<\/p>\n<p><strong><span style=\"color: #ffcc99;\">Servi\u00e7o de buffet:<\/strong><\/span> confirme a ementa, os vinhos e os servi\u00e7os opcionais.<\/p>\n<h2><span style=\"color: #ffcc00;\">2 meses antes<br \/>\n<\/span><\/h2>\n<p><strong><span style=\"color: #ffcc99;\">Lista de Presentes de Casamento:<\/strong><\/span> solicite a publica\u00e7\u00e3o da lista de prendas de casamento em lojas selecionadas e online, nos respetivos sites.<\/p>\n<p><strong><span style=\"color: #ffcc99;\">Convites:<\/strong><\/span> preencha e sele os envelopes dos convites e envie-os aos destinat\u00e1rios.<\/p>\n<p><strong><span style=\"color: #ffcc99;\">Folhetos da Missa:<\/strong><\/span> mande imprimir os folhetos para a missa de casamento.<\/p>\n<p><strong><span style=\"color: #ffcc99;\">Bolo de Casamento:<\/strong><\/span> escolha o seu bolo preferido com um pasteleiro de confian\u00e7a. Encomende tamb\u00e9m os bolos que ser\u00e3o servidos no buffet e combine os hor\u00e1rios e os m\u00e9todos de entrega para o dia da rece\u00e7\u00e3o.<\/p>\n<p><strong><span style=\"color: #ffcc99;\">Vestido da Noiva:<\/strong><\/span> \u00e9 altura de escolher os detalhes e os acess\u00f3rios (sapatos, v\u00e9u, cauda, \u200b\u200btiara, etc.), que devem ser encomendados com anteced\u00eancia, caso sejam feitos \u00e0 medida.<\/p>\n<p><strong><span style=\"color: #ffcc99;\">Maquilhagem da Noiva:<\/strong><\/span> entre em contacto com um(a) maquilhador(a) e cabeleireiro(a) para escolher o penteado e agendar as provas.<\/p>\n<p><strong><span style=\"color: #ffcc99;\">Fato do Noivo:<\/strong><\/span> escolha e experimente o fato para decidir sobre quaisquer ajustes.<\/p>\n<p><strong><span style=\"color: #ffcc99;\">Pajens e damas de honor:<\/strong><\/span> se pretende que a acompanhem at\u00e9 ao altar, comece a planear entrando em contacto com os seus pais e pedindo a sua autoriza\u00e7\u00e3o.<\/p>\n<p><strong><span style=\"color: #ffcc99;\">Lua \u200b\u200bde mel:<\/strong><\/span> verifique a validade dos seus passaportes e outros documentos necess\u00e1rios para o destino escolhido.<\/p>\n<h2><span style=\"color: #ffcc00;\">15 dias antes<br \/>\n<\/span><\/h2>\n<p><strong><span style=\"color: #ffcc99;\">Buqu\u00ea:<\/strong><\/span> o noivo escolhe e encomenda o bouquet.<\/p>\n<p><strong><span style=\"color: #ffcc99;\">Vestido para depois da cerim\u00f3nia:<\/strong><\/span> compre o vestido para depois da cerim\u00f3nia, caso pretenda mais conforto ap\u00f3s a parte formal da rece\u00e7\u00e3o.<\/p>\n<p><strong><span style=\"color: #ffcc99;\">Almofada para as alian\u00e7as:<\/strong><\/span> escolha uma que combine com o estilo e as cores da decora\u00e7\u00e3o da igreja e compre-a.<\/p>\n<p><strong><span style=\"color: #ffcc99;\">Vestido da noiva:<\/strong><\/span> prova final do vestido, acess\u00f3rios, penteado e maquilhagem.<\/p>\n<p><strong><span style=\"color: #ffcc99;\">Servi\u00e7o de buffet:<\/strong><\/span> confirme todas as op\u00e7\u00f5es e detalhes discutidos e ensaie o menu do almo\u00e7o ou do jantar. Por fim, acerte o pre\u00e7o final com base no n\u00famero de convidados.<\/p>\n<p><strong><span style=\"color: #ffcc99;\">Maquiagem:<\/strong><\/span> inicie a s\u00e9rie de tratamentos de beleza para o rosto, corpo e cabelo.<\/p>\n<p><strong><span style=\"color: #ffcc99;\">Lua \u200b\u200bde mel:<\/strong><\/span> confirme os voos, servi\u00e7os e atividades selecionados para a viagem junto da ag\u00eancia e reserve a moeda local, se necess\u00e1rio.<\/p>\n<h2><span style=\"color: #ffcc00;\">7 dias antes<br \/>\n<\/span><\/h2>\n<p><strong><span style=\"color: #ffcc99;\">Despedidas de solteiro(a):<\/strong><\/span> se preferir, celebre com os amigos. Caso contr\u00e1rio, ofere\u00e7a-se dois dias de relaxamento num spa ou simplesmente desfrute de um merecido descanso.<\/p>\n<p><strong><span style=\"color: #ffcc99;\">Lua \u200b\u200bde mel:<\/strong><\/span> fa\u00e7a as malas e certifique-se de que tudo est\u00e1 em ordem para a viagem.<\/p>\n<p><strong><span style=\"color: #ffcc99;\">Fornecedores:<\/strong><\/span> contacte todos os seus fornecedores (m\u00fasicos, florista, fot\u00f3grafo, buffet, etc.) e verifique se est\u00e1 tudo em ordem. Informe o buffet do n\u00famero final de convidados.<\/p>\n<p><strong><span style=\"color: #ffcc99;\">Disposi\u00e7\u00e3o das mesas:<\/strong><\/span> fa\u00e7a uma \u00faltima verifica\u00e7\u00e3o das mesas e atualize a disposi\u00e7\u00e3o, se necess\u00e1rio.<\/p>\n<h2><span style=\"color: #ffcc00;\">2 dias antes<br \/>\n<\/span><\/h2>\n<p><strong><span style=\"color: #ffcc99;\">Vestido da noiva:<\/strong><\/span> re\u00fana o vestido, os acess\u00f3rios e os sapatos e verifique todos os detalhes.<\/p>\n<p><strong><span style=\"color: #ffcc99;\">Maquiagem:<\/strong><\/span> agende uma sess\u00e3o com a maquilhadora para os \u00faltimos retoques.<\/p>\n<p><strong><span style=\"color: #ffcc99;\">Fornecedores:<\/strong><\/span> acerte as contas com os seus fornecedores.<\/p>\n<h2><span style=\"color: #ffcc00;\">1 dia antes<br \/>\n<\/span><\/h2>\n<p><strong><span style=\"color: #ffcc99;\">Maquiagem:<\/strong><\/span> confirme os hor\u00e1rios com o cabeleireiro, maquilhador, fot\u00f3grafo e motorista para a manh\u00e3 seguinte.<\/p>\n<p><strong><span style=\"color: #ffcc99;\">Necessaire:<\/strong><\/span> a noiva prepara uma pequena necessaire para uma amiga com tudo o que ela precisa para retocar a maquilhagem, bem como um par de meias extra e um par de sapatos confort\u00e1veis.<\/p>\n<h2><span style=\"color: #ffcc00;\">O dia do casamento<br \/>\n<\/span><\/h2>\n<p><strong><span style=\"color: #ffcc99;\">Acorde:<\/strong><\/span> levante-se cedo; atrasos ou imprevistos n\u00e3o devem arruinar o seu dia.<\/p>\n<p><strong><span style=\"color: #ffcc99;\">Maquiagem:<\/strong><\/span> aguarde a chegada do fot\u00f3grafo a sua casa e, de seguida, comece a fazer o cabelo e a maquilhagem com o cabeleireiro e o maquilhador.<\/p>\n<p><strong><span style=\"color: #ffcc99;\">Alian\u00e7as:<\/strong><\/span> certifique-se de que as entrega \u00e0 pessoa que as levar\u00e1 para a igreja.<\/p>\n<p><strong><span style=\"color: #ffcc99;\">Buqu\u00ea:<\/strong><\/span> o noivo vai buscar o bouquet e entrega-o \u00e0 noiva. Os bouquets das damas de honor s\u00e3o entregues \u00e0s suas m\u00e3es.<\/p>\n<p><strong><span style=\"color: #ffcc99;\">Etapa final:<\/strong><\/span> o noivo chega cedo \u00e0 igreja ou \u00e0 conservat\u00f3ria, onde se encontra com familiares, testemunhas e convidados. A noiva chega uns minutos atrasada... e agora o seu grande momento chegou finalmente!<\/p>\n<h2><strong>&nbsp;<\/strong><\/h2>\n<p><script type=\"text\/javascript\">var nibirumail_advice_text = 'villabornancini.it usa cookies para oferecer uma melhor experi\u00eancia de navega\u00e7\u00e3o. Ao usar nosso servi\u00e7o, voc\u00ea aceita o uso de cookies de acordo com nossa pol\u00edtica de cookies. <a href=\"https:\/\/villabornancini.it\/?page_id=1432&lang=pt\" target=\"_blank\">Descubra mais.<\/a>. <a href=\"javascript:;\" class=\"nibirumail_agreement\">Entendo.<\/a>';<\/script><br \/>\n<script type=\"text\/javascript\">var cookie_policy_url = 'https:\/\/villabornancini.it\/?page_id=1432&lang=pt';<\/script><br \/>\n<script type=\"text\/javascript\" src=\"https:\/\/nibirumail.com\/docs\/scripts\/nibirumail.cookie.min.js\"><\/script><\/p>","protected":false},"excerpt":{"rendered":"<p>Regressar ao Casamento &nbsp; Como organizar o seu casamento passo a passo H\u00e1 muito a considerar ao planear o casamento perfeito, mas com um planeamento cuidadoso e algumas dicas \u00fateis, pode navegar por cada passo dos preparativos com facilidade e confian\u00e7a. Nesta sec\u00e7\u00e3o, vamos destacar as datas importantes e os prazos ideais para planear cada &hellip; <\/p>\n<p class=\"link-more\"><a href=\"https:\/\/villabornancini.it\/pt\/agenda-degli-sposi\" class=\"more-link\">Continuar a ler <span class=\"screen-reader-text\">\"<span style=\"color: #ffcc99;\">Organizadora de Casamentos<\/span>\"<\/span><\/a><\/p>\n","protected":false},"author":1,"featured_media":0,"parent":0,"menu_order":0,"comment_status":"closed","ping_status":"closed","template":"","meta":{"footnotes":""},"class_list":["post-47015","page","type-page","status-publish","hentry"],"_links":{"self":[{"href":"https:\/\/villabornancini.it\/pt\/wp-json\/wp\/v2\/pages\/47015","targetHints":{"allow":["GET"]}}],"collection":[{"href":"https:\/\/villabornancini.it\/pt\/wp-json\/wp\/v2\/pages"}],"about":[{"href":"https:\/\/villabornancini.it\/pt\/wp-json\/wp\/v2\/types\/page"}],"author":[{"embeddable":true,"href":"https:\/\/villabornancini.it\/pt\/wp-json\/wp\/v2\/users\/1"}],"replies":[{"embeddable":true,"href":"https:\/\/villabornancini.it\/pt\/wp-json\/wp\/v2\/comments?post=47015"}],"version-history":[{"count":30,"href":"https:\/\/villabornancini.it\/pt\/wp-json\/wp\/v2\/pages\/47015\/revisions"}],"predecessor-version":[{"id":47065,"href":"https:\/\/villabornancini.it\/pt\/wp-json\/wp\/v2\/pages\/47015\/revisions\/47065"}],"wp:attachment":[{"href":"https:\/\/villabornancini.it\/pt\/wp-json\/wp\/v2\/media?parent=47015"}],"curies":[{"name":"wp","href":"https:\/\/api.w.org\/{rel}","templated":true}]}}